{"id":4182,"date":"2025-10-03T11:45:57","date_gmt":"2025-10-03T11:45:57","guid":{"rendered":"https:\/\/mueller-wrh.de\/produkt\/gebr-cnc-langdrehmaschine-used-swiss-type-lathe-star-sr20r-2001-intnr230346\/"},"modified":"2026-03-27T09:50:23","modified_gmt":"2026-03-27T09:50:23","slug":"gebr-cnc-langdrehmaschine-used-swiss-type-lathe-star-sr20r-2001-intnr230346","status":"publish","type":"product","link":"https:\/\/mueller-wrh.de\/pt\/produto\/gebr-cnc-langdrehmaschine-used-swiss-type-lathe-star-sr20r-2001-intnr230346\/","title":{"rendered":"Torno de cabe\u00e7ote m\u00f3vel CNC\/torno de tipo su\u00ed\u00e7o usado STAR SR20R, 2001 (IntNo230346)"},"content":{"rendered":"<p><b>Localiza\u00e7\u00e3o:<\/b> Alemanha, Baden-W\u00fcrttemberg Sudoeste<\/p>\n<p><b>Estado:<\/b> Usado<\/p>\n<p><b>Fabricante:<\/b> STAR Micronics<\/p>\n<p><b>Modelo:<\/b> SR20R,<\/p>\n<p><b>Ano de constru\u00e7\u00e3o:<\/b> 2001<\/p>\n<p><b>Hor\u00e1rio de funcionamento:<\/b> 51500<\/p>\n<p>Torno de cabe\u00e7ote m\u00f3vel CNC STAR SR20R, ano 2001<br \/>\nSistema de controlo, Fanuc, S\u00e9rie 18i-T,<br \/>\n7 eixos (X\/Z\/Y\/C1\/X1\/Z1(C2),<br \/>\nHaste \u00d8 m\u00e1x. 20 mm,<br \/>\nComprimento de viragem m\u00e1x. 205 mm,<br \/>\nEixo principal, velocidade m\u00e1xima 10.000 rpm, eixo C 0,001 graus,<br \/>\nContra-fuso com mandril de pin\u00e7a, velocidade m\u00e1xima 8.000 rpm, eixo C,<br \/>\nPorta-ferramentas para um total de 19 ferramentas (porta-ferramentas linear, fixa\u00e7\u00e3o frontal, maquinagem traseira),<br \/>\nTapete transportador de pe\u00e7as,<br \/>\nUnidade de bucha de guia padr\u00e3o<br \/>\nCarregador FMB turbo 3-26\/3200 \/ A \/, ano 2001<br \/>\nL\u00edquido de arrefecimento utilizado na m\u00e1quina: \u00f3leo.<br \/>\nSistema de extin\u00e7\u00e3o de inc\u00eandios Kraft &amp; Bauer<\/p>\n<p>A m\u00e1quina pode ser inspeccionada sob tens\u00e3o mediante marca\u00e7\u00e3o pr\u00e9via.<br \/>\nAltera\u00e7\u00f5es e erros nos dados e informa\u00e7\u00f5es t\u00e9cnicas, bem como<br \/>\nSujeito a venda pr\u00e9via!<\/p>\n<p>Torno de cabe\u00e7ote m\u00f3vel CNC STAR SR20R usado, ano 2001<br \/>\ncontrolo, marca Fanuc, s\u00e9rie 18i-T,<br \/>\n7 eixos (X\/Z\/Y\/C1\/X1\/Z1(C2),<br \/>\nbar-\u00d8 max. 20 mm,<br \/>\ncomprimento de viragem m\u00e1x. 205 mm,<br \/>\nEixo principal, velocidade m\u00e1x. 10.000 rpm, eixo C 0,001 graus,<br \/>\ncontra-fuso com pin\u00e7a, velocidade m\u00e1x. 8.000 rpm, eixo C,<br \/>\nporta-ferramentas para um total de 19 ferramentas (porta-ferramentas linear, fixa\u00e7\u00e3o frontal, maquinagem traseira),<br \/>\ncorreia transportadora de pe\u00e7as,<br \/>\nunidade de bucha de guia padr\u00e3o<br \/>\ncarregador FMB turbo 3-26\/3200 \/ A \/, ano 2001<br \/>\nL\u00edquido de arrefecimento da m\u00e1quina: \u00f3leo.<br \/>\nSistema de extin\u00e7\u00e3o de inc\u00eandios Kraft &amp; Bauer<\/p>\n<p>A m\u00e1quina pode ser inspeccionada sob tens\u00e3o mediante marca\u00e7\u00e3o pr\u00e9via.<br \/>\nAltera\u00e7\u00f5es e erros nos dados e informa\u00e7\u00f5es t\u00e9cnicas, bem como<br \/>\nsujeito a venda pr\u00e9via!<\/p>","protected":false},"excerpt":{"rendered":"<p>Standort: Deutschland, Baden-W\u00fcrttemberg S\u00fcdwest Zustand: Gebraucht Hersteller: STAR Micronics Modell: SR20R, Baujahr: 2001 Betriebsstunden: 51500 gebr. CNC-Langdrehmaschine STAR SR20R, Bj. 2001 Steuerung, Fabr. Fanuc, Serie 18i-T, 7 Achsen (X\/Z\/Y\/C1\/X1\/Z1(C2), Stangen-\u00d8 max. 20 mm, Drehl\u00e4nge max. 205 mm, Hauptspindel, Drehzahl max. 10.000 U\/min, C-Achse 0,001 Grad, Gegenspindel mit Spannzange, Drehzahl max. 8.000 U\/min, C-Achse, Werkzeughalter f. [&hellip;]<\/p>\n","protected":false},"featured_media":5122,"comment_status":"open","ping_status":"closed","template":"","meta":{"_uf_show_specific_survey":0,"_uf_disable_surveys":false},"product_brand":[],"product_cat":[23],"product_tag":[],"class_list":{"0":"post-4182","1":"product","2":"type-product","3":"status-publish","4":"has-post-thumbnail","6":"product_cat-cnc-langdrehmaschinen","8":"first","9":"instock","10":"taxable","11":"shipping-taxable","12":"product-type-simple"},"aioseo_notices":[],"_links":{"self":[{"href":"https:\/\/mueller-wrh.de\/pt\/wp-json\/wp\/v2\/product\/4182","targetHints":{"allow":["GET"]}}],"collection":[{"href":"https:\/\/mueller-wrh.de\/pt\/wp-json\/wp\/v2\/product"}],"about":[{"href":"https:\/\/mueller-wrh.de\/pt\/wp-json\/wp\/v2\/types\/product"}],"replies":[{"embeddable":true,"href":"https:\/\/mueller-wrh.de\/pt\/wp-json\/wp\/v2\/comments?post=4182"}],"wp:featuredmedia":[{"embeddable":true,"href":"https:\/\/mueller-wrh.de\/pt\/wp-json\/wp\/v2\/media\/5122"}],"wp:attachment":[{"href":"https:\/\/mueller-wrh.de\/pt\/wp-json\/wp\/v2\/media?parent=4182"}],"wp:term":[{"taxonomy":"product_brand","embeddable":true,"href":"https:\/\/mueller-wrh.de\/pt\/wp-json\/wp\/v2\/product_brand?post=4182"},{"taxonomy":"product_cat","embeddable":true,"href":"https:\/\/mueller-wrh.de\/pt\/wp-json\/wp\/v2\/product_cat?post=4182"},{"taxonomy":"product_tag","embeddable":true,"href":"https:\/\/mueller-wrh.de\/pt\/wp-json\/wp\/v2\/product_tag?post=4182"}],"curies":[{"name":"wp","href":"https:\/\/api.w.org\/{rel}","templated":true}]}}