{"id":4081,"date":"2025-09-22T12:09:45","date_gmt":"2025-09-22T12:09:45","guid":{"rendered":"https:\/\/mueller-wrh.de\/produkt\/gebr-weiler-ergodor_bj-1998-intnr231387\/"},"modified":"2025-09-22T12:09:45","modified_gmt":"2025-09-22T12:09:45","slug":"gebr-weiler-ergodor_bj-1998-intnr231387","status":"publish","type":"product","link":"https:\/\/mueller-wrh.de\/pt\/produto\/gebr-weiler-ergodor_bj-1998-intnr231387\/","title":{"rendered":"aldeia de marca ERGODOR_constru\u00edda em 1998, IntNo231387"},"content":{"rendered":"<p><b>Localiza\u00e7\u00e3o:<\/b> Alemanha, Baden-W\u00fcrttemberg Sudoeste<\/p>\n<p><b>Estado:<\/b> Usado<\/p>\n<p><b>Modelo:<\/b> Ergodor<\/p>\n<p><b>Ano de constru\u00e7\u00e3o:<\/b> 1998<\/p>\n<p>Torno mec\u00e2nico WEILER, ERGODOR, ano 1998<br \/>\nTorno central de precis\u00e3o com design ergon\u00f3mico<\/p>\n<p>Dados t\u00e9cnicos<br \/>\nM\u00e1ximo. Di\u00e2metro de viragem sobre a cama: aprox. 320 mm<br \/>\nM\u00e1ximo. Di\u00e2metro de viragem sobre o suporte: aprox. 160 mm<br \/>\nComprimento m\u00e1ximo. Comprimento de viragem: aprox. 470 mm<br \/>\nAbertura da haste: aprox. 36 mm<br \/>\nEixo: Gama de velocidades: aprox. 30 - 3550 rpm<br \/>\nNariz do fuso: A 2 - 5<br \/>\nPot\u00eancia de acionamento: aprox. 3,0 kW<br \/>\nAlimenta\u00e7\u00e3o autom\u00e1tica longitudinal e facial:<br \/>\nGama de alimenta\u00e7\u00e3o: aprox. 0,020 - 2,0 mm\/rot<\/p>\n<p>A m\u00e1quina pode ser inspeccionada mediante marca\u00e7\u00e3o pr\u00e9via.<br \/>\nReservado o direito a altera\u00e7\u00f5es e erros nos dados t\u00e9cnicos e informa\u00e7\u00f5es, bem como a venda pr\u00e9via!<\/p>\n<p>Torno mec\u00e2nico WEILER ERGODOR, constru\u00eddo em 1998<br \/>\nTorno central de alta precis\u00e3o com design ergon\u00f3mico<\/p>\n<p>Dados t\u00e9cnicos<br \/>\nDi\u00e2metro m\u00e1ximo de viragem sobre a cama: aprox. 320 mm<br \/>\nDi\u00e2metro m\u00e1ximo de viragem sobre o suporte: aprox. 160 mm<br \/>\nComprimento m\u00e1ximo de viragem: aprox. 470 mm<br \/>\nPassagem da barra: aprox. 36 mm<br \/>\nEixo: Gama de velocidades: aprox. 30 - 3550 rpm<br \/>\nNariz do fuso: A 2 - 5<br \/>\nPot\u00eancia de acionamento: aprox. 3,0 kW<br \/>\nAvan\u00e7os longitudinais e transversais autom\u00e1ticos:<br \/>\nGama de alimenta\u00e7\u00e3o: aprox. 0,020 - 2,0 mm\/rot<\/p>\n<p>A m\u00e1quina pode ser visitada mediante marca\u00e7\u00e3o pr\u00e9via.<br \/>\nSujeito a altera\u00e7\u00f5es e erros nos dados t\u00e9cnicos e especifica\u00e7\u00f5es, bem como a venda pr\u00e9via!<\/p>","protected":false},"excerpt":{"rendered":"<p>Standort: Deutschland, Baden-W\u00fcrttemberg S\u00fcdwest Zustand: Gebraucht Modell: Ergodor Baujahr: 1998 Mechanikerdrehmaschine WEILER, ERGODOR, Bj. 1998 Genauigkeits-Spitzendrehmaschine in ergonomischer Bauart Technische Daten Max. Drehdurchmesser \u00fcber Bett: ca. 320 mm Max. Drehdurchmesser \u00fcber Support: ca. 160 mm Max. Drehl\u00e4nge: ca. 470 mm Stangendurchlass: ca. 36 mm Spindel: Drehzahlbereich: ca. 30 &#8211; 3550 U\/min Spindelnase: A 2 &#8211; [&hellip;]<\/p>\n","protected":false},"featured_media":4076,"comment_status":"open","ping_status":"closed","template":"","meta":{"_uf_show_specific_survey":0,"_uf_disable_surveys":false},"product_brand":[],"product_cat":[107],"product_tag":[],"class_list":{"0":"post-4081","1":"product","2":"type-product","3":"status-publish","4":"has-post-thumbnail","6":"product_cat-drehmaschine","8":"first","9":"instock","10":"taxable","11":"shipping-taxable","12":"product-type-simple"},"aioseo_notices":[],"_links":{"self":[{"href":"https:\/\/mueller-wrh.de\/pt\/wp-json\/wp\/v2\/product\/4081","targetHints":{"allow":["GET"]}}],"collection":[{"href":"https:\/\/mueller-wrh.de\/pt\/wp-json\/wp\/v2\/product"}],"about":[{"href":"https:\/\/mueller-wrh.de\/pt\/wp-json\/wp\/v2\/types\/product"}],"replies":[{"embeddable":true,"href":"https:\/\/mueller-wrh.de\/pt\/wp-json\/wp\/v2\/comments?post=4081"}],"wp:featuredmedia":[{"embeddable":true,"href":"https:\/\/mueller-wrh.de\/pt\/wp-json\/wp\/v2\/media\/4076"}],"wp:attachment":[{"href":"https:\/\/mueller-wrh.de\/pt\/wp-json\/wp\/v2\/media?parent=4081"}],"wp:term":[{"taxonomy":"product_brand","embeddable":true,"href":"https:\/\/mueller-wrh.de\/pt\/wp-json\/wp\/v2\/product_brand?post=4081"},{"taxonomy":"product_cat","embeddable":true,"href":"https:\/\/mueller-wrh.de\/pt\/wp-json\/wp\/v2\/product_cat?post=4081"},{"taxonomy":"product_tag","embeddable":true,"href":"https:\/\/mueller-wrh.de\/pt\/wp-json\/wp\/v2\/product_tag?post=4081"}],"curies":[{"name":"wp","href":"https:\/\/api.w.org\/{rel}","templated":true}]}}