{"id":3975,"date":"2025-09-13T11:32:12","date_gmt":"2025-09-13T11:32:12","guid":{"rendered":"https:\/\/mueller-wrh.de\/produkt\/hermle-c30u-bab-zentrum-_2004_intnr231358\/"},"modified":"2025-10-30T15:35:26","modified_gmt":"2025-10-30T15:35:26","slug":"hermle-c30u-bab-zentrum-_2004_intnr231358","status":"publish","type":"product","link":"https:\/\/mueller-wrh.de\/pt\/produto\/hermle-c30u-bab-zentrum-_2004_intnr231358\/","title":{"rendered":"Hermle C30U, ano 2004_IntNo231358"},"content":{"rendered":"<p><b>Localiza\u00e7\u00e3o:<\/b> Alemanha, Baden-W\u00fcrttemberg Sudoeste<\/p>\n<p><b>Estado:<\/b> Usado<\/p>\n<p><b>Fabricante:<\/b> Hermle<\/p>\n<p><b>Modelo:<\/b> C30 U<\/p>\n<p><b>Ano de constru\u00e7\u00e3o:<\/b> 2004<\/p>\n<p>Sistema de controlo iTNC 530 Heidenhain<br \/>\nPrograma de funcionamento ON: Horas: 49.000<br \/>\nHoras de funcionamento do fuso: 42.300<br \/>\nEixos em movimento: 45.000<br \/>\nx-way 650 mm<br \/>\ncaminho em y 600mm<br \/>\npercurso z 500 mm<br \/>\nEixo principal:<br \/>\nVelocidade m\u00e1x. 18.000 rpm<br \/>\nArrefecimento interno (IKZ)<br \/>\nAcoplamento externo (AKZ)<br \/>\nPot\u00eancia de acionamento - fuso principal 19 kW<br \/>\nPorta-ferramentas SK 40<br \/>\nMesa rotativa girat\u00f3ria:<br \/>\nDi\u00e2metro da mesa rotativa 280 mm<br \/>\nGama de rota\u00e7\u00e3o A: -30 \/ + 115 \u00b0<br \/>\nC rotativo: 360\u00b0<br \/>\nCarga m\u00e1xima da mesa aprox. 1.000 kg<br \/>\nVelocidade A: 25 \/ C: 65 rpm<br \/>\nTrocador de ferramentas:<br \/>\nN\u00famero de posi\u00e7\u00f5es da ferramenta 32 pos.<br \/>\nN\u00famero de posi\u00e7\u00f5es da ferramenta Revista 88 pos.<br \/>\nPorta-ferramentas SK 40<br \/>\ndi\u00e2metro m\u00e1x. da ferramenta 80 mm<br \/>\nDi\u00e2metro m\u00e1x. da ferramenta com caixa livre. 125 mm<br \/>\ncomprimento m\u00e1x. da ferramenta 300 mm<br \/>\nPeso m\u00e1ximo da ferramenta 8,0 kg<br \/>\nalimentos:<br \/>\nDesloca\u00e7\u00e3o r\u00e1pida (X \/ Y \/ Z) 45 m\/min<br \/>\nResolu\u00e7\u00e3o do sistema de medi\u00e7\u00e3o 0,0001 mm<br \/>\nNecessidade total de energia 41 kVA<br \/>\nPeso da m\u00e1quina: aprox. 9,5 toneladas<\/p>\n<p>Acess\u00f3rios:<br \/>\ndocumenta\u00e7\u00e3o completa<br \/>\nTransportador de aparas<br \/>\nDispositivo de refrigera\u00e7\u00e3o<br \/>\nAlimenta\u00e7\u00e3o interna de l\u00edquido de refrigera\u00e7\u00e3o<br \/>\nUnidade hidr\u00e1ulica<br \/>\nMesa rotativa girat\u00f3ria NC<br \/>\nTrocador de ferramentas 2 x 80 posi\u00e7\u00f5es<br \/>\nvolante el\u00e9trico<br \/>\nSonda de medi\u00e7\u00e3o Renishaw<br \/>\n20 Suporte de ferramentas<\/p>\n<p>A m\u00e1quina pode ser inspeccionada mediante marca\u00e7\u00e3o pr\u00e9via.<br \/>\nReservado o direito a altera\u00e7\u00f5es e erros nos dados t\u00e9cnicos e informa\u00e7\u00f5es, bem como a venda pr\u00e9via!<\/p>\n<p>Controlo iTNC 530 Heidenhain<br \/>\nPrograma Run ON: horas: 49.000<br \/>\nHoras de funcionamento do fuso: 42.300<br \/>\nEixos em movimento: 45.000<br \/>\nx-path 650 mm<br \/>\ncaminho em y 600 mm<br \/>\npercurso z 500 mm<br \/>\nEixo principal:<br \/>\nvelocidade m\u00e1xima 18.000 rpm<br \/>\nArrefecimento interno (IKZ)<br \/>\nArrefecimento externo (AKZ)<br \/>\nPot\u00eancia de acionamento - fuso principal 19 kW<br \/>\nPorta-ferramentas SK 40<br \/>\nMesa rotativa girat\u00f3ria:<br \/>\nDi\u00e2metro da mesa rotativa 280 mm<br \/>\nGama de rota\u00e7\u00e3o A: -30 \/ + 115 \u00b0<br \/>\nC girat\u00f3rio: 360\u00b0<br \/>\nCarga m\u00e1xima da mesa aprox. 1.000 kg<br \/>\nVelocidade A: 25 \/ C: 65 rpm<br \/>\nTrocador de ferramentas:<br \/>\nN\u00famero de posi\u00e7\u00f5es da ferramenta 32 pos.<br \/>\nN\u00famero de posi\u00e7\u00f5es da ferramenta Revista 88 pos.<br \/>\nPorta-ferramentas SK 40<br \/>\nDi\u00e2metro m\u00e1x. da ferramenta 80 mm<br \/>\nDi\u00e2metro m\u00e1x. da ferramenta com caixa livre 125 mm<br \/>\nComprimento m\u00e1x. da ferramenta 300 mm<br \/>\npeso m\u00e1x. da ferramenta 8,0 kg<br \/>\nTaxas de alimenta\u00e7\u00e3o:<br \/>\nDesloca\u00e7\u00e3o r\u00e1pida (X \/ Y \/ Z) 45 m\/min<br \/>\nResolu\u00e7\u00e3o do sistema de medi\u00e7\u00e3o 0,0001 mm<br \/>\nNecessidade total de energia 41 kVA<br \/>\nPeso da m\u00e1quina: aprox. 9,5 toneladas<br \/>\nEspa\u00e7o necess\u00e1rio aprox. 3,5 x 3,5 x 3,5 m<\/p>\n<p>Acess\u00f3rios:<br \/>\nDocumenta\u00e7\u00e3o completa<br \/>\nTransportador de aparas<br \/>\nDispositivo de refrigera\u00e7\u00e3o<br \/>\nAlimenta\u00e7\u00e3o interna de l\u00edquido de refrigera\u00e7\u00e3o<br \/>\nUnidade hidr\u00e1ulica<br \/>\nMesa rotativa girat\u00f3ria NC<br \/>\ntrocador de ferramentas 2 x 80 posi\u00e7\u00f5es<br \/>\nvolante el\u00e9trico<br \/>\nSonda de medi\u00e7\u00e3o Renishaw<br \/>\n20 porta-ferramentas<\/p>\n<p>A m\u00e1quina pode ser inspeccionada mediante marca\u00e7\u00e3o pr\u00e9via.<br \/>\nReservado o direito a altera\u00e7\u00f5es e erros nos dados t\u00e9cnicos e informa\u00e7\u00f5es, bem como a venda pr\u00e9via!<\/p>","protected":false},"excerpt":{"rendered":"<p>Standort: Deutschland, Baden-W\u00fcrttemberg S\u00fcdwest Zustand: Gebraucht Hersteller: Hermle Modell: C30 U Baujahr: 2004 Steuerung iTNC 530 Heidenhain Programlauf EIN: Stunden: 49.000 Spindel EIN Stunden: 42.300 Achsen in Bewegung: 45.000 x-Weg 650 mm y-Weg 600mm z-Weg 500 mm Hauptspindel: Drehzahl max. 18.000 U\/min Innenkuehlung (IKZ) Aussenkuelung (AKZ) Antriebsleistung &#8211; Hauptspindel 19 kW Werkzeugaufnahme SK 40 Schwenk-Rundtisch: [&hellip;]<\/p>\n","protected":false},"featured_media":4403,"comment_status":"open","ping_status":"closed","template":"","meta":{"_uf_show_specific_survey":0,"_uf_disable_surveys":false},"product_brand":[],"product_cat":[21],"product_tag":[],"class_list":{"0":"post-3975","1":"product","2":"type-product","3":"status-publish","4":"has-post-thumbnail","6":"product_cat-cnc-bearbeitungszentrum","8":"first","9":"instock","10":"taxable","11":"shipping-taxable","12":"product-type-simple"},"aioseo_notices":[],"_links":{"self":[{"href":"https:\/\/mueller-wrh.de\/pt\/wp-json\/wp\/v2\/product\/3975","targetHints":{"allow":["GET"]}}],"collection":[{"href":"https:\/\/mueller-wrh.de\/pt\/wp-json\/wp\/v2\/product"}],"about":[{"href":"https:\/\/mueller-wrh.de\/pt\/wp-json\/wp\/v2\/types\/product"}],"replies":[{"embeddable":true,"href":"https:\/\/mueller-wrh.de\/pt\/wp-json\/wp\/v2\/comments?post=3975"}],"wp:featuredmedia":[{"embeddable":true,"href":"https:\/\/mueller-wrh.de\/pt\/wp-json\/wp\/v2\/media\/4403"}],"wp:attachment":[{"href":"https:\/\/mueller-wrh.de\/pt\/wp-json\/wp\/v2\/media?parent=3975"}],"wp:term":[{"taxonomy":"product_brand","embeddable":true,"href":"https:\/\/mueller-wrh.de\/pt\/wp-json\/wp\/v2\/product_brand?post=3975"},{"taxonomy":"product_cat","embeddable":true,"href":"https:\/\/mueller-wrh.de\/pt\/wp-json\/wp\/v2\/product_cat?post=3975"},{"taxonomy":"product_tag","embeddable":true,"href":"https:\/\/mueller-wrh.de\/pt\/wp-json\/wp\/v2\/product_tag?post=3975"}],"curies":[{"name":"wp","href":"https:\/\/api.w.org\/{rel}","templated":true}]}}