{"id":3883,"date":"2025-09-03T15:48:17","date_gmt":"2025-09-03T15:48:17","guid":{"rendered":"https:\/\/mueller-wrh.de\/produkt\/lta-lufttechnik-e120-bsc-2-h-intnr230843-1\/"},"modified":"2025-09-03T15:48:17","modified_gmt":"2025-09-03T15:48:17","slug":"lta-lufttechnik-e120-bsc-2-h-intnr230843-1","status":"publish","type":"product","link":"https:\/\/mueller-wrh.de\/pt\/produto\/lta-lufttechnik-e120-bsc-2-h-intnr230843-1\/","title":{"rendered":"LTA Lufttechnik E120 BSC-2-H, IntNr230843-1"},"content":{"rendered":"<p><b>Estado:<\/b> Usado<\/p>\n<p><b>Fabricante:<\/b> LTA<\/p>\n<p><b>Modelo:<\/b> E120 BSC-2H<\/p>\n<p><b>Ano de constru\u00e7\u00e3o:<\/b> 2025<\/p>\n<p>Sistema de filtragem E 120-BSC-2-H<br \/>\nSistemas de extra\u00e7\u00e3o de n\u00e9voa de \u00f3leo\/emuls\u00e3o<\/p>\n<p>PROPRIEDADES \/ CARACTER\u00cdSTICAS:<br \/>\nDire\u00e7\u00e3o de abertura da porta de servi\u00e7o: na dire\u00e7\u00e3o do fluxo para cima<br \/>\nSa\u00edda de ar : RADIAL<br \/>\ncom pr\u00e9-filtro e filtro de neutraliza\u00e7\u00e3o mec\u00e2nico e..:<br \/>\nconstitu\u00eddo por duas fases de filtragem eletrost\u00e1tica de aeross\u00f3is<br \/>\nde<br \/>\nIonizadores e colectores<br \/>\n- Ventilador ajust\u00e1vel (ErP-Ready)<br \/>\n- Ecr\u00e3 pronto a funcionar<br \/>\n- Eletricidade de acordo com a norma EN 60204<br \/>\n- Execu\u00e7\u00e3o de todo o sistema em conformidade com<br \/>\n  Diretiva M\u00e1quinas <\/p>\n<p>DADOS T\u00c9CNICOS:<br \/>\nCapacidade do ventilador: 2400 m\u00b3\/h (sopro livre)<br \/>\nCapacidade de extra\u00e7\u00e3o: at\u00e9 1200 m\u00b3\/h<br \/>\nTens\u00e3o de funcionamento: 230 V +\/-10 % (207-253 V)<br \/>\nFrequ\u00eancia: 50-60 Hz<br \/>\nCarga ligada: 0,93 kVA<br \/>\nPress\u00e3o diferencial: 840 Pa<br \/>\nN\u00edvel de press\u00e3o sonora: aprox. 70 dB<br \/>\nTemperatura: m\u00e1x. 40 \u00b0C<br \/>\nTipo de prote\u00e7\u00e3o: IP 54<br \/>\nDimens\u00f5es (C x L x A): 1130 x 660 x 610 mm <\/p>\n<p>Peso: aprox. 110 kg <\/p>\n<p>Garantia: por acordo<br \/>\nAcabamento da pintura: RAL 7035 (cinzento claro) ou (a pedido)<br \/>\nPrazo de entrega: a combinar<\/p>\n<p>Reservado o direito a altera\u00e7\u00f5es e erros nos dados t\u00e9cnicos e informa\u00e7\u00f5es, bem como a venda pr\u00e9via!<\/p>\n<p>Sistema de filtragem E 120-BSC-2-H<br \/>\nUnidades de extra\u00e7\u00e3o de n\u00e9voa de \u00f3leo \/ emuls\u00e3o<\/p>\n<p>CARACTER\u00cdSTICAS \/ CARACTER\u00cdSTICAS:<\/p>\n<p>Dire\u00e7\u00e3o de abertura da porta de servi\u00e7o: na dire\u00e7\u00e3o do fluxo para cima<\/p>\n<p>Sa\u00edda de ar: RADIAL<\/p>\n<p>Equipado com pr\u00e9-filtro e filtro mec\u00e2nico de neutraliza\u00e7\u00e3o, bem como..:<br \/>\nduas fases de filtra\u00e7\u00e3o eletrost\u00e1tica para aeross\u00f3is constitu\u00eddos por<br \/>\nionizadores e colectores<\/p>\n<p>Ventilador ajust\u00e1vel (preparado para ErP)<\/p>\n<p>Indicador do estado de funcionamento<\/p>\n<p>Sistema el\u00e9trico de acordo com a norma EN 60204<\/p>\n<p>Todo o sistema \u00e9 fabricado em conformidade com a atual<br \/>\nDiretiva M\u00e1quinas<\/p>\n<p>DADOS T\u00c9CNICOS:<\/p>\n<p>Capacidade do ventilador: 2400 m\u00b3\/h (sopro livre)<\/p>\n<p>Capacidade de extra\u00e7\u00e3o: at\u00e9 1200 m\u00b3\/h<\/p>\n<p>Tens\u00e3o de funcionamento: 230 V +\/-10 % (207-253 V)<\/p>\n<p>Frequ\u00eancia: 50-60 Hz<\/p>\n<p>Consumo de energia: 0,93 kVA<\/p>\n<p>Press\u00e3o diferencial: 840 Pa<\/p>\n<p>N\u00edvel de press\u00e3o sonora: aprox. 70 dB<\/p>\n<p>Temperatura: m\u00e1x. 40 \u00b0C<\/p>\n<p>Tipo de prote\u00e7\u00e3o: IP 54<\/p>\n<p>Dimens\u00f5es (C x L x A): 1130 x 660 x 610 mm<\/p>\n<p>Peso: aprox. 110 kg<\/p>\n<p>Garantia: por acordo<\/p>\n<p>Acabamento da pintura: RAL 7035 (cinzento claro) ou (por acordo)<\/p>\n<p>Prazo de entrega: por acordo<\/p>\n<p>Os dados t\u00e9cnicos e as especifica\u00e7\u00f5es est\u00e3o sujeitos a altera\u00e7\u00f5es, salvo erro, e a venda pr\u00e9via \u00e9 reservada.<\/p>","protected":false},"excerpt":{"rendered":"<p>Zustand: Gebraucht Hersteller: LTA Modell: E120 BSC-2H Baujahr: 2025 Filtrationssystem E 120-BSC-2-H \u00d6l-\/Emulsionsnebel-Abzugsanlagen EIGENSCHAFTEN \/ MERKMALE: \u00d6ffnungsrichtung Servicet\u00fcr: in Str\u00f6mungsrichtung OBEN Luftauslass : RADIAL mit Vorfilter und Neutralisationsfilter mechanisch sowie: zwei elektrostatischen Filtrationsstufen f\u00fcr Aerosole bestehend aus Ionisatoren und Kollektoren &#8211; Regelbares Gebl\u00e4se (ErP-Ready) &#8211; Anzeige Betriebsbereit &#8211; Elektrik nach EN 60204 &#8211; Ausf\u00fchrung der [&hellip;]<\/p>\n","protected":false},"featured_media":3882,"comment_status":"open","ping_status":"closed","template":"","meta":{"_uf_show_specific_survey":0,"_uf_disable_surveys":false},"product_brand":[],"product_cat":[19],"product_tag":[],"class_list":{"0":"post-3883","1":"product","2":"type-product","3":"status-publish","4":"has-post-thumbnail","6":"product_cat-oel-emulsionsnebel-abzugsanlagen","8":"first","9":"instock","10":"taxable","11":"shipping-taxable","12":"purchasable","13":"product-type-simple"},"aioseo_notices":[],"_links":{"self":[{"href":"https:\/\/mueller-wrh.de\/pt\/wp-json\/wp\/v2\/product\/3883","targetHints":{"allow":["GET"]}}],"collection":[{"href":"https:\/\/mueller-wrh.de\/pt\/wp-json\/wp\/v2\/product"}],"about":[{"href":"https:\/\/mueller-wrh.de\/pt\/wp-json\/wp\/v2\/types\/product"}],"replies":[{"embeddable":true,"href":"https:\/\/mueller-wrh.de\/pt\/wp-json\/wp\/v2\/comments?post=3883"}],"wp:featuredmedia":[{"embeddable":true,"href":"https:\/\/mueller-wrh.de\/pt\/wp-json\/wp\/v2\/media\/3882"}],"wp:attachment":[{"href":"https:\/\/mueller-wrh.de\/pt\/wp-json\/wp\/v2\/media?parent=3883"}],"wp:term":[{"taxonomy":"product_brand","embeddable":true,"href":"https:\/\/mueller-wrh.de\/pt\/wp-json\/wp\/v2\/product_brand?post=3883"},{"taxonomy":"product_cat","embeddable":true,"href":"https:\/\/mueller-wrh.de\/pt\/wp-json\/wp\/v2\/product_cat?post=3883"},{"taxonomy":"product_tag","embeddable":true,"href":"https:\/\/mueller-wrh.de\/pt\/wp-json\/wp\/v2\/product_tag?post=3883"}],"curies":[{"name":"wp","href":"https:\/\/api.w.org\/{rel}","templated":true}]}}