{"id":3609,"date":"2025-08-01T11:38:52","date_gmt":"2025-08-01T11:38:52","guid":{"rendered":"https:\/\/mueller-wrh.de\/produkt\/gebr-star-sr-38-type-b_bj-2018_intnr231022\/"},"modified":"2025-09-08T23:06:47","modified_gmt":"2025-09-08T23:06:47","slug":"gebr-star-sr-38-type-b_bj-2018_intnr231022","status":"publish","type":"product","link":"https:\/\/mueller-wrh.de\/pt\/produto\/gebr-star-sr-38-type-b_bj-2018_intnr231022\/","title":{"rendered":"marca STAR SR-38 Tipo B_(ano 2018)_IntNo231022"},"content":{"rendered":"<p><b>Standort:<\/b> Deutschland, Baden-W\u00fcrttemberg S\u00fcdwest<\/p>\n<p><b>Zustand:<\/b> Gebraucht<\/p>\n<p><b>Hersteller:<\/b> STAR Micronics<\/p>\n<p><b>Modell:<\/b> SR-38 Type B<\/p>\n<p><b>Baujahr:<\/b> 2018<\/p>\n<p>STAR SR-38 Type B, Bj. 2018<br \/>\nSeriennr: 0245_027<br \/>\nCNC-Steuerung FANUC 31i-B5  mit 10 Achsen<br \/>\nC-Achse auf Haupt- und Gegenspindel<br \/>\nLangdreher &#8211; Kurzdreher umr\u00fcstbar<br \/>\n\u00d6ltank<br \/>\nK\u00fchlmitteleinsatz der Maschine: \u00d6l<br \/>\nCE Konformit\u00e4tserkl\u00e4rung<br \/>\nBetriebs- und Wartungshandbuch<br \/>\nHFT (High-Frequency-Turning)<\/p>\n<p>Lademagazin FMB LSK 38 \/ 3200 &#8222;A&#8220; <\/p>\n<p>Scharnierbandf\u00f6rderer MAYFRAN Typ MT 10<\/p>\n<p>Kleinl\u00f6schanlage Kraft und Bauer und L\u00f6schmittelbeh\u00e4lter CO2 <\/p>\n<p>Hochdruckanlage SFB-301 eco<br \/>\n100 bar bei 28 l\/min. 200 Liter<br \/>\nTank, 40 \u00b5m Wechselfilter aus Drahtgeflecht, Medium:<br \/>\nSchneid\u00f6l, 4-fach Ventilumschaltung, Vollverkleidung, Anbau<br \/>\nunter Lademagazin<\/p>\n<p>FMB Umr\u00fcstsatz<br \/>\nWerkzeughaltern<br \/>\nSpannmitteln<\/p>\n<p>Abmessungen Maschine: ca. 3192 x 1315 x 2120 [mm]<br \/>\nGewicht Maschine: ca. 4300 [kg]<\/p>\n<p>Abmessungen Lademagazin: ca. 4800 x 890 x 1800 [mm]<br \/>\nGewicht Lademagazin: ca. 1800 [kg]<\/p>\n<p>Abmessungen Peripherie HD-System: ca. 1500 x 500 x1000 [mm]<br \/>\nGewicht Peripherie HD-System: ca. 250 [kg]<\/p>\n<p>Abmessungen Peripherie Trafo: ca. 1200 x 800 x800 [mm]<br \/>\nGewicht: ca. 150 [kg]<\/p>\n<p>Abmessungen Zubeh\u00f6r: ca. 1200 x 800 x800 [mm]<br \/>\nGewicht: ca. 150 [kg]<\/p>\n<p>Abmessungen K\u00fchler: ca. 1200 x 800 x800 [mm]<br \/>\nGewicht: ca. 150 [kg]<\/p>\n<p>Abmessungen Peripherie Sp\u00e4nef\u00f6rderer: ca. 1800 x 1000 x800 [mm]<br \/>\nGewicht: ca. 350 [kg]<\/p>\n<p>Aenderungen und Irrtuemer in den technischen Daten und Angaben sowie Zwischenverkauf vorbehalten!<\/p>\n","protected":false},"excerpt":{"rendered":"<p>Standort: Deutschland, Baden-W\u00fcrttemberg S\u00fcdwest Zustand: Gebraucht Hersteller: STAR Micronics Modell: SR-38 Type B Baujahr: 2018 STAR SR-38 Type B, Bj. 2018 Seriennr: 0245_027 CNC-Steuerung FANUC 31i-B5 mit 10 Achsen C-Achse auf Haupt- und Gegenspindel Langdreher &#8211; Kurzdreher umr\u00fcstbar \u00d6ltank K\u00fchlmitteleinsatz der Maschine: \u00d6l CE Konformit\u00e4tserkl\u00e4rung Betriebs- und Wartungshandbuch HFT (High-Frequency-Turning) Lademagazin FMB LSK 38 \/ [&hellip;]<\/p>\n","protected":false},"featured_media":3937,"comment_status":"open","ping_status":"closed","template":"","meta":{"_uf_show_specific_survey":0,"_uf_disable_surveys":false},"product_brand":[],"product_cat":[23],"product_tag":[],"class_list":{"0":"post-3609","1":"product","2":"type-product","3":"status-publish","4":"has-post-thumbnail","6":"product_cat-cnc-langdrehmaschinen","8":"first","9":"instock","10":"taxable","11":"shipping-taxable","12":"product-type-simple"},"aioseo_notices":[],"_links":{"self":[{"href":"https:\/\/mueller-wrh.de\/pt\/wp-json\/wp\/v2\/product\/3609","targetHints":{"allow":["GET"]}}],"collection":[{"href":"https:\/\/mueller-wrh.de\/pt\/wp-json\/wp\/v2\/product"}],"about":[{"href":"https:\/\/mueller-wrh.de\/pt\/wp-json\/wp\/v2\/types\/product"}],"replies":[{"embeddable":true,"href":"https:\/\/mueller-wrh.de\/pt\/wp-json\/wp\/v2\/comments?post=3609"}],"wp:featuredmedia":[{"embeddable":true,"href":"https:\/\/mueller-wrh.de\/pt\/wp-json\/wp\/v2\/media\/3937"}],"wp:attachment":[{"href":"https:\/\/mueller-wrh.de\/pt\/wp-json\/wp\/v2\/media?parent=3609"}],"wp:term":[{"taxonomy":"product_brand","embeddable":true,"href":"https:\/\/mueller-wrh.de\/pt\/wp-json\/wp\/v2\/product_brand?post=3609"},{"taxonomy":"product_cat","embeddable":true,"href":"https:\/\/mueller-wrh.de\/pt\/wp-json\/wp\/v2\/product_cat?post=3609"},{"taxonomy":"product_tag","embeddable":true,"href":"https:\/\/mueller-wrh.de\/pt\/wp-json\/wp\/v2\/product_tag?post=3609"}],"curies":[{"name":"wp","href":"https:\/\/api.w.org\/{rel}","templated":true}]}}