{"id":3572,"date":"2025-07-01T15:31:11","date_gmt":"2025-07-01T15:31:11","guid":{"rendered":"https:\/\/mueller-wrh.de\/produkt\/fmb-lademagazin-_schaltschrank-mit-inhalt_intnr231331\/"},"modified":"2025-07-01T15:31:11","modified_gmt":"2025-07-01T15:31:11","slug":"fmb-lademagazin-_schaltschrank-mit-inhalt_intnr231331","status":"publish","type":"product","link":"https:\/\/mueller-wrh.de\/pt\/produto\/fmb-lademagazin-_schaltschrank-mit-inhalt_intnr231331\/","title":{"rendered":"Magazine de carga FMB _arm\u00e1rio de controlo com conte\u00fado_IntNo231331"},"content":{"rendered":"<p><b>Localiza\u00e7\u00e3o:<\/b> Alemanha, Baden-W\u00fcrttemberg Sudoeste<\/p>\n<p><b>Estado:<\/b> Usado<\/p>\n<p><b>Fabricante:<\/b> FMB<\/p>\n<p><b>Ano de constru\u00e7\u00e3o:<\/b> 2001<\/p>\n<p>Magazine de carga FMB - arm\u00e1rio de distribui\u00e7\u00e3o com conte\u00fado<br \/>\nCondi\u00e7\u00e3o: Usado | Venda de componentes individuais tamb\u00e9m poss\u00edvel<\/p>\n<p>Vende-se um arm\u00e1rio de controlo de carregadores FMB usado com tecnologia totalmente instalada, como se pode ver nas imagens.<br \/>\n? \u00c2mbito de fornecimento (conforme vis\u00edvel nas imagens):<br \/>\nArm\u00e1rio de distribui\u00e7\u00e3o com cablagem completa e sistema de controlo<br \/>\nComponentes de controlo (por exemplo, Siemens S5\/S7, rel\u00e9s, terminais, fontes de alimenta\u00e7\u00e3o, conversores de frequ\u00eancia, se necess\u00e1rio)<br \/>\nTamb\u00e9m \u00e9 poss\u00edvel a venda de componentes individuais (por exemplo, PLC, painel, fonte de alimenta\u00e7\u00e3o, rel\u00e9, etc.)<br \/>\nFabricante: FMB Maschinenbaugesellschaft mbH<br \/>\nTipo: Carregador de carga \/ carregador de barras<br \/>\nAlimenta\u00e7\u00e3o: Standard 230\/400 V (dependendo da unidade de controlo)<br \/>\nCondi\u00e7\u00e3o: usado, n\u00e3o testado, como na foto<br \/>\nDocumenta\u00e7\u00e3o: Documentos dispon\u00edveis<br \/>\nReservado o direito a altera\u00e7\u00f5es e erros nos dados t\u00e9cnicos e informa\u00e7\u00f5es, bem como a venda pr\u00e9via!<\/p>\n<p>Magazine de carga FMB - arm\u00e1rio de distribui\u00e7\u00e3o com conte\u00fado<br \/>\nCondi\u00e7\u00e3o: Usado | Venda de componentes individuais tamb\u00e9m poss\u00edvel<\/p>\n<p>Vende-se um arm\u00e1rio de controlo de carregadores FMB usado, incluindo tecnologia totalmente instalada, como se pode ver nas imagens.<br \/>\n? \u00c2mbito de fornecimento (conforme vis\u00edvel nas imagens):<br \/>\nArm\u00e1rio de controlo incl. cablagem completa e controlo<br \/>\nComponentes de controlo (por exemplo, Siemens S5\/S7, rel\u00e9s, terminais, fontes de alimenta\u00e7\u00e3o, inversor de frequ\u00eancia, se aplic\u00e1vel)<br \/>\nPodem tamb\u00e9m ser vendidos componentes individuais (por exemplo, PLC, painel, fonte de alimenta\u00e7\u00e3o, rel\u00e9, etc.). )<br \/>\nFabricante: FMB Maschinenbaugesellschaft mbH<br \/>\nTipo: Carregador de carga \/ carregador de barras<br \/>\nAlimenta\u00e7\u00e3o el\u00e9ctrica: Padr\u00e3o 230\/400 V (dependendo do sistema de controlo)<br \/>\nCondi\u00e7\u00e3o: Usado, n\u00e3o testado, como mostrado<br \/>\nDocumenta\u00e7\u00e3o: Documentos dispon\u00edveis<br \/>\nSujeito a altera\u00e7\u00f5es e erros nos dados t\u00e9cnicos e especifica\u00e7\u00f5es, bem como a venda pr\u00e9via!<\/p>","protected":false},"excerpt":{"rendered":"<p>Standort: Deutschland, Baden-W\u00fcrttemberg S\u00fcdwest Zustand: Gebraucht Hersteller: FMB Baujahr: 2001 FMB Lademagazin \u2013 Schaltschrank mit Inhalt Zustand: Gebraucht | Verkauf auch einzelner Komponenten m\u00f6glich Zum Verkauf steht ein gebrauchter FMB Lademagazin Schaltschrank samt vollst\u00e4ndig verbauter Technik, wie auf den Bildern ersichtlich. ? Lieferumfang (wie auf Bildern sichtbar): Schaltschrank inkl. kompletter Verkabelung &amp; Steuerung Steuerungskomponenten (z.\u202fB. [&hellip;]<\/p>\n","protected":false},"featured_media":3567,"comment_status":"open","ping_status":"closed","template":"","meta":{"_uf_show_specific_survey":0,"_uf_disable_surveys":false},"product_brand":[],"product_cat":[105],"product_tag":[],"class_list":{"0":"post-3572","1":"product","2":"type-product","3":"status-publish","4":"has-post-thumbnail","6":"product_cat-zubehoer-sonstiges","8":"first","9":"instock","10":"taxable","11":"shipping-taxable","12":"product-type-simple"},"aioseo_notices":[],"_links":{"self":[{"href":"https:\/\/mueller-wrh.de\/pt\/wp-json\/wp\/v2\/product\/3572","targetHints":{"allow":["GET"]}}],"collection":[{"href":"https:\/\/mueller-wrh.de\/pt\/wp-json\/wp\/v2\/product"}],"about":[{"href":"https:\/\/mueller-wrh.de\/pt\/wp-json\/wp\/v2\/types\/product"}],"replies":[{"embeddable":true,"href":"https:\/\/mueller-wrh.de\/pt\/wp-json\/wp\/v2\/comments?post=3572"}],"wp:featuredmedia":[{"embeddable":true,"href":"https:\/\/mueller-wrh.de\/pt\/wp-json\/wp\/v2\/media\/3567"}],"wp:attachment":[{"href":"https:\/\/mueller-wrh.de\/pt\/wp-json\/wp\/v2\/media?parent=3572"}],"wp:term":[{"taxonomy":"product_brand","embeddable":true,"href":"https:\/\/mueller-wrh.de\/pt\/wp-json\/wp\/v2\/product_brand?post=3572"},{"taxonomy":"product_cat","embeddable":true,"href":"https:\/\/mueller-wrh.de\/pt\/wp-json\/wp\/v2\/product_cat?post=3572"},{"taxonomy":"product_tag","embeddable":true,"href":"https:\/\/mueller-wrh.de\/pt\/wp-json\/wp\/v2\/product_tag?post=3572"}],"curies":[{"name":"wp","href":"https:\/\/api.w.org\/{rel}","templated":true}]}}