{"id":3560,"date":"2025-07-01T14:48:52","date_gmt":"2025-07-01T14:48:52","guid":{"rendered":"https:\/\/mueller-wrh.de\/produkt\/siemens-motor_1fk6083-6af71-1eh2-intnr231329\/"},"modified":"2025-07-01T14:48:52","modified_gmt":"2025-07-01T14:48:52","slug":"siemens-motor_1fk6083-6af71-1eh2-intnr231329","status":"publish","type":"product","link":"https:\/\/mueller-wrh.de\/pt\/produto\/siemens-motor_1fk6083-6af71-1eh2-intnr231329\/","title":{"rendered":"Motor Siemens_1FK6083-6AF71-1EH2 IntNo231329"},"content":{"rendered":"<p><b>Localiza\u00e7\u00e3o:<\/b> Alemanha, Baden-W\u00fcrttemberg Sudoeste<\/p>\n<p><b>Estado:<\/b> Usado<\/p>\n<p><b>Fabricante:<\/b> Siemens<\/p>\n<p><b>Modelo:<\/b> Motor SV<\/p>\n<p><b>Ano de constru\u00e7\u00e3o:<\/b> 2004<\/p>\n<p><b>Hor\u00e1rio de funcionamento:<\/b> 0<\/p>\n<p>Dados t\u00e9cnicos<br \/>\nTipo: Servomotor s\u00edncrono, s\u00e9rie 1FK6, 6 p\u00f3los<br \/>\nBin\u00e1rio nominal: 16 Nm<br \/>\nVelocidade nominal: 3000 rpm (a 100 Hz)<br \/>\nArrefecimento: Auto-arrefecido, modelo IM B5 (V1, V3)<br \/>\nLiga\u00e7\u00e3o: ficha de alimenta\u00e7\u00e3o e de sinal, pode ser rodada 270\u00b0<br \/>\nCodificador: Codificador absoluto EnDat 2048 S\/R (Codificador A-2048)<br \/>\nVeio: veio liso, classe de toler\u00e2ncia N, com trav\u00e3o de imobiliza\u00e7\u00e3o<br \/>\nTipo de prote\u00e7\u00e3o: IP65, flange DE adicional IP67<br \/>\nPeso: aprox. 18,4 kg<br \/>\nN\u00famero da pauta aduaneira: 85015220<br \/>\nLiga\u00e7\u00e3o standard atrav\u00e9s dos sistemas Siemens Sinamics \/ Simodrive habituais.<br \/>\nOrigem: Alemanha<br \/>\nNorma: Em conformidade com a Diretiva M\u00e1quinas 2006\/42\/CE<br \/>\nO motor pode ser inspeccionado mediante marca\u00e7\u00e3o pr\u00e9via.<br \/>\nReservado o direito a altera\u00e7\u00f5es e erros nos dados t\u00e9cnicos e informa\u00e7\u00f5es, bem como a venda pr\u00e9via!<\/p>\n<p>Dados t\u00e9cnicos<br \/>\nTipo: Servomotor s\u00edncrono, s\u00e9rie 1FK6, 6 p\u00f3los<br \/>\nBin\u00e1rio nominal: 16 Nm<br \/>\nVelocidade nominal: 3000 rpm (a 100 Hz)<br \/>\nArrefecimento: Auto-arrefecido, modelo IM B5 (V1, V3)<br \/>\nLiga\u00e7\u00e3o: Conector de alimenta\u00e7\u00e3o e sinal, pode ser rodado em 270\u00b0<br \/>\nCodificador: Codificador absoluto EnDat 2048 S\/R (codificador A-2048)<br \/>\nVeio: veio liso, classe de toler\u00e2ncia N, com trav\u00e3o de imobiliza\u00e7\u00e3o<br \/>\nTipo de prote\u00e7\u00e3o: IP65, flange DE adicional IP67<br \/>\nPeso: aprox. 18,4 kg<br \/>\nN\u00famero da pauta aduaneira: 85015220<br \/>\nLiga\u00e7\u00e3o standard de acordo com os sistemas Siemens Sinamics \/ Simodrive habituais.<br \/>\nOrigem: Alemanha<br \/>\nNorma: Em conformidade com a Diretiva M\u00e1quinas 2006\/42\/CE<br \/>\nO motor pode ser inspeccionado mediante marca\u00e7\u00e3o pr\u00e9via.<br \/>\nReservado o direito a altera\u00e7\u00f5es e erros nos dados t\u00e9cnicos e informa\u00e7\u00f5es, bem como a venda pr\u00e9via!<\/p>","protected":false},"excerpt":{"rendered":"<p>Standort: Deutschland, Baden-W\u00fcrttemberg S\u00fcdwest Zustand: Gebraucht Hersteller: Siemens Modell: SV-Motor Baujahr: 2004 Betriebsstunden: 0 Technische Daten Typ: Synchronsservomotor, Baureihe 1FK6, 6\u2011polig Nenndrehmoment: 16\u202fNm Nenndrehzahl: 3000\u202fU\/min (bei 100\u202fHz) K\u00fchlung: Selbstgek\u00fchlt, Bauform IM\u202fB5 (V1, V3) Anschluss: Leistungs\u2011 und Signalstecker, um 270\u00b0 drehbar Encoder: Absolutwertgeber EnDat\u202f2048\u202fS\/R (Encoder A\u20112048) Welle: Glatte Welle, Toleranzklasse N, mit Haltebremse Schutzart: IP65, zus\u00e4tzlich [&hellip;]<\/p>\n","protected":false},"featured_media":3557,"comment_status":"open","ping_status":"closed","template":"","meta":{"_uf_show_specific_survey":0,"_uf_disable_surveys":false},"product_brand":[],"product_cat":[87],"product_tag":[],"class_list":{"0":"post-3560","1":"product","2":"type-product","3":"status-publish","4":"has-post-thumbnail","6":"product_cat-servomotoren","8":"first","9":"instock","10":"taxable","11":"shipping-taxable","12":"product-type-simple"},"aioseo_notices":[],"_links":{"self":[{"href":"https:\/\/mueller-wrh.de\/pt\/wp-json\/wp\/v2\/product\/3560","targetHints":{"allow":["GET"]}}],"collection":[{"href":"https:\/\/mueller-wrh.de\/pt\/wp-json\/wp\/v2\/product"}],"about":[{"href":"https:\/\/mueller-wrh.de\/pt\/wp-json\/wp\/v2\/types\/product"}],"replies":[{"embeddable":true,"href":"https:\/\/mueller-wrh.de\/pt\/wp-json\/wp\/v2\/comments?post=3560"}],"wp:featuredmedia":[{"embeddable":true,"href":"https:\/\/mueller-wrh.de\/pt\/wp-json\/wp\/v2\/media\/3557"}],"wp:attachment":[{"href":"https:\/\/mueller-wrh.de\/pt\/wp-json\/wp\/v2\/media?parent=3560"}],"wp:term":[{"taxonomy":"product_brand","embeddable":true,"href":"https:\/\/mueller-wrh.de\/pt\/wp-json\/wp\/v2\/product_brand?post=3560"},{"taxonomy":"product_cat","embeddable":true,"href":"https:\/\/mueller-wrh.de\/pt\/wp-json\/wp\/v2\/product_cat?post=3560"},{"taxonomy":"product_tag","embeddable":true,"href":"https:\/\/mueller-wrh.de\/pt\/wp-json\/wp\/v2\/product_tag?post=3560"}],"curies":[{"name":"wp","href":"https:\/\/api.w.org\/{rel}","templated":true}]}}