{"id":3556,"date":"2025-07-01T14:38:07","date_gmt":"2025-07-01T14:38:07","guid":{"rendered":"https:\/\/mueller-wrh.de\/produkt\/siemens-motor_1fk6063-6af71-1eh2-intnr231328\/"},"modified":"2025-07-01T14:38:07","modified_gmt":"2025-07-01T14:38:07","slug":"siemens-motor_1fk6063-6af71-1eh2-intnr231328","status":"publish","type":"product","link":"https:\/\/mueller-wrh.de\/pt\/produto\/siemens-motor_1fk6063-6af71-1eh2-intnr231328\/","title":{"rendered":"Motor Siemens_1FK6063-6AF71-1EH2 IntNo231328"},"content":{"rendered":"<p><b>Localiza\u00e7\u00e3o:<\/b> Alemanha, Baden-W\u00fcrttemberg Sudoeste<\/p>\n<p><b>Estado:<\/b> Usado<\/p>\n<p><b>Fabricante:<\/b> Siemens<\/p>\n<p><b>Modelo:<\/b> Motor SV<\/p>\n<p><b>Ano de constru\u00e7\u00e3o:<\/b> 2004<\/p>\n<p><b>Hor\u00e1rio de funcionamento:<\/b> 0<\/p>\n<p>Siemens SV_Motor_A06B-0866-B380 Motor de fuso AC<br \/>\nDados t\u00e9cnicos<br \/>\nTipo: Servomotor s\u00edncrono, modelo 1FK6, 6 p\u00f3los<br \/>\nBin\u00e1rio nominal: 11 Nm<br \/>\nVelocidade nominal: 3000 rpm (100 Hz)<br \/>\nArrefecimento: Arrefecimento natural, modelo IM B5 (V1, V3)<br \/>\nLiga\u00e7\u00e3o: ficha de alimenta\u00e7\u00e3o\/sinal, rotativa em 270\u00b0<br \/>\nCodificador: Codificador absoluto EnDat 2048 S\/R (Codificador A-2048)<br \/>\nVeio: Liso, classe de toler\u00e2ncia N, com trav\u00e3o de imobiliza\u00e7\u00e3o integrado<br \/>\nTipo de prote\u00e7\u00e3o: IP65, adicionalmente IP67 na flange do veio (DE)<br \/>\nPeso: aprox. 14,6 kg<br \/>\nConce\u00e7\u00e3o\/flange: flange DE compat\u00edvel com IP67<br \/>\nOrigem: Alemanha<br \/>\nNorma: Em conformidade com a Diretiva M\u00e1quinas 2006\/42\/CE<br \/>\nO motor pode ser inspeccionado mediante marca\u00e7\u00e3o pr\u00e9via.<br \/>\nReservado o direito a altera\u00e7\u00f5es e erros nos dados t\u00e9cnicos e informa\u00e7\u00f5es, bem como a venda pr\u00e9via!<\/p>\n<p>Dados t\u00e9cnicos<br \/>\nTipo: Servo motor s\u00edncrono, modelo 1FK6, 6 p\u00f3los<br \/>\nBin\u00e1rio nominal: 11 Nm<br \/>\nVelocidade nominal: 3000 rpm (100 Hz)<br \/>\nArrefecimento: Arrefecimento natural, conce\u00e7\u00e3o IM B5 (V1, V3)<br \/>\nLiga\u00e7\u00e3o: Conector de alimenta\u00e7\u00e3o\/sinal, rotativo em 270\u00b0<br \/>\nCodificador: Codificador absoluto EnDat 2048 S\/R (codificador A-2048)<br \/>\nVeio: Liso, classe de toler\u00e2ncia N, com trav\u00e3o de imobiliza\u00e7\u00e3o integrado<br \/>\nTipo de prote\u00e7\u00e3o: IP65, na flange do veio (DE) adicionalmente IP67<br \/>\nPeso: aprox. 14,6 kg<br \/>\nDesign\/flange: flange DE compat\u00edvel com IP67<br \/>\nOrigem: Alemanha<br \/>\nNorma: Em conformidade com a Diretiva M\u00e1quinas 2006\/42\/CE<\/p>\n<p>O motor pode ser inspeccionado mediante marca\u00e7\u00e3o pr\u00e9via.<br \/>\nSujeito a altera\u00e7\u00f5es e erros nos dados t\u00e9cnicos e informa\u00e7\u00f5es, bem como a venda pr\u00e9via!<\/p>\n<p>Traduzido com DeepL.com (vers\u00e3o gratuita)<\/p>","protected":false},"excerpt":{"rendered":"<p>Standort: Deutschland, Baden-W\u00fcrttemberg S\u00fcdwest Zustand: Gebraucht Hersteller: Siemens Modell: SV-Motor Baujahr: 2004 Betriebsstunden: 0 Siemens SV_Motor_A06B-0866-B380 AC Spindel Motor Technische Daten Typ: Synchronsservomotor, Modell 1FK6, 6\u2011polig Nenndrehmoment: 11\u202fNm Nenndrehzahl: 3000\u202fU\/min (100\u202fHz) K\u00fchlung: Nat\u00fcrlich gek\u00fchlt, Bauform IM\u202fB5 (V1, V3) Anschluss: Leistungs-\/Signalstecker, drehbar um 270\u00b0 Encoder: Absolutwertgeber EnDat 2048 S\/R (Encoder A\u20112048) Welle: Glatt, Toleranzklasse N, mit [&hellip;]<\/p>\n","protected":false},"featured_media":3555,"comment_status":"open","ping_status":"closed","template":"","meta":{"_uf_show_specific_survey":0,"_uf_disable_surveys":false},"product_brand":[],"product_cat":[87],"product_tag":[],"class_list":{"0":"post-3556","1":"product","2":"type-product","3":"status-publish","4":"has-post-thumbnail","6":"product_cat-servomotoren","8":"first","9":"instock","10":"taxable","11":"shipping-taxable","12":"product-type-simple"},"aioseo_notices":[],"_links":{"self":[{"href":"https:\/\/mueller-wrh.de\/pt\/wp-json\/wp\/v2\/product\/3556","targetHints":{"allow":["GET"]}}],"collection":[{"href":"https:\/\/mueller-wrh.de\/pt\/wp-json\/wp\/v2\/product"}],"about":[{"href":"https:\/\/mueller-wrh.de\/pt\/wp-json\/wp\/v2\/types\/product"}],"replies":[{"embeddable":true,"href":"https:\/\/mueller-wrh.de\/pt\/wp-json\/wp\/v2\/comments?post=3556"}],"wp:featuredmedia":[{"embeddable":true,"href":"https:\/\/mueller-wrh.de\/pt\/wp-json\/wp\/v2\/media\/3555"}],"wp:attachment":[{"href":"https:\/\/mueller-wrh.de\/pt\/wp-json\/wp\/v2\/media?parent=3556"}],"wp:term":[{"taxonomy":"product_brand","embeddable":true,"href":"https:\/\/mueller-wrh.de\/pt\/wp-json\/wp\/v2\/product_brand?post=3556"},{"taxonomy":"product_cat","embeddable":true,"href":"https:\/\/mueller-wrh.de\/pt\/wp-json\/wp\/v2\/product_cat?post=3556"},{"taxonomy":"product_tag","embeddable":true,"href":"https:\/\/mueller-wrh.de\/pt\/wp-json\/wp\/v2\/product_tag?post=3556"}],"curies":[{"name":"wp","href":"https:\/\/api.w.org\/{rel}","templated":true}]}}