{"id":3527,"date":"2025-06-25T08:32:01","date_gmt":"2025-06-25T08:32:01","guid":{"rendered":"https:\/\/mueller-wrh.de\/produkt\/gebr-lns_fox-ifs_absolute_ws-500_bj-2011oel-nebel-absauganlage-_intnr231315\/"},"modified":"2025-09-03T15:39:10","modified_gmt":"2025-09-03T15:39:10","slug":"gebr-lns_fox-ifs_absolute_ws-500_bj-2011oel-nebel-absauganlage-_intnr231315","status":"publish","type":"product","link":"https:\/\/mueller-wrh.de\/pt\/produto\/gebr-lns_fox-ifs_absolute_ws-500_bj-2011oel-nebel-absauganlage-_intnr231315\/","title":{"rendered":"LNS_FOX IFS_ABSOLUTE_WS 500_Bj. 2011Sistema de extra\u00e7\u00e3o de n\u00e9voa de \u00f3leo _IntNr231315"},"content":{"rendered":"<p><b>Localiza\u00e7\u00e3o:<\/b> Alemanha, Baden-W\u00fcrttemberg Sudoeste<\/p>\n<p><b>Estado:<\/b> Usado<\/p>\n<p><b>Fabricante:<\/b> LNS<\/p>\n<p><b>Modelo:<\/b> WS 500<\/p>\n<p><b>Ano de constru\u00e7\u00e3o:<\/b> 2011<\/p>\n<p>Dados t\u00e9cnicos - marca LNS FOX IFS WS 500<br \/>\nEspecifica\u00e7\u00e3o das carater\u00edsticas<br \/>\nModelo FOX IFS WS 500<br \/>\nAno de constru\u00e7\u00e3o 2011<br \/>\nTaxa de entrega aprox. 500 m\u00b3\/h<br \/>\nPot\u00eancia do motor aprox. 0,37 kW<br \/>\nTens\u00e3o 400 V \/ 50 Hz (t\u00edpica)<br \/>\nPeso aprox. 35 kg<br \/>\nDimens\u00f5es aprox. 465 \u00d7 500 \u00d7 1 145 mm (LxPxA)<br \/>\nFases de filtragem 1. Pr\u00e9-filtro F52. Separador centr\u00edfugo3. P\u00f3s-filtro F5 (opcional HEPA H13)<br \/>\nEfici\u00eancia de filtragem 99 % a \u2265 1-2 \u00b5m (F9), HEPA opcional 99,95 % a \u2265 0,1 \u00b5m<br \/>\nN\u00edvel de ru\u00eddo aprox. 65 dB (WS2 mod. similar)<br \/>\nAcess\u00f3rios e carater\u00edsticas<br \/>\n- Design compacto para montagem direta ou ao lado de m\u00e1quinas CNC<br \/>\n- Dispositivo de aspira\u00e7\u00e3o<br \/>\n- Tr\u00eas fases de limpeza para uma separa\u00e7\u00e3o eficaz da n\u00e9voa de \u00f3leo e de emuls\u00e3o<br \/>\n- O filtro de cartucho pode ser opcionalmente equipado com um kit HEPA<br \/>\n- Manuten\u00e7\u00e3o f\u00e1cil, funcionamento silencioso e elementos filtrantes duradouros <\/p>\n<p>Reservado o direito a altera\u00e7\u00f5es e erros nos dados t\u00e9cnicos e informa\u00e7\u00f5es, bem como a venda pr\u00e9via!<\/p>\n<p>Dados t\u00e9cnicos - marca LNS FOX IFS WS 500<br \/>\nEspecifica\u00e7\u00e3o das carater\u00edsticas<br \/>\nModelo FOX IFS WS 500<br \/>\nAno de fabrico 2011<br \/>\nTaxa de entrega aprox. 500 m\u00b3\/h<br \/>\nPot\u00eancia do motor aprox. 0,37 kW<br \/>\nTens\u00e3o 400 V \/ 50 Hz (t\u00edpica)<br \/>\nPeso aprox. 35 kg<br \/>\nDimens\u00f5es aprox. 465 \u00d7 500 \u00d7 1 145 mm (LxPxA)<br \/>\nFases de filtragem 1. Pr\u00e9-filtro F52. Separador centr\u00edfugo3. P\u00f3s-filtro F5 (opcional HEPA H13)<br \/>\nEfici\u00eancia de filtragem 99 % a \u2265 1-2 \u00b5m (F9), HEPA opcional 99,95 % a \u2265 0,1 \u00b5m<br \/>\nN\u00edvel de ru\u00eddo aprox. 65 dB (WS2 mod. similar)<br \/>\nAcess\u00f3rios e carater\u00edsticas<br \/>\n- Design compacto para montagem direta ou ao lado de m\u00e1quinas CNC<br \/>\n- Estatuto para extra\u00e7\u00e3o<br \/>\n- Tr\u00eas fases de limpeza para uma separa\u00e7\u00e3o eficaz da n\u00e9voa de \u00f3leo e de emuls\u00e3o<br \/>\n- O filtro de cartucho pode ser opcionalmente equipado com um kit HEPA<br \/>\n- Manuten\u00e7\u00e3o f\u00e1cil, funcionamento silencioso e elementos filtrantes duradouros <\/p>\n<p>Sujeito a altera\u00e7\u00f5es e erros nos dados t\u00e9cnicos e informa\u00e7\u00f5es, bem como a venda pr\u00e9via!<\/p>","protected":false},"excerpt":{"rendered":"<p>Standort: Deutschland, Baden-W\u00fcrttemberg S\u00fcdwest Zustand: Gebraucht Hersteller: LNS Modell: WS 500 Baujahr: 2011 Technische Daten \u2013 gebr. LNS FOX IFS WS\u202f500 Merkmal Spezifikation Modell FOX IFS WS\u202f500 Baujahr 2011 F\u00f6rderleistung ca. 500\u202fm\u00b3\/h Motorleistung ca. 0,37\u202fkW Spannung 400\u202fV \/ 50\u202fHz (typisch) Gewicht ca. 35\u202fkg Abmessungen ca.\u202f465\u202f\u00d7\u202f500\u202f\u00d7\u202f1\u202f145\u202fmm (BxTxH) Filterstufen 1. Vorfilter F52. Zentrifugalabscheider3. Nachfilter F5 (optional HEPA [&hellip;]<\/p>\n","protected":false},"featured_media":3817,"comment_status":"open","ping_status":"closed","template":"","meta":{"_uf_show_specific_survey":0,"_uf_disable_surveys":false},"product_brand":[],"product_cat":[19],"product_tag":[],"class_list":{"0":"post-3527","1":"product","2":"type-product","3":"status-publish","4":"has-post-thumbnail","6":"product_cat-oel-emulsionsnebel-abzugsanlagen","8":"first","9":"instock","10":"taxable","11":"shipping-taxable","12":"purchasable","13":"product-type-simple"},"aioseo_notices":[],"_links":{"self":[{"href":"https:\/\/mueller-wrh.de\/pt\/wp-json\/wp\/v2\/product\/3527","targetHints":{"allow":["GET"]}}],"collection":[{"href":"https:\/\/mueller-wrh.de\/pt\/wp-json\/wp\/v2\/product"}],"about":[{"href":"https:\/\/mueller-wrh.de\/pt\/wp-json\/wp\/v2\/types\/product"}],"replies":[{"embeddable":true,"href":"https:\/\/mueller-wrh.de\/pt\/wp-json\/wp\/v2\/comments?post=3527"}],"wp:featuredmedia":[{"embeddable":true,"href":"https:\/\/mueller-wrh.de\/pt\/wp-json\/wp\/v2\/media\/3817"}],"wp:attachment":[{"href":"https:\/\/mueller-wrh.de\/pt\/wp-json\/wp\/v2\/media?parent=3527"}],"wp:term":[{"taxonomy":"product_brand","embeddable":true,"href":"https:\/\/mueller-wrh.de\/pt\/wp-json\/wp\/v2\/product_brand?post=3527"},{"taxonomy":"product_cat","embeddable":true,"href":"https:\/\/mueller-wrh.de\/pt\/wp-json\/wp\/v2\/product_cat?post=3527"},{"taxonomy":"product_tag","embeddable":true,"href":"https:\/\/mueller-wrh.de\/pt\/wp-json\/wp\/v2\/product_tag?post=3527"}],"curies":[{"name":"wp","href":"https:\/\/api.w.org\/{rel}","templated":true}]}}