{"id":3470,"date":"2025-05-13T12:40:39","date_gmt":"2025-05-13T12:40:39","guid":{"rendered":"https:\/\/mueller-wrh.de\/produkt\/smw-hfkn-d-165-45-a5-dreibacken-keilstangenfutter-three-jaw-wedge-bar-chuck-intnr231293\/"},"modified":"2025-05-13T12:40:39","modified_gmt":"2025-05-13T12:40:39","slug":"smw-hfkn-d-165-45-a5-dreibacken-keilstangenfutter-three-jaw-wedge-bar-chuck-intnr231293","status":"publish","type":"product","link":"https:\/\/mueller-wrh.de\/pt\/produto\/smw-hfkn-d-165-45-a5-dreibacken-keilstangenfutter-three-jaw-wedge-bar-chuck-intnr231293\/","title":{"rendered":"SMW HFKN-D 165\/45\/A5 Mandril de tr\u00eas maxilas com barra em cunha IntNr231293"},"content":{"rendered":"<p><b>Localiza\u00e7\u00e3o:<\/b> Alemanha, Baden-W\u00fcrttemberg Sudoeste<\/p>\n<p><b>Estado:<\/b> Como novo<\/p>\n<p><b>Modelo:<\/b> SMW<\/p>\n<p>Descri\u00e7\u00e3o t\u00e9cnica - SMW-Autoblok HFKN-D 165-45 A5<br \/>\nDesigna\u00e7\u00e3o: Mandril de tr\u00eas maxilas para barras em cunha<br \/>\nFabricante: SMW-Autoblok<br \/>\nModelo: HFKN-D 165-45 A5<br \/>\nDesign: mandril el\u00e9trico de alto desempenho com acionamento por barra em cunha<\/p>\n<p>?\ufe0f Dados t\u00e9cnicos (t\u00edpicos para este modelo):<br \/>\nMandril \u00d8: 165 mm<\/p>\n<p>Furo central de passagem (furo): aprox. 45 mm<\/p>\n<p>Recet\u00e1culo: A5 (DIN 55026)<\/p>\n<p>Acionamento: Hidr\u00e1ulico (mecanismo de barra em cunha)<\/p>\n<p>N\u00famero de mordentes: 3 (fixa\u00e7\u00e3o centrada)<\/p>\n<p>M\u00e1x. For\u00e7a de aperto: dependendo da press\u00e3o hidr\u00e1ulica aprox. 45-60 kN<\/p>\n<p>Velocidade m\u00e1x. Velocidade: aprox. 5000 rpm<\/p>\n<p>Precis\u00e3o de repeti\u00e7\u00e3o: tip. \u2264 0,01 mm<\/p>\n<p>Tipo de mand\u00edbula: mand\u00edbulas macias standard ou mand\u00edbulas duras, poss\u00edveis consoante o equipamento<\/p>\n<p>Reservado o direito a altera\u00e7\u00f5es e erros nos dados t\u00e9cnicos e informa\u00e7\u00f5es, bem como a venda pr\u00e9via!<\/p>\n<p>Descri\u00e7\u00e3o t\u00e9cnica Usado - SMW-Autoblok HFKN-D 165-45 A5<br \/>\nDesigna\u00e7\u00e3o: Mandril el\u00e9trico de tr\u00eas maxilas com barra de cunha<br \/>\nFabricante: SMW-Autoblok<br \/>\nModelo: HFKN-D 165-45 A5<br \/>\nDesign: mandril de pot\u00eancia de alto desempenho com acionamento por barra em cunha<\/p>\n<p>?\ufe0f Dados t\u00e9cnicos (t\u00edpicos para este modelo):<br \/>\nDi\u00e2metro do mandril: 165 mm<\/p>\n<p>Orif\u00edcio central de passagem: aprox. 45 mm<\/p>\n<p>Interface de montagem: A5 (DIN 55026)<\/p>\n<p>Acionamento: hidr\u00e1ulico (mecanismo de barra em cunha)<\/p>\n<p>N\u00famero de maxilas: 3 (auto-centrantes)<\/p>\n<p>For\u00e7a de aperto m\u00e1xima: aprox. 45-60 kN (dependendo da press\u00e3o hidr\u00e1ulica)<\/p>\n<p>Velocidade m\u00e1xima: aprox. 5000 rpm<\/p>\n<p>Repetibilidade: tipicamente \u2264 0,01 mm<\/p>\n<p>Tipo de mand\u00edbula: mand\u00edbulas macias padr\u00e3o ou mand\u00edbulas duras, dependendo da configura\u00e7\u00e3o<\/p>\n<p>Sujeito a altera\u00e7\u00f5es t\u00e9cnicas, erros e venda pr\u00e9via.<\/p>","protected":false},"excerpt":{"rendered":"<p>Standort: Deutschland, Baden-W\u00fcrttemberg S\u00fcdwest Zustand: Neuwertig Modell: SMW gebr. Technische Beschreibung \u2013 SMW-Autoblok HFKN-D 165-45 A5 Bezeichnung: Dreibacken-Keilstangenfutter Hersteller: SMW-Autoblok Modell: HFKN-D 165-45 A5 Ausf\u00fchrung: Hochleistungs-Kraftspannfutter mit Keilstangenantrieb ?\ufe0f Technische Daten (typisch f\u00fcr dieses Modell): Spannfutter-\u00d8: 165\u202fmm Zentrales Durchgangsbohrung (Bohrung): ca. 45\u202fmm Aufnahme: A5 (DIN 55026) Bet\u00e4tigung: Hydraulisch (Keilstangenmechanismus) Backenzahl: 3 (zentrisch spannend) Max. Spannkraft: [&hellip;]<\/p>\n","protected":false},"featured_media":3469,"comment_status":"open","ping_status":"closed","template":"","meta":{"_uf_show_specific_survey":0,"_uf_disable_surveys":false},"product_brand":[],"product_cat":[102],"product_tag":[],"class_list":{"0":"post-3470","1":"product","2":"type-product","3":"status-publish","4":"has-post-thumbnail","6":"product_cat-spannzangen","8":"first","9":"instock","10":"taxable","11":"shipping-taxable","12":"product-type-simple"},"aioseo_notices":[],"_links":{"self":[{"href":"https:\/\/mueller-wrh.de\/pt\/wp-json\/wp\/v2\/product\/3470","targetHints":{"allow":["GET"]}}],"collection":[{"href":"https:\/\/mueller-wrh.de\/pt\/wp-json\/wp\/v2\/product"}],"about":[{"href":"https:\/\/mueller-wrh.de\/pt\/wp-json\/wp\/v2\/types\/product"}],"replies":[{"embeddable":true,"href":"https:\/\/mueller-wrh.de\/pt\/wp-json\/wp\/v2\/comments?post=3470"}],"wp:featuredmedia":[{"embeddable":true,"href":"https:\/\/mueller-wrh.de\/pt\/wp-json\/wp\/v2\/media\/3469"}],"wp:attachment":[{"href":"https:\/\/mueller-wrh.de\/pt\/wp-json\/wp\/v2\/media?parent=3470"}],"wp:term":[{"taxonomy":"product_brand","embeddable":true,"href":"https:\/\/mueller-wrh.de\/pt\/wp-json\/wp\/v2\/product_brand?post=3470"},{"taxonomy":"product_cat","embeddable":true,"href":"https:\/\/mueller-wrh.de\/pt\/wp-json\/wp\/v2\/product_cat?post=3470"},{"taxonomy":"product_tag","embeddable":true,"href":"https:\/\/mueller-wrh.de\/pt\/wp-json\/wp\/v2\/product_tag?post=3470"}],"curies":[{"name":"wp","href":"https:\/\/api.w.org\/{rel}","templated":true}]}}