{"id":3439,"date":"2025-05-09T15:22:36","date_gmt":"2025-05-09T15:22:36","guid":{"rendered":"https:\/\/mueller-wrh.de\/produkt\/gebr-biglia-wkz-halter-angetr-fraesdornaufnahme-used-toolholder-driven-oesterle-art-300-5521-f16-bi09-mit-ikz_intnr231284\/"},"modified":"2025-05-09T15:22:36","modified_gmt":"2025-05-09T15:22:36","slug":"gebr-biglia-wkz-halter-angetr-fraesdornaufnahme-used-toolholder-driven-oesterle-art-300-5521-f16-bi09-mit-ikz_intnr231284","status":"publish","type":"product","link":"https:\/\/mueller-wrh.de\/pt\/produto\/gebr-biglia-wkz-halter-angetr-fraesdornaufnahme-used-toolholder-driven-oesterle-art-300-5521-f16-bi09-mit-ikz_intnr231284\/","title":{"rendered":"Biglia usado porta-ferramentas Oesterle Art. 300 5521 F16 BI09 com IKZ_IntNr231284"},"content":{"rendered":"<p><b>Localiza\u00e7\u00e3o:<\/b> Alemanha, Baden-W\u00fcrttemberg Sudoeste<\/p>\n<p><b>Estado:<\/b> Usado<\/p>\n<p><b>Fabricante:<\/b> Oesterle<\/p>\n<p><b>Ano de constru\u00e7\u00e3o:<\/b> 2015<\/p>\n<p>Porta-ferramentas de acionamento \/ porta-mandris de fresagem \u00d816<br \/>\nFabricante: Oesterle + Partner GbR \/ Alemanha<br \/>\nM\u00e1quinas compat\u00edveis<br \/>\nSuporte de ferramentas<br \/>\nCabe\u00e7a de perfura\u00e7\u00e3o e de fresagem<br \/>\nDi\u00e2metro \u00d8 16mm 1:1<br \/>\nBMT 55<br \/>\nIKZ e AKZ<br \/>\nB 301 Y\/B301 YS<br \/>\nB 446 T2\/B 446 T3<br \/>\nB 545 M \/ S \/ SM \/ Y \/ YS<br \/>\nB 565 M \/ S \/ SM \/ Y \/ YS<br \/>\nB 620 - M \/ SM \/ Y \/ YS<br \/>\nB 650 - 658 M \/ SM \/ Y \/ YS<br \/>\nB750 M \/B750 SM \/B750 Y \/B750 YS - 12 vezes<br \/>\nB750 M \/B750 SM \/B750 Y \/B750 YS - 16 vezes<br \/>\nB1250M \/B1250SM \/B1250Y \/B1250YS-12-dobra<br \/>\nB1250M \/B1250SM \/B1250Y \/B120YS - 16 vezes<\/p>\n<p>Com IKZ e ajuste r\u00e1pido do tubo de arrefecimento (pat.)<\/p>\n<p>Suporte de ferramentas<br \/>\n DIN 6499 ER 32<br \/>\n( d ) Gama de aperto<br \/>\n\u00d8 16 mm x 27, 1:1<br \/>\nIKZ e AKZ<br \/>\npara maquinagem radial <\/p>\n<p>Reservado o direito a altera\u00e7\u00f5es e erros nos dados t\u00e9cnicos e informa\u00e7\u00f5es, bem como a venda pr\u00e9via!<\/p>\n<p>Porta-ferramentas acionadas \/ Porta-ferramentas para fresar \u00d816<br \/>\nFabricante: Oesterle + Partner GbR \/ Alemanha<\/p>\n<p>M\u00e1quinas compat\u00edveis<br \/>\nInterface do porta-ferramentas<br \/>\nCabe\u00e7a de perfura\u00e7\u00e3o e fresagem<br \/>\nDi\u00e2metro \u00d816 mm 1:1<br \/>\nBMT 55<br \/>\nICS (alimenta\u00e7\u00e3o interna do l\u00edquido de refrigera\u00e7\u00e3o) e ECS (alimenta\u00e7\u00e3o externa do l\u00edquido de refrigera\u00e7\u00e3o)<\/p>\n<p>Modelos de m\u00e1quinas compat\u00edveis:<\/p>\n<p>B 301 Y \/ B301 YS<\/p>\n<p>B 446 T2 \/ B 446 T3<\/p>\n<p>B 545 M \/ S \/ SM \/ Y \/ YS<\/p>\n<p>B 565 M \/ S \/ SM \/ Y \/ YS<\/p>\n<p>B 620 - M \/ SM \/ Y \/ YS<\/p>\n<p>B 650 - 658 M \/ SM \/ Y \/ YS<\/p>\n<p>B750 M \/ B750 SM \/ B750 Y \/ B750 YS - 12 posi\u00e7\u00f5es<\/p>\n<p>B750 M \/ B750 SM \/ B750 Y \/ B750 YS - 16 posi\u00e7\u00f5es<\/p>\n<p>B1250M \/ B1250SM \/ B1250Y \/ B1250YS - 12 posi\u00e7\u00f5es<\/p>\n<p>B1250M \/ B1250SM \/ B1250Y \/ B1250YS - 16 posi\u00e7\u00f5es<\/p>\n<p>Equipado com ICS e ajuste r\u00e1pido patenteado para o tubo de refrigera\u00e7\u00e3o.<\/p>\n<p>Interface da ferramenta<br \/>\nDIN 6499 ER 32<br \/>\n(d) Gama de aperto<br \/>\n\u00d8 16 mm x 27, rela\u00e7\u00e3o 1:1<br \/>\nICS e ECS<br \/>\nPara maquinagem radial<\/p>\n<p>Dados t\u00e9cnicos e especifica\u00e7\u00f5es sujeitos a altera\u00e7\u00f5es e erros. Venda pr\u00e9via reservada!<\/p>","protected":false},"excerpt":{"rendered":"<p>Standort: Deutschland, Baden-W\u00fcrttemberg S\u00fcdwest Zustand: Gebraucht Hersteller: Oesterle Baujahr: 2015 gebr. angetriebene Werkzeughalter \/ Fr\u00e4sdornaufnahme \u00d816 Hersteller: Oesterle + Partner GbR \/ Deutschland Kompatible Maschinen Werkzeugaufnahme Bohr- und Fr\u00e4skopf Durchmesser \u00d8 16mm 1:1 BMT 55 IKZ und AKZ B 301 Y\/B301 YS B 446 T2\/B 446 T3 B 545 M \/ S \/ SM \/ [&hellip;]<\/p>\n","protected":false},"featured_media":3437,"comment_status":"open","ping_status":"closed","template":"","meta":{"_uf_show_specific_survey":0,"_uf_disable_surveys":false},"product_brand":[],"product_cat":[20],"product_tag":[],"class_list":{"0":"post-3439","1":"product","2":"type-product","3":"status-publish","4":"has-post-thumbnail","6":"product_cat-werkzeughalter","8":"first","9":"instock","10":"taxable","11":"shipping-taxable","12":"product-type-simple"},"aioseo_notices":[],"_links":{"self":[{"href":"https:\/\/mueller-wrh.de\/pt\/wp-json\/wp\/v2\/product\/3439","targetHints":{"allow":["GET"]}}],"collection":[{"href":"https:\/\/mueller-wrh.de\/pt\/wp-json\/wp\/v2\/product"}],"about":[{"href":"https:\/\/mueller-wrh.de\/pt\/wp-json\/wp\/v2\/types\/product"}],"replies":[{"embeddable":true,"href":"https:\/\/mueller-wrh.de\/pt\/wp-json\/wp\/v2\/comments?post=3439"}],"wp:featuredmedia":[{"embeddable":true,"href":"https:\/\/mueller-wrh.de\/pt\/wp-json\/wp\/v2\/media\/3437"}],"wp:attachment":[{"href":"https:\/\/mueller-wrh.de\/pt\/wp-json\/wp\/v2\/media?parent=3439"}],"wp:term":[{"taxonomy":"product_brand","embeddable":true,"href":"https:\/\/mueller-wrh.de\/pt\/wp-json\/wp\/v2\/product_brand?post=3439"},{"taxonomy":"product_cat","embeddable":true,"href":"https:\/\/mueller-wrh.de\/pt\/wp-json\/wp\/v2\/product_cat?post=3439"},{"taxonomy":"product_tag","embeddable":true,"href":"https:\/\/mueller-wrh.de\/pt\/wp-json\/wp\/v2\/product_tag?post=3439"}],"curies":[{"name":"wp","href":"https:\/\/api.w.org\/{rel}","templated":true}]}}