{"id":3431,"date":"2025-05-08T13:43:21","date_gmt":"2025-05-08T13:43:21","guid":{"rendered":"https:\/\/mueller-wrh.de\/produkt\/gebr-biglia-wkz-halter-angetr-used-toolholder-driven-oesterle-art-310-5521-e25-bi09-mit-ikz_intnr231279\/"},"modified":"2025-05-08T13:43:22","modified_gmt":"2025-05-08T13:43:22","slug":"gebr-biglia-wkz-halter-angetr-used-toolholder-driven-oesterle-art-310-5521-e25-bi09-mit-ikz_intnr231279","status":"publish","type":"product","link":"https:\/\/mueller-wrh.de\/pt\/produto\/gebr-biglia-wkz-halter-angetr-used-toolholder-driven-oesterle-art-310-5521-e25-bi09-mit-ikz_intnr231279\/","title":{"rendered":"Biglia usado porta-ferramentas Oesterle Art. 310 5521-E25 BI09 com IKZ_IntNr231279"},"content":{"rendered":"<p><b>Localiza\u00e7\u00e3o:<\/b> Alemanha, Baden-W\u00fcrttemberg Sudoeste<\/p>\n<p><b>Estado:<\/b> Usado<\/p>\n<p><b>Fabricante:<\/b> Oesterle<\/p>\n<p><b>Ano de constru\u00e7\u00e3o:<\/b> 2015<\/p>\n<p>Porta-ferramentas de acionamento com IKZ<br \/>\nFabricante: Oesterle + Partner GbR \/ Alemanha<br \/>\nM\u00e1quinas compat\u00edveis<br \/>\nSuporte de ferramentas<br \/>\nCabe\u00e7a de perfura\u00e7\u00e3o e de fresagem<br \/>\nBiglia de 90 graus - BMT55 BH 100 mm<br \/>\nB 301 Y\/B301 YS<br \/>\nB 446 T2\/B 446 T3<br \/>\nB 545 M \/ S \/ SM \/ Y \/ YS<br \/>\nB 565 M \/ S \/ SM \/ Y \/ YS<br \/>\nB 620 - M \/ SM \/ Y \/ YS<br \/>\nB 650 - 658 M \/ SM \/ Y \/ YS<br \/>\nB750 M \/B750 SM \/B750 Y \/B750 YS - 12 vezes<br \/>\nB750 M \/B750 SM \/B750 Y \/B750 YS - 16 vezes<br \/>\nB1250M \/B1250SM \/B1250Y \/B1250YS-12-dobra<br \/>\nB1250M \/B1250SM \/B1250Y \/B120YS - 16 vezes<br \/>\nBIGLIA - BMT55\u00d7<br \/>\nPower-Line<br \/>\nCom IKZ e ajuste r\u00e1pido do tubo de arrefecimento (pat.)<\/p>\n<p>Suporte de ferramentas<br \/>\n DIN 6499 ER 25<br \/>\n( d ) Gama de aperto<br \/>\n1,0 - 16 mm<br \/>\nIKZ + arrefecimento externo<br \/>\nbarra 85<\/p>\n<p>Porta-ferramentas usado com refrigera\u00e7\u00e3o interna (IKZ)<br \/>\nFabricante: Oesterle + Partner GbR \/ Alemanha<\/p>\n<p>M\u00e1quinas compat\u00edveis:<br \/>\nBiglia - BMT55 BH, 100 mm<br \/>\nB 301 Y\/B301 YS<br \/>\nB 446 T2\/B 446 T3<br \/>\nB 545 M \/ S \/ SM \/ Y \/ YS<br \/>\nB 565 M \/ S \/ SM \/ Y \/ YS<br \/>\nB 620 - M \/ SM \/ Y \/ YS<br \/>\nB 650 - 658 M \/ SM \/ Y \/ YS<br \/>\nB750 M \/B750 SM \/B750 Y \/B750 YS - 12 vezes<br \/>\nB750 M \/B750 SM \/B750 Y \/B750 YS - 16 vezes<br \/>\nB1250M \/B1250SM \/B1250Y \/B1250YS-12-dobra<br \/>\nB1250M \/B1250SM \/B1250Y \/B120YS - 16 vezes<br \/>\nBIGLIA - BMT55\u00d7<\/p>\n<p>Tipo de suporte de ferramentas:<br \/>\nCabe\u00e7a de perfura\u00e7\u00e3o e fresagem, \u00e2ngulo de 90<br \/>\nS\u00e9rie Power-Line com l\u00edquido de refrigera\u00e7\u00e3o interno (IKZ) e tubo de refrigera\u00e7\u00e3o de ajuste r\u00e1pido patenteado<br \/>\nPower-Line (com rolamentos de rolos c\u00f3nicos)<\/p>\n<p>Interface da ferramenta:<br \/>\nDIN 6499 ER 25<br \/>\nGama de aperto (d): 1,0 - 16 mm<\/p>\n<p>Fornecimento de l\u00edquido de refrigera\u00e7\u00e3o:<br \/>\nRefrigera\u00e7\u00e3o interna (IKZ) + refrigera\u00e7\u00e3o externa<br \/>\nPress\u00e3o m\u00e1x. Press\u00e3o: 85 bar<\/p>","protected":false},"excerpt":{"rendered":"<p>Standort: Deutschland, Baden-W\u00fcrttemberg S\u00fcdwest Zustand: Gebraucht Hersteller: Oesterle Baujahr: 2015 gebr. angetriebene Werkzeughalter mit IKZ Hersteller: Oesterle + Partner GbR \/ Deutschland Kompatible Maschinen Werkzeugaufnahme Bohr- und Fr\u00e4skopf 90 Grad Biglia \u2013 BMT55 BH 100 mm B 301 Y\/B301 YS B 446 T2\/B 446 T3 B 545 M \/ S \/ SM \/ Y \/ [&hellip;]<\/p>\n","protected":false},"featured_media":3429,"comment_status":"open","ping_status":"closed","template":"","meta":{"_uf_show_specific_survey":0,"_uf_disable_surveys":false},"product_brand":[],"product_cat":[20],"product_tag":[],"class_list":{"0":"post-3431","1":"product","2":"type-product","3":"status-publish","4":"has-post-thumbnail","6":"product_cat-werkzeughalter","8":"first","9":"instock","10":"taxable","11":"shipping-taxable","12":"product-type-simple"},"aioseo_notices":[],"_links":{"self":[{"href":"https:\/\/mueller-wrh.de\/pt\/wp-json\/wp\/v2\/product\/3431","targetHints":{"allow":["GET"]}}],"collection":[{"href":"https:\/\/mueller-wrh.de\/pt\/wp-json\/wp\/v2\/product"}],"about":[{"href":"https:\/\/mueller-wrh.de\/pt\/wp-json\/wp\/v2\/types\/product"}],"replies":[{"embeddable":true,"href":"https:\/\/mueller-wrh.de\/pt\/wp-json\/wp\/v2\/comments?post=3431"}],"wp:featuredmedia":[{"embeddable":true,"href":"https:\/\/mueller-wrh.de\/pt\/wp-json\/wp\/v2\/media\/3429"}],"wp:attachment":[{"href":"https:\/\/mueller-wrh.de\/pt\/wp-json\/wp\/v2\/media?parent=3431"}],"wp:term":[{"taxonomy":"product_brand","embeddable":true,"href":"https:\/\/mueller-wrh.de\/pt\/wp-json\/wp\/v2\/product_brand?post=3431"},{"taxonomy":"product_cat","embeddable":true,"href":"https:\/\/mueller-wrh.de\/pt\/wp-json\/wp\/v2\/product_cat?post=3431"},{"taxonomy":"product_tag","embeddable":true,"href":"https:\/\/mueller-wrh.de\/pt\/wp-json\/wp\/v2\/product_tag?post=3431"}],"curies":[{"name":"wp","href":"https:\/\/api.w.org\/{rel}","templated":true}]}}