{"id":3406,"date":"2025-04-29T16:39:31","date_gmt":"2025-04-29T16:39:31","guid":{"rendered":"https:\/\/mueller-wrh.de\/produkt\/gebr-profilprojektor-mitutoyo-pv-500-_intnr231045\/"},"modified":"2025-04-29T16:39:31","modified_gmt":"2025-04-29T16:39:31","slug":"gebr-profilprojektor-mitutoyo-pv-500-_intnr231045","status":"publish","type":"product","link":"https:\/\/mueller-wrh.de\/pt\/produto\/gebr-profilprojektor-mitutoyo-pv-500-_intnr231045\/","title":{"rendered":"projetor de perfil Mitutoyo PV 500 usado _IntNr231045"},"content":{"rendered":"<p><b>Localiza\u00e7\u00e3o:<\/b> Alemanha, Baden-W\u00fcrttemberg Sudoeste<\/p>\n<p><b>Estado:<\/b> Usado<\/p>\n<p><b>Hor\u00e1rio de funcionamento:<\/b> nenhum<\/p>\n<p>IntNo231045<br \/>\nGebr.<br \/>\nProjetor de perfis Mitutoyo PV 500<br \/>\ncom ecr\u00e3 de 500 mm e visor digital<br \/>\nDados t\u00e9cnicos:<br \/>\nPerfil do projetor da marca MITUTOYO tipo PV-500<br \/>\nDi\u00e2metro do ecr\u00e3 508 mm<br \/>\nEcr\u00e3 rotativo a 360\u00b0 (vernier 1')<br \/>\nAmplia\u00e7\u00e3o poss\u00edvel 5 x , 10 x , 20 x , 50 x , 100 x<br \/>\nInstala\u00e7\u00e3o atrav\u00e9s de sistema de inser\u00e7\u00e3o com adaptador<br \/>\nPrecis\u00e3o da amplia\u00e7\u00e3o para luz transmitida\/luz reflectida +- 0,1% \/ +- 0,15%<br \/>\nRede el\u00e9ctrica 220 V, 50 Hz<br \/>\nConsumo de energia 340 VA<br \/>\nDimens\u00f5es do aparelho de base 900 x 700 x 1700 mm<br \/>\nPeso 180 kg<br \/>\ncom<br \/>\n- Ecr\u00e3 digital de 2 eixos Mitutoyo<br \/>\nAcess\u00f3rios <\/p>\n<p>A m\u00e1quina pode ser inspeccionada mediante marca\u00e7\u00e3o pr\u00e9via.<br \/>\nReservado o direito a altera\u00e7\u00f5es e erros nos dados t\u00e9cnicos e informa\u00e7\u00f5es, bem como a venda pr\u00e9via!<\/p>\n<p>Usado<br \/>\nProjetor de perfis Mitutoyo PV 500<br \/>\ncom ecr\u00e3 de 500 mm e visor digital<br \/>\nDados t\u00e9cnicos:<br \/>\nPerfil do projetor da marca MITUTOYO tipo PV-500<br \/>\nDi\u00e2metro do ecr\u00e3 508 mm<br \/>\nEcr\u00e3 rotativo a 360\u00b0 (vernier 1\u2032)<br \/>\nAmplia\u00e7\u00e3o poss\u00edvel 5 x , 10 x , 20 x , 50 x , 100 x<br \/>\nInstala\u00e7\u00e3o por sistema de inser\u00e7\u00e3o com adaptador<br \/>\nPrecis\u00e3o da amplia\u00e7\u00e3o com luz transmitida\/luz reflectida +- 0,1% \/ +- 0,15%<br \/>\nRede el\u00e9ctrica 220 V, 50 Hz<br \/>\nConsumo de energia 340 VA<br \/>\nDimens\u00f5es do aparelho b\u00e1sico 900 x 700 x 1700 mm<br \/>\nPeso 180 kg<br \/>\nCom<br \/>\n- Ecr\u00e3 digital de 2 eixos Mitutoyo<br \/>\nAcess\u00f3rios <\/p>\n<p>A m\u00e1quina pode ser inspeccionada mediante marca\u00e7\u00e3o pr\u00e9via.<br \/>\nReservado o direito a altera\u00e7\u00f5es e erros nos dados t\u00e9cnicos e informa\u00e7\u00f5es, bem como a venda pr\u00e9via!<\/p>","protected":false},"excerpt":{"rendered":"<p>Standort: Deutschland, Baden-W\u00fcrttemberg S\u00fcdwest Zustand: Gebraucht Betriebsstunden: keine IntNr231045 Gebr. Profilprojektor Mitutoyo PV 500 mit Bildschirm 500 mm und digitaler Anzeige Technische Daten: Profilprojektor Fabrikat MITUTOYO Typ PV-500 Bildschirmdurchmesser 508 mm Bildschirm drehbar um 360\u00b0 (Nonius 1\u00b4) Vergr\u00f6\u00dferung m\u00f6glich 5 x , 10 x , 20 x ,50x , 100 x Einbau erfolgt durch Einsatzsystem [&hellip;]<\/p>\n","protected":false},"featured_media":3402,"comment_status":"open","ping_status":"closed","template":"","meta":{"_uf_show_specific_survey":0,"_uf_disable_surveys":false},"product_brand":[],"product_cat":[98],"product_tag":[],"class_list":{"0":"post-3406","1":"product","2":"type-product","3":"status-publish","4":"has-post-thumbnail","6":"product_cat-messtechnik","8":"first","9":"instock","10":"taxable","11":"shipping-taxable","12":"product-type-simple"},"aioseo_notices":[],"_links":{"self":[{"href":"https:\/\/mueller-wrh.de\/pt\/wp-json\/wp\/v2\/product\/3406","targetHints":{"allow":["GET"]}}],"collection":[{"href":"https:\/\/mueller-wrh.de\/pt\/wp-json\/wp\/v2\/product"}],"about":[{"href":"https:\/\/mueller-wrh.de\/pt\/wp-json\/wp\/v2\/types\/product"}],"replies":[{"embeddable":true,"href":"https:\/\/mueller-wrh.de\/pt\/wp-json\/wp\/v2\/comments?post=3406"}],"wp:featuredmedia":[{"embeddable":true,"href":"https:\/\/mueller-wrh.de\/pt\/wp-json\/wp\/v2\/media\/3402"}],"wp:attachment":[{"href":"https:\/\/mueller-wrh.de\/pt\/wp-json\/wp\/v2\/media?parent=3406"}],"wp:term":[{"taxonomy":"product_brand","embeddable":true,"href":"https:\/\/mueller-wrh.de\/pt\/wp-json\/wp\/v2\/product_brand?post=3406"},{"taxonomy":"product_cat","embeddable":true,"href":"https:\/\/mueller-wrh.de\/pt\/wp-json\/wp\/v2\/product_cat?post=3406"},{"taxonomy":"product_tag","embeddable":true,"href":"https:\/\/mueller-wrh.de\/pt\/wp-json\/wp\/v2\/product_tag?post=3406"}],"curies":[{"name":"wp","href":"https:\/\/api.w.org\/{rel}","templated":true}]}}