{"id":3401,"date":"2025-04-29T16:38:34","date_gmt":"2025-04-29T16:38:34","guid":{"rendered":"https:\/\/mueller-wrh.de\/produkt\/gebr-dmc-80-h-baujahr-2001-intnr231113\/"},"modified":"2025-04-29T16:38:34","modified_gmt":"2025-04-29T16:38:34","slug":"gebr-dmc-80-h-baujahr-2001-intnr231113","status":"publish","type":"product","link":"https:\/\/mueller-wrh.de\/pt\/produto\/gebr-dmc-80-h-baujahr-2001-intnr231113\/","title":{"rendered":"DMC 80 H, ano de fabrico 2001 IntNr231113"},"content":{"rendered":"<p><b>Localiza\u00e7\u00e3o:<\/b> Alemanha, Baden-W\u00fcrttemberg Sudoeste<\/p>\n<p><b>Estado:<\/b> Como novo<\/p>\n<p><b>Fabricante:<\/b> DMG<\/p>\n<p><b>Modelo:<\/b> DMC 80 H<\/p>\n<p><b>Hor\u00e1rio de funcionamento:<\/b> 83500<\/p>\n<p>IntNo231113<br \/>\nWarenentarifnummer \/ N\u00famero da pauta de mercadorias 8457 10 10 00<br \/>\nCentro de maquinagem horizontal<br \/>\nFabricante: DMG Deckel Maho<br \/>\nTipo: DMC 80H hi-dyn. RS4 com trocador de placas de 2 dobras e esta\u00e7\u00e3o de paletes 4 esta\u00e7\u00f5es<br \/>\nMesa rotativa NC de 360\u00b0<br \/>\nPacote de precis\u00e3o<br \/>\nPorta-ferramentas<br \/>\nCone inclinado: HST 100* DIN 69893 Forma A<br \/>\nCorrente de posi\u00e7\u00f5es do carregador de ferramentas: 1 x 90 e 1 x 90<br \/>\nTransportador de aparas Incluindo filtro de correia da Knoll<br \/>\nBILUTEC Lufttechnik - Sistemas de filtragem<br \/>\nN\u00famero da m\u00e1quina: 28840003102<br \/>\nAno de constru\u00e7\u00e3o: 2001<br \/>\nSistema de controlo: Siemens Sinumerik 840D<br \/>\nHoras de funcionamento: aprox. 83.500 h<br \/>\nEspecifica\u00e7\u00f5es<br \/>\nDados t\u00e9cnicos<br \/>\nUnidade principal<br \/>\n- Acionamento direto por motor de indu\u00e7\u00e3o de velocidade controlada, arrefecido a l\u00edquido<br \/>\n- Gamas de velocidade, infinitamente program\u00e1veis:<br \/>\no Modo de funcionamento: 0 a 6.000 rpm<br \/>\no Modo de configura\u00e7\u00e3o: 0 a 800 rpm<br \/>\no Opera\u00e7\u00f5es manuais: 0 a 5.000 rpm<br \/>\n- Bin\u00e1rio:<br \/>\no S1 - 100% Ciclo de trabalho: m\u00e1x. 300 Nm (220 lb-ft)<br \/>\no S6 - 40% Ciclo de trabalho: m\u00e1x. 440 Nm (322 lb-ft)<br \/>\n- Desempenho:<br \/>\no S1 - 100% Ciclo de funcionamento: 25 kW (33 CV)<br \/>\no S6 - 40% Ciclo de funcionamento: 37 kW (49 CV)<br \/>\nAcionamento da alimenta\u00e7\u00e3o<br \/>\n- Servomotores s\u00edncronos trif\u00e1sicos de corrente alternada<br \/>\n- Velocidade de avan\u00e7o dos eixos X\/Y\/Z:<br \/>\no Infinitamente program\u00e1vel: 1 a 40.000 mm\/min (0,04 a 1.575 in\/min)<br \/>\no Desloca\u00e7\u00e3o r\u00e1pida: 40.000 mm\/min (1.575 in\/min)<br \/>\no Modo de configura\u00e7\u00e3o: 1 a 2.000 mm\/min (0,04 a 79 in\/min)<br \/>\no Opera\u00e7\u00f5es manuais: 1 a 5.000 mm\/min (0,04 a 200 in\/min)<br \/>\n- For\u00e7a de alimenta\u00e7\u00e3o:<br \/>\no Eixos X\/Z (ciclo de trabalho 100%): m\u00e1x. 15.000 N (3.372 lb)<br \/>\no Eixo Y (ciclo de trabalho 100%): m\u00e1x. 10.000 N (2.255 lb)<br \/>\nSistema de medi\u00e7\u00e3o<br \/>\n- Resolu\u00e7\u00e3o, passo de entrada mais pequeno:<br \/>\no Eixos X\/Y\/Z: 0,001 mm (0,0004 in)<br \/>\n- Toler\u00e2ncia de posi\u00e7\u00e3o (de acordo com VDI\/DGQ 3441):<br \/>\no Medi\u00e7\u00e3o direta dos eixos X\/Y\/Z: 0,010 mm (0,004 in)<br \/>\no Medi\u00e7\u00e3o direta do eixo B: 14 segundos de arco<br \/>\nMesa redonda<br \/>\n- Velocidade: m\u00e1x. 19 rpm<br \/>\n- For\u00e7a de aperto da palete: 120.000 N (27.000 lb)<br \/>\n- Momento de inclina\u00e7\u00e3o: m\u00e1x. 16.000 Nm (3.520 lb-ft)<br \/>\n- Bin\u00e1rio tangencial: m\u00e1x. 4.800 Nm (3.523 lb-ft)<br \/>\nPalete<br \/>\n- Quantidade: 1<br \/>\n- Tamanho: 500 x 630 mm (19,7 x 24,8 pol.)<br \/>\n- Carga admiss\u00edvel por palete:<br \/>\no Quando se utiliza 1 palete: m\u00e1x. 500 kg (1.102 lb)<br \/>\no Quando se utilizam 2 paletes: m\u00e1x. 900 kg (1.984 lb)<br \/>\n- Ranhuras em T:<br \/>\no Quantidade x largura: 4 x 14 mm (0,16 x 0,55 in)<br \/>\n- Guia de ranhuras:<br \/>\no N\u00famero x largura: 1 x 14 mm (0,04 x 0,55 pol.)<br \/>\n\u00c1rea de trabalho<br \/>\n- Dist\u00e2ncia de desloca\u00e7\u00e3o:<br \/>\no Di\u00e2metro da ferramenta superior a 200 mm (7,87 pol.):<br \/>\no Di\u00e2metro da ferramenta inferior a 200 mm (7,87 in):<br \/>\no Gama de desloca\u00e7\u00f5es assim\u00e9trica:<br \/>\no Eixo X: 800 mm (31,5 in)<br \/>\no Eixo X: +500\/-400 mm (+19,7\/-15,7 pol.)<br \/>\n\uf0a7 Eixo Y: 710 mm (27,9 pol.)<br \/>\n\uf0a7 Eixo Z: 710 mm (27,9 pol.)<br \/>\n\uf0a7 Eixo B: 360\u00b0<\/p>\n<p>Tamanho da m\u00e1quina:<br \/>\n4,600 x 2,400 x 2,700 mm<br \/>\nPeso da m\u00e1quina:<br \/>\n10.500 kg<\/p>\n<p>1x m\u00e1quina: C = 530 cm x L = 240 cm x A = 284 cm; M = 15,000 kg<br \/>\n1x arm\u00e1rio de distribui\u00e7\u00e3o: C = 170 cm x L = 60 cm x A = 220 cm; M = 1,800 kg<br \/>\n1x transportador de aparas: C = 520 cm x L = 50 cm x A = 150 cm; M = 750 kg<br \/>\n2x paletes com acess\u00f3rios: C = 80 cm x L = 60 cm; M = 500 kg<br \/>\n1x Euro palete com unidade hidr\u00e1ulica<br \/>\n1x Euro palete com alguns acess\u00f3rios<br \/>\n1x Euro palete com coberturas: C = 200 cm x L = 100 cm<br \/>\n1x porta-filtro: C = 240 cm x L = 80 cm x A = 200 cm; M = 500 kg<br \/>\n1x carregador de ferramentas: C = 300 cm x L = 240 cm x A = 338 cm; M = 7,000 kg<br \/>\n1x mesa redonda: C = 330 cm x L = 300 cm x A = 220 cm; M = 4,500 kg<\/p>\n<p>Prazo de entrega a curto prazo, mediante acordo.<\/p>\n<p>A m\u00e1quina pode ser visitada mediante marca\u00e7\u00e3o pr\u00e9via.<br \/>\nReservado o direito a altera\u00e7\u00f5es e erros nos dados t\u00e9cnicos e informa\u00e7\u00f5es, bem como a venda pr\u00e9via!<\/p>\n<p>Centro de maquinagem horizontal<br \/>\nFabricante: DMG Deckel Maho<br \/>\nTipo: DMC 80H hi-dyn. RS4 com trocador de placas de 2 dobras e esta\u00e7\u00e3o de paletes 4 esta\u00e7\u00f5es<br \/>\nMesa rotativa NC 360<br \/>\nPacote de precis\u00e3o<br \/>\nPorta-ferramentas<br \/>\nCone inclinado: HST 100* DIN 69893 Forma A<br \/>\nPosi\u00e7\u00f5es do carregador de ferramentas Corrente:1 x 90 e 1 x 90<br \/>\nTransportador de aparas Incluindo filtro de correia da Knoll<br \/>\nBILUTEC Lufttechnik - Sistemas de filtragem<br \/>\nN\u00famero da m\u00e1quina: 28840003102<br \/>\nAno de fabrico: 2001<br \/>\nControlo: Siemens Sinumerik 840D<br \/>\nHoras de funcionamento: aprox. 83.500 h<br \/>\nEspecifica\u00e7\u00f5es da m\u00e1quina<br \/>\nEspecifica\u00e7\u00f5es t\u00e9cnicas<br \/>\nUnidade principal<br \/>\n- Acionamento direto por motor de indu\u00e7\u00e3o de velocidade controlada, arrefecido a l\u00edquido<br \/>\n- Gamas de velocidade, infinitamente program\u00e1veis:<br \/>\no Modo de funcionamento: 0 a 6.000 rpm<br \/>\no Modo de configura\u00e7\u00e3o: 0 a 800 rpm<br \/>\no Interven\u00e7\u00e3o manual: 0 a 5.000 rpm<br \/>\n- Bin\u00e1rio:<br \/>\no S1 - 100% ciclo de funcionamento: m\u00e1x. 300 Nm (220 lb-ft)<br \/>\no S6 - ciclo de funcionamento 40%: m\u00e1x. 440 Nm (322 lb-ft)<br \/>\n- Pot\u00eancia:<br \/>\no S1 - 100% ciclo de funcionamento: 25 kW (33 CV)<br \/>\no S6 - 40% ciclo de funcionamento: 37 kW (49 CV)<br \/>\nAcionamento da alimenta\u00e7\u00e3o<br \/>\n- Servomotores s\u00edncronos trif\u00e1sicos de corrente alternada<br \/>\n- Velocidade de avan\u00e7o dos eixos X\/Y\/Z:<br \/>\no Infinitamente program\u00e1vel: 1 a 40.000 mm\/min (0,04 a 1.575 in\/min)<br \/>\no Desloca\u00e7\u00e3o r\u00e1pida: 40.000 mm\/min (1.575 in\/min)<br \/>\no Modo de configura\u00e7\u00e3o: 1 a 2.000 mm\/min (0,04 a 79 in\/min)<br \/>\no Opera\u00e7\u00f5es manuais: 1 a 5.000 mm\/min (0,04 a 200 in\/min)<br \/>\n- For\u00e7a de alimenta\u00e7\u00e3o:<br \/>\no Eixos X\/Z (ciclo de trabalho 100%): m\u00e1x. 15.000 N (3.372 lb)<br \/>\no Eixo Y (ciclo de trabalho 100%): m\u00e1x. 10.000 N (2.255 lb)<br \/>\nSistema de medi\u00e7\u00e3o<br \/>\n- Resolu\u00e7\u00e3o, passo de entrada mais pequeno:<br \/>\no Eixos X\/Y\/Z: 0,001 mm (0,0004 in)<br \/>\n- Toler\u00e2ncia de posi\u00e7\u00e3o (de acordo com VDI\/DGQ 3441):<br \/>\no Medi\u00e7\u00e3o direta dos eixos X\/Y\/Z: 0,010 mm (0,004 in)<br \/>\no Medi\u00e7\u00e3o direta do eixo B: 14 segundos de arco<br \/>\nMesa rotativa<br \/>\n- Velocidade: m\u00e1x. 19 rpm<br \/>\n- For\u00e7a de aperto da palete: 120.000 N (27.000 lb)<br \/>\n- Bin\u00e1rio de inclina\u00e7\u00e3o: m\u00e1x. 16.000 Nm (3.520 lb-ft)<br \/>\n- Bin\u00e1rio tangencial: m\u00e1x. 4.800 Nm (3.523 lb-ft)<br \/>\nPalete<br \/>\n- Quantidade: 1<br \/>\n- Tamanho: 500 x 630 mm (19,7 x 24,8 pol.)<br \/>\n- Carga admiss\u00edvel por palete:<br \/>\no Quando se utiliza 1 palete: m\u00e1x. 500 kg (1.102 lb)<br \/>\no Quando se utilizam 2 paletes: m\u00e1x. 900 kg (1.984 lb)<br \/>\n- Ranhuras em T:<br \/>\no N\u00famero x largura: 4 x 14 mm (0,16 x 0,55 pol.)<br \/>\n- Guia de ranhuras:<br \/>\no N\u00famero x largura: 1 x 14 mm (0,04 x 0,55 pol.)<br \/>\nGama de trabalho<br \/>\n- Dist\u00e2ncia de desloca\u00e7\u00e3o:<br \/>\no Di\u00e2metro da ferramenta superior a 200 mm (7,87 pol.):<br \/>\no Di\u00e2metro da ferramenta inferior a 200 mm (7,87 in):<br \/>\no Gama de desloca\u00e7\u00f5es assim\u00e9trica:<br \/>\no Eixo X: 800 mm (31,5 pol.)<br \/>\no Eixo X: +500\/-400 mm (+19,7\/-15,7 pol.)<br \/>\n\uf0a7 Eixo Y: 710 mm (27,9 pol.)<br \/>\n\uf0a7 Eixo Z: 710 mm (27,9 pol.)<br \/>\n\uf0a7 Eixo B: 360\u00b0<\/p>\n<p>Tamanho da m\u00e1quina:<br \/>\n4,600 x 2,400 x 2,700 mm<br \/>\nPeso da m\u00e1quina:<br \/>\n10.500 kg<\/p>\n<p>1x m\u00e1quina: C = 530 cm x L = 240 cm x A = 284 cm; M = 15,000 kg<br \/>\n1x arm\u00e1rio de comando: C = 170 cm x L = 60 cm x A = 220 cm; M = 1,800 kg<br \/>\n1x transportador de aparas: C = 520 cm x L = 50 cm x A = 150 cm; M = 750 kg<br \/>\n2x paletes com acess\u00f3rios: C = 80 cm x L = 60 cm; M = 500 kg<br \/>\n1x Euro palete com unidade hidr\u00e1ulica<br \/>\n1x Euro palete com alguns acess\u00f3rios<br \/>\n1x Euro palete com coberturas: C = 200 cm x L = 100 cm<br \/>\n1x porta-filtro: C = 240 cm x L = 80 cm x A = 200 cm; M = 500 kg<br \/>\n1x carregador de ferramentas: C = 300 cm x L = 240 cm x A = 338 cm; M = 7,000 kg<br \/>\n1x mesa rotativa: C = 330 cm x L = 300 cm x A = 220 cm; M = 4,500 kg<\/p>\n<p>Prazo de entrega a curto prazo, mediante acordo.<\/p>\n<p>A m\u00e1quina pode ser inspeccionada mediante marca\u00e7\u00e3o pr\u00e9via.<br \/>\nReservado o direito a altera\u00e7\u00f5es e erros nos dados t\u00e9cnicos e informa\u00e7\u00f5es, bem como a venda pr\u00e9via!<\/p>","protected":false},"excerpt":{"rendered":"<p>Standort: Deutschland, Baden-W\u00fcrttemberg S\u00fcdwest Zustand: Neuwertig Hersteller: DMG Modell: DMC 80 H Betriebsstunden: 83500 IntNr231113 Warentarifnummer \/ Goods tariff number 8457 10 10 00 Bearbeitungszentrum Horizontal Hersteller: DMG Deckel Maho Typ: DMC 80H hi-dyn. RS4 mit 2fach Plattenwechsler und Paletten Bahnhof 4 Stationen NC-Rundtisch 360\u00b0 Genauigkeitspaket Werkzeugaufnahmen Steilkegel: HST 100* DIN 69893 Form A Werkzeugmagazinpositionen [&hellip;]<\/p>\n","protected":false},"featured_media":3392,"comment_status":"open","ping_status":"closed","template":"","meta":{"_uf_show_specific_survey":0,"_uf_disable_surveys":false},"product_brand":[],"product_cat":[21],"product_tag":[],"class_list":{"0":"post-3401","1":"product","2":"type-product","3":"status-publish","4":"has-post-thumbnail","6":"product_cat-cnc-bearbeitungszentrum","8":"first","9":"instock","10":"taxable","11":"shipping-taxable","12":"product-type-simple"},"aioseo_notices":[],"_links":{"self":[{"href":"https:\/\/mueller-wrh.de\/pt\/wp-json\/wp\/v2\/product\/3401","targetHints":{"allow":["GET"]}}],"collection":[{"href":"https:\/\/mueller-wrh.de\/pt\/wp-json\/wp\/v2\/product"}],"about":[{"href":"https:\/\/mueller-wrh.de\/pt\/wp-json\/wp\/v2\/types\/product"}],"replies":[{"embeddable":true,"href":"https:\/\/mueller-wrh.de\/pt\/wp-json\/wp\/v2\/comments?post=3401"}],"wp:featuredmedia":[{"embeddable":true,"href":"https:\/\/mueller-wrh.de\/pt\/wp-json\/wp\/v2\/media\/3392"}],"wp:attachment":[{"href":"https:\/\/mueller-wrh.de\/pt\/wp-json\/wp\/v2\/media?parent=3401"}],"wp:term":[{"taxonomy":"product_brand","embeddable":true,"href":"https:\/\/mueller-wrh.de\/pt\/wp-json\/wp\/v2\/product_brand?post=3401"},{"taxonomy":"product_cat","embeddable":true,"href":"https:\/\/mueller-wrh.de\/pt\/wp-json\/wp\/v2\/product_cat?post=3401"},{"taxonomy":"product_tag","embeddable":true,"href":"https:\/\/mueller-wrh.de\/pt\/wp-json\/wp\/v2\/product_tag?post=3401"}],"curies":[{"name":"wp","href":"https:\/\/api.w.org\/{rel}","templated":true}]}}