{"id":3297,"date":"2025-03-19T14:33:03","date_gmt":"2025-03-19T14:33:03","guid":{"rendered":"https:\/\/mueller-wrh.de\/produkt\/lang-lader_bevorratung-und-zufuehrsystem-inkl-20-schraubstoecke-intnr231262\/"},"modified":"2025-03-19T14:33:03","modified_gmt":"2025-03-19T14:33:03","slug":"lang-lader_bevorratung-und-zufuehrsystem-inkl-20-schraubstoecke-intnr231262","status":"publish","type":"product","link":"https:\/\/mueller-wrh.de\/pt\/produto\/lang-lader_bevorratung-und-zufuehrsystem-inkl-20-schraubstoecke-intnr231262\/","title":{"rendered":"LANG carregador_sistema de stock e de alimenta\u00e7\u00e3o, incl. 20 v\u00edcios, IntNo231262"},"content":{"rendered":"<p><b>Localiza\u00e7\u00e3o:<\/b> Alemanha, Baden-W\u00fcrttemberg Sudoeste<\/p>\n<p><b>Estado:<\/b> Usado<\/p>\n<p><b>Fabricante:<\/b> LANG<\/p>\n<p><b>Modelo:<\/b> LANG<\/p>\n<p><b>Ano de constru\u00e7\u00e3o:<\/b> 2005<\/p>\n<p>Sistema de armazenamento e alimenta\u00e7\u00e3o da LANG Technik constru\u00eddo em 2005, incluindo 20 tornos<\/p>\n<p>Sistema de automatiza\u00e7\u00e3o com disposi\u00e7\u00e3o em calha Capacidade de armazenamento de cerca de 50-60 tornos de aperto.<\/p>\n<p>Descri\u00e7\u00e3o t\u00e9cnica:<br \/>\nSistema de armazenagem e alimenta\u00e7\u00e3o da LANG Technik<br \/>\nO sistema de automa\u00e7\u00e3o LANG Technik com disposi\u00e7\u00e3o de calhas \u00e9 uma solu\u00e7\u00e3o avan\u00e7ada de manuseamento e maquina\u00e7\u00e3o automatizados de pe\u00e7as de trabalho especificamente concebida para a gest\u00e3o eficiente e precisa de tornos de aperto. Criado em 2005, este sistema foi concebido para automatizar os processos de produ\u00e7\u00e3o e aumentar a efici\u00eancia, optimizando o manuseamento das pe\u00e7as e reduzindo a interven\u00e7\u00e3o manual.<\/p>\n<p>Disposi\u00e7\u00e3o deslizante:<br \/>\nO sistema de automatiza\u00e7\u00e3o est\u00e1 equipado com um sistema de calhas que permite a descarga e o transporte cont\u00ednuos, seguros e r\u00e1pidos das pe\u00e7as. As calhas servem de elemento de liga\u00e7\u00e3o entre as v\u00e1rias esta\u00e7\u00f5es de processamento e s\u00e3o especialmente concebidas para garantir um movimento est\u00e1vel e preciso das pe\u00e7as ao longo de todo o processo de produ\u00e7\u00e3o.<\/p>\n<p>Sistema de controlo: A disposi\u00e7\u00e3o das corredi\u00e7as \u00e9 coordenada atrav\u00e9s da unidade de controlo central do sistema, de modo a que o funcionamento seja totalmente autom\u00e1tico e eficiente.<\/p>\n<p>- Capacidade de armazenamento: aprox. 50-60 tornos de apertar<br \/>\n- Material da corredi\u00e7a: a\u00e7o ou alum\u00ednio, consoante a aplica\u00e7\u00e3o<br \/>\n- Automa\u00e7\u00e3o: Totalmente automatizada com unidade de controlo central<br \/>\n- \u00c1rea de aplica\u00e7\u00e3o: Para processar pe\u00e7as de trabalho de v\u00e1rios tamanhos e formas<br \/>\n- Aplica\u00e7\u00e3o: Particularmente adequado para a metalurgia e produ\u00e7\u00e3o industrial<br \/>\n- Integra\u00e7\u00e3o: F\u00e1cil de integrar nos processos de produ\u00e7\u00e3o existentes<\/p>\n<p>A m\u00e1quina pode ser inspeccionada sob tens\u00e3o mediante marca\u00e7\u00e3o pr\u00e9via.<br \/>\nSujeito a altera\u00e7\u00f5es e erros nos dados t\u00e9cnicos e especifica\u00e7\u00f5es, bem como a venda pr\u00e9via!<\/p>\n<p>Sistema de armazenamento e alimenta\u00e7\u00e3o da LANG Technik constru\u00eddo em 2005, incluindo 20 tornos<\/p>\n<p>Sistema de automatiza\u00e7\u00e3o com disposi\u00e7\u00e3o em calha Capacidade de armazenamento de cerca de 50-60 tornos de aperto.<\/p>\n<p>Descri\u00e7\u00e3o t\u00e9cnica:<br \/>\nSistema de armazenamento e alimenta\u00e7\u00e3o LANG Technik<br \/>\nO sistema de automa\u00e7\u00e3o LANG Technik com disposi\u00e7\u00e3o de calhas \u00e9 uma solu\u00e7\u00e3o avan\u00e7ada de manuseamento e processamento automatizado de pe\u00e7as de trabalho, especificamente concebida para a gest\u00e3o eficiente e precisa de tornos. Constru\u00eddo em 2005, este sistema foi concebido para automatizar os processos de produ\u00e7\u00e3o e aumentar a efici\u00eancia, optimizando o manuseamento das pe\u00e7as e reduzindo a interven\u00e7\u00e3o manual.<\/p>\n<p>Disposi\u00e7\u00e3o da calha:<br \/>\nO sistema de automatiza\u00e7\u00e3o est\u00e1 equipado com um sistema de calhas que permite a descarga e o transporte cont\u00ednuos, seguros e r\u00e1pidos das pe\u00e7as. As calhas servem de elemento de liga\u00e7\u00e3o entre as v\u00e1rias esta\u00e7\u00f5es de processamento e s\u00e3o especialmente concebidas para garantir um movimento est\u00e1vel e preciso das pe\u00e7as ao longo de todo o processo de produ\u00e7\u00e3o.<\/p>\n<p>Controlo: A disposi\u00e7\u00e3o das calhas \u00e9 coordenada atrav\u00e9s da unidade de controlo central do sistema, de modo a que o funcionamento seja totalmente autom\u00e1tico e eficiente.<\/p>\n<p>- Capacidade de armazenamento: aprox. 50-60 tornos de apertar<br \/>\n- Material da corredi\u00e7a: a\u00e7o ou alum\u00ednio, consoante a aplica\u00e7\u00e3o<br \/>\n- Automa\u00e7\u00e3o: Totalmente automatizada com unidade de controlo central<br \/>\n- \u00c1rea de aplica\u00e7\u00e3o: Para processar pe\u00e7as de trabalho de v\u00e1rios tamanhos e formas<br \/>\n- Aplica\u00e7\u00e3o: Particularmente adequado para a metalurgia e produ\u00e7\u00e3o industrial<br \/>\n- Integra\u00e7\u00e3o: F\u00e1cil de integrar nos processos de produ\u00e7\u00e3o existentes<\/p>\n<p>A m\u00e1quina pode ser inspeccionada sob tens\u00e3o mediante marca\u00e7\u00e3o pr\u00e9via.<br \/>\nSujeito a altera\u00e7\u00f5es e erros nos dados t\u00e9cnicos e informa\u00e7\u00f5es, bem como a venda pr\u00e9via!<\/p>","protected":false},"excerpt":{"rendered":"<p>Standort: Deutschland, Baden-W\u00fcrttemberg S\u00fcdwest Zustand: Gebraucht Hersteller: LANG Modell: LANG Baujahr: 2005 LANG Technik Bevorratung und Zuf\u00fchrsystem Baujahr 2005, inkl. 20 Schraubst\u00f6cke Automationssystem mit Rutschen-Anordnung Speicherkapazit\u00e4t von ca. 50-60 Spannschraubstocken. Technische Beschreibung: LANG Technik Bevorratung und Zuf\u00fchrsystem LANG Technik Automationssystem mit Rutschenanordnung ist eine hochentwickelte, automatisierte L\u00f6sung zur Handhabung und Bearbeitung von Werkst\u00fccken, die speziell [&hellip;]<\/p>\n","protected":false},"featured_media":3287,"comment_status":"open","ping_status":"closed","template":"","meta":{"_uf_show_specific_survey":0,"_uf_disable_surveys":false},"product_brand":[],"product_cat":[105],"product_tag":[],"class_list":{"0":"post-3297","1":"product","2":"type-product","3":"status-publish","4":"has-post-thumbnail","6":"product_cat-zubehoer-sonstiges","8":"first","9":"instock","10":"taxable","11":"shipping-taxable","12":"product-type-simple"},"aioseo_notices":[],"_links":{"self":[{"href":"https:\/\/mueller-wrh.de\/pt\/wp-json\/wp\/v2\/product\/3297","targetHints":{"allow":["GET"]}}],"collection":[{"href":"https:\/\/mueller-wrh.de\/pt\/wp-json\/wp\/v2\/product"}],"about":[{"href":"https:\/\/mueller-wrh.de\/pt\/wp-json\/wp\/v2\/types\/product"}],"replies":[{"embeddable":true,"href":"https:\/\/mueller-wrh.de\/pt\/wp-json\/wp\/v2\/comments?post=3297"}],"wp:featuredmedia":[{"embeddable":true,"href":"https:\/\/mueller-wrh.de\/pt\/wp-json\/wp\/v2\/media\/3287"}],"wp:attachment":[{"href":"https:\/\/mueller-wrh.de\/pt\/wp-json\/wp\/v2\/media?parent=3297"}],"wp:term":[{"taxonomy":"product_brand","embeddable":true,"href":"https:\/\/mueller-wrh.de\/pt\/wp-json\/wp\/v2\/product_brand?post=3297"},{"taxonomy":"product_cat","embeddable":true,"href":"https:\/\/mueller-wrh.de\/pt\/wp-json\/wp\/v2\/product_cat?post=3297"},{"taxonomy":"product_tag","embeddable":true,"href":"https:\/\/mueller-wrh.de\/pt\/wp-json\/wp\/v2\/product_tag?post=3297"}],"curies":[{"name":"wp","href":"https:\/\/api.w.org\/{rel}","templated":true}]}}