{"id":3286,"date":"2025-03-19T14:31:26","date_gmt":"2025-03-19T14:31:26","guid":{"rendered":"https:\/\/mueller-wrh.de\/produkt\/cellro-magazin-mit-fanuc-roboter-baujahr-2005_intnr231261\/"},"modified":"2025-07-14T09:53:08","modified_gmt":"2025-07-14T09:53:08","slug":"cellro-magazin-mit-fanuc-roboter-baujahr-2005_intnr231261","status":"publish","type":"product","link":"https:\/\/mueller-wrh.de\/pt\/produto\/cellro-magazin-mit-fanuc-roboter-baujahr-2005_intnr231261\/","title":{"rendered":"Revista Cellro com rob\u00f4 FANUC ano 2005_IntNr231261"},"content":{"rendered":"<p><b>Localiza\u00e7\u00e3o:<\/b> Alemanha, Baden-W\u00fcrttemberg Sudoeste<\/p>\n<p><b>Estado:<\/b> Usado<\/p>\n<p><b>Fabricante:<\/b> CELLRO<\/p>\n<p><b>Modelo:<\/b> CELLRO<\/p>\n<p><b>Ano de constru\u00e7\u00e3o:<\/b> 2005<\/p>\n<p>Revista Cellro com rob\u00f4 FANUC 2005<\/p>\n<p>Sistema de armazenamento autom\u00e1tico do carregador Cellro um carregador rob\u00f3tico para 300 porta-ferramentas<br \/>\nDescri\u00e7\u00e3o t\u00e9cnica do carregador Cellro com robot Fanuc<\/p>\n<p>Propriedades:<br \/>\n- Tipo: Sistema de armazenamento autom\u00e1tico (armaz\u00e9m robotizado)<br \/>\n- Capacidade: 300 suportes de ferramentas (para armazenar e trocar rapidamente as ferramentas)<br \/>\n- Dom\u00ednio de aplica\u00e7\u00e3o: m\u00e1quinas-ferramentas CNC, tornos, fresadoras, automatiza\u00e7\u00e3o de processos de fabrico<\/p>\n<p>Funcionalidade:<br \/>\n- Automatiza\u00e7\u00e3o: O sistema permite a coloca\u00e7\u00e3o e a substitui\u00e7\u00e3o autom\u00e1tica de ferramentas sem interven\u00e7\u00e3o manual. Isto \u00e9 conseguido atrav\u00e9s de um bra\u00e7o rob\u00f3tico.<br \/>\n- Armazenamento: As ferramentas s\u00e3o armazenadas em ranhuras especiais no carregador e podem ser recuperadas de forma r\u00e1pida e eficiente.<br \/>\n- Mudan\u00e7a de ferramentas: As ferramentas podem ser mudadas no mais curto espa\u00e7o de tempo poss\u00edvel gra\u00e7as ao processo automatizado. <\/p>\n<p>A m\u00e1quina pode ser inspeccionada sob tens\u00e3o mediante marca\u00e7\u00e3o pr\u00e9via.<br \/>\nSujeito a altera\u00e7\u00f5es e erros nos dados t\u00e9cnicos e especifica\u00e7\u00f5es, bem como a venda pr\u00e9via!<\/p>\n<p>Revista Cellro com rob\u00f4 FANUC 2005<\/p>\n<p>Sistema de armazenamento autom\u00e1tico do carregador Cellro um carregador rob\u00f3tico para 300 porta-ferramentas<br \/>\nDescri\u00e7\u00e3o t\u00e9cnica do carregador Cellro com robot Fanuc<\/p>\n<p>Carater\u00edsticas:<br \/>\n- Tipo: Sistema de armazenamento autom\u00e1tico (armaz\u00e9m robotizado)<br \/>\n- Capacidade: 300 suportes de ferramentas (para armazenamento e troca r\u00e1pida de ferramentas)<br \/>\n- Dom\u00ednio de aplica\u00e7\u00e3o: m\u00e1quinas-ferramentas CNC, tornos, fresadoras, automatiza\u00e7\u00e3o de processos de fabrico<\/p>\n<p>Funcionalidade:<br \/>\n- Automatiza\u00e7\u00e3o: O sistema permite a coloca\u00e7\u00e3o e a substitui\u00e7\u00e3o autom\u00e1tica de ferramentas sem interven\u00e7\u00e3o manual. Isto \u00e9 conseguido atrav\u00e9s de um bra\u00e7o rob\u00f3tico.<br \/>\n- Armazenamento: As ferramentas s\u00e3o armazenadas em locais especiais no carregador e podem ser recuperadas de forma r\u00e1pida e eficiente.<br \/>\n- Mudan\u00e7a de ferramentas: As ferramentas s\u00e3o mudadas no mais curto espa\u00e7o de tempo poss\u00edvel gra\u00e7as ao processo automatizado. <\/p>\n<p>A m\u00e1quina pode ser inspeccionada sob tens\u00e3o mediante marca\u00e7\u00e3o pr\u00e9via.<br \/>\nSujeito a altera\u00e7\u00f5es e erros nos dados t\u00e9cnicos e especifica\u00e7\u00f5es, bem como a venda pr\u00e9via!<\/p>","protected":false},"excerpt":{"rendered":"<p>Standort: Deutschland, Baden-W\u00fcrttemberg S\u00fcdwest Zustand: Gebraucht Hersteller: CELLRO Modell: CELLRO Baujahr: 2005 Cellro Magazin mit FANUC-Roboter 2005 Cellro Magazin automatisiertes Lagersystem ein Robotermagazin f\u00fcr 300 Werkzeugaufnahmen Technische Beschreibung des Cellro Magazin mit Fanuc Roboter Eigenschaften: \u2022 Typ: Automatisiertes Lagersystem (Robotermagazin) \u2022 Kapazit\u00e4t: 300 Werkzeugaufnahmen (f\u00fcr die Lagerung und den schnellen Austausch von Werkzeugen) \u2022 Einsatzgebiet: [&hellip;]<\/p>\n","protected":false},"featured_media":3355,"comment_status":"open","ping_status":"closed","template":"","meta":{"_uf_show_specific_survey":0,"_uf_disable_surveys":false},"product_brand":[],"product_cat":[105],"product_tag":[],"class_list":{"0":"post-3286","1":"product","2":"type-product","3":"status-publish","4":"has-post-thumbnail","6":"product_cat-zubehoer-sonstiges","8":"first","9":"instock","10":"taxable","11":"shipping-taxable","12":"product-type-simple"},"aioseo_notices":[],"_links":{"self":[{"href":"https:\/\/mueller-wrh.de\/pt\/wp-json\/wp\/v2\/product\/3286","targetHints":{"allow":["GET"]}}],"collection":[{"href":"https:\/\/mueller-wrh.de\/pt\/wp-json\/wp\/v2\/product"}],"about":[{"href":"https:\/\/mueller-wrh.de\/pt\/wp-json\/wp\/v2\/types\/product"}],"replies":[{"embeddable":true,"href":"https:\/\/mueller-wrh.de\/pt\/wp-json\/wp\/v2\/comments?post=3286"}],"wp:featuredmedia":[{"embeddable":true,"href":"https:\/\/mueller-wrh.de\/pt\/wp-json\/wp\/v2\/media\/3355"}],"wp:attachment":[{"href":"https:\/\/mueller-wrh.de\/pt\/wp-json\/wp\/v2\/media?parent=3286"}],"wp:term":[{"taxonomy":"product_brand","embeddable":true,"href":"https:\/\/mueller-wrh.de\/pt\/wp-json\/wp\/v2\/product_brand?post=3286"},{"taxonomy":"product_cat","embeddable":true,"href":"https:\/\/mueller-wrh.de\/pt\/wp-json\/wp\/v2\/product_cat?post=3286"},{"taxonomy":"product_tag","embeddable":true,"href":"https:\/\/mueller-wrh.de\/pt\/wp-json\/wp\/v2\/product_tag?post=3286"}],"curies":[{"name":"wp","href":"https:\/\/api.w.org\/{rel}","templated":true}]}}