{"id":3254,"date":"2025-03-13T16:43:40","date_gmt":"2025-03-13T16:43:40","guid":{"rendered":"https:\/\/mueller-wrh.de\/produkt\/1-gebr-lta-ac-500-bj-2010_-intnr231258\/"},"modified":"2025-09-03T15:40:59","modified_gmt":"2025-09-03T15:40:59","slug":"1-gebr-lta-ac-500-bj-2010_-intnr231258","status":"publish","type":"product","link":"https:\/\/mueller-wrh.de\/pt\/produto\/1-gebr-lta-ac-500-bj-2010_-intnr231258\/","title":{"rendered":"1 usado LTA AC 500 ano 2010_ IntNo231258"},"content":{"rendered":"<p><b>Localiza\u00e7\u00e3o:<\/b> Alemanha, Baden-W\u00fcrttemberg Sudoeste<\/p>\n<p><b>Estado:<\/b> Usado<\/p>\n<p><b>Fabricante:<\/b> LTA<\/p>\n<p><b>Modelo:<\/b> AC 500<\/p>\n<p><b>Ano de constru\u00e7\u00e3o:<\/b> 2010<\/p>\n<p>AC 500 s\u00f3lido<br \/>\n - Baixo consumo de energia gra\u00e7as aos elementos filtrantes sem perdas de press\u00e3o e aos ventiladores energeticamente eficientes<br \/>\n- Fases de filtragem para a separa\u00e7\u00e3o da n\u00e9voa de lubrificante de arrefecimento<br \/>\n- Princ\u00edpio de filtragem M (M = mec\u00e2nico)<br \/>\n- Utiliza\u00e7\u00e3o para n\u00e9voa de emuls\u00e3o<br \/>\n- Possibilidade de fixa\u00e7\u00e3o direta \u00e0 m\u00e1quina<br \/>\n- Efici\u00eancia de separa\u00e7\u00e3o at\u00e9 99%<br \/>\n- Capacidade de extra\u00e7\u00e3o 800 m3\/h (470cfm)<br \/>\n- Capacidade do ventilador 1950 m3 \/ 5 (1.147 cfm)<br \/>\n- Consumo de energia 0,6 kW<br \/>\n- Tens\u00e3o: 400V<br \/>\n- Dimens\u00f5es: (CxLxA): 500x500x590 mm<br \/>\n- Peso: 48 KG<\/p>\n<p>Reservado o direito a altera\u00e7\u00f5es e erros nos dados t\u00e9cnicos e informa\u00e7\u00f5es, bem como a venda pr\u00e9via!<\/p>\n<p>AC 500 s\u00f3lido<br \/>\n - Baixo consumo de energia gra\u00e7as aos elementos filtrantes sem perdas de press\u00e3o e aos ventiladores energeticamente eficientes<br \/>\n- Fases de filtragem para a separa\u00e7\u00e3o da n\u00e9voa de lubrificante de arrefecimento<br \/>\n- Princ\u00edpio de filtragem M<br \/>\n- Utiliza\u00e7\u00e3o para n\u00e9voa de emuls\u00e3o<br \/>\n- Possibilidade de fixa\u00e7\u00e3o direta \u00e0 m\u00e1quina<br \/>\n- Efici\u00eancia de separa\u00e7\u00e3o at\u00e9 99<br \/>\n- Capacidade de extra\u00e7\u00e3o 800 m3\/h (470cfm)<br \/>\n- Capacidade do ventilador 1950 m3 \/ 5 (1.147 cfm)<br \/>\n- Consumo de energia 0,6 kW<br \/>\n- Tens\u00e3o: 400V<br \/>\n- Dimens\u00f5es: (CxLxA): 500x500x590 mm<br \/>\n- Peso: 48 KG<\/p>\n<p>Sujeito a altera\u00e7\u00f5es e erros nos dados t\u00e9cnicos e informa\u00e7\u00f5es, bem como a venda pr\u00e9via!<\/p>\n<p>Traduzido com DeepL.com (vers\u00e3o gratuita)<\/p>","protected":false},"excerpt":{"rendered":"<p>Standort: Deutschland, Baden-W\u00fcrttemberg S\u00fcdwest Zustand: Gebraucht Hersteller: LTA Modell: AC 500 Baujahr: 2010 AC 500 solid &#8211; geringer Energieverbrauch dank druckverlustfreier Filterelemente sowie energieeffizienter Gebl\u00e4se \u00b7 Filtrationsstufen f\u00fcr die Abscheidung von K\u00fchlschmierstoffnebel \u00b7 Filtrationsprinzip M ( M = mechanisch) \u00b7 Verwendung f\u00fcr Emulsionsnebel \u00b7 Direktanbau an Maschine m\u00f6glich \u00b7 Abscheidegrad bis 99% &#8211; Absaugleistung 800 [&hellip;]<\/p>\n","protected":false},"featured_media":3827,"comment_status":"open","ping_status":"closed","template":"","meta":{"_uf_show_specific_survey":0,"_uf_disable_surveys":false},"product_brand":[],"product_cat":[19],"product_tag":[],"class_list":{"0":"post-3254","1":"product","2":"type-product","3":"status-publish","4":"has-post-thumbnail","6":"product_cat-oel-emulsionsnebel-abzugsanlagen","8":"first","9":"instock","10":"taxable","11":"shipping-taxable","12":"purchasable","13":"product-type-simple"},"aioseo_notices":[],"_links":{"self":[{"href":"https:\/\/mueller-wrh.de\/pt\/wp-json\/wp\/v2\/product\/3254","targetHints":{"allow":["GET"]}}],"collection":[{"href":"https:\/\/mueller-wrh.de\/pt\/wp-json\/wp\/v2\/product"}],"about":[{"href":"https:\/\/mueller-wrh.de\/pt\/wp-json\/wp\/v2\/types\/product"}],"replies":[{"embeddable":true,"href":"https:\/\/mueller-wrh.de\/pt\/wp-json\/wp\/v2\/comments?post=3254"}],"wp:featuredmedia":[{"embeddable":true,"href":"https:\/\/mueller-wrh.de\/pt\/wp-json\/wp\/v2\/media\/3827"}],"wp:attachment":[{"href":"https:\/\/mueller-wrh.de\/pt\/wp-json\/wp\/v2\/media?parent=3254"}],"wp:term":[{"taxonomy":"product_brand","embeddable":true,"href":"https:\/\/mueller-wrh.de\/pt\/wp-json\/wp\/v2\/product_brand?post=3254"},{"taxonomy":"product_cat","embeddable":true,"href":"https:\/\/mueller-wrh.de\/pt\/wp-json\/wp\/v2\/product_cat?post=3254"},{"taxonomy":"product_tag","embeddable":true,"href":"https:\/\/mueller-wrh.de\/pt\/wp-json\/wp\/v2\/product_tag?post=3254"}],"curies":[{"name":"wp","href":"https:\/\/api.w.org\/{rel}","templated":true}]}}