{"id":3206,"date":"2025-03-13T16:41:37","date_gmt":"2025-03-13T16:41:37","guid":{"rendered":"https:\/\/mueller-wrh.de\/produkt\/gebr-cnc-drehmaschine-muratec-mt12_bj-2000-_intnr231235\/"},"modified":"2025-03-13T16:41:37","modified_gmt":"2025-03-13T16:41:37","slug":"gebr-cnc-drehmaschine-muratec-mt12_bj-2000-_intnr231235","status":"publish","type":"product","link":"https:\/\/mueller-wrh.de\/pt\/produto\/gebr-cnc-drehmaschine-muratec-mt12_bj-2000-_intnr231235\/","title":{"rendered":"Torno CNC usado MURATEC MT12_ano 2000 _IntNo231235"},"content":{"rendered":"<p><b>Localiza\u00e7\u00e3o:<\/b> Alemanha, Baden-W\u00fcrttemberg Sudoeste<\/p>\n<p><b>Estado:<\/b> Usado<\/p>\n<p><b>Fabricante:<\/b> MURATEC<\/p>\n<p><b>Modelo:<\/b> MT12<\/p>\n<p><b>Ano de constru\u00e7\u00e3o:<\/b> 2000<\/p>\n<p><b>Hor\u00e1rio de funcionamento:<\/b> 70000<\/p>\n<p>MURATEC MT12<br \/>\nAno de constru\u00e7\u00e3o 2000<br \/>\nSistema de controlo: Muratec FANUC<\/p>\n<p>TORNO CNC DE DUPLO FUSO<\/p>\n<p>. Di\u00e2metro da bucha de perfura\u00e7\u00e3o mm 165\/215 .<br \/>\n. M\u00e1ximo. Di\u00e2metro de viragem mm 210<br \/>\n. Di\u00e2metro da haste mm 45 (op\u00e7\u00e3o 51) .<br \/>\n. Comprimento padr\u00e3o para torneamento em barras mm 150<\/p>\n<p>. Fusos n.\u00ba 2<br \/>\n. Eixos C (360 000 posi\u00e7\u00f5es) N.\u00ba 2<br \/>\n. Altura do centro do fuso \u00e0 base mm 1100<br \/>\n. Velocidade do mandril rpm 4500 .<br \/>\n. Pot\u00eancia do mandril kW 2 x 11<br \/>\n. Nariz do fuso A2-5<br \/>\n. Di\u00e2metro da chumaceira do veio mm 90<\/p>\n<p>. Eixo X X1 \/ X2 mm 200<br \/>\n. Eixo Z (lado esquerdo) Z1 mm 200 .<br \/>\n. Eixo Z (lado direito) Z2 mm 650<br \/>\n. Avan\u00e7os r\u00e1pidos X, Z m\/min 24<br \/>\n. Avan\u00e7o r\u00e1pido do fuso direito m\/min 32<\/p>\n<p>. Esta\u00e7\u00f5es n.\u00ba 15 x 2<br \/>\n. Tempo de indexa\u00e7\u00e3o seg 0,25<br \/>\n. For\u00e7a de bloqueio kg 3200<br \/>\n. Quadrado mm 20<br \/>\n. Di\u00e2metro mm 40<\/p>\n<p>. Pot\u00eancia kW 2,8<br \/>\n. Velocidade rpm 4000<br \/>\n. Posicionamento do eixo C Deg 0,001<br \/>\n. Di\u00e2metro m\u00e1ximo de perfura\u00e7\u00e3o mm 16<br \/>\n. Corte de rosca M 10<\/p>\n<p>A m\u00e1quina pode ser inspeccionada mediante marca\u00e7\u00e3o pr\u00e9via.<br \/>\nReservado o direito a altera\u00e7\u00f5es e erros nos dados t\u00e9cnicos e informa\u00e7\u00f5es, bem como a venda pr\u00e9via!<\/p>\n<p>MURATEC MT12<br \/>\nAno de constru\u00e7\u00e3o 2000<br \/>\nControlo: Muratec FANUC<\/p>\n<p>TORNO CNC DE DOIS FUSOS<\/p>\n<p>. Di\u00e2metro da bucha de perfura\u00e7\u00e3o mm 165\/215 .<br \/>\n. Di\u00e2metro m\u00e1ximo de viragem mm 210<br \/>\n. Di\u00e2metro da haste mm 45 (op\u00e7\u00e3o 51) .<br \/>\n. Comprimento padr\u00e3o para torneamento em barras mm 150<\/p>\n<p>. Fusos n.\u00ba 2<br \/>\n. Eixos C (360 000 posi\u00e7\u00f5es) N.\u00ba 2<br \/>\n. Altura do centro do fuso ao ch\u00e3o mm 1100<br \/>\n. Velocidade do mandril rpm 4500 .<br \/>\n. Pot\u00eancia do mandril kW 2 x 11<br \/>\n. Nariz do fuso A2-5<br \/>\n. Di\u00e2metro da chumaceira do veio mm 90<\/p>\n<p>. Eixo X X1 \/ X2 mm 200<br \/>\n. Eixo Z (lado esquerdo) Z1 mm 200 .<br \/>\n. Eixo Z (lado direito) Z2 mm 650<br \/>\n. Avan\u00e7os r\u00e1pidos X, Z m\/min 24<br \/>\n. Avan\u00e7o r\u00e1pido do fuso direito m\/min 32<\/p>\n<p>. Esta\u00e7\u00f5es n.\u00ba 15 x 2<br \/>\n. Tempo de indexa\u00e7\u00e3o seg 0,25<br \/>\n. For\u00e7a de bloqueio kg 3200<br \/>\n. Quadrado mm 20<br \/>\n. Di\u00e2metro mm 40<\/p>\n<p>. Pot\u00eancia kW 2,8<br \/>\n. Velocidade rpm 4000<br \/>\n. Posicionamento do eixo C Deg 0,001<br \/>\n. Di\u00e2metro m\u00e1ximo de perfura\u00e7\u00e3o mm 16<br \/>\n. Corte de rosca M 10<\/p>\n<p>A m\u00e1quina pode ser inspeccionada mediante marca\u00e7\u00e3o pr\u00e9via.<br \/>\nReservado o direito a altera\u00e7\u00f5es e erros nos dados t\u00e9cnicos e informa\u00e7\u00f5es, bem como a venda pr\u00e9via!<\/p>","protected":false},"excerpt":{"rendered":"<p>Standort: Deutschland, Baden-W\u00fcrttemberg S\u00fcdwest Zustand: Gebraucht Hersteller: MURATEC Modell: MT12 Baujahr: 2000 Betriebsstunden: 70000 MURATEC MT12 Baujahr 2000 Steuerung: Muratec FANUC ZWEISPINDEL-CNC-DREHMASCHINE . Durchmesser des Bohrfutters mm 165\/215 . . Max. Drehdurchmesser mm 210 . Stangendurchmesser mm 45 (Option 51) . . Standardl\u00e4nge beim Drehen in Stangen mm 150 . Spindeln Anz. 2 . C-Achsen [&hellip;]<\/p>\n","protected":false},"featured_media":3196,"comment_status":"open","ping_status":"closed","template":"","meta":{"_uf_show_specific_survey":0,"_uf_disable_surveys":false},"product_brand":[],"product_cat":[103],"product_tag":[],"class_list":{"0":"post-3206","1":"product","2":"type-product","3":"status-publish","4":"has-post-thumbnail","6":"product_cat-cnc-drehmaschinen-200-249mm-drehd","8":"first","9":"instock","10":"taxable","11":"shipping-taxable","12":"product-type-simple"},"aioseo_notices":[],"_links":{"self":[{"href":"https:\/\/mueller-wrh.de\/pt\/wp-json\/wp\/v2\/product\/3206","targetHints":{"allow":["GET"]}}],"collection":[{"href":"https:\/\/mueller-wrh.de\/pt\/wp-json\/wp\/v2\/product"}],"about":[{"href":"https:\/\/mueller-wrh.de\/pt\/wp-json\/wp\/v2\/types\/product"}],"replies":[{"embeddable":true,"href":"https:\/\/mueller-wrh.de\/pt\/wp-json\/wp\/v2\/comments?post=3206"}],"wp:featuredmedia":[{"embeddable":true,"href":"https:\/\/mueller-wrh.de\/pt\/wp-json\/wp\/v2\/media\/3196"}],"wp:attachment":[{"href":"https:\/\/mueller-wrh.de\/pt\/wp-json\/wp\/v2\/media?parent=3206"}],"wp:term":[{"taxonomy":"product_brand","embeddable":true,"href":"https:\/\/mueller-wrh.de\/pt\/wp-json\/wp\/v2\/product_brand?post=3206"},{"taxonomy":"product_cat","embeddable":true,"href":"https:\/\/mueller-wrh.de\/pt\/wp-json\/wp\/v2\/product_cat?post=3206"},{"taxonomy":"product_tag","embeddable":true,"href":"https:\/\/mueller-wrh.de\/pt\/wp-json\/wp\/v2\/product_tag?post=3206"}],"curies":[{"name":"wp","href":"https:\/\/api.w.org\/{rel}","templated":true}]}}