{"id":3195,"date":"2025-03-13T16:41:22","date_gmt":"2025-03-13T16:41:22","guid":{"rendered":"https:\/\/mueller-wrh.de\/produkt\/gebr-cnc-drehmaschine-takamaz-xy-120-y-plus-bj-2016_02-_intnr231237\/"},"modified":"2025-03-13T16:41:22","modified_gmt":"2025-03-13T16:41:22","slug":"gebr-cnc-drehmaschine-takamaz-xy-120-y-plus-bj-2016_02-_intnr231237","status":"publish","type":"product","link":"https:\/\/mueller-wrh.de\/pt\/produto\/gebr-cnc-drehmaschine-takamaz-xy-120-y-plus-bj-2016_02-_intnr231237\/","title":{"rendered":"Torno CNC usado Takamaz XY-120 Y plus ano 2016_02 _IntNr231237"},"content":{"rendered":"<p><b>Localiza\u00e7\u00e3o:<\/b> Alemanha, Baden-W\u00fcrttemberg Sudoeste<\/p>\n<p><b>Estado:<\/b> Usado<\/p>\n<p><b>Fabricante:<\/b> Takamaz<\/p>\n<p><b>Modelo:<\/b> XY-120Y mais<\/p>\n<p><b>Ano de constru\u00e7\u00e3o:<\/b> 2016<\/p>\n<p><b>Hor\u00e1rio de funcionamento:<\/b> 6945<\/p>\n<p>N.\u00ba interno: 231237<br \/>\nDesigna\u00e7\u00e3o da m\u00e1quina: Torno curto CNC<br \/>\nFabricante: Takamaz<br \/>\nModelo: XY-120 Y Plus<br \/>\nAno de constru\u00e7\u00e3o: fevereiro de 2016<br \/>\nSistema de controlo: Fanuc Oi-TD<br \/>\n________________________________________<br \/>\nTakamaz XY-120 Y Plus - M\u00e1quina de torneamento curto CNC<br \/>\nO Takamaz XY-120 Y Plus \u00e9 um torno curto CNC de alta precis\u00e3o que foi especialmente desenvolvido para os requisitos da produ\u00e7\u00e3o em s\u00e9rie. Com o seu design compacto, constru\u00e7\u00e3o robusta e potente controlo Fanuc Oi-TD, permite a maquina\u00e7\u00e3o de pe\u00e7as complexas com a m\u00e1xima efici\u00eancia e precis\u00e3o. O eixo Y integrado expande consideravelmente as op\u00e7\u00f5es de maquina\u00e7\u00e3o, permitindo que mesmo opera\u00e7\u00f5es exigentes de fresagem e perfura\u00e7\u00e3o sejam realizadas numa \u00fanica configura\u00e7\u00e3o.<br \/>\n________________________________________<br \/>\nDados t\u00e9cnicos:<br \/>\n- Ano de constru\u00e7\u00e3o: 2016 (fevereiro)<br \/>\n- Sistema de controlo: Fanuc Oi-TD<br \/>\n- Horas de processamento: 6.945 horas<br \/>\n- Horas da unidade de controlo: 40.718 horas<br \/>\n- Funcionalidade: Totalmente funcional<br \/>\nEixos:<br \/>\n- Eixo X1 (150mm)<br \/>\n- Eixo Z1 (330 mm)<br \/>\n- Eixo Y1 (+\/- 35mm)<br \/>\n- Eixo X2 (150 mm)<br \/>\n- Eixo Z2 (440 mm)<br \/>\n- capacidade de processamento:<br \/>\n- M\u00e1x. Di\u00e2metro de viragem: Principal 170 mm \/ Sub135mm<br \/>\n- Comprimento m\u00e1x. Comprimento de viragem: 330 mm<br \/>\n- Passagem da barra: Principal \u00d8 42 mm \/ Sub \u00d820mm<br \/>\n- Velocidade do fuso: at\u00e9 5.000 rpm<br \/>\n- Pot\u00eancia de acionamento: potente motor do fuso para velocidades de corte elevadas<br \/>\n- 2 torres de ferramentas: torre de 12 posi\u00e7\u00f5es cada, adequadas para ferramentas acionadas<br \/>\n________________________________________<br \/>\nPeriferia:<br \/>\n- Alimentador de barras: Top Automazioni Fusion FU350M - para uma alimenta\u00e7\u00e3o eficiente do material<br \/>\n- Sistema de refrigera\u00e7\u00e3o: integrado para condi\u00e7\u00f5es de maquinagem \u00f3ptimas<br \/>\n- Manuais: dispon\u00edveis<br \/>\n- Transportador de aparas<br \/>\n________________________________________<br \/>\nPeso e dimens\u00f5es:<br \/>\n- Dimens\u00f5es (C x L x A): 2.630 x 1.950 x 1.730 mm<br \/>\n- Peso da m\u00e1quina: 4,500 kg<br \/>\n________________________________________<br \/>\nEstado:<br \/>\nA m\u00e1quina \u00e9 totalmente funcional e est\u00e1 em bom estado, usada.<br \/>\nPara mais informa\u00e7\u00f5es ou para marcar uma reuni\u00e3o para ver a m\u00e1quina em funcionamento, n\u00e3o hesite em contactar-nos.<br \/>\nSujeito a altera\u00e7\u00f5es e erros nos dados t\u00e9cnicos e informa\u00e7\u00f5es, bem como a venda pr\u00e9via.<\/p>\n<p>Designa\u00e7\u00e3o da m\u00e1quina: Torno curto CNC<br \/>\nFabricante: Takamaz<br \/>\nModelo: XY-120 Y Plus<br \/>\nAno de fabrico: fevereiro de 2016<br \/>\nSistema de controlo: Fanuc Oi-TD<br \/>\n________________________________________<br \/>\nTakamaz XY-120 Y Plus - M\u00e1quina de torneamento curto CNC<br \/>\nO Takamaz XY-120 Y Plus \u00e9 um torno curto CNC de alta precis\u00e3o que foi especialmente desenvolvido para os requisitos da produ\u00e7\u00e3o em s\u00e9rie. Com o seu design compacto, constru\u00e7\u00e3o robusta e potente controlo Fanuc Oi-TD, permite a maquina\u00e7\u00e3o de pe\u00e7as complexas com a m\u00e1xima efici\u00eancia e precis\u00e3o. O eixo Y integrado expande significativamente as op\u00e7\u00f5es de maquina\u00e7\u00e3o, permitindo que mesmo opera\u00e7\u00f5es exigentes de fresagem e perfura\u00e7\u00e3o sejam realizadas numa \u00fanica configura\u00e7\u00e3o.<br \/>\n________________________________________<br \/>\nDados t\u00e9cnicos:<br \/>\n- Ano de constru\u00e7\u00e3o: 2016 (fevereiro)<br \/>\n- Sistema de controlo: Fanuc Oi-TD<br \/>\n- Horas de maquinagem: 6.945 horas<br \/>\n- Horas da unidade de controlo: 40.718 horas<br \/>\n- Funcionalidade: Totalmente funcional<br \/>\nEixos:<br \/>\n- Eixo X1 (150mm)<br \/>\n- Eixo Z1 (330mm)<br \/>\n- Eixo Y1 (+\/- 35mm)<br \/>\n- Eixo X2 (150 mm)<br \/>\n- Eixo Z2 (440mm)<br \/>\n- Capacidade de maquinagem:<br \/>\n- M\u00e1ximo. Di\u00e2metro de viragem: Principal 170 mm \/ Sub135mm<br \/>\n- Comprimento m\u00e1x. Comprimento de viragem: 330 mm<br \/>\n- Capacidade da barra: Principal \u00d8 42 mm \/ Sub \u00d820mm<br \/>\n- Velocidade do fuso: at\u00e9 5.000 rpm<br \/>\n- Pot\u00eancia de acionamento: potente motor do fuso para velocidades de corte elevadas<br \/>\n- 2 torres de ferramentas: torre de 12 posi\u00e7\u00f5es cada, adequadas para ferramentas acionadas<br \/>\nPerif\u00e9ricos:<br \/>\n- Alimentador de barras: Top Automazioni Fusion FU350M - para uma alimenta\u00e7\u00e3o eficiente do material<br \/>\n- Sistema de refrigera\u00e7\u00e3o: integrado para condi\u00e7\u00f5es de processamento \u00f3ptimas<br \/>\n- Manuais: dispon\u00edveis<br \/>\n- Transportador de aparas<br \/>\n________________________________________<br \/>\nPeso e dimens\u00f5es:<br \/>\n- Dimens\u00f5es (C x L x A): 2.630 x 1.950 x 1.730 mm<br \/>\n- Peso da m\u00e1quina: 4,500 kg<br \/>\n________________________________________<br \/>\nEstado:<br \/>\nA m\u00e1quina \u00e9 totalmente funcional e est\u00e1 em bom estado, usada.<br \/>\nPara mais informa\u00e7\u00f5es ou para marcar uma reuni\u00e3o para ver a m\u00e1quina em funcionamento, n\u00e3o hesite em contactar-nos.<br \/>\nSujeito a altera\u00e7\u00f5es e erros nos dados t\u00e9cnicos e informa\u00e7\u00f5es, bem como a venda pr\u00e9via.<\/p>","protected":false},"excerpt":{"rendered":"<p>Standort: Deutschland, Baden-W\u00fcrttemberg S\u00fcdwest Zustand: Gebraucht Hersteller: Takamaz Modell: XY-120Y plus Baujahr: 2016 Betriebsstunden: 6945 Interne Nr.: 231237 Maschinenbezeichnung: CNC-Kurzdrehmaschine Hersteller: Takamaz Modell: XY-120 Y Plus Baujahr: Februar 2016 Steuerung: Fanuc Oi-TD ________________________________________ Takamaz XY-120 Y Plus \u2013 CNC-Kurzdrehmaschine Die Takamaz XY-120 Y Plus ist eine hochpr\u00e4zise CNC-Kurzdrehmaschine, die speziell f\u00fcr die Anforderungen in der [&hellip;]<\/p>\n","protected":false},"featured_media":3185,"comment_status":"open","ping_status":"closed","template":"","meta":{"_uf_show_specific_survey":0,"_uf_disable_surveys":false},"product_brand":[],"product_cat":[90],"product_tag":[],"class_list":{"0":"post-3195","1":"product","2":"type-product","3":"status-publish","4":"has-post-thumbnail","6":"product_cat-cnc-drehmaschinen-0-199mm-drehd","8":"first","9":"instock","10":"taxable","11":"shipping-taxable","12":"product-type-simple"},"aioseo_notices":[],"_links":{"self":[{"href":"https:\/\/mueller-wrh.de\/pt\/wp-json\/wp\/v2\/product\/3195","targetHints":{"allow":["GET"]}}],"collection":[{"href":"https:\/\/mueller-wrh.de\/pt\/wp-json\/wp\/v2\/product"}],"about":[{"href":"https:\/\/mueller-wrh.de\/pt\/wp-json\/wp\/v2\/types\/product"}],"replies":[{"embeddable":true,"href":"https:\/\/mueller-wrh.de\/pt\/wp-json\/wp\/v2\/comments?post=3195"}],"wp:featuredmedia":[{"embeddable":true,"href":"https:\/\/mueller-wrh.de\/pt\/wp-json\/wp\/v2\/media\/3185"}],"wp:attachment":[{"href":"https:\/\/mueller-wrh.de\/pt\/wp-json\/wp\/v2\/media?parent=3195"}],"wp:term":[{"taxonomy":"product_brand","embeddable":true,"href":"https:\/\/mueller-wrh.de\/pt\/wp-json\/wp\/v2\/product_brand?post=3195"},{"taxonomy":"product_cat","embeddable":true,"href":"https:\/\/mueller-wrh.de\/pt\/wp-json\/wp\/v2\/product_cat?post=3195"},{"taxonomy":"product_tag","embeddable":true,"href":"https:\/\/mueller-wrh.de\/pt\/wp-json\/wp\/v2\/product_tag?post=3195"}],"curies":[{"name":"wp","href":"https:\/\/api.w.org\/{rel}","templated":true}]}}