{"id":3166,"date":"2025-03-13T16:40:39","date_gmt":"2025-03-13T16:40:39","guid":{"rendered":"https:\/\/mueller-wrh.de\/produkt\/gebr-cnc-drehmaschine-index-c100-mit-2-revolver_beladesystem_-bj-2011-_intnr231240\/"},"modified":"2025-03-13T16:40:39","modified_gmt":"2025-03-13T16:40:39","slug":"gebr-cnc-drehmaschine-index-c100-mit-2-revolver_beladesystem_-bj-2011-_intnr231240","status":"publish","type":"product","link":"https:\/\/mueller-wrh.de\/pt\/produto\/gebr-cnc-drehmaschine-index-c100-mit-2-revolver_beladesystem_-bj-2011-_intnr231240\/","title":{"rendered":"Torno CNC Index C100 usado com 2 torres_sistema de carregamento_ano 2011 _IntNo231240"},"content":{"rendered":"<p><b>Localiza\u00e7\u00e3o:<\/b> Alemanha, Baden-W\u00fcrttemberg Sudoeste<\/p>\n<p><b>Estado:<\/b> Usado<\/p>\n<p><b>Fabricante:<\/b> \u00cdndice<\/p>\n<p><b>Modelo:<\/b> C100 com 2 torres<\/p>\n<p><b>Ano de constru\u00e7\u00e3o:<\/b> 2011<\/p>\n<p>N.\u00ba interno: 231240<br \/>\nDesigna\u00e7\u00e3o da m\u00e1quina: Torno curto CNC<br \/>\nFabricante: Index<br \/>\nModelo: C100 2 REVOLVER<br \/>\nAno de constru\u00e7\u00e3o: 2011<br \/>\nSistema de controlo: Siemens<br \/>\nN\u00famero de torres: 2 (superior \/ inferior)<br \/>\nPosi\u00e7\u00f5es da ferramenta por torre: 12 esta\u00e7\u00f5es, todas acionadas<br \/>\n________________________________________<br \/>\nINDEX C100 \/ 2 REVOLVER WHU sistema de carregamento CNC torneiro curto<br \/>\n________________________________________<br \/>\nDados t\u00e9cnicos:<br \/>\n- Ano de constru\u00e7\u00e3o: 2011<br \/>\n- Sistema de controlo: Siemens 840D<br \/>\n- Horas de processamento:  Horas<br \/>\n- Horas de controlo: Horas<br \/>\n- Funcionalidade: Totalmente funcional<br \/>\nConfigura\u00e7\u00e3o do eixo:<br \/>\n- Eixo X (em cima\/em baixo):<br \/>\no Dist\u00e2ncia de desloca\u00e7\u00e3o: aprox. 100 mm<br \/>\no Desloca\u00e7\u00e3o r\u00e1pida: at\u00e9 30 m\/min<br \/>\n- Eixo Z (superior\/inferior):<br \/>\no Dist\u00e2ncia de desloca\u00e7\u00e3o: aprox. 320 mm<br \/>\no Desloca\u00e7\u00e3o r\u00e1pida: at\u00e9 30 m\/min<br \/>\n- Eixo Y (opcional, se dispon\u00edvel):<br \/>\no Dist\u00e2ncia de desloca\u00e7\u00e3o: \u00b150 mm<br \/>\nDados do fuso:<br \/>\n- Eixo principal:<br \/>\no Velocidade do fuso: at\u00e9 6.000 rpm<br \/>\no Pot\u00eancia de acionamento: aprox. 18 kW<br \/>\n- Contra-eixo:<br \/>\no Sincronizado com o eixo principal<br \/>\no Os mesmos dados t\u00e9cnicos que o fuso principal<br \/>\nAcionamento da ferramenta:<br \/>\n- Ferramentas el\u00e9ctricas: Sim<br \/>\n- Velocidade da ferramenta: at\u00e9 6.000 rpm<br \/>\n- Pot\u00eancia de acionamento: aprox. 5 kW por torre<br \/>\nCarater\u00edsticas especiais:<br \/>\n- Possibilidade de trabalhar simultaneamente com as duas torres<br \/>\n- Elevada din\u00e2mica para tempos de ciclo curtos<br \/>\n- Opcionalmente com carregador de barras e transportador de aparas<\/p>\n<p>Periferia:<br \/>\n- Sistema de alimenta\u00e7\u00e3o: sistema de carregamento WHU \/ sistema de carregamento p\u00f3rtico para pe\u00e7as em bruto<br \/>\n- Manuais: dispon\u00edveis<br \/>\n- Transportador de aparas<br \/>\n- Sistema de alta press\u00e3o<br \/>\n- Balan\u00e7as de vidro<br \/>\n________________________________________<br \/>\nDimens\u00f5es e peso:<br \/>\n- Dimens\u00f5es da m\u00e1quina (C x L x A): aprox. 3.000 x 1.800 x 2.000 mm<br \/>\n- Peso: aprox. 6,500 kg<\/p>\n<p>Estado:<br \/>\nA m\u00e1quina \u00e9 totalmente funcional e est\u00e1 em bom estado, usada.<br \/>\nPara mais informa\u00e7\u00f5es ou para marcar uma reuni\u00e3o para ver a m\u00e1quina em funcionamento, n\u00e3o hesite em contactar-nos.<br \/>\nSujeito a altera\u00e7\u00f5es e erros nos dados t\u00e9cnicos e informa\u00e7\u00f5es, bem como a venda pr\u00e9via.<\/p>\n<p>Designa\u00e7\u00e3o da m\u00e1quina: Torno curto CNC<br \/>\nFabricante: Index<br \/>\nModelo: C100 2 REVOLVER<br \/>\nAno de fabrico: 2011<br \/>\nControlo: Siemens<br \/>\nN\u00famero de torres: 2 (superior \/ inferior)<br \/>\nLocais de ferramentas por torre: 12 esta\u00e7\u00f5es, todas acionadas<br \/>\n________________________________________<br \/>\nINDEX C100 \/ 2 REVOLVER WHU Sistema de carga do torno curto CNC<br \/>\n________________________________________<br \/>\nDados t\u00e9cnicos:<br \/>\n- Ano de fabrico: 2011<br \/>\n- Controlo: Siemens 840D<br \/>\n- Horas de maquinagem: Horas<br \/>\n- Horas de controlo: Horas<br \/>\n- Funcionalidade: Totalmente funcional<br \/>\nConfigura\u00e7\u00e3o do eixo:<br \/>\n- Eixo X (em cima\/em baixo):<br \/>\no Dist\u00e2ncia de desloca\u00e7\u00e3o: aprox. 100 mm<br \/>\no Desloca\u00e7\u00e3o r\u00e1pida: at\u00e9 30 m\/min<br \/>\n- Eixo Z (superior\/inferior):<br \/>\no Dist\u00e2ncia de desloca\u00e7\u00e3o: aprox. 320 mm<br \/>\no Desloca\u00e7\u00e3o r\u00e1pida: at\u00e9 30 m\/min<br \/>\n- Eixo Y (opcional, se dispon\u00edvel):<br \/>\no Percurso de desloca\u00e7\u00e3o: \u00b150 mm<br \/>\nDados do fuso:<br \/>\n- Eixo principal:<br \/>\no Velocidade do fuso: at\u00e9 6.000 rpm<br \/>\no Pot\u00eancia de acionamento: aprox. 18 kW<br \/>\n- Contra-eixo:<br \/>\no Sincronizado com o eixo principal<br \/>\no Os mesmos dados t\u00e9cnicos que o fuso principal<br \/>\nAcionamento da ferramenta:<br \/>\n- Ferramentas acionadas: Sim<br \/>\n- Velocidade da ferramenta: at\u00e9 6.000 rpm<br \/>\n- Pot\u00eancia de acionamento: aprox. 5 kW por torre<br \/>\nCarater\u00edsticas especiais:<br \/>\n- Possibilidade de trabalhar simultaneamente com as duas torres<br \/>\n- Elevada din\u00e2mica para tempos de ciclo curtos<br \/>\n- Opcionalmente com carregador de barras e transportador de aparas<br \/>\nPerif\u00e9ricos:<br \/>\n- Sistema de alimenta\u00e7\u00e3o: Sistema de carregamento WHU \/ dispositivo de carregamento em p\u00f3rtico para pe\u00e7as em bruto<br \/>\n- Manuais: dispon\u00edveis<br \/>\n- Transportador de aparas<br \/>\n- Sistema de alta press\u00e3o<br \/>\n- Balan\u00e7as de vidro<br \/>\n________________________________________<br \/>\nDimens\u00f5es e peso:<br \/>\n- Dimens\u00f5es da m\u00e1quina (C x L x A): aprox. 3.000 x 1.800 x 2.000 mm<br \/>\n- Peso: aprox. 6,500 kg<\/p>\n<p>Estado:<br \/>\nA m\u00e1quina \u00e9 totalmente funcional e est\u00e1 em bom estado, usada.<br \/>\nPara mais informa\u00e7\u00f5es ou para marcar uma reuni\u00e3o para ver a m\u00e1quina em funcionamento, n\u00e3o hesite em contactar-nos.<br \/>\nSujeito a altera\u00e7\u00f5es e erros nos dados t\u00e9cnicos e informa\u00e7\u00f5es, bem como a venda pr\u00e9via.<\/p>","protected":false},"excerpt":{"rendered":"<p>Standort: Deutschland, Baden-W\u00fcrttemberg S\u00fcdwest Zustand: Gebraucht Hersteller: Index Modell: C100 mit 2 Revolver Baujahr: 2011 Interne Nr.: 231240 Maschinenbezeichnung: CNC-Kurzdrehmaschine Hersteller: Index Modell: C100 2 REVOLVER Baujahr: 2011 Steuerung: Siemens Anzahl Revolver: 2 (oben \/ Unten) Werkzeugplaetze pro Revolver: 12 Stationen, alle Angetrieben ________________________________________ INDEX C100 \/ 2 REVOLVER WHU Beladesystem CNC-Kurzdrehmaschine ________________________________________ Technische Daten: [&hellip;]<\/p>\n","protected":false},"featured_media":3158,"comment_status":"open","ping_status":"closed","template":"","meta":{"_uf_show_specific_survey":0,"_uf_disable_surveys":false},"product_brand":[],"product_cat":[90],"product_tag":[],"class_list":{"0":"post-3166","1":"product","2":"type-product","3":"status-publish","4":"has-post-thumbnail","6":"product_cat-cnc-drehmaschinen-0-199mm-drehd","8":"first","9":"instock","10":"taxable","11":"shipping-taxable","12":"product-type-simple"},"aioseo_notices":[],"_links":{"self":[{"href":"https:\/\/mueller-wrh.de\/pt\/wp-json\/wp\/v2\/product\/3166","targetHints":{"allow":["GET"]}}],"collection":[{"href":"https:\/\/mueller-wrh.de\/pt\/wp-json\/wp\/v2\/product"}],"about":[{"href":"https:\/\/mueller-wrh.de\/pt\/wp-json\/wp\/v2\/types\/product"}],"replies":[{"embeddable":true,"href":"https:\/\/mueller-wrh.de\/pt\/wp-json\/wp\/v2\/comments?post=3166"}],"wp:featuredmedia":[{"embeddable":true,"href":"https:\/\/mueller-wrh.de\/pt\/wp-json\/wp\/v2\/media\/3158"}],"wp:attachment":[{"href":"https:\/\/mueller-wrh.de\/pt\/wp-json\/wp\/v2\/media?parent=3166"}],"wp:term":[{"taxonomy":"product_brand","embeddable":true,"href":"https:\/\/mueller-wrh.de\/pt\/wp-json\/wp\/v2\/product_brand?post=3166"},{"taxonomy":"product_cat","embeddable":true,"href":"https:\/\/mueller-wrh.de\/pt\/wp-json\/wp\/v2\/product_cat?post=3166"},{"taxonomy":"product_tag","embeddable":true,"href":"https:\/\/mueller-wrh.de\/pt\/wp-json\/wp\/v2\/product_tag?post=3166"}],"curies":[{"name":"wp","href":"https:\/\/api.w.org\/{rel}","templated":true}]}}