{"id":3157,"date":"2025-03-13T16:40:11","date_gmt":"2025-03-13T16:40:11","guid":{"rendered":"https:\/\/mueller-wrh.de\/produkt\/buechele-filteranlage-und-spaenefoerdersystem-fuer-cnc-werkzeugmaschinen-fuer-fanuc-robodrill-%ce%b1-d21lib5-plus-bab-zentrum_2022_02_intnr231242\/"},"modified":"2025-03-13T16:40:11","modified_gmt":"2025-03-13T16:40:11","slug":"buechele-filteranlage-und-spaenefoerdersystem-fuer-cnc-werkzeugmaschinen-fuer-fanuc-robodrill-%ce%b1-d21lib5-plus-bab-zentrum_2022_02_intnr231242","status":"publish","type":"product","link":"https:\/\/mueller-wrh.de\/pt\/produto\/buechele-filteranlage-und-spaenefoerdersystem-fuer-cnc-werkzeugmaschinen-fuer-fanuc-robodrill-%ce%b1-d21lib5-plus-bab-zentrum_2022_02_intnr231242\/","title":{"rendered":"Sistema de filtro B\u00fcchele e sistema de transporte de aparas para m\u00e1quinas-ferramentas CNC para FANUC ROBODRILL \u03b1-D21LiB5 Plus BAB-Zentrum_2022_02_IntNr231242"},"content":{"rendered":"<p><b>Localiza\u00e7\u00e3o:<\/b> Alemanha, Baden-W\u00fcrttemberg Sudoeste<\/p>\n<p><b>Estado:<\/b> Novo<\/p>\n<p><b>Fabricante:<\/b> SF Systems B\u00fcchele<\/p>\n<p><b>Modelo:<\/b> SFB 600 _KF 200\/950<\/p>\n<p><b>Ano de constru\u00e7\u00e3o:<\/b> 2024<\/p>\n<p><b>Hor\u00e1rio de funcionamento:<\/b> 0<\/p>\n<p>IntNo231242<\/p>\n<p>Sistema de filtragem e sistema de transporte de aparas B\u00fcchele SFB-600 para m\u00e1quinas-ferramentas CNC para o centro FANUC ROBODRILL \u03b1-D21LiB5 Plus BAB<br \/>\nTransportador + sistema de filtragem de fluxo total<br \/>\nExecu\u00e7\u00e3o:<br \/>\nConstitu\u00eddo por:<br \/>\nTipo: KF 200\/950<br \/>\nBomba de parafuso KTS 25-38-T; 400V; 50 Hz<br \/>\nBomba centr\u00edfuga 1 MTR 10-14\/6; 400 V; 50 Hz<br \/>\nBomba centr\u00edfuga 2 MTR 3-23\/7; 400V; 50 Hz<br \/>\nVers\u00e3o: Vers\u00e3o para a esquerda<br \/>\nFiltro compacto KF 200 \/ 950<br \/>\nSuporte para velo KF top (integrado na caixa)<br \/>\nCapacidade de filtragem 200 l\/min<br \/>\nVelo filtrante PW 70\/70<br \/>\nVers\u00e3o \"esquerda<br \/>\nTanque: Tipo FKA\/950<br \/>\nComprimento 1.600 mm<br \/>\nLargura 1.010 mm<br \/>\nAltura 900 mm<br \/>\nDist\u00e2ncia ao solo 100 mm<br \/>\nCapacidade 950 litros<br \/>\nMaterial a\u00e7o, espessura da chapa 3 mm<br \/>\nCobertura do reservat\u00f3rio em chapa de a\u00e7o<br \/>\nLiga\u00e7\u00f5es do radiador preparadas<br \/>\nTubagem para o suporte da bomba uma tira de anteparo<br \/>\nBocal de entrada e sa\u00edda para um arrefecedor de fluxo cont\u00ednuo.<br \/>\nSensor de n\u00edvel 1 ST<br \/>\nMarca: Knoll Balluff com ecr\u00e3 visual<br \/>\nN\u00famero de pontos de comuta\u00e7\u00e3o 3 ST<br \/>\nde acordo com 70 915 11808<br \/>\nBomba 1 ST<br \/>\nBomba centr\u00edfuga para lavagem de leitos<br \/>\nPress\u00e3o 3,2 bar \/ Fabricante Grundfos<br \/>\nTipo MTR 10-16\/4<br \/>\nPot\u00eancia 1,50 kW<br \/>\nFluxo de volume 120-150 l\/min<br \/>\nBomba 1 ST<br \/>\nBomba centr\u00edfuga para pistola de refrigera\u00e7\u00e3o\/lavagem externa<br \/>\nPress\u00e3o 5,0 bar<br \/>\nFabricante Grundfos<br \/>\nTipo MTR 3-36\/7<br \/>\nPot\u00eancia 0,55 kW<br \/>\nFluxo de volume 30-50 l\/min<br \/>\nTubagem com v\u00e1lvula de 3\/2 vias MK10DR<br \/>\nControlo:<br \/>\n1\u00aa porta fechada Sinal: Funcionamento normal arrefecimento externo<br \/>\n2\u00aa porta aberta Sinal: Funcionamento da pistola de lavagem<br \/>\nat\u00e9 passados 60 segundos, depois sinalizar,<br \/>\nBomba desligada<br \/>\nBomba de parafuso KTS 25 1 ST<br \/>\nTipo: KTS 25<br \/>\nPot\u00eancia a 50 Hz a 400 V 4,00 kW<br \/>\nTens\u00e3o a 50Hz 400 V<br \/>\nFrequ\u00eancia 50 Hz<br \/>\nClasse de efici\u00eancia IE3<br \/>\nSem controlo de frequ\u00eancia<br \/>\nTubagem Sim<br \/>\nTubagem standard Sim<br \/>\nV\u00e1lvula DBV-60\/75<br \/>\nMan\u00f3metro BAR<br \/>\nFluxo de volume 25 l\/min<br \/>\nPress\u00e3o 60 bar<br \/>\nFun\u00e7\u00e3o IKZ<br \/>\nTubagem 1 unid.<br \/>\nTubagem de alta press\u00e3o<br \/>\nExecu\u00e7\u00e3o Ermeto<br \/>\nEletricidade 1 ST<br \/>\nVers\u00e3o do inv\u00f3lucro el\u00e9trico<br \/>\nSensores digitais (ponto de comuta\u00e7\u00e3o) 3 ST<br \/>\nSensores anal\u00f3gicos 3 ST<br \/>\nUnidades de filtragem KF<br \/>\nSistema de transporte Conect\u00e1vel<br \/>\nControlo especial<br \/>\nVisualiza\u00e7\u00e3o de texto KTP 400 Comfort<br \/>\nCaixa do inv\u00f3lucro Inv\u00f3lucro para montagem na parede<br \/>\nSensores de n\u00edvel digitais\/anal\u00f3gicos<br \/>\nInterruptor principal<br \/>\nCabo de interface de 8 metros corridos, com conetor HARTING em ambos os lados incl.<br \/>\nConector de acoplamento<br \/>\nCabo de alimenta\u00e7\u00e3o el\u00e9ctrica de 5 metros com ficha CEE<\/p>\n<p>A m\u00e1quina pode ser visitada mediante marca\u00e7\u00e3o pr\u00e9via.<br \/>\nReservado o direito a altera\u00e7\u00f5es e erros nos dados t\u00e9cnicos e informa\u00e7\u00f5es, bem como a venda pr\u00e9via!<\/p>\n<p>Sistema de filtro B\u00fcchele e transportador de aparas para m\u00e1quinas-ferramentas CNC para FANUC ROBODRILL \u03b1-D21LiB5 Plus BAB Centre<br \/>\nTransportador + sistema de filtragem de fluxo total<\/p>\n<p>Especifica\u00e7\u00f5es:<br \/>\nConstitu\u00eddo por:<\/p>\n<p>Tipo: KF 200\/950<br \/>\nBomba de eixo de parafuso: KTS 25-38-T; 400V; 50 Hz<br \/>\nBomba centr\u00edfuga 1: MTR 10-14\/6; 400V; 50 Hz<br \/>\nBomba centr\u00edfuga 2: MTR 3-23\/7; 400V; 50 Hz<br \/>\nConfigura\u00e7\u00e3o: Vers\u00e3o do lado esquerdo<br \/>\nFiltro compacto KF 200 \/ 950<br \/>\nEntrada de velo de filtro: KF Top (integrado na caixa)<br \/>\nCapacidade de filtragem: 200 l\/min<br \/>\nVelo filtrante: PW 70\/70<br \/>\nVers\u00e3o: Esquerda<br \/>\nTanque: Tipo FKA\/950<br \/>\nComprimento: 1.600 mm<br \/>\nLargura: 1.010 mm<br \/>\nAltura: 900 mm<br \/>\nDist\u00e2ncia ao solo: 100 mm<br \/>\nCapacidade: 950 litros<br \/>\nMaterial: A\u00e7o, espessura da chapa 3 mm<br \/>\nCobertura do reservat\u00f3rio: chapa de a\u00e7o<br \/>\nLiga\u00e7\u00f5es do frigor\u00edfico: Preparado<br \/>\nTubagem para a entrada da bomba: Uma moldura de anteparo<br \/>\nLiga\u00e7\u00f5es de entrada e sa\u00edda: Para um arrefecedor de circula\u00e7\u00e3o<br \/>\nSensor de n\u00edvel de enchimento: 1 unidade<br \/>\nFabricante: Knoll Balluff com ecr\u00e3 visual<br \/>\nN\u00famero de pontos de comuta\u00e7\u00e3o: 3 pe\u00e7as<br \/>\nDe acordo com a norma: 70 915 11808<br \/>\nBombas:<br \/>\nBomba centr\u00edfuga para lavagem de leitos:<\/p>\n<p>Press\u00e3o: 3,2 bar<br \/>\nFabricante: Grundfos<br \/>\nTipo: MTR 10-16\/4<br \/>\nPot\u00eancia: 1,50 kW<br \/>\nCaudal: 120-150 l\/min<br \/>\nBomba Centr\u00edfuga para Arrefecimento Externo \/ Pistola de Lavagem:<\/p>\n<p>Press\u00e3o: 5,0 bar<br \/>\nFabricante: Grundfos<br \/>\nTipo: MTR 3-36\/7<br \/>\nPot\u00eancia: 0,55 kW<br \/>\nCaudal: 30-50 l\/min<br \/>\nTubagem com v\u00e1lvula de 3\/2 vias: MK10DR<br \/>\nSistema de controlo:<br \/>\nSinal de porta fechada: Funcionamento normal - arrefecimento externo<br \/>\nSinal de porta aberta: Funcionamento da pistola de lavagem (at\u00e9 60 segundos), depois sinal - bomba desligada<br \/>\nBomba de fuso roscado KTS 25 (1 unidade):<br \/>\nTipo: KTS 25<br \/>\nPot\u00eancia a 50 Hz \/ 400V: 4,00 kW<br \/>\nTens\u00e3o: 400V<br \/>\nFrequ\u00eancia: 50 Hz<br \/>\nClasse de efici\u00eancia: IE3<br \/>\nSem controlo de frequ\u00eancia<br \/>\nTubagem: Sim<br \/>\nTubagem standard: Sim<br \/>\nV\u00e1lvula DBV-60\/75<br \/>\nMan\u00f3metro: BAR<br \/>\nCaudal: 25 l\/min<br \/>\nPress\u00e3o: 60 bar<br \/>\nFun\u00e7\u00e3o: IKZ<br \/>\nTubagem adicional (1 pe\u00e7a):<br \/>\nTubagem de alta press\u00e3o<br \/>\nConce\u00e7\u00e3o: Ermeto<br \/>\nSistema el\u00e9trico (1 pe\u00e7a):<br \/>\nArm\u00e1rio de comando el\u00e9trico<br \/>\nSensores digitais (ponto de comuta\u00e7\u00e3o): 3 pe\u00e7as<br \/>\nSensores anal\u00f3gicos: 3 pcs<br \/>\nUnidades de filtragem: KF<br \/>\nSistema de transporte modular<br \/>\nSistema de controlo especial<br \/>\nVisualiza\u00e7\u00e3o de texto: KTP 400 Comfort<br \/>\nCaixa do arm\u00e1rio de distribui\u00e7\u00e3o: Arm\u00e1rio de parede<br \/>\nSensores de n\u00edvel de enchimento: Digital\/anal\u00f3gico<br \/>\nInterruptor principal<br \/>\nCabo de interface: 8 metros, ambas as extremidades com conetor HARTING, incluindo ficha correspondente<br \/>\nCabo de alimenta\u00e7\u00e3o: 5 metros com ficha CEE<br \/>\nA m\u00e1quina pode ser inspeccionada mediante marca\u00e7\u00e3o pr\u00e9via.<br \/>\nAltera\u00e7\u00f5es e erros nos dados t\u00e9cnicos e especifica\u00e7\u00f5es, bem como a venda pr\u00e9via, s\u00e3o reservados!<\/p>","protected":false},"excerpt":{"rendered":"<p>Standort: Deutschland, Baden-W\u00fcrttemberg S\u00fcdwest Zustand: Neu Hersteller: SF-Systeme B\u00fcchele Modell: SFB 600 _KF 200\/950 Baujahr: 2024 Betriebsstunden: 0 IntNr231242 B\u00fcchele SFB-600 Filteranlage und Sp\u00e4nef\u00f6rdersystem f\u00fcr CNC-Werkzeugmaschinen f\u00fcr FANUC ROBODRILL \u03b1-D21LiB5 Plus BAB-Zentrum F\u00f6rderer + Vollstromfilteranlage Ausf\u00fchrung: Bestehend aus: Typ: KF 200\/950 Schraubenspindelpumpe KTS 25-38-T; 400V; 50 Hz Kreiselpumpe 1 MTR 10-14\/6; 400 V; 50 Hz [&hellip;]<\/p>\n","protected":false},"featured_media":3154,"comment_status":"open","ping_status":"closed","template":"","meta":{"_uf_show_specific_survey":0,"_uf_disable_surveys":false},"product_brand":[],"product_cat":[104],"product_tag":[],"class_list":{"0":"post-3157","1":"product","2":"type-product","3":"status-publish","4":"has-post-thumbnail","6":"product_cat-hochdruckanlagen","8":"first","9":"instock","10":"taxable","11":"shipping-taxable","12":"product-type-simple"},"aioseo_notices":[],"_links":{"self":[{"href":"https:\/\/mueller-wrh.de\/pt\/wp-json\/wp\/v2\/product\/3157","targetHints":{"allow":["GET"]}}],"collection":[{"href":"https:\/\/mueller-wrh.de\/pt\/wp-json\/wp\/v2\/product"}],"about":[{"href":"https:\/\/mueller-wrh.de\/pt\/wp-json\/wp\/v2\/types\/product"}],"replies":[{"embeddable":true,"href":"https:\/\/mueller-wrh.de\/pt\/wp-json\/wp\/v2\/comments?post=3157"}],"wp:featuredmedia":[{"embeddable":true,"href":"https:\/\/mueller-wrh.de\/pt\/wp-json\/wp\/v2\/media\/3154"}],"wp:attachment":[{"href":"https:\/\/mueller-wrh.de\/pt\/wp-json\/wp\/v2\/media?parent=3157"}],"wp:term":[{"taxonomy":"product_brand","embeddable":true,"href":"https:\/\/mueller-wrh.de\/pt\/wp-json\/wp\/v2\/product_brand?post=3157"},{"taxonomy":"product_cat","embeddable":true,"href":"https:\/\/mueller-wrh.de\/pt\/wp-json\/wp\/v2\/product_cat?post=3157"},{"taxonomy":"product_tag","embeddable":true,"href":"https:\/\/mueller-wrh.de\/pt\/wp-json\/wp\/v2\/product_tag?post=3157"}],"curies":[{"name":"wp","href":"https:\/\/api.w.org\/{rel}","templated":true}]}}