{"id":3026,"date":"2025-03-13T16:35:57","date_gmt":"2025-03-13T16:35:57","guid":{"rendered":"https:\/\/mueller-wrh.de\/produkt\/gebr-biglia-wkz-halter-fest-used-toolholder-fixed-oesterle-mit-ikz_intnr231226\/"},"modified":"2025-03-13T16:35:57","modified_gmt":"2025-03-13T16:35:57","slug":"gebr-biglia-wkz-halter-fest-used-toolholder-fixed-oesterle-mit-ikz_intnr231226","status":"publish","type":"product","link":"https:\/\/mueller-wrh.de\/pt\/produto\/gebr-biglia-wkz-halter-fest-used-toolholder-fixed-oesterle-mit-ikz_intnr231226\/","title":{"rendered":"gebr. Biglia WKZ-Halter porta-ferramentas de uso geral fixo Oesterle com IKZ_IntNr231226"},"content":{"rendered":"<p><b>Localiza\u00e7\u00e3o:<\/b> Alemanha, Baden-W\u00fcrttemberg Sudoeste<\/p>\n<p><b>Estado:<\/b> Como novo<\/p>\n<p><b>Fabricante:<\/b> Oesterle<\/p>\n<p><b>Modelo:<\/b> 357 5403 SL26 B109<\/p>\n<p><b>Ano de constru\u00e7\u00e3o:<\/b> 2015<\/p>\n<p>suporte de corte de precis\u00e3o de marca<br \/>\nBI-WZ16ABL3<br \/>\nM\u00e1quinas compat\u00edveis<br \/>\nBIGLIA - B436<br \/>\nBIGLIA - B438<br \/>\nBIGLIA - BMX 45Y2<br \/>\nSuporte de precis\u00e3o para l\u00e2mina de corte SH 26 mm<br \/>\nVers\u00e3o esquerda, altura 70 mm (Oesterle)<br \/>\nAltura do painel central SH 26 mm<br \/>\nLargura do painel central 3 mm<br \/>\nPeso 4,6 kg<br \/>\n L\u00edquido de refrigera\u00e7\u00e3o<br \/>\n Externo + IKZ<br \/>\n85 bar<\/p>\n<p>suporte de corte de precis\u00e3o<br \/>\nBI-WZ16ABL3<br \/>\nM\u00e1quinas compat\u00edveis<br \/>\nBIGLIA - B436<br \/>\nBIGLIA - B438<br \/>\nBIGLIA - BMX 45Y2<br \/>\nSuporte de precis\u00e3o para l\u00e2mina de corte SH 26 mm<br \/>\nvers\u00e3o esquerda, altura 70 mm (Oesterle)<br \/>\naltura da l\u00e2mina SH 26 mm<br \/>\nlargura da l\u00e2mina 3 mm<br \/>\nPeso 4,6 kg<br \/>\n L\u00edquido de refrigera\u00e7\u00e3o<br \/>\n Externo + IKZ<br \/>\n85 bar<\/p>","protected":false},"excerpt":{"rendered":"<p>Standort: Deutschland, Baden-W\u00fcrttemberg S\u00fcdwest Zustand: Neuwertig Hersteller: Oesterle Modell: 357 5403 SL26 B109 Baujahr: 2015 gebr. Praezisionsabstechhalter BI-WZ16ABL3 Kompatible Maschinen BIGLIA &#8211; B436 BIGLIA &#8211; B438 BIGLIA &#8211; BMX 45Y2 Pr\u00e4zisionsabstechhalter f\u00fcr Abstechschwert SH 26 mm linke Ausf\u00fchrung, H\u00f6he 70 mm (Oesterle) Schwerth\u00f6he SH 26 mm Schwertbreite 3 mm Gewicht 4,6 kg K\u00fchlmittel Externe + [&hellip;]<\/p>\n","protected":false},"featured_media":3019,"comment_status":"open","ping_status":"closed","template":"","meta":{"_uf_show_specific_survey":0,"_uf_disable_surveys":false},"product_brand":[],"product_cat":[20],"product_tag":[],"class_list":{"0":"post-3026","1":"product","2":"type-product","3":"status-publish","4":"has-post-thumbnail","6":"product_cat-werkzeughalter","8":"first","9":"instock","10":"taxable","11":"shipping-taxable","12":"product-type-simple"},"aioseo_notices":[],"_links":{"self":[{"href":"https:\/\/mueller-wrh.de\/pt\/wp-json\/wp\/v2\/product\/3026","targetHints":{"allow":["GET"]}}],"collection":[{"href":"https:\/\/mueller-wrh.de\/pt\/wp-json\/wp\/v2\/product"}],"about":[{"href":"https:\/\/mueller-wrh.de\/pt\/wp-json\/wp\/v2\/types\/product"}],"replies":[{"embeddable":true,"href":"https:\/\/mueller-wrh.de\/pt\/wp-json\/wp\/v2\/comments?post=3026"}],"wp:featuredmedia":[{"embeddable":true,"href":"https:\/\/mueller-wrh.de\/pt\/wp-json\/wp\/v2\/media\/3019"}],"wp:attachment":[{"href":"https:\/\/mueller-wrh.de\/pt\/wp-json\/wp\/v2\/media?parent=3026"}],"wp:term":[{"taxonomy":"product_brand","embeddable":true,"href":"https:\/\/mueller-wrh.de\/pt\/wp-json\/wp\/v2\/product_brand?post=3026"},{"taxonomy":"product_cat","embeddable":true,"href":"https:\/\/mueller-wrh.de\/pt\/wp-json\/wp\/v2\/product_cat?post=3026"},{"taxonomy":"product_tag","embeddable":true,"href":"https:\/\/mueller-wrh.de\/pt\/wp-json\/wp\/v2\/product_tag?post=3026"}],"curies":[{"name":"wp","href":"https:\/\/api.w.org\/{rel}","templated":true}]}}