{"id":3002,"date":"2025-03-13T16:34:44","date_gmt":"2025-03-13T16:34:44","guid":{"rendered":"https:\/\/mueller-wrh.de\/produkt\/gebr-emag-weiss-w11-cnc-sl650-bj-20-intnr231185\/"},"modified":"2025-03-13T16:34:44","modified_gmt":"2025-03-13T16:34:44","slug":"gebr-emag-weiss-w11-cnc-sl650-bj-20-intnr231185","status":"publish","type":"product","link":"https:\/\/mueller-wrh.de\/pt\/produto\/gebr-emag-weiss-w11-cnc-sl650-bj-20-intnr231185\/","title":{"rendered":"EMAG WEISS W11 CNC SL650 usado ano '20 (IntNo231185)"},"content":{"rendered":"<p><b>Localiza\u00e7\u00e3o:<\/b> Alemanha, Baden-W\u00fcrttemberg Sudoeste<\/p>\n<p><b>Estado:<\/b> Usado<\/p>\n<p><b>Fabricante:<\/b> EMAG WEISS<\/p>\n<p><b>Modelo:<\/b> W11_CNC_SL650<\/p>\n<p><b>Ano de constru\u00e7\u00e3o:<\/b> 2020<\/p>\n<p><b>Hor\u00e1rio de funcionamento:<\/b> 6875<\/p>\n<p>EMAG WEISS M\u00e1quina de retifica\u00e7\u00e3o cil\u00edndrica EMAG WEISS Tipo W11-CNC \/ M\u00c1QUINA DE RETIFICA\u00c7\u00c3O CIRCULAR UNIVERSAL W 11-CNC SL650<br \/>\nHoras do fuso: aprox. 6.850 horas<br \/>\nHoras de liga\u00e7\u00e3o da eletricidade: 20,422 horas<br \/>\nO conceito de controlo 2 em 1 caracteriza esta m\u00e1quina:<br \/>\n100 % Retifica\u00e7\u00e3o cil\u00edndrica convencional ou mudan\u00e7a para 100% Retifica\u00e7\u00e3o cil\u00edndrica CNC<br \/>\nDados t\u00e9cnicos:<br \/>\n- Controlo: Controlo CNC (Heidenhain, Siemens ou Fanuc, consoante o ano de fabrico)<br \/>\nComprimento de lixagem m\u00e1x. mm 650 \/ 1.500; pol. 25,5 \/ 59<br \/>\nAltura do centro mm 200 em 8<br \/>\nRetifica\u00e7\u00e3o externa \u00d8 mm1 \/ 390 pol. 0 \/ 15,5<br \/>\nPeso m\u00e1ximo \ufb02at MK 4 kg 100 \/ lb 220,5<br \/>\npeso m\u00e1x. da pe\u00e7a entre centros kg 250 \/lb 551<br \/>\nAlimenta\u00e7\u00e3o: Curso do eixo X mm 380 \/ 480 \/in 15 \/ 19<br \/>\nAlimenta\u00e7\u00e3o: Curso do eixo Z mm 1.150 \/ 1.650 pol. 45,5 \/ 65<br \/>\nDisco de retifica\u00e7\u00e3o \u00d8 mm 400 \/ 500 pol. 15,5 \/ 19,5<br \/>\nNennleistung (100%ED)\tkW 9 \/ 11 hp 12 \/ 15<br \/>\nVelocidade perif\u00e9rica m\/s 20 - 50<\/p>\n<p>Equipamento de m\u00e1quinas:<br \/>\n- Acionamento do disco de lixa: Motor potente para resultados de lixa precisos<br \/>\n- Cabe\u00e7ote m\u00f3vel: Cabe\u00e7ote m\u00f3vel ajust\u00e1vel para diferentes comprimentos de pe\u00e7as<br \/>\n- Suporte da pe\u00e7a: mandril ou centros de centragem (consoante a aplica\u00e7\u00e3o)<br \/>\n- Sistema de refrigera\u00e7\u00e3o: Integrado, para evitar o sobreaquecimento e para obter \u00f3ptimos resultados de lixagem<br \/>\n- Interface de f\u00e1cil utiliza\u00e7\u00e3o: Interface de utilizador CNC intuitiva para uma programa\u00e7\u00e3o e controlo simples<br \/>\n- Sistemas de medi\u00e7\u00e3o para monitoriza\u00e7\u00e3o em tempo real e garantia de qualidade<br \/>\n- Base da m\u00e1quina Base de Karstens fundida com elevada rigidez est\u00e1tico-din\u00e2mica<br \/>\n- Eixo X Guias lineares de alta precis\u00e3o, fuso de esferas e balan\u00e7a de vidro<br \/>\n- Guias planas ou lineares do eixo Z, fuso de esferas e escala de vidro<br \/>\n- Controlo Ecr\u00e3 t\u00e1til com controlo CNC integrado com base no Windows Programa\u00e7\u00e3o por di\u00e1logo, programa\u00e7\u00e3o DIN, mem\u00f3ria de programas.<br \/>\n- Equipamento t\u00e9cnico Arm\u00e1rio el\u00e9trico de acordo com VDE com marca CE<br \/>\n- Sistema de refrigera\u00e7\u00e3o e sistema de extra\u00e7\u00e3o<br \/>\n- Sistema de filtro de correia de papel com contentor de 250<br \/>\n- Extra\u00e7\u00e3o mec\u00e2nica de vapores com 1600 m2\/3 com comando sem perna de apoio<br \/>\n- Eixo de medi\u00e7\u00e3o para aproxima\u00e7\u00e3o de v\u00e1rios di\u00e2metros com grande alcance<br \/>\n- Cabe\u00e7a de medi\u00e7\u00e3o. Posi\u00e7\u00e3o de medi\u00e7\u00e3o livremente program\u00e1vel.<br \/>\n- Preparar a interface do rob\u00f4.<br \/>\n- Fornecer apenas 10 x l \/ O sem ficha de interface Software e PLC<\/p>\n<p>Aplica\u00e7\u00f5es:<br \/>\n- Maquina\u00e7\u00e3o cil\u00edndrica externa e interna<br \/>\n- Retifica\u00e7\u00e3o de precis\u00e3o para a engenharia mec\u00e2nica, a ind\u00fastria autom\u00f3vel e o fabrico de ferramentas<br \/>\n- Produ\u00e7\u00e3o de veios, casquilhos, rolos e outras pe\u00e7as com simetria de rota\u00e7\u00e3o<br \/>\nCarater\u00edsticas especiais:<br \/>\n- Elevada rigidez do corpo da m\u00e1quina para um funcionamento sem vibra\u00e7\u00f5es<br \/>\n- Controlo CNC para ciclos de retifica\u00e7\u00e3o complexos e maquina\u00e7\u00e3o flex\u00edvel<br \/>\n- Possibilidade de adapta\u00e7\u00e3o \u00e0s necessidades espec\u00edficas do cliente<br \/>\nEquipamento que pode ser adaptado opcionalmente:<br \/>\n- Sistemas automatizados de carga e descarga<br \/>\n- Suportes especiais e suportes especiais para m\u00f3s<br \/>\nDiscos de lixa opcionais dispon\u00edveis:<br \/>\n- Ver fotos<\/p>\n<p>A m\u00e1quina pode ser inspeccionada mediante marca\u00e7\u00e3o pr\u00e9via.<br \/>\nReservado o direito a altera\u00e7\u00f5es e erros nos dados t\u00e9cnicos e informa\u00e7\u00f5es, bem como a venda pr\u00e9via!<\/p>\n<p>EMAG WEISS M\u00e1quina de retifica\u00e7\u00e3o cil\u00edndrica EMAG WEISS Tipo W11-CNC \/ M\u00c1QUINA DE RETIFICA\u00c7\u00c3O CIRCULAR UNIVERSAL W 11-CNC SL650<br \/>\nHoras do eixo: aproximadamente 6.850 horas<br \/>\nHoras de funcionamento: 20.422 horas<br \/>\nO conceito de controlo 2 em 1 caracteriza esta m\u00e1quina:<br \/>\nRetifica\u00e7\u00e3o cil\u00edndrica convencional 100% ou mudan\u00e7a para retifica\u00e7\u00e3o cil\u00edndrica CNC 100%<br \/>\nDados t\u00e9cnicos:<br \/>\n- Controlo: Controlo CNC (Heidenhain, Siemens ou Fanuc, consoante o ano de fabrico)<br \/>\nComprimento de retifica\u00e7\u00e3o m\u00e1x. mm 650 \/ 1.500; pol. 25,5 \/ 59<br \/>\nAltura do centro mm 200 em 8<br \/>\nRetifica\u00e7\u00e3o externa \u00d8 mm1 \/ 390 pol. 0 \/ 15,5<br \/>\npeso m\u00e1x. com MK 4 kg 100 \/ lb 220,5<br \/>\nPeso m\u00e1ximo da pe\u00e7a de trabalho entre centros kg 250 \/ lb 551<br \/>\nAlimenta\u00e7\u00e3o: Curso do eixo X mm 380 \/ 480 \/in 15 \/ 19<br \/>\nAlimenta\u00e7\u00e3o: Curso do eixo Z mm 1.150 \/ 1.650 pol. 45,5 \/ 65<br \/>\nRoda de retifica\u00e7\u00e3o \u00d8 mm 400 \/ 500 pol. 15,5 \/ 19,5<br \/>\nRated power (100%ED) kW 9 \/ 11 hp 12 \/ 15<br \/>\nVelocidade perif\u00e9rica m\/s 20 - 50<\/p>\n<p>Equipamento de m\u00e1quinas:<br \/>\n- Acionamento da m\u00f3: Motor potente para resultados de retifica\u00e7\u00e3o precisos<br \/>\n- Cabe\u00e7ote m\u00f3vel: Cabe\u00e7ote m\u00f3vel ajust\u00e1vel para diferentes comprimentos de pe\u00e7as<br \/>\n- Suporte da pe\u00e7a de trabalho: Mandril ou centros (consoante a aplica\u00e7\u00e3o)<br \/>\n- Sistema de refrigera\u00e7\u00e3o: Integrado, para evitar o sobreaquecimento e para obter \u00f3ptimos resultados de lixagem<br \/>\n- Interface de f\u00e1cil utiliza\u00e7\u00e3o: Interface de utilizador CNC intuitiva para uma f\u00e1cil<br \/>\n- Sistemas de medi\u00e7\u00e3o para monitoriza\u00e7\u00e3o em tempo real e garantia de qualidade<br \/>\n- Base da m\u00e1quina Base de Karstens fundida com elevada rigidez est\u00e1tico-din\u00e2mica<br \/>\n- Guias lineares de alta precis\u00e3o no eixo X, fuso de esferas e balan\u00e7a de vidro<br \/>\n- Guias planas ou lineares do eixo Z, fuso de esferas e escala de vidro<br \/>\n- Controlo Ecr\u00e3 t\u00e1til com controlo CNC integrado com base no Windows Programa\u00e7\u00e3o por di\u00e1logo, programa\u00e7\u00e3o DIN, mem\u00f3ria de programas.<br \/>\n- Equipamento t\u00e9cnico Arm\u00e1rio el\u00e9trico de acordo com VDE com marca CE<br \/>\n- Sistema de refrigera\u00e7\u00e3o e sistema de extra\u00e7\u00e3o<br \/>\n- Sistema de filtro de correia de papel com contentor de 250<br \/>\n- Sistema mec\u00e2nico de extra\u00e7\u00e3o de fumos com 1600 qm\/3 com comando sem p\u00e9 de apoio<br \/>\n- Eixo de medi\u00e7\u00e3o para aproxima\u00e7\u00e3o de v\u00e1rios di\u00e2metros com grande alcance<br \/>\n- cabe\u00e7a de medi\u00e7\u00e3o. Posi\u00e7\u00e3o de medi\u00e7\u00e3o livremente program\u00e1vel.<br \/>\n- Preparar a interface do robot.<br \/>\n- Fornecer apenas 10 x l \/ O sem ficha de interface Software e PLC<br \/>\nAplica\u00e7\u00f5es:<br \/>\n- Maquina\u00e7\u00e3o cil\u00edndrica externa e interna<br \/>\n- Retifica\u00e7\u00e3o de precis\u00e3o para a engenharia mec\u00e2nica, a ind\u00fastria autom\u00f3vel e o fabrico de ferramentas<br \/>\n- Produ\u00e7\u00e3o de veios, casquilhos, rolos e outras pe\u00e7as com simetria de rota\u00e7\u00e3o<br \/>\nCarater\u00edsticas especiais:<br \/>\n- Elevada rigidez do corpo da m\u00e1quina para um trabalho sem vibra\u00e7\u00f5es<br \/>\n- Controlo CNC para ciclos de retifica\u00e7\u00e3o complexos e maquina\u00e7\u00e3o flex\u00edvel<br \/>\n- Pode ser adaptado aos requisitos espec\u00edficos do cliente<br \/>\nEquipamento de reequipamento opcional:<br \/>\n- Sistemas automatizados de carga e descarga<br \/>\n- Dispositivos especiais e suportes especiais para m\u00f3s<\/p>\n<p>Op\u00e7\u00e3o de rebolos dispon\u00edveis:<br \/>\n- Ver fotos<\/p>\n<p>A m\u00e1quina pode ser inspeccionada mediante marca\u00e7\u00e3o pr\u00e9via.<br \/>\nReservado o direito a altera\u00e7\u00f5es e erros nos dados t\u00e9cnicos e informa\u00e7\u00f5es, bem como a venda pr\u00e9via!<\/p>","protected":false},"excerpt":{"rendered":"<p>Standort: Deutschland, Baden-W\u00fcrttemberg S\u00fcdwest Zustand: Gebraucht Hersteller: EMAG WEISS Modell: W11_CNC_SL650 Baujahr: 2020 Betriebsstunden: 6875 EMAG WEISS Rundschleifmaschine EMAG WEISS Typ W11-CNC \/ UNIVERSAL RUNDSCHLEIFMASCHINE W 11-CNC SL650 Spindelstunden: ca. 6.850 Stunden Strom Einschaltstunden: 20.422 Stunden 2 in 1 Steuerungskonzept zeichnet diese Maschine aus: 100 % Konventionell rundschleifen oder umschalten auf 100% CNC rundschleifen Technische [&hellip;]<\/p>\n","protected":false},"featured_media":2994,"comment_status":"open","ping_status":"closed","template":"","meta":{"_uf_show_specific_survey":0,"_uf_disable_surveys":false},"product_brand":[],"product_cat":[22],"product_tag":[],"class_list":{"0":"post-3002","1":"product","2":"type-product","3":"status-publish","4":"has-post-thumbnail","6":"product_cat-cnc-schleifmaschinen","8":"first","9":"instock","10":"taxable","11":"shipping-taxable","12":"product-type-simple"},"aioseo_notices":[],"_links":{"self":[{"href":"https:\/\/mueller-wrh.de\/pt\/wp-json\/wp\/v2\/product\/3002","targetHints":{"allow":["GET"]}}],"collection":[{"href":"https:\/\/mueller-wrh.de\/pt\/wp-json\/wp\/v2\/product"}],"about":[{"href":"https:\/\/mueller-wrh.de\/pt\/wp-json\/wp\/v2\/types\/product"}],"replies":[{"embeddable":true,"href":"https:\/\/mueller-wrh.de\/pt\/wp-json\/wp\/v2\/comments?post=3002"}],"wp:featuredmedia":[{"embeddable":true,"href":"https:\/\/mueller-wrh.de\/pt\/wp-json\/wp\/v2\/media\/2994"}],"wp:attachment":[{"href":"https:\/\/mueller-wrh.de\/pt\/wp-json\/wp\/v2\/media?parent=3002"}],"wp:term":[{"taxonomy":"product_brand","embeddable":true,"href":"https:\/\/mueller-wrh.de\/pt\/wp-json\/wp\/v2\/product_brand?post=3002"},{"taxonomy":"product_cat","embeddable":true,"href":"https:\/\/mueller-wrh.de\/pt\/wp-json\/wp\/v2\/product_cat?post=3002"},{"taxonomy":"product_tag","embeddable":true,"href":"https:\/\/mueller-wrh.de\/pt\/wp-json\/wp\/v2\/product_tag?post=3002"}],"curies":[{"name":"wp","href":"https:\/\/api.w.org\/{rel}","templated":true}]}}