{"id":2958,"date":"2025-03-13T16:33:22","date_gmt":"2025-03-13T16:33:22","guid":{"rendered":"https:\/\/mueller-wrh.de\/produkt\/gebr-biglia-wkz-halter-angetr-used-toolholder-driven-oesterle-mit-ikz_intnr231220\/"},"modified":"2025-03-13T16:33:22","modified_gmt":"2025-03-13T16:33:22","slug":"gebr-biglia-wkz-halter-angetr-used-toolholder-driven-oesterle-mit-ikz_intnr231220","status":"publish","type":"product","link":"https:\/\/mueller-wrh.de\/pt\/produto\/gebr-biglia-wkz-halter-angetr-used-toolholder-driven-oesterle-mit-ikz_intnr231220\/","title":{"rendered":"Biglia utilizou o porta-ferramentas Oesterle com IKZ_IntNr231220"},"content":{"rendered":"<p><b>Localiza\u00e7\u00e3o:<\/b> Alemanha, Baden-W\u00fcrttemberg Sudoeste<\/p>\n<p><b>Estado:<\/b> Como novo<\/p>\n<p><b>Fabricante:<\/b> Oesterle<\/p>\n<p><b>Modelo:<\/b> 301 5421 A25 B109<\/p>\n<p><b>Ano de constru\u00e7\u00e3o:<\/b> 2015<\/p>\n<p>Porta-ferramentas de acionamento com IKZ<br \/>\nCabe\u00e7a de perfura\u00e7\u00e3o e de fresagem<br \/>\nreta Biglia B436 - BMT40<br \/>\nM\u00e1quinas compat\u00edveis<br \/>\nBIGLIA - B436<br \/>\nBIGLIA - B438<br \/>\nBIGLIA - BMX 45Y2<br \/>\nPorta-ferramentas de alta precis\u00e3o acionado<br \/>\nBI-WZ16AX25i<br \/>\nCabe\u00e7a de perfura\u00e7\u00e3o e fresagem axial ER25 com fuso A25 Power<br \/>\nRolamento do eixo da linha com IKZ, 1:1 (Oesterle)<br \/>\ncom refrigera\u00e7\u00e3o externa e ajuste r\u00e1pido do tubo de refrigera\u00e7\u00e3o (pat.)<br \/>\n Suporte de ferramentas<br \/>\nDIN 6499 ER 25<br \/>\n ( d ) Gama de aperto<br \/>\n 0,5 - 16 mm<br \/>\n n m\u00e1x (1\/min) 8000<br \/>\nT max (NM) 16<br \/>\nI n1 \/ n2 1:1<br \/>\nrefrigera\u00e7\u00e3o externa e<br \/>\n Ajuste r\u00e1pido do tubo de arrefecimento<br \/>\n barra 85<\/p>\n<p>Porta-ferramentas acionado com IKZ<br \/>\nCabe\u00e7a de perfura\u00e7\u00e3o e de fresagem<br \/>\nreta Biglia B436 - BMT40<br \/>\nM\u00e1quinas compat\u00edveis<br \/>\nBIGLIA - B436<br \/>\nBIGLIA - B438<br \/>\nBIGLIA - BMX 45Y2<br \/>\nPorta-ferramentas de alta precis\u00e3o com acionamento<br \/>\nBI-WZ16AX25i<br \/>\nCabe\u00e7a de perfura\u00e7\u00e3o e fresagem axial ER25 com fuso A25 Power<br \/>\nRolamento do eixo da linha com IKZ, 1:1 (Oesterle)<br \/>\ncom arrefecimento externo e regula\u00e7\u00e3o r\u00e1pida do tubo de arrefecimento (pat.)<br \/>\n Suporte de ferramentas<br \/>\nDIN 6499 ER 25<br \/>\n ( d ) Gama de aperto<br \/>\n 0,5 - 16 mm<br \/>\n n m\u00e1x (1\/min) 8000<br \/>\nT max (NM) 16<br \/>\nI n1 \/ n2 1:1<br \/>\nArrefecimento externo e<br \/>\n ajuste r\u00e1pido do tubo de arrefecimento<br \/>\n barra 85<\/p>","protected":false},"excerpt":{"rendered":"<p>Standort: Deutschland, Baden-W\u00fcrttemberg S\u00fcdwest Zustand: Neuwertig Hersteller: Oesterle Modell: 301 5421 A25 B109 Baujahr: 2015 gebr. angetriebene Werkzeughalter mit IKZ Bohr- und Fr\u00e4skopf gerade Biglia B436 &#8211; BMT40 Kompatible Maschinen BIGLIA &#8211; B436 BIGLIA &#8211; B438 BIGLIA &#8211; BMX 45Y2 angetriebene Hochpr\u00e4zisions &#8211; Werkzeughalter BI-WZ16AX25i Axial Bohr- und Fr\u00e4skopf ER25 mit Spindel A25 Power Line [&hellip;]<\/p>\n","protected":false},"featured_media":2949,"comment_status":"open","ping_status":"closed","template":"","meta":{"_uf_show_specific_survey":0,"_uf_disable_surveys":false},"product_brand":[],"product_cat":[20],"product_tag":[],"class_list":{"0":"post-2958","1":"product","2":"type-product","3":"status-publish","4":"has-post-thumbnail","6":"product_cat-werkzeughalter","8":"first","9":"instock","10":"taxable","11":"shipping-taxable","12":"product-type-simple"},"aioseo_notices":[],"_links":{"self":[{"href":"https:\/\/mueller-wrh.de\/pt\/wp-json\/wp\/v2\/product\/2958","targetHints":{"allow":["GET"]}}],"collection":[{"href":"https:\/\/mueller-wrh.de\/pt\/wp-json\/wp\/v2\/product"}],"about":[{"href":"https:\/\/mueller-wrh.de\/pt\/wp-json\/wp\/v2\/types\/product"}],"replies":[{"embeddable":true,"href":"https:\/\/mueller-wrh.de\/pt\/wp-json\/wp\/v2\/comments?post=2958"}],"wp:featuredmedia":[{"embeddable":true,"href":"https:\/\/mueller-wrh.de\/pt\/wp-json\/wp\/v2\/media\/2949"}],"wp:attachment":[{"href":"https:\/\/mueller-wrh.de\/pt\/wp-json\/wp\/v2\/media?parent=2958"}],"wp:term":[{"taxonomy":"product_brand","embeddable":true,"href":"https:\/\/mueller-wrh.de\/pt\/wp-json\/wp\/v2\/product_brand?post=2958"},{"taxonomy":"product_cat","embeddable":true,"href":"https:\/\/mueller-wrh.de\/pt\/wp-json\/wp\/v2\/product_cat?post=2958"},{"taxonomy":"product_tag","embeddable":true,"href":"https:\/\/mueller-wrh.de\/pt\/wp-json\/wp\/v2\/product_tag?post=2958"}],"curies":[{"name":"wp","href":"https:\/\/api.w.org\/{rel}","templated":true}]}}