{"id":2924,"date":"2025-03-13T16:32:08","date_gmt":"2025-03-13T16:32:08","guid":{"rendered":"https:\/\/mueller-wrh.de\/produkt\/gebr-gildemeister-speed-12-7_linear-bj-04_intnr231165\/"},"modified":"2026-03-13T12:16:50","modified_gmt":"2026-03-13T12:16:50","slug":"gebr-gildemeister-speed-12-7_linear-bj-04_intnr231165","status":"publish","type":"product","link":"https:\/\/mueller-wrh.de\/pt\/produto\/gebr-gildemeister-speed-12-7_linear-bj-04_intnr231165\/","title":{"rendered":"DMG Speed 12-7_Linear Bj.`04_com FMB Minimag (IntNr231165)"},"content":{"rendered":"<p><b>Localiza\u00e7\u00e3o:<\/b> Alemanha, Baden-W\u00fcrttemberg Sudoeste<\/p>\n<p><b>Estado:<\/b> Usado<\/p>\n<p><b>Fabricante:<\/b> DMG<\/p>\n<p><b>Modelo:<\/b> Velocidade 12-7<\/p>\n<p><b>Ano de constru\u00e7\u00e3o:<\/b> 2004<\/p>\n<p><b>Hor\u00e1rio de funcionamento:<\/b> 153199<\/p>\n<p>Est\u00e1 \u00e0 venda um torno autom\u00e1tico de cabe\u00e7ote m\u00f3vel altamente din\u00e2mico DMG Speed 12-7 Linear<br \/>\ncom carregador FMB Minimag.<br \/>\nSistema de comando: Fanuc 16i-TB com interface de utilizador espec\u00edfica para DMG<br \/>\nAno de constru\u00e7\u00e3o 2004<\/p>\n<p>Dados t\u00e9cnicos<\/p>\n<p>N\u00famero de eixos: 7 eixos (X1, Y1, Z1, X2, Z2, C1, C2)<br \/>\nM\u00e1ximo. Di\u00e2metro da haste: 12,7 mm<br \/>\nM\u00e1x. Comprimento de viragem: 120 mm<br \/>\nVelocidades de desloca\u00e7\u00e3o r\u00e1pidas: Eixo X (linear): 40 m\/min<br \/>\nArrefecimento do motor linear: Unidade de arrefecimento separada para estabiliza\u00e7\u00e3o t\u00e9rmica do acionamento linear.<br \/>\nEixo Z: 30 m\/min<\/p>\n<p>Gama de velocidades do fuso principal: 0 - 12.000 rpm<br \/>\nPot\u00eancia de acionamento: 3,7 \/ 5,5 kW<br \/>\nEixo C: resolu\u00e7\u00e3o de 0,001\u00b0 para opera\u00e7\u00f5es de fresagem de alta precis\u00e3o<\/p>\n<p>Gama de velocidades do contra-eixo: 0 - 12.000 rpm<br \/>\nDist\u00e2ncia de desloca\u00e7\u00e3o Z2: 150 mm<br \/>\nEixo C: Eixo C totalmente integrado<\/p>\n<p>Porta-ferramentas (sistema de corredi\u00e7a linear)<br \/>\nN\u00famero total de ferramentas: at\u00e9 18 lugares<br \/>\nFerramentas acionadas: 3 a 5 lugares para maquinagem cruzada<br \/>\nVelocidade das ferramentas acionadas: m\u00e1x. 6.000 rpm<\/p>\n<p>Magazine de carga: FMB Minimag para a gama de di\u00e2metros de 2 a 23 mm.<br \/>\nComprimento da barra: 3,0200 mm<br \/>\nTransportador de aparas<br \/>\nPequenos sistemas de extin\u00e7\u00e3o \/ sistemas de extin\u00e7\u00e3o de bens Kraft e Bauer<br \/>\nSeparador de pe\u00e7as<br \/>\nSistema de lavagem de aparas  <\/p>\n<p>A m\u00e1quina pode ser inspeccionada mediante marca\u00e7\u00e3o pr\u00e9via.<br \/>\nReservado o direito a altera\u00e7\u00f5es e erros nos dados t\u00e9cnicos e informa\u00e7\u00f5es, bem como a venda pr\u00e9via!<\/p>\n<p>Vende-se: um torno autom\u00e1tico de torneamento longo altamente din\u00e2mico DMG Speed 12-7 Linear<br \/>\ncom carregador FMB Minimag.<br \/>\nSistema de comando: Fanuc 16i-TB com interface de utilizador espec\u00edfica para DMG<br \/>\nAno de fabrico: 2004<\/p>\n<p>Dados t\u00e9cnicos<\/p>\n<p>N\u00famero de eixos: 7 eixos (X1, Y1, Z1, X2, Z2, C1, C2)<br \/>\nDi\u00e2metro m\u00e1ximo da barra: 12,7 mm<br \/>\nComprimento m\u00e1ximo de viragem: 120 mm<br \/>\nVelocidades de desloca\u00e7\u00e3o r\u00e1pidas: Eixo X (linear): 40 m\/min<br \/>\nArrefecimento do motor linear: Unidade de arrefecimento separada para estabiliza\u00e7\u00e3o t\u00e9rmica do acionamento linear.<br \/>\nEixo Z: 30 m\/min<\/p>\n<p>Gama de velocidades do fuso principal: 0 - 12.000 rpm<br \/>\nPot\u00eancia de acionamento: 3,7 \/ 5,5 kW<br \/>\nEixo C: resolu\u00e7\u00e3o de 0,001\u00b0 para opera\u00e7\u00f5es de fresagem de alta precis\u00e3o<\/p>\n<p>Gama de velocidades do contra-eixo: 0 - 12.000 rpm<br \/>\nGama de desloca\u00e7\u00e3o Z2: 150 mm<br \/>\nEixo C: Eixo C totalmente integrado<\/p>\n<p>Porta-ferramentas (sistema de corredi\u00e7a linear)<br \/>\nN\u00famero total de ferramentas: at\u00e9 18 posi\u00e7\u00f5es<br \/>\nFerramentas acionadas: 3 a 5 posi\u00e7\u00f5es para maquinagem cruzada<br \/>\nVelocidade das ferramentas acionadas: m\u00e1x. 6.000 rpm<\/p>\n<p>Magazine de carga: FMB Minimag para a gama de di\u00e2metros de 2 a 23 mm.<br \/>\nComprimento da barra: 3.020 mm<br \/>\nTransportador de aparas<br \/>\nPequenos sistemas de extin\u00e7\u00e3o de inc\u00eandios \/ Sistemas de extin\u00e7\u00e3o de inc\u00eandios por objectos Kraft und Bauer<br \/>\nSeparador de pe\u00e7as<br \/>\nSistema de lavagem de aparas  <\/p>\n<p>A m\u00e1quina pode ser inspeccionada mediante marca\u00e7\u00e3o pr\u00e9via.<br \/>\nSujeito a altera\u00e7\u00f5es e erros nos dados t\u00e9cnicos e informa\u00e7\u00f5es, bem como a venda pr\u00e9via!<\/p>","protected":false},"excerpt":{"rendered":"<p>Standort: Deutschland, Baden-W\u00fcrttemberg S\u00fcdwest Zustand: Gebraucht Hersteller: DMG Modell: Speed 12-7 Baujahr: 2004 Betriebsstunden: 153199 Zum Verkauf steht ein hochdynamischer Langdrehautomat DMG Speed 12-7 Linear mit Lademagazin FMB Minimag. Steuerung: Fanuc 16i-TB mit DMG-spezifischer Bedienoberfl\u00e4che Baujahr 2004 Technische Daten Anzahl der Achsen: 7 Achsen (X1, Y1, Z1, X2, Z2, C1, C2) Max. Stangendurchmesser: 12,7 mm [&hellip;]<\/p>\n","protected":false},"featured_media":4990,"comment_status":"open","ping_status":"closed","template":"","meta":{"_uf_show_specific_survey":0,"_uf_disable_surveys":false},"product_brand":[],"product_cat":[23],"product_tag":[],"class_list":{"0":"post-2924","1":"product","2":"type-product","3":"status-publish","4":"has-post-thumbnail","6":"product_cat-cnc-langdrehmaschinen","8":"first","9":"instock","10":"taxable","11":"shipping-taxable","12":"product-type-simple"},"aioseo_notices":[],"_links":{"self":[{"href":"https:\/\/mueller-wrh.de\/pt\/wp-json\/wp\/v2\/product\/2924","targetHints":{"allow":["GET"]}}],"collection":[{"href":"https:\/\/mueller-wrh.de\/pt\/wp-json\/wp\/v2\/product"}],"about":[{"href":"https:\/\/mueller-wrh.de\/pt\/wp-json\/wp\/v2\/types\/product"}],"replies":[{"embeddable":true,"href":"https:\/\/mueller-wrh.de\/pt\/wp-json\/wp\/v2\/comments?post=2924"}],"wp:featuredmedia":[{"embeddable":true,"href":"https:\/\/mueller-wrh.de\/pt\/wp-json\/wp\/v2\/media\/4990"}],"wp:attachment":[{"href":"https:\/\/mueller-wrh.de\/pt\/wp-json\/wp\/v2\/media?parent=2924"}],"wp:term":[{"taxonomy":"product_brand","embeddable":true,"href":"https:\/\/mueller-wrh.de\/pt\/wp-json\/wp\/v2\/product_brand?post=2924"},{"taxonomy":"product_cat","embeddable":true,"href":"https:\/\/mueller-wrh.de\/pt\/wp-json\/wp\/v2\/product_cat?post=2924"},{"taxonomy":"product_tag","embeddable":true,"href":"https:\/\/mueller-wrh.de\/pt\/wp-json\/wp\/v2\/product_tag?post=2924"}],"curies":[{"name":"wp","href":"https:\/\/api.w.org\/{rel}","templated":true}]}}