{"id":2915,"date":"2025-03-13T16:31:55","date_gmt":"2025-03-13T16:31:55","guid":{"rendered":"https:\/\/mueller-wrh.de\/produkt\/bzi-52-sk-52-spannkoepfe-glatt-mit-quer-und-laengsrillen-intnr231184\/"},"modified":"2025-03-13T16:31:55","modified_gmt":"2025-03-13T16:31:55","slug":"bzi-52-sk-52-spannkoepfe-glatt-mit-quer-und-laengsrillen-intnr231184","status":"publish","type":"product","link":"https:\/\/mueller-wrh.de\/pt\/produto\/bzi-52-sk-52-spannkoepfe-glatt-mit-quer-und-laengsrillen-intnr231184\/","title":{"rendered":"BZI 52 \/ SK 52 Cabe\u00e7as de fixa\u00e7\u00e3o lisas, com ranhuras transversais e longitudinais IntNr231184"},"content":{"rendered":"<p><b>Localiza\u00e7\u00e3o:<\/b> Alemanha, Baden-W\u00fcrttemberg Sudoeste<\/p>\n<p><b>Estado:<\/b> Como novo<\/p>\n<p><b>Modelo:<\/b> BZI 52 \/ SK 52<\/p>\n<p>IntNo231184<br \/>\nDescri\u00e7\u00e3o do artigo: Mandris de expans\u00e3o BZI 52 \/ SK 52<\/p>\n<p>Adequado para:<\/p>\n<p>HAINBUCH SPANNTOP 52-A5 \/ Nova e MINI<br \/>\nMarcas \/ fabricantes compar\u00e1veis<br \/>\nVers\u00f5es:<\/p>\n<p>Cabe\u00e7as de fixa\u00e7\u00e3o lisas<br \/>\nCom ranhuras transversais e longitudinais para a mat\u00e9ria-prima<br \/>\nVariantes de perfil: Redondo e hexagonal (0,5 mm ou 1 mm de aumento)<br \/>\nAplica\u00e7\u00f5es poss\u00edveis: Maquina\u00e7\u00e3o fina<br \/>\nEstado:<\/p>\n<p>Novos e usados dispon\u00edveis em v\u00e1rias dimens\u00f5es<br \/>\nEncomendar:<br \/>\nPor favor, especifique o aperto desejado\u2300 ao fazer o pedido.<\/p>\n<p>\u00c1reas de aplica\u00e7\u00e3o:<\/p>\n<p>Centros de maquinagem<br \/>\nM\u00e1quinas de medi\u00e7\u00e3o<br \/>\nFixa\u00e7\u00e3o de paletes<br \/>\nNotas:<\/p>\n<p>Cabe\u00e7as de fixa\u00e7\u00e3o para perfis especiais, de acordo com requisitos individuais, mediante pedido<br \/>\nOutros tamanhos de cone, formas (por exemplo, quadrado) e pe\u00e7as em bruto maquin\u00e1veis tamb\u00e9m dispon\u00edveis mediante pedido<\/p>\n<p>Reservado o direito a altera\u00e7\u00f5es e erros nos dados t\u00e9cnicos e informa\u00e7\u00f5es, bem como a venda pr\u00e9via!<\/p>\n<p>N\u00famero interno: IntNr231184<br \/>\nDescri\u00e7\u00e3o do artigo: Cabe\u00e7as de fixa\u00e7\u00e3o BZI 52 \/ SK 52<\/p>\n<p>Adequado para:<\/p>\n<p>HAINBUCH SPANNTOP 52-A5 \/ Nova e MINI<br \/>\nMarcas \/ fabricantes compar\u00e1veis<br \/>\nVers\u00f5es:<\/p>\n<p>Mandris de expans\u00e3o suave<br \/>\nCom ranhuras transversais e longitudinais para a mat\u00e9ria-prima<br \/>\nVariantes de perfil: redondo e hexagonal (aumento de 0,5 mm ou 1 mm)<br \/>\nPoss\u00edveis aplica\u00e7\u00f5es: Maquina\u00e7\u00e3o fina<br \/>\nEstado:<\/p>\n<p>Novos e usados dispon\u00edveis em v\u00e1rias dimens\u00f5es<br \/>\nEncomendar:<br \/>\nPor favor, especifique o \u2300 de aperto necess\u00e1rio aquando da encomenda.<\/p>\n<p>\u00c1reas de aplica\u00e7\u00e3o:<\/p>\n<p>Centros de maquinagem<br \/>\nM\u00e1quinas de medi\u00e7\u00e3o<br \/>\nFixa\u00e7\u00e3o de paletes<br \/>\nNotas:<\/p>\n<p>Cabe\u00e7as de fixa\u00e7\u00e3o para perfis especiais de acordo com os requisitos individuais a pedido<br \/>\nOutros tamanhos de cone, formas (por exemplo, quadrado) e pe\u00e7as em bruto maquin\u00e1veis tamb\u00e9m dispon\u00edveis mediante pedido<\/p>\n<p>Sujeito a altera\u00e7\u00f5es e erros nos dados t\u00e9cnicos e informa\u00e7\u00f5es, bem como a venda pr\u00e9via!<\/p>","protected":false},"excerpt":{"rendered":"<p>Standort: Deutschland, Baden-W\u00fcrttemberg S\u00fcdwest Zustand: Neuwertig Modell: BZI 52 \/ SK 52 IntNr231184 Artikelbeschreibung: BZI 52 \/ SK 52 Spannk\u00f6pfe Geeignet f\u00fcr: HAINBUCH SPANNTOP 52-A5 \/ Nova und MINI Vergleichbare Fabrikate \/ Hersteller Ausf\u00fchrungen: Glatte Spannk\u00f6pfe Mit Quer- und L\u00e4ngsrillen f\u00fcr Rohmaterial Profilvarianten: Rund und 6-Kant (0,5 mm oder 1 mm steigend) Einsatzm\u00f6glichkeiten: Feinbearbeitung Zustand: [&hellip;]<\/p>\n","protected":false},"featured_media":2909,"comment_status":"open","ping_status":"closed","template":"","meta":{"_uf_show_specific_survey":0,"_uf_disable_surveys":false},"product_brand":[],"product_cat":[102],"product_tag":[],"class_list":{"0":"post-2915","1":"product","2":"type-product","3":"status-publish","4":"has-post-thumbnail","6":"product_cat-spannzangen","8":"first","9":"instock","10":"taxable","11":"shipping-taxable","12":"product-type-simple"},"aioseo_notices":[],"_links":{"self":[{"href":"https:\/\/mueller-wrh.de\/pt\/wp-json\/wp\/v2\/product\/2915","targetHints":{"allow":["GET"]}}],"collection":[{"href":"https:\/\/mueller-wrh.de\/pt\/wp-json\/wp\/v2\/product"}],"about":[{"href":"https:\/\/mueller-wrh.de\/pt\/wp-json\/wp\/v2\/types\/product"}],"replies":[{"embeddable":true,"href":"https:\/\/mueller-wrh.de\/pt\/wp-json\/wp\/v2\/comments?post=2915"}],"wp:featuredmedia":[{"embeddable":true,"href":"https:\/\/mueller-wrh.de\/pt\/wp-json\/wp\/v2\/media\/2909"}],"wp:attachment":[{"href":"https:\/\/mueller-wrh.de\/pt\/wp-json\/wp\/v2\/media?parent=2915"}],"wp:term":[{"taxonomy":"product_brand","embeddable":true,"href":"https:\/\/mueller-wrh.de\/pt\/wp-json\/wp\/v2\/product_brand?post=2915"},{"taxonomy":"product_cat","embeddable":true,"href":"https:\/\/mueller-wrh.de\/pt\/wp-json\/wp\/v2\/product_cat?post=2915"},{"taxonomy":"product_tag","embeddable":true,"href":"https:\/\/mueller-wrh.de\/pt\/wp-json\/wp\/v2\/product_tag?post=2915"}],"curies":[{"name":"wp","href":"https:\/\/api.w.org\/{rel}","templated":true}]}}