{"id":2885,"date":"2025-03-13T16:30:19","date_gmt":"2025-03-13T16:30:19","guid":{"rendered":"https:\/\/mueller-wrh.de\/produkt\/werkzeughalter-star-431-03-00-2-stationen-16x16mm-fuer-rueckseite-intnr231162\/"},"modified":"2025-03-13T16:30:19","modified_gmt":"2025-03-13T16:30:19","slug":"werkzeughalter-star-431-03-00-2-stationen-16x16mm-fuer-rueckseite-intnr231162","status":"publish","type":"product","link":"https:\/\/mueller-wrh.de\/pt\/produto\/werkzeughalter-star-431-03-00-2-stationen-16x16mm-fuer-rueckseite-intnr231162\/","title":{"rendered":"Suporte de ferramentas STAR 431-03-00 2 esta\u00e7\u00f5es 16x16mm; para a retaguarda (IntNo231162)"},"content":{"rendered":"<p><b>Localiza\u00e7\u00e3o:<\/b> Alemanha, Baden-W\u00fcrttemberg Sudoeste<\/p>\n<p><b>Estado:<\/b> Como novo<\/p>\n<p><b>Fabricante:<\/b> n.d.<\/p>\n<p><b>Modelo:<\/b> 431-03-00<\/p>\n<p>Porta-ferramentas de 2 esta\u00e7\u00f5es; haste: 16x16mm; para maquinagem posterior<br \/>\nContra-eixo (IntNo231162)<br \/>\n431-03-00<br \/>\nAdequado para os seguintes tipos de m\u00e1quinas STAR:<br \/>\nSV-32 \/ ECAS32T \/ SV-38R \/ ST-38 SV-32J \/ SV-32J II \/ SV-12 \/ SV-20 \/ ECAS20T <\/p>\n<p>Reservado o direito a altera\u00e7\u00f5es e erros nos dados t\u00e9cnicos e informa\u00e7\u00f5es, bem como a venda pr\u00e9via!<\/p>\n<p>Porta-ferramentas de 2 esta\u00e7\u00f5es; haste: 16x16mm; para maquinagem posterior<br \/>\nContra-eixo (IntNo231162)<br \/>\n431-03-00<br \/>\nAdequado para os seguintes tipos de m\u00e1quinas STAR:<br \/>\nSV-32 \/ ECAS32T \/ SV-38R \/ ST-38 SV-32J \/ SV-32J II \/ SV-12 \/ SV-20 \/ ECAS20T <\/p>\n<p>Sujeito a altera\u00e7\u00f5es e erros nos dados t\u00e9cnicos e informa\u00e7\u00f5es, bem como a venda pr\u00e9via!<\/p>","protected":false},"excerpt":{"rendered":"<p>Standort: Deutschland, Baden-W\u00fcrttemberg S\u00fcdwest Zustand: Neuwertig Hersteller: n.a. Modell: 431-03-00 2-Stationen-Werkzeughalter; Schaft: 16x16mm; f\u00fcr R\u00fcckseitenbearbeitung Gegensspindel (IntNr231162) 431-03-00 Passend f\u00fcr folgende STAR-Maschinentypen: SV-32 \/ ECAS32T \/ SV-38R \/ ST-38 SV-32J \/ SV-32J II \/ SV-12 \/ SV-20 \/ ECAS20T Aenderungen und Irrtuemer in den technischen Daten und Angaben sowie Zwischenverkauf vorbehalten! 2-station tool holder; shank: [&hellip;]<\/p>\n","protected":false},"featured_media":2884,"comment_status":"open","ping_status":"closed","template":"","meta":{"_uf_show_specific_survey":0,"_uf_disable_surveys":false},"product_brand":[],"product_cat":[20],"product_tag":[],"class_list":{"0":"post-2885","1":"product","2":"type-product","3":"status-publish","4":"has-post-thumbnail","6":"product_cat-werkzeughalter","8":"first","9":"instock","10":"taxable","11":"shipping-taxable","12":"purchasable","13":"product-type-simple"},"aioseo_notices":[],"_links":{"self":[{"href":"https:\/\/mueller-wrh.de\/pt\/wp-json\/wp\/v2\/product\/2885","targetHints":{"allow":["GET"]}}],"collection":[{"href":"https:\/\/mueller-wrh.de\/pt\/wp-json\/wp\/v2\/product"}],"about":[{"href":"https:\/\/mueller-wrh.de\/pt\/wp-json\/wp\/v2\/types\/product"}],"replies":[{"embeddable":true,"href":"https:\/\/mueller-wrh.de\/pt\/wp-json\/wp\/v2\/comments?post=2885"}],"wp:featuredmedia":[{"embeddable":true,"href":"https:\/\/mueller-wrh.de\/pt\/wp-json\/wp\/v2\/media\/2884"}],"wp:attachment":[{"href":"https:\/\/mueller-wrh.de\/pt\/wp-json\/wp\/v2\/media?parent=2885"}],"wp:term":[{"taxonomy":"product_brand","embeddable":true,"href":"https:\/\/mueller-wrh.de\/pt\/wp-json\/wp\/v2\/product_brand?post=2885"},{"taxonomy":"product_cat","embeddable":true,"href":"https:\/\/mueller-wrh.de\/pt\/wp-json\/wp\/v2\/product_cat?post=2885"},{"taxonomy":"product_tag","embeddable":true,"href":"https:\/\/mueller-wrh.de\/pt\/wp-json\/wp\/v2\/product_tag?post=2885"}],"curies":[{"name":"wp","href":"https:\/\/api.w.org\/{rel}","templated":true}]}}