{"id":2840,"date":"2025-03-13T16:27:51","date_gmt":"2025-03-13T16:27:51","guid":{"rendered":"https:\/\/mueller-wrh.de\/produkt\/gebr-werkzeughalter-star-221-20-00-intnr231127\/"},"modified":"2025-03-13T16:27:51","modified_gmt":"2025-03-13T16:27:51","slug":"gebr-werkzeughalter-star-221-20-00-intnr231127","status":"publish","type":"product","link":"https:\/\/mueller-wrh.de\/pt\/produto\/gebr-werkzeughalter-star-221-20-00-intnr231127\/","title":{"rendered":"porta-ferramentas de marca STAR 221-20-00 (IntNo231127)"},"content":{"rendered":"<p><b>Localiza\u00e7\u00e3o:<\/b> Alemanha, Baden-W\u00fcrttemberg Sudoeste<\/p>\n<p><b>Estado:<\/b> Como novo<\/p>\n<p><b>Fabricante:<\/b> STAR Micronics<\/p>\n<p>M\u00e1quina de furar\/fresar em cruz ER16<br \/>\n para o fuso principal e o contra-fuso<br \/>\n221-50-00 &amp; 221-20-00<br \/>\nAdequado para os seguintes tipos de m\u00e1quinas STAR:<br \/>\nST-20-32-38 SV-12-20-32 \/ ECAS<br \/>\nTradu\u00e7\u00e3o 1:1<br \/>\nVelocidade de entrada m\u00e1x. 5750 1\/min<br \/>\nVelocidade de sa\u00edda m\u00e1x. 5750 1\/min<br \/>\nBin\u00e1rio de sa\u00edda m\u00e1x. 32 Nm<br \/>\nReservado o direito a altera\u00e7\u00f5es e erros nos dados t\u00e9cnicos e informa\u00e7\u00f5es, bem como a venda pr\u00e9via!<\/p>\n<p>Aparelho de furar\/fresar em cruz ER16<br \/>\n para o fuso principal e o contra-fuso<br \/>\n221-50-00 &amp; 221-20-00<br \/>\nAdequado para os seguintes tipos de m\u00e1quinas STAR:<br \/>\nST-20-32-38 SV-12-20-32 \/ ECAS<br \/>\nRela\u00e7\u00e3o de transmiss\u00e3o 1:1<br \/>\nVelocidade de entrada m\u00e1x. 5750 1\/min<br \/>\nVelocidade de sa\u00edda m\u00e1x. 5750 1\/min<br \/>\nBin\u00e1rio de sa\u00edda m\u00e1x. 32 Nm<br \/>\nSujeito a altera\u00e7\u00f5es e erros nos dados t\u00e9cnicos e informa\u00e7\u00f5es, bem como a venda pr\u00e9via!<\/p>","protected":false},"excerpt":{"rendered":"<p>Standort: Deutschland, Baden-W\u00fcrttemberg S\u00fcdwest Zustand: Neuwertig Hersteller: STAR Micronics Querbohr-\/Fr\u00e4sapparat ER16 zu Hauptspindel und Gegenspindel 221-50-00 &amp; 221-20-00 Passend f\u00fcr folgende STAR-Maschinentypen: ST-20-32-38 SV-12-20-32 \/ ECAS \u00dcbersetzung 1:1 Eingangsdrehzahl max. 5750 1\/min Ausgangsdrehzahl max. 5750 1\/min Ausgangsdrehmoment max. 32 Nm Aenderungen und Irrtuemer in den technischen Daten und Angaben sowie Zwischenverkauf vorbehalten! Cross drilling\/milling attachment [&hellip;]<\/p>\n","protected":false},"featured_media":2838,"comment_status":"open","ping_status":"closed","template":"","meta":{"_uf_show_specific_survey":0,"_uf_disable_surveys":false},"product_brand":[],"product_cat":[20],"product_tag":[],"class_list":{"0":"post-2840","1":"product","2":"type-product","3":"status-publish","4":"has-post-thumbnail","6":"product_cat-werkzeughalter","8":"first","9":"instock","10":"taxable","11":"shipping-taxable","12":"product-type-simple"},"aioseo_notices":[],"_links":{"self":[{"href":"https:\/\/mueller-wrh.de\/pt\/wp-json\/wp\/v2\/product\/2840","targetHints":{"allow":["GET"]}}],"collection":[{"href":"https:\/\/mueller-wrh.de\/pt\/wp-json\/wp\/v2\/product"}],"about":[{"href":"https:\/\/mueller-wrh.de\/pt\/wp-json\/wp\/v2\/types\/product"}],"replies":[{"embeddable":true,"href":"https:\/\/mueller-wrh.de\/pt\/wp-json\/wp\/v2\/comments?post=2840"}],"wp:featuredmedia":[{"embeddable":true,"href":"https:\/\/mueller-wrh.de\/pt\/wp-json\/wp\/v2\/media\/2838"}],"wp:attachment":[{"href":"https:\/\/mueller-wrh.de\/pt\/wp-json\/wp\/v2\/media?parent=2840"}],"wp:term":[{"taxonomy":"product_brand","embeddable":true,"href":"https:\/\/mueller-wrh.de\/pt\/wp-json\/wp\/v2\/product_brand?post=2840"},{"taxonomy":"product_cat","embeddable":true,"href":"https:\/\/mueller-wrh.de\/pt\/wp-json\/wp\/v2\/product_cat?post=2840"},{"taxonomy":"product_tag","embeddable":true,"href":"https:\/\/mueller-wrh.de\/pt\/wp-json\/wp\/v2\/product_tag?post=2840"}],"curies":[{"name":"wp","href":"https:\/\/api.w.org\/{rel}","templated":true}]}}