{"id":2784,"date":"2025-03-13T16:25:19","date_gmt":"2025-03-13T16:25:19","guid":{"rendered":"https:\/\/mueller-wrh.de\/produkt\/star-3-fach-bohrhalter-o22mm-mit-kuehlmittelzufuehrung-extern-oder-intern-intnr231119\/"},"modified":"2025-03-13T16:25:19","modified_gmt":"2025-03-13T16:25:19","slug":"star-3-fach-bohrhalter-o22mm-mit-kuehlmittelzufuehrung-extern-oder-intern-intnr231119","status":"publish","type":"product","link":"https:\/\/mueller-wrh.de\/pt\/produto\/star-3-fach-bohrhalter-o22mm-mit-kuehlmittelzufuehrung-extern-oder-intern-intnr231119\/","title":{"rendered":"STAR Suporte de broca de 3 dobras \u00d822mm com alimenta\u00e7\u00e3o de refrigera\u00e7\u00e3o (externa ou interna) IntNr231119"},"content":{"rendered":"<p><b>Localiza\u00e7\u00e3o:<\/b> Alemanha, Baden-W\u00fcrttemberg Sudoeste<\/p>\n<p><b>Estado:<\/b> Como novo<\/p>\n<p><b>Fabricante:<\/b> STAR Micronics<\/p>\n<p><b>Ano de constru\u00e7\u00e3o:<\/b> 2021<\/p>\n<p>Suporte de broca de 3 dobras \u00d822mm com alimenta\u00e7\u00e3o de refrigera\u00e7\u00e3o (externa ou<br \/>\ninterno) para o fuso principal e o contra-fuso<br \/>\n7.074.495<br \/>\nAdequado para os seguintes tipos de m\u00e1quinas STAR:<br \/>\nST-20-32-38 SV-12-20-32 \/ ECAS<br \/>\nReservado o direito a altera\u00e7\u00f5es e erros nos dados t\u00e9cnicos e informa\u00e7\u00f5es, bem como a venda pr\u00e9via!<\/p>\n<p>Suporte de broca de 3 dobras \u00d822mm com alimenta\u00e7\u00e3o de refrigera\u00e7\u00e3o (externa ou<br \/>\ninterno) para o fuso principal e o contra-fuso<br \/>\n7.074.495<br \/>\nAdequado para os seguintes tipos de m\u00e1quinas STAR:<br \/>\nST-20-32-38- SV-12-20-32 \/ ECAS<br \/>\nSujeito a altera\u00e7\u00f5es e erros nos dados t\u00e9cnicos e informa\u00e7\u00f5es, bem como a venda pr\u00e9via!<\/p>","protected":false},"excerpt":{"rendered":"<p>Standort: Deutschland, Baden-W\u00fcrttemberg S\u00fcdwest Zustand: Neuwertig Hersteller: STAR Micronics Baujahr: 2021 3-fach Bohrhalter \u00d822mm mit K\u00fchlmittelzuf\u00fchrung (extern oder intern) zu Hauptspindel und Gegenspindel 7.074.495 Passend f\u00fcr folgende STAR-Maschinentypen: ST-20-32-38 SV-12-20-32 \/ ECAS Aenderungen und Irrtuemer in den technischen Daten und Angaben sowie Zwischenverkauf vorbehalten! 3-fold drill holder \u00d822mm with coolant supply (external or internal) to [&hellip;]<\/p>\n","protected":false},"featured_media":2782,"comment_status":"open","ping_status":"closed","template":"","meta":{"_uf_show_specific_survey":0,"_uf_disable_surveys":false},"product_brand":[],"product_cat":[20],"product_tag":[],"class_list":{"0":"post-2784","1":"product","2":"type-product","3":"status-publish","4":"has-post-thumbnail","6":"product_cat-werkzeughalter","8":"first","9":"instock","10":"taxable","11":"shipping-taxable","12":"product-type-simple"},"aioseo_notices":[],"_links":{"self":[{"href":"https:\/\/mueller-wrh.de\/pt\/wp-json\/wp\/v2\/product\/2784","targetHints":{"allow":["GET"]}}],"collection":[{"href":"https:\/\/mueller-wrh.de\/pt\/wp-json\/wp\/v2\/product"}],"about":[{"href":"https:\/\/mueller-wrh.de\/pt\/wp-json\/wp\/v2\/types\/product"}],"replies":[{"embeddable":true,"href":"https:\/\/mueller-wrh.de\/pt\/wp-json\/wp\/v2\/comments?post=2784"}],"wp:featuredmedia":[{"embeddable":true,"href":"https:\/\/mueller-wrh.de\/pt\/wp-json\/wp\/v2\/media\/2782"}],"wp:attachment":[{"href":"https:\/\/mueller-wrh.de\/pt\/wp-json\/wp\/v2\/media?parent=2784"}],"wp:term":[{"taxonomy":"product_brand","embeddable":true,"href":"https:\/\/mueller-wrh.de\/pt\/wp-json\/wp\/v2\/product_brand?post=2784"},{"taxonomy":"product_cat","embeddable":true,"href":"https:\/\/mueller-wrh.de\/pt\/wp-json\/wp\/v2\/product_cat?post=2784"},{"taxonomy":"product_tag","embeddable":true,"href":"https:\/\/mueller-wrh.de\/pt\/wp-json\/wp\/v2\/product_tag?post=2784"}],"curies":[{"name":"wp","href":"https:\/\/api.w.org\/{rel}","templated":true}]}}