{"id":2781,"date":"2025-03-13T16:25:13","date_gmt":"2025-03-13T16:25:13","guid":{"rendered":"https:\/\/mueller-wrh.de\/produkt\/gebr-werkzeughalter-star-3-fach-stahlhalter-12x12mm_rueckseite-intnr231129\/"},"modified":"2025-03-13T16:25:13","modified_gmt":"2025-03-13T16:25:13","slug":"gebr-werkzeughalter-star-3-fach-stahlhalter-12x12mm_rueckseite-intnr231129","status":"publish","type":"product","link":"https:\/\/mueller-wrh.de\/pt\/produto\/gebr-werkzeughalter-star-3-fach-stahlhalter-12x12mm_rueckseite-intnr231129\/","title":{"rendered":"Suporte de ferramentas usado STAR Suporte de a\u00e7o com 3 dobras 12x12mm_back (IntNo231129)"},"content":{"rendered":"<p><b>Localiza\u00e7\u00e3o:<\/b> Alemanha, Baden-W\u00fcrttemberg Sudoeste<\/p>\n<p><b>Estado:<\/b> Como novo<\/p>\n<p><b>Fabricante:<\/b> STAR Micronics<\/p>\n<p>Suporte de a\u00e7o de 3 dobras 12 x 12 mm_torre traseira para contra-fuso<br \/>\nAdequado para os seguintes tipos de m\u00e1quinas STAR:<br \/>\nST-20- SV-12-20-32 \/ ECAS<br \/>\nReservado o direito a altera\u00e7\u00f5es e erros nos dados t\u00e9cnicos e informa\u00e7\u00f5es, bem como a venda pr\u00e9via!<\/p>\n<p>Suporte de a\u00e7o de 3 dobras 12 x 12 mm_torre traseira para contra-fuso<br \/>\nAdequado para os seguintes tipos de m\u00e1quinas STAR:<br \/>\nST-20- SV-12-20-32 \/ ECAS<br \/>\nSujeito a altera\u00e7\u00f5es e erros nos dados t\u00e9cnicos e informa\u00e7\u00f5es, bem como a venda pr\u00e9via!<\/p>","protected":false},"excerpt":{"rendered":"<p>Standort: Deutschland, Baden-W\u00fcrttemberg S\u00fcdwest Zustand: Neuwertig Hersteller: STAR Micronics 3 fach Stahlhalter 12 x 12 mm_Revolver R\u00fcckseite zu Gegenspindel Passend f\u00fcr folgende STAR-Maschinentypen: ST-20- SV-12-20-32 \/ ECAS Aenderungen und Irrtuemer in den technischen Daten und Angaben sowie Zwischenverkauf vorbehalten! 3-fold steel holder 12 x 12 mm_rear turret to counter spindle Suitable for the following STAR [&hellip;]<\/p>\n","protected":false},"featured_media":2779,"comment_status":"open","ping_status":"closed","template":"","meta":{"_uf_show_specific_survey":0,"_uf_disable_surveys":false},"product_brand":[],"product_cat":[20],"product_tag":[],"class_list":{"0":"post-2781","1":"product","2":"type-product","3":"status-publish","4":"has-post-thumbnail","6":"product_cat-werkzeughalter","8":"first","9":"instock","10":"taxable","11":"shipping-taxable","12":"product-type-simple"},"aioseo_notices":[],"_links":{"self":[{"href":"https:\/\/mueller-wrh.de\/pt\/wp-json\/wp\/v2\/product\/2781","targetHints":{"allow":["GET"]}}],"collection":[{"href":"https:\/\/mueller-wrh.de\/pt\/wp-json\/wp\/v2\/product"}],"about":[{"href":"https:\/\/mueller-wrh.de\/pt\/wp-json\/wp\/v2\/types\/product"}],"replies":[{"embeddable":true,"href":"https:\/\/mueller-wrh.de\/pt\/wp-json\/wp\/v2\/comments?post=2781"}],"wp:featuredmedia":[{"embeddable":true,"href":"https:\/\/mueller-wrh.de\/pt\/wp-json\/wp\/v2\/media\/2779"}],"wp:attachment":[{"href":"https:\/\/mueller-wrh.de\/pt\/wp-json\/wp\/v2\/media?parent=2781"}],"wp:term":[{"taxonomy":"product_brand","embeddable":true,"href":"https:\/\/mueller-wrh.de\/pt\/wp-json\/wp\/v2\/product_brand?post=2781"},{"taxonomy":"product_cat","embeddable":true,"href":"https:\/\/mueller-wrh.de\/pt\/wp-json\/wp\/v2\/product_cat?post=2781"},{"taxonomy":"product_tag","embeddable":true,"href":"https:\/\/mueller-wrh.de\/pt\/wp-json\/wp\/v2\/product_tag?post=2781"}],"curies":[{"name":"wp","href":"https:\/\/api.w.org\/{rel}","templated":true}]}}