{"id":2741,"date":"2025-03-13T16:17:32","date_gmt":"2025-03-13T16:17:32","guid":{"rendered":"https:\/\/mueller-wrh.de\/produkt\/gebr-tsugami-hs2075ax-bj-2012-intnr230381\/"},"modified":"2025-07-14T09:54:40","modified_gmt":"2025-07-14T09:54:40","slug":"gebr-tsugami-hs2075ax-bj-2012-intnr230381","status":"publish","type":"product","link":"https:\/\/mueller-wrh.de\/pt\/produto\/gebr-tsugami-hs2075ax-bj-2012-intnr230381\/","title":{"rendered":"marca Tsugami HS2075AX, ano 2012 (IntNo230381)"},"content":{"rendered":"<p><b>Localiza\u00e7\u00e3o:<\/b> Alemanha, Baden-W\u00fcrttemberg Sudoeste<\/p>\n<p><b>Estado:<\/b> Usado<\/p>\n<p><b>Fabricante:<\/b> TSUGAMI<\/p>\n<p><b>Modelo:<\/b> HS2075AX<\/p>\n<p><b>Ano de constru\u00e7\u00e3o:<\/b> 2012<\/p>\n<p>Centro de torneamento\/fresagem de cabe\u00e7ote m\u00f3vel CNC com eixo B<br \/>\nHoras de funcionamento: 7200<br \/>\nSistema de controlo: Fanuc 31i-A<br \/>\nComprimento de maquinagem: m\u00e1x. 250 mm<br \/>\nN\u00famero de eixos controlados: 7 eixos e m\u00e1x. 5 eixos em simult\u00e2neo<br \/>\nEixo B: 0\u00b0-130\u00b0 livremente program\u00e1vel<br \/>\nPassagem da haste: \u00d8 3 mm a \u00d8 20 mm m\u00e1x.<br \/>\nPot\u00eancia de acionamento do fuso principal: 3,7 kW<br \/>\nPot\u00eancia de acionamento do contra-eixo: 2,2 kW<br \/>\nVelocidade do fuso principal: 10.000 rpm<br \/>\nVelocidade do contra-fuso: 10.000 rpm<br \/>\nEixo C: Eixo principal e contra-eixo<br \/>\nN\u00famero de suportes lineares: 2 pe\u00e7as<br \/>\nN\u00famero total de ferramentas: 35 pe\u00e7as<br \/>\nDimens\u00f5es (CxLxA) em mm: 2,110\u00d71,200\u00d71,885<br \/>\nPeso: 3,300 kg<br \/>\nConvers\u00e3o de torneamento longo para curto<br \/>\nEsta\u00e7\u00f5es de perfura\u00e7\u00e3o profunda<br \/>\nFuso de alta velocidade NAKANISHI<br \/>\nCorredi\u00e7a traseira com eixo Y<br \/>\nPerfura\u00e7\u00e3o transversal na retaguarda<br \/>\nTransportador de aparas<br \/>\nSistema de extin\u00e7\u00e3o de inc\u00eandios<br \/>\nCarregador de barras FMB Minimag 20, ano 2012<\/p>\n<p>A m\u00e1quina pode ser inspeccionada sob pot\u00eancia mediante acordo pr\u00e9vio.<br \/>\nSujeito a altera\u00e7\u00f5es e erros nos dados t\u00e9cnicos e informa\u00e7\u00f5es, bem como a venda pr\u00e9via!<\/p>\n<p>Centro de torneamento\/fresagem CNC de tipo su\u00ed\u00e7o, usado, com eixo B<br \/>\nhoras de funcionamento: 7200<br \/>\ncontrolo: Fanuc 31i-A<br \/>\ncomprimento de maquinagem: m\u00e1x. 250 mm<br \/>\nN\u00famero de eixos controlados: 7 eixos e m\u00e1x. 5 eixos em simult\u00e2neo<br \/>\nEixo B: 0\u00b0-130\u00b0 livremente program\u00e1vel<br \/>\nCapacidade de barras: \u00d8 3 mm at\u00e9 ao m\u00e1ximo de \u00d8 20 mm<br \/>\npot\u00eancia de acionamento do fuso principal: 3,7 kW<br \/>\npot\u00eancia de acionamento do contra-eixo: 2,2 kW<br \/>\nvelocidade do eixo principal: 10.000 rpm<br \/>\nvelocidade do fuso do contador: 10.000 rpm<br \/>\nEixo C: fuso principal e contra-fuso<br \/>\nn\u00famero de suportes lineares: 2 pe\u00e7as<br \/>\nN\u00famero total de ferramentas: 35 pe\u00e7as<br \/>\nDimens\u00f5es (CxLxA) em mm: 2,110\u00d71,200\u00d71,885<br \/>\npeso: 3,300 kg<br \/>\nConvers\u00e3o de torneamento longo para curto<br \/>\nEsta\u00e7\u00f5es de perfura\u00e7\u00e3o profunda<br \/>\nFuso de alta velocidade NAKANISHI<br \/>\nSlide posterior com eixo Y<br \/>\nPerfura\u00e7\u00e3o cruzada do lado posterior<br \/>\nTransportador de aparas<br \/>\nSistema de extin\u00e7\u00e3o de inc\u00eandios<br \/>\nAlimentador de barras FMB Minimag 20, ano 2012<\/p>\n<p>A m\u00e1quina pode ser inspeccionada sob tens\u00e3o mediante marca\u00e7\u00e3o pr\u00e9via.<br \/>\nAltera\u00e7\u00f5es e erros nos dados t\u00e9cnicos e informa\u00e7\u00f5es e sujeitos a venda pr\u00e9via!<\/p>","protected":false},"excerpt":{"rendered":"<p>Standort: Deutschland, Baden-W\u00fcrttemberg S\u00fcdwest Zustand: Gebraucht Hersteller: TSUGAMI Modell: HS2075AX Baujahr: 2012 gebr. CNC-Lang-Kurzdreh\/Fr\u00e4szentrum mit B-Achse Betriebsstunden: 7200 Steuerung: Fanuc 31i-A Bearbeitungsl\u00e4nge: max. 250 mm Anzahl gesteuerter Achsen: 7 Achsen und max. 5-Achsen simultan B-Achse: 0\u00b0-130\u00b0 frei programmierbar Stangendurchlass: \u00d8 3 mm bis max. \u00d8 20 mm Antriebsleistung Hauptspindel: 3,7 kW Antriebsleistung Gegenspindel: 2,2 kW [&hellip;]<\/p>\n","protected":false},"featured_media":2732,"comment_status":"open","ping_status":"closed","template":"","meta":{"_uf_show_specific_survey":0,"_uf_disable_surveys":false},"product_brand":[],"product_cat":[23],"product_tag":[],"class_list":{"0":"post-2741","1":"product","2":"type-product","3":"status-publish","4":"has-post-thumbnail","6":"product_cat-cnc-langdrehmaschinen","8":"first","9":"instock","10":"taxable","11":"shipping-taxable","12":"product-type-simple"},"aioseo_notices":[],"_links":{"self":[{"href":"https:\/\/mueller-wrh.de\/pt\/wp-json\/wp\/v2\/product\/2741","targetHints":{"allow":["GET"]}}],"collection":[{"href":"https:\/\/mueller-wrh.de\/pt\/wp-json\/wp\/v2\/product"}],"about":[{"href":"https:\/\/mueller-wrh.de\/pt\/wp-json\/wp\/v2\/types\/product"}],"replies":[{"embeddable":true,"href":"https:\/\/mueller-wrh.de\/pt\/wp-json\/wp\/v2\/comments?post=2741"}],"wp:featuredmedia":[{"embeddable":true,"href":"https:\/\/mueller-wrh.de\/pt\/wp-json\/wp\/v2\/media\/2732"}],"wp:attachment":[{"href":"https:\/\/mueller-wrh.de\/pt\/wp-json\/wp\/v2\/media?parent=2741"}],"wp:term":[{"taxonomy":"product_brand","embeddable":true,"href":"https:\/\/mueller-wrh.de\/pt\/wp-json\/wp\/v2\/product_brand?post=2741"},{"taxonomy":"product_cat","embeddable":true,"href":"https:\/\/mueller-wrh.de\/pt\/wp-json\/wp\/v2\/product_cat?post=2741"},{"taxonomy":"product_tag","embeddable":true,"href":"https:\/\/mueller-wrh.de\/pt\/wp-json\/wp\/v2\/product_tag?post=2741"}],"curies":[{"name":"wp","href":"https:\/\/api.w.org\/{rel}","templated":true}]}}