{"id":2731,"date":"2025-03-13T16:17:17","date_gmt":"2025-03-13T16:17:17","guid":{"rendered":"https:\/\/mueller-wrh.de\/produkt\/gebr-citizen-l520-vii-mit-iemca-baujahr-2003-intnr230445\/"},"modified":"2025-03-13T16:17:17","modified_gmt":"2025-03-13T16:17:17","slug":"gebr-citizen-l520-vii-mit-iemca-baujahr-2003-intnr230445","status":"publish","type":"product","link":"https:\/\/mueller-wrh.de\/pt\/produto\/gebr-citizen-l520-vii-mit-iemca-baujahr-2003-intnr230445\/","title":{"rendered":"Citizen L520-VII com IEMCA ano de fabrico 2003 (IntNr230445)"},"content":{"rendered":"<p><b>Localiza\u00e7\u00e3o:<\/b> Alemanha, Baden-W\u00fcrttemberg Sudoeste<\/p>\n<p><b>Estado:<\/b> Usado<\/p>\n<p><b>Fabricante:<\/b> Maquinaria da Citizen<\/p>\n<p><b>Ano de constru\u00e7\u00e3o:<\/b> 2003<\/p>\n<p>Torno de cabe\u00e7a deslizante CNC Citizen L520-VII usado, ano 2003<br \/>\nSistema de controlo, Cincom Mitsubishi Meldas,<br \/>\n7 eixos (X1\/Z1\/Y1\/C1\/X2\/Z2\/C2,<br \/>\nHaste \u00d8 m\u00e1x. 20 mm,<br \/>\nComprimento de viragem m\u00e1x. 205 mm,<br \/>\nEixo principal, velocidade m\u00e1xima 10.000 rpm, eixo C 0,001 graus,<br \/>\nContra-eixo, velocidade m\u00e1x. 10.000 rpm, eixo C 0,001 graus,<br \/>\nPorta-ferramentas para um total de 18 ferramentas (porta-ferramentas linear, fixa\u00e7\u00e3o frontal, maquinagem traseira),<br \/>\nTapete transportador de pe\u00e7as,<br \/>\nSistema de extin\u00e7\u00e3o de inc\u00eandios<br \/>\nTransportador de aparas,<br \/>\nCarregamento do carregador IEMCA BOSS 432r<\/p>\n<p>A m\u00e1quina pode ser inspeccionada sob tens\u00e3o mediante marca\u00e7\u00e3o pr\u00e9via.<br \/>\nReservado o direito a altera\u00e7\u00f5es e erros nos dados t\u00e9cnicos e informa\u00e7\u00f5es, bem como a venda pr\u00e9via!<\/p>\n<p>Torno CNC Citizen L520-VII usado, ano 2003<br \/>\ncontrolo, Cincom Mitsubishi Meldas,<br \/>\n7 eixos (X1\/Z1\/Y1\/C1\/X2\/Z2\/C2,<br \/>\nbar-\u00d8 max. 20 mm,<br \/>\ncomprimento de viragem m\u00e1x. 205 mm,<br \/>\nEixo principal, velocidade m\u00e1x. 10.000 rpm, eixo C 0,001 graus,<br \/>\ncontra-fuso, velocidade m\u00e1x. 10.000 rpm, eixo C 0,001 graus,<br \/>\nPorta-ferramentas f. total de 18 ferramentas (porta-ferramentas linear, fixa\u00e7\u00e3o frontal, retrocesso),<br \/>\ncorreia transportadora de pe\u00e7as,<br \/>\nsistema de extin\u00e7\u00e3o de inc\u00eandios<br \/>\ntransportador de aparas,<br \/>\ncarregador IEMCA BOSS 432r<\/p>\n<p>A m\u00e1quina pode ser inspeccionada sob pot\u00eancia mediante acordo pr\u00e9vio.<br \/>\nSujeito a altera\u00e7\u00f5es e erros nos dados t\u00e9cnicos e informa\u00e7\u00f5es, bem como a venda pr\u00e9via!<\/p>","protected":false},"excerpt":{"rendered":"<p>Standort: Deutschland, Baden-W\u00fcrttemberg S\u00fcdwest Zustand: Gebraucht Hersteller: Citizen Machinery Baujahr: 2003 gebr. CNC-Langdrehmaschine Citizen L520-VII, Bj. 2003 Steuerung, Cincom Mitsubishi Meldas, 7 Achsen (X1\/Z1\/Y1\/C1\/X2\/Z2\/C2, Stangen-\u00d8 max. 20 mm, Drehl\u00e4nge max. 205 mm, Hauptspindel, Drehzahl max. 10.000 U\/min, C-Achse 0,001 Grad, Gegenspindel, Drehzahl max. 10.000 U\/min, C-Achse 0,001 Grad, Werkzeughalter f. insgesamt 18 Werkzeuge (Linearwerkzeughalter, Frontapparat, [&hellip;]<\/p>\n","protected":false},"featured_media":2722,"comment_status":"open","ping_status":"closed","template":"","meta":{"_uf_show_specific_survey":0,"_uf_disable_surveys":false},"product_brand":[],"product_cat":[23],"product_tag":[],"class_list":{"0":"post-2731","1":"product","2":"type-product","3":"status-publish","4":"has-post-thumbnail","6":"product_cat-cnc-langdrehmaschinen","8":"first","9":"instock","10":"taxable","11":"shipping-taxable","12":"product-type-simple"},"aioseo_notices":[],"_links":{"self":[{"href":"https:\/\/mueller-wrh.de\/pt\/wp-json\/wp\/v2\/product\/2731","targetHints":{"allow":["GET"]}}],"collection":[{"href":"https:\/\/mueller-wrh.de\/pt\/wp-json\/wp\/v2\/product"}],"about":[{"href":"https:\/\/mueller-wrh.de\/pt\/wp-json\/wp\/v2\/types\/product"}],"replies":[{"embeddable":true,"href":"https:\/\/mueller-wrh.de\/pt\/wp-json\/wp\/v2\/comments?post=2731"}],"wp:featuredmedia":[{"embeddable":true,"href":"https:\/\/mueller-wrh.de\/pt\/wp-json\/wp\/v2\/media\/2722"}],"wp:attachment":[{"href":"https:\/\/mueller-wrh.de\/pt\/wp-json\/wp\/v2\/media?parent=2731"}],"wp:term":[{"taxonomy":"product_brand","embeddable":true,"href":"https:\/\/mueller-wrh.de\/pt\/wp-json\/wp\/v2\/product_brand?post=2731"},{"taxonomy":"product_cat","embeddable":true,"href":"https:\/\/mueller-wrh.de\/pt\/wp-json\/wp\/v2\/product_cat?post=2731"},{"taxonomy":"product_tag","embeddable":true,"href":"https:\/\/mueller-wrh.de\/pt\/wp-json\/wp\/v2\/product_tag?post=2731"}],"curies":[{"name":"wp","href":"https:\/\/api.w.org\/{rel}","templated":true}]}}