{"id":2678,"date":"2025-03-13T16:15:10","date_gmt":"2025-03-13T16:15:10","guid":{"rendered":"https:\/\/mueller-wrh.de\/produkt\/agw-werkzeughalter-fuer-star-wto_410900000-22-k99-927-1-7-i2-18-1-abwaelzfraeseinheit-verzahnungen-intnr20215634\/"},"modified":"2025-03-13T16:15:10","modified_gmt":"2025-03-13T16:15:10","slug":"agw-werkzeughalter-fuer-star-wto_410900000-22-k99-927-1-7-i2-18-1-abwaelzfraeseinheit-verzahnungen-intnr20215634","status":"publish","type":"product","link":"https:\/\/mueller-wrh.de\/pt\/produto\/agw-werkzeughalter-fuer-star-wto_410900000-22-k99-927-1-7-i2-18-1-abwaelzfraeseinheit-verzahnungen-intnr20215634\/","title":{"rendered":"AGW \/ Porta-ferramentas para Star WTO_410900000-22-K99-927-1-7 i2.18-1 engrenagens do grupo fresador (IntNo20215634)"},"content":{"rendered":"<p><b>Localiza\u00e7\u00e3o:<\/b> Alemanha, Baden-W\u00fcrttemberg Sudoeste<\/p>\n<p><b>Estado:<\/b> Como novo<\/p>\n<p><b>Fabricante:<\/b> OMC<\/p>\n<p><b>Ano de constru\u00e7\u00e3o:<\/b> 2017<\/p>\n<p>Fabricado na Alemanha \"MELHOR QUALIDADE\"<br \/>\nN\u00famero de ordem Star WTO_410900000-22<br \/>\nK99-927-1-7 i2.18-1<br \/>\nDentado do grupo fresador de engrenagens<br \/>\nadequado para Star<br \/>\nTipo de m\u00e1quina: ECAS 12; ECAS 20; SR - 10J; SR - 20 JN; SR - 20 RIV A\/B; SR - 20; SR - 32 J; SR - 32 JN; ECAS-12\/20; ECAS-32T; SB-12\/20R; SB-16III; SD-26C\/E\/G\/S; SR-20J\/JN; SR-20JII-A; SR-20JII-B; SR-20RII; SR-20RIII;<br \/>\nSR-32JII-B\/JIII-B; SV-38R; SW-20; SX-38-A; SX-38-B<br \/>\nDi\u00e2metro da haste \/ acoplamento: \u00f822 mm<br \/>\nDesenho: reto<br \/>\nConce\u00e7\u00e3o da ferramenta: conduzida<br \/>\nArrefecimento: interno+externo | externo<br \/>\nm\u00e1x. 2000 rpm<br \/>\n2,18:1<br \/>\n13Nm<br \/>\nReservado o direito a altera\u00e7\u00f5es e erros nos dados t\u00e9cnicos e informa\u00e7\u00f5es, bem como a venda pr\u00e9via!<\/p>\n<p>Fabricado na Alemanha \"MELHOR QUALIDADE\"<br \/>\nN\u00famero de ordem Star. WTO_410900000-22<br \/>\nK99-927-1-7 i2.18-1<br \/>\nEngrenagens do aparelho de eleva\u00e7\u00e3o de engrenagens<br \/>\nadequado para Star<br \/>\nTipo de m\u00e1quina: ECAS 12; ECAS 20; SR - 10J; SR - 20 JN; SR - 20 RIV A\/B; SR - 20; SR - 32 J; SR - 32 JN; ECAS-12\/20; ECAS-32T; SB-12\/20R; SB-16III; SD-26C\/E\/G\/S; SR-20J\/JN; SR-20JII-A; SR-20JII-B; SR-20RII; SR-20RIII;<br \/>\nSR-32JII-B\/JIII-B; SV-38R; SW-20; SX-38-A; SX-38-B<br \/>\nDi\u00e2metro do veio \/ acoplamento: \u00f822 mm<br \/>\nDesenho: reto<br \/>\nConce\u00e7\u00e3o da ferramenta: conduzida<br \/>\nArrefecimento: interno+externo | externo<br \/>\nm\u00e1x. 2000 rpm<br \/>\n2,18:1<br \/>\n13Nm<br \/>\nSujeito a altera\u00e7\u00f5es e erros nos dados t\u00e9cnicos e informa\u00e7\u00f5es, bem como a venda pr\u00e9via!<\/p>","protected":false},"excerpt":{"rendered":"<p>Standort: Deutschland, Baden-W\u00fcrttemberg S\u00fcdwest Zustand: Neuwertig Hersteller: WTO Baujahr: 2017 Made in Germany &#8222;BESTE QUALITAET&#8220; Star Bestell-Nr. WTO_410900000-22 K99-927-1-7 i2.18-1 Abw\u00e4lzfr\u00e4seinheit-Verzahnungen passend f\u00fcr Star Maschinentyp: ECAS 12; ECAS 20; SR &#8211; 10J; SR &#8211; 20 JN; SR &#8211; 20 RIV A\/B; SR &#8211; 20; SR &#8211; 32 J; SR &#8211; 32 JN; ECAS-12\/20; ECAS-32T; SB-12\/20R; [&hellip;]<\/p>\n","protected":false},"featured_media":2671,"comment_status":"open","ping_status":"closed","template":"","meta":{"_uf_show_specific_survey":0,"_uf_disable_surveys":false},"product_brand":[],"product_cat":[20],"product_tag":[],"class_list":{"0":"post-2678","1":"product","2":"type-product","3":"status-publish","4":"has-post-thumbnail","6":"product_cat-werkzeughalter","8":"first","9":"instock","10":"taxable","11":"shipping-taxable","12":"product-type-simple"},"aioseo_notices":[],"_links":{"self":[{"href":"https:\/\/mueller-wrh.de\/pt\/wp-json\/wp\/v2\/product\/2678","targetHints":{"allow":["GET"]}}],"collection":[{"href":"https:\/\/mueller-wrh.de\/pt\/wp-json\/wp\/v2\/product"}],"about":[{"href":"https:\/\/mueller-wrh.de\/pt\/wp-json\/wp\/v2\/types\/product"}],"replies":[{"embeddable":true,"href":"https:\/\/mueller-wrh.de\/pt\/wp-json\/wp\/v2\/comments?post=2678"}],"wp:featuredmedia":[{"embeddable":true,"href":"https:\/\/mueller-wrh.de\/pt\/wp-json\/wp\/v2\/media\/2671"}],"wp:attachment":[{"href":"https:\/\/mueller-wrh.de\/pt\/wp-json\/wp\/v2\/media?parent=2678"}],"wp:term":[{"taxonomy":"product_brand","embeddable":true,"href":"https:\/\/mueller-wrh.de\/pt\/wp-json\/wp\/v2\/product_brand?post=2678"},{"taxonomy":"product_cat","embeddable":true,"href":"https:\/\/mueller-wrh.de\/pt\/wp-json\/wp\/v2\/product_cat?post=2678"},{"taxonomy":"product_tag","embeddable":true,"href":"https:\/\/mueller-wrh.de\/pt\/wp-json\/wp\/v2\/product_tag?post=2678"}],"curies":[{"name":"wp","href":"https:\/\/api.w.org\/{rel}","templated":true}]}}