{"id":2660,"date":"2025-03-13T16:14:29","date_gmt":"2025-03-13T16:14:29","guid":{"rendered":"https:\/\/mueller-wrh.de\/produkt\/werkzeughalter-agw_star-e_2-spindel-frontalbohr-fraesapparat-er16_541-51-00-intnr202101162\/"},"modified":"2025-03-13T16:14:29","modified_gmt":"2025-03-13T16:14:29","slug":"werkzeughalter-agw_star-e_2-spindel-frontalbohr-fraesapparat-er16_541-51-00-intnr202101162","status":"publish","type":"product","link":"https:\/\/mueller-wrh.de\/pt\/produto\/werkzeughalter-agw_star-e_2-spindel-frontalbohr-fraesapparat-er16_541-51-00-intnr202101162\/","title":{"rendered":"Porta-ferramentas AGW_Star (E)_Furadeira\/fresadora de 2 fusos ER16_541-51-00 (IntNo202101162)"},"content":{"rendered":"<p><b>Localiza\u00e7\u00e3o:<\/b> Alemanha, Baden-W\u00fcrttemberg Sudoeste<\/p>\n<p><b>Estado:<\/b> Como novo<\/p>\n<p><b>Fabricante:<\/b> STAR Micronics<\/p>\n<p><b>Modelo:<\/b> ER16_541-51-00<\/p>\n<p><b>Ano de constru\u00e7\u00e3o:<\/b> 2018<\/p>\n<p>Porta-ferramentas Star M\u00e1quina de perfura\u00e7\u00e3o\/fresagem frontal de 2 fusos ER16<br \/>\n541-51-00<br \/>\nAdequado para tipos de estrelas:<br \/>\nStar SB-12\/20R; SB-16III; SD-26C\/E\/G\/S; SR-20J\/JN; SR-20JII-A; SR-20JII-B<br \/>\nSR-20RII; SR-20RIII; SR-20RIV<br \/>\nVelocidade m\u00e1x. 8000 1\/mm<br \/>\nm\u00e1x. 13 Nm<br \/>\nTradu\u00e7\u00e3o 1:1<br \/>\nReservado o direito a altera\u00e7\u00f5es e erros nos dados t\u00e9cnicos e informa\u00e7\u00f5es, bem como a venda pr\u00e9via!<\/p>\n<p>Porta-ferramentas Star - Furador\/fresador frontal de 2 fusos ER16<br \/>\n541-51-00<br \/>\nAdequado para tipos de estrelas:<br \/>\nStar SB-12\/20R; SB-16III; SD-26C\/E\/G\/S; SR-20J\/JN; SR-20JII-A; SR-20JII-B<br \/>\nSR-20RII; SR-20RIII; SR-20RIV<br \/>\nVelocidade m\u00e1x. 8000 1\/mm<br \/>\nm\u00e1x. 13 Nm<br \/>\nRela\u00e7\u00e3o de transmiss\u00e3o 1:1<br \/>\nReservado o direito a altera\u00e7\u00f5es e erros nos dados t\u00e9cnicos e informa\u00e7\u00f5es, bem como a venda pr\u00e9via!<\/p>","protected":false},"excerpt":{"rendered":"<p>Standort: Deutschland, Baden-W\u00fcrttemberg S\u00fcdwest Zustand: Neuwertig Hersteller: STAR Micronics Modell: ER16_541-51-00 Baujahr: 2018 Werkzeughalter Star 2-Spindel-Frontalbohr-Fr\u00e4sapparat ER16 541-51-00 Passend f\u00fcr Star Typen: Star SB-12\/20R; SB-16III; SD-26C\/E\/G\/S; SR-20J\/JN SR-20JII-A; SR-20JII-B SR-20RII; SR-20RIII; SR-20RIV Drehzahl max. 8000 1\/mm max. 13 Nm Uebersetzung 1:1 Aenderungen und Irrtuemer in den technischen Daten und Angaben sowie Zwischenverkauf vorbehalten! Tool holder [&hellip;]<\/p>\n","protected":false},"featured_media":2656,"comment_status":"open","ping_status":"closed","template":"","meta":{"_uf_show_specific_survey":0,"_uf_disable_surveys":false},"product_brand":[],"product_cat":[20],"product_tag":[],"class_list":{"0":"post-2660","1":"product","2":"type-product","3":"status-publish","4":"has-post-thumbnail","6":"product_cat-werkzeughalter","8":"first","9":"instock","10":"taxable","11":"shipping-taxable","12":"product-type-simple"},"aioseo_notices":[],"_links":{"self":[{"href":"https:\/\/mueller-wrh.de\/pt\/wp-json\/wp\/v2\/product\/2660","targetHints":{"allow":["GET"]}}],"collection":[{"href":"https:\/\/mueller-wrh.de\/pt\/wp-json\/wp\/v2\/product"}],"about":[{"href":"https:\/\/mueller-wrh.de\/pt\/wp-json\/wp\/v2\/types\/product"}],"replies":[{"embeddable":true,"href":"https:\/\/mueller-wrh.de\/pt\/wp-json\/wp\/v2\/comments?post=2660"}],"wp:featuredmedia":[{"embeddable":true,"href":"https:\/\/mueller-wrh.de\/pt\/wp-json\/wp\/v2\/media\/2656"}],"wp:attachment":[{"href":"https:\/\/mueller-wrh.de\/pt\/wp-json\/wp\/v2\/media?parent=2660"}],"wp:term":[{"taxonomy":"product_brand","embeddable":true,"href":"https:\/\/mueller-wrh.de\/pt\/wp-json\/wp\/v2\/product_brand?post=2660"},{"taxonomy":"product_cat","embeddable":true,"href":"https:\/\/mueller-wrh.de\/pt\/wp-json\/wp\/v2\/product_cat?post=2660"},{"taxonomy":"product_tag","embeddable":true,"href":"https:\/\/mueller-wrh.de\/pt\/wp-json\/wp\/v2\/product_tag?post=2660"}],"curies":[{"name":"wp","href":"https:\/\/api.w.org\/{rel}","templated":true}]}}