{"id":2655,"date":"2025-03-13T16:14:15","date_gmt":"2025-03-13T16:14:15","guid":{"rendered":"https:\/\/mueller-wrh.de\/produkt\/gebr-cnc-citizen-c16-vi-baujahr-2004-intnr230440\/"},"modified":"2025-03-13T16:14:15","modified_gmt":"2025-03-13T16:14:15","slug":"gebr-cnc-citizen-c16-vi-baujahr-2004-intnr230440","status":"publish","type":"product","link":"https:\/\/mueller-wrh.de\/pt\/produto\/gebr-cnc-citizen-c16-vi-baujahr-2004-intnr230440\/","title":{"rendered":"marca CNC Citizen C16-VI ano 2004 (IntNr230440)"},"content":{"rendered":"<p><b>Localiza\u00e7\u00e3o:<\/b> Alemanha, Baden-W\u00fcrttemberg Sudoeste<\/p>\n<p><b>Estado:<\/b> Usado<\/p>\n<p><b>Fabricante:<\/b> Maquinaria da Citizen<\/p>\n<p><b>Modelo:<\/b> C16-VI<\/p>\n<p><b>Ano de constru\u00e7\u00e3o:<\/b> 2004<\/p>\n<p>Unidade de controlo, fabricada por CINCOM MITSUBISHI Meldas<br \/>\n6 eixos (X1\/Z1\/Y1\/C1\/X2\/Z2),<br \/>\nHaste \u00d8 m\u00e1x. 16 mm,<br \/>\nComprimento de viragem m\u00e1x. 200 mm,<br \/>\nEixo principal, velocidade m\u00e1xima 10.000 rpm, eixo C 0,001 graus,<br \/>\nContra-eixo \u00d8 m\u00e1x. 16 mm,<br \/>\nVelocidade m\u00e1xima do contra-fuso de 10.000 rpm, incluindo indexa\u00e7\u00e3o do fuso<br \/>\nPorta-ferramentas para um total de 17 ferramentas (porta-ferramentas linear, fixa\u00e7\u00e3o frontal, maquinagem traseira),<br \/>\nTapete transportador de pe\u00e7as<br \/>\nTransportador de aparas<br \/>\nSistema de extin\u00e7\u00e3o de inc\u00eandios<br \/>\nRevista de carregamento IEMCA Genius 118\/3200 Ano 2005<\/p>\n<p>A m\u00e1quina pode ser visitada mediante marca\u00e7\u00e3o pr\u00e9via.<br \/>\nReservado o direito a altera\u00e7\u00f5es e erros nos dados t\u00e9cnicos e informa\u00e7\u00f5es, bem como a venda pr\u00e9via!<\/p>\n<p>controlo, fazer CINCOM MITSUBISHI Meldas<br \/>\n6 eixos (X1\/Z1\/Y1\/C1\/X2\/Z2),<br \/>\nbar-\u00d8 max. 16 mm,<br \/>\ncomprimento de viragem m\u00e1x. 200 mm,<br \/>\nEixo principal, velocidade m\u00e1x. 10.000 rpm, eixo C 0,001 graus,<br \/>\ncontra-eixo \u00d8 m\u00e1x. 16 mm,<br \/>\nvelocidade do contra-fuso m\u00e1x. 10.000 rpm, incluindo indexa\u00e7\u00e3o do fuso<br \/>\nPorta-ferramentas para um total de 17 ferramentas (porta-ferramentas linear, fixa\u00e7\u00e3o frontal, retrocesso),<br \/>\ncorreia transportadora de pe\u00e7as<br \/>\nTransportador de aparas<br \/>\nSistema de extin\u00e7\u00e3o de inc\u00eandios<br \/>\nRevista de carregamento IEMCA Genius 118\/3200 ano de constru\u00e7\u00e3o 2005<\/p>\n<p>A m\u00e1quina pode ser inspeccionada mediante marca\u00e7\u00e3o pr\u00e9via.<br \/>\nAltera\u00e7\u00f5es e erros nos dados t\u00e9cnicos e informa\u00e7\u00f5es e sujeitos a venda pr\u00e9via!<\/p>","protected":false},"excerpt":{"rendered":"<p>Standort: Deutschland, Baden-W\u00fcrttemberg S\u00fcdwest Zustand: Gebraucht Hersteller: Citizen Machinery Modell: C16-VI Baujahr: 2004 Steuerung, Fabr. CINCOM MITSUBISHI Meldas 6 Achsen (X1\/Z1\/Y1\/C1\/X2\/Z2), Stangen-\u00d8 max. 16 mm, Drehl\u00e4nge max. 200 mm, Hauptspindel, Drehzahl max. 10.000 U\/min, C-Achse 0,001 Grad, Gegenspindel-\u00d8 max. 16 mm, Gegenspindeldrehzahl max. 10.000 U\/min, inkl. Spindelindexierung Werkzeughalter f. insgesamt 17 Werkzeuge (Linearwerkzeughalter, Frontapparat, R\u00fcckseitenbearbeitung), [&hellip;]<\/p>\n","protected":false},"featured_media":2646,"comment_status":"open","ping_status":"closed","template":"","meta":{"_uf_show_specific_survey":0,"_uf_disable_surveys":false},"product_brand":[],"product_cat":[23],"product_tag":[],"class_list":{"0":"post-2655","1":"product","2":"type-product","3":"status-publish","4":"has-post-thumbnail","6":"product_cat-cnc-langdrehmaschinen","8":"first","9":"instock","10":"taxable","11":"shipping-taxable","12":"product-type-simple"},"aioseo_notices":[],"_links":{"self":[{"href":"https:\/\/mueller-wrh.de\/pt\/wp-json\/wp\/v2\/product\/2655","targetHints":{"allow":["GET"]}}],"collection":[{"href":"https:\/\/mueller-wrh.de\/pt\/wp-json\/wp\/v2\/product"}],"about":[{"href":"https:\/\/mueller-wrh.de\/pt\/wp-json\/wp\/v2\/types\/product"}],"replies":[{"embeddable":true,"href":"https:\/\/mueller-wrh.de\/pt\/wp-json\/wp\/v2\/comments?post=2655"}],"wp:featuredmedia":[{"embeddable":true,"href":"https:\/\/mueller-wrh.de\/pt\/wp-json\/wp\/v2\/media\/2646"}],"wp:attachment":[{"href":"https:\/\/mueller-wrh.de\/pt\/wp-json\/wp\/v2\/media?parent=2655"}],"wp:term":[{"taxonomy":"product_brand","embeddable":true,"href":"https:\/\/mueller-wrh.de\/pt\/wp-json\/wp\/v2\/product_brand?post=2655"},{"taxonomy":"product_cat","embeddable":true,"href":"https:\/\/mueller-wrh.de\/pt\/wp-json\/wp\/v2\/product_cat?post=2655"},{"taxonomy":"product_tag","embeddable":true,"href":"https:\/\/mueller-wrh.de\/pt\/wp-json\/wp\/v2\/product_tag?post=2655"}],"curies":[{"name":"wp","href":"https:\/\/api.w.org\/{rel}","templated":true}]}}