{"id":767,"date":"2024-11-17T13:40:02","date_gmt":"2024-11-17T13:40:02","guid":{"rendered":"https:\/\/mueller-wrh.de\/cookie-richtlinie\/"},"modified":"2024-11-17T13:40:02","modified_gmt":"2024-11-17T13:40:02","slug":"cookie-richtlinie","status":"publish","type":"page","link":"https:\/\/mueller-wrh.de\/pt\/cookie-richtlinie\/","title":{"rendered":"Pol\u00edtica de cookies"},"content":{"rendered":"<p>Com esta pol\u00edtica de cookies, pretendemos explicar que os cookies e tecnologias semelhantes aos cookies s\u00e3o utilizados por n\u00f3s e por outros prestadores de servi\u00e7os neste s\u00edtio Web para recolher informa\u00e7\u00f5es em qualquer altura e para qualquer fim.<\/p><h2>\u00cdndice<\/h2><ul><li><a href=\"#controller-of-the-website\">Pessoa respons\u00e1vel pelo s\u00edtio Web<\/a><\/li><li><a href=\"#diff-to-privacy-policy\">Suplemento \u00e0 pol\u00edtica de prote\u00e7\u00e3o de dados<\/a><\/li><li><a href=\"#cookie-technology\">O que s\u00e3o cookies e tecnologias semelhantes?<\/a><\/li><li><a href=\"#legal-basis\">Qual \u00e9 a base legal para a defini\u00e7\u00e3o\/leitura de cookies?<\/a><\/li><li><a href=\"#rights-of-visitor\">Que direitos tem o visitante do s\u00edtio Web?<\/a><\/li><li><a href=\"#manage-cookies\">Como posso gerir os cookies num browser?<\/a><\/li><li><a href=\"#types-of-cookies\">Que tipos de cookies existem?<\/a><\/li><li><a href=\"#cookies-origin\">Quem pode instalar cookies neste s\u00edtio Web?<\/a><\/li><li><a href=\"#list-of-services\">Que cookies s\u00e3o utilizados neste s\u00edtio Web?<\/a><\/li><\/ul><h2 id=\"controller-of-the-website\">Pessoa respons\u00e1vel pelo s\u00edtio Web<\/h2><ul><li><strong>Prestador: <\/strong>M\u00fcller Werkzeugmaschinen Robotik & Handelshaus e. K., Alemanha<\/li><li><strong>Correio eletr\u00f3nico: <\/strong><a target=\"_blank\" href=\"mailto:Rolf.Mueller@mueller-wrh.de\">Rolf.Mueller@mueller-wrh.de<\/a><\/li><\/ul><h2 id=\"diff-to-privacy-policy\">Suplemento \u00e0 pol\u00edtica de prote\u00e7\u00e3o de dados<\/h2><p>Esta Pol\u00edtica de Cookies \u00e9 um suplemento \u00e0 {{Pol\u00edtica de Privacidade}} Pol\u00edtica de Privacidade{{\/privacyPolicy}} deste s\u00edtio Web. A pol\u00edtica de cookies define a forma como um s\u00edtio Web utiliza os cookies e os dados que recolhe com eles, enquanto a pol\u00edtica de privacidade fornece uma vis\u00e3o geral mais abrangente de todas as actividades de processamento de dados no s\u00edtio Web e n\u00e3o s\u00f3.<\/p><h2 id=\"cookie-technology\">O que s\u00e3o cookies e tecnologias semelhantes?<\/h2><p>Os cookies s\u00e3o pequenas unidades de informa\u00e7\u00e3o, semelhantes a ficheiros de texto, que podem ser armazenadas e lidas no dispositivo final. T\u00eam v\u00e1rias finalidades, incluindo a manuten\u00e7\u00e3o das fun\u00e7\u00f5es b\u00e1sicas do s\u00edtio Web, a seguran\u00e7a e a prote\u00e7\u00e3o de dados, o fornecimento de fun\u00e7\u00f5es opcionais do s\u00edtio Web, a recolha de dados estat\u00edsticos sobre os fluxos de visitantes e o fornecimento de sistemas de marketing. Exemplos pr\u00e1ticos do que pode ser armazenado nos cookies s\u00e3o o armazenamento do estado de in\u00edcio de sess\u00e3o em contas de utilizador, o conte\u00fado dos cestos de compras em plataformas de com\u00e9rcio eletr\u00f3nico o uma ID de utilizador para rastrear o comportamento no s\u00edtio Web.<br \/><br \/>Tecnicamente, as informa\u00e7\u00f5es podem ser armazenadas de v\u00e1rias formas. Os exemplos mais conhecidos s\u00e3o os cookies HTTP e as tecnologias semelhantes a cookies, como o armazenamento local, o armazenamento de sess\u00e3o ou a IndexedDB. Cada tipo de armazenamento tem carater\u00edsticas diferentes que determinam o tratamento t\u00e9cnico, a acessibilidade e as pessoas autorizadas respons\u00e1veis pelo acesso \u00e0 informa\u00e7\u00e3o. Todos estes tipos de armazenamento s\u00e3o geralmente resumidos sob o termo \"cookies\" e, por conseguinte, s\u00e3o tamb\u00e9m referidos como tal na presente pol\u00edtica de cookies.<\/p><h2 id=\"legal-basis\">Qual \u00e9 a base legal para a defini\u00e7\u00e3o\/leitura de cookies?<\/h2><p>A defini\u00e7\u00e3o e leitura de cookies s\u00f3 \u00e9 permitida na Uni\u00e3o Europeia (UE) e no Espa\u00e7o Econ\u00f3mico Europeu (EEE), de acordo com o Artigo 5 da Lei portuguesa da Privacidade nas Comunica\u00e7\u00f5es Eletr\u00f3nicas, se um utilizador tiver dado o seu consentimento com base em informa\u00e7\u00f5es abrangentes sobre os objectivos do processamento. O operador do s\u00edtio Web tamb\u00e9m pode instalar cookies se estes forem absolutamente necess\u00e1rios para lhe fornecer, enquanto utilizador, o servi\u00e7o expressamente solicitado, por exemplo, o conte\u00fado b\u00e1sico deste s\u00edtio Web ou outros cookies estritamente necess\u00e1rios para fun\u00e7\u00f5es b\u00e1sicas do s\u00edtio Web que lhe s\u00e3o apresentados sem o seu consentimento.<\/p><h2 id=\"rights-of-visitor\">Que direitos tem o visitante do s\u00edtio Web?<\/h2><p>Os servi\u00e7os e respectivos cookies podem ser definidos e lidos com base no seu consentimento ou num interesse leg\u00edtimo. Quando visitou este s\u00edtio Web pela primeira vez, foi-lhe pedido o seu consentimento e teve a oportunidade de se opor \u00e0 utiliza\u00e7\u00e3o de determinados servi\u00e7os. Explicamos a base legal utilizada para cada servi\u00e7o no nosso di\u00e1logo de consentimento.<br \/><br \/>Tem o direito de ver o hist\u00f3rico das suas decis\u00f5es, alterar as suas defini\u00e7\u00f5es de prote\u00e7\u00e3o de dados, opor-se \u00e0 utiliza\u00e7\u00e3o de servi\u00e7os e retirar o seu consentimento em qualquer altura. Abaixo encontrar\u00e1 formas de exercer os seus direitos:<br \/><ul><li><a  href=\"#consent-change\" role=\"button\" id=\"rcb-sc-link-change\" data-success-message=\"\" class=\"rcb-sc-link rcb-sc-link-change\">Alterar as defini\u00e7\u00f5es de privacidade<\/a><\/li><li><a  href=\"#consent-history\" role=\"button\" id=\"rcb-sc-link-history\" data-success-message=\"\" class=\"rcb-sc-link rcb-sc-link-history\">Hist\u00f3rico das defini\u00e7\u00f5es de privacidade<\/a><\/li><li><a  href=\"#consent-revoke\" role=\"button\" id=\"rcb-sc-link-revoke\" data-success-message=\"Revogou com \u00eaxito o seu consentimento para os servi\u00e7os com os respectivos cookies e o processamento de dados pessoais. A p\u00e1gina ser\u00e1 agora recarregada!\" class=\"rcb-sc-link rcb-sc-link-revoke\">Revogar consentimentos<\/a><\/li><\/ul><\/p><h2 id=\"manage-cookies\">Como posso gerir os cookies num browser?<\/h2><p><ul><li><strong>Como remover cookies num browser:<\/strong> Para remover os cookies do seu dispositivo, pode aceitar os dados do browser nas defini\u00e7\u00f5es do seu dispositivo. Isto ir\u00e1 apagar todos os cookies de todos os s\u00edtios Web que visitou, incluindo possivelmente os dados de in\u00edcio de sess\u00e3o guardados e as defini\u00e7\u00f5es do s\u00edtio Web. Em alguns browsers, \u00e9 poss\u00edvel desativar os cookies e os dados semi-sincronizados sem desativar todo o hist\u00f3rico de navega\u00e7\u00e3o.<\/li><li><strong>Como controlar os cookies num browser:<\/strong> Se quiser ter um controlo mais preciso sobre os cookies de determinados s\u00edtios Web, v\u00e1 \u00e0s defini\u00e7\u00f5es de privacidade e de cookies no seu navegador. Aqui pode ajustar as defini\u00e7\u00f5es para a utiliza\u00e7\u00e3o de cookies em s\u00edtios Web individuais.<\/li><li><strong>Como bloquear cookies num browser:<\/strong> Com a maioria dos browsers modernos, \u00e9 poss\u00edvel especificar nas defini\u00e7\u00f5es que os cookies n\u00e3o est\u00e3o activados no seu dispositivo. No entanto, o bloqueio de cookies pode fazer com que determinados servi\u00e7os e fun\u00e7\u00f5es n\u00e3o funcionem corretamente, por exemplo, o in\u00edcio de sess\u00e3o como utilizador. Existem tamb\u00e9m extens\u00f5es para muitos browsers que podem bloquear a defini\u00e7\u00e3o de cookies nas nossas p\u00e1ginas web.<\/li><li><strong>Como gerir os cookies neste s\u00edtio web:<\/strong> Para personalizar as suas prefer\u00eancias relativamente aos cookies neste s\u00edtio Web, pode alterar as suas defini\u00e7\u00f5es em qualquer altura, clicando na liga\u00e7\u00e3o na sec\u00e7\u00e3o \"Direitos dos visitantes do s\u00edtio Web\".<\/li><\/li><\/ul><p>Pode encontrar mais informa\u00e7\u00f5es sobre o tratamento de cookies em <a href=\"https:\/\/devowl.io\/de\/rcb\/cookie-handhabung\/\" target=\"_blank\">devowl.io\/en\/rcb\/cookie-handling\/<\/a>.<\/p><\/p><h2 id=\"types-of-cookies\">Que tipos de cookies existem?<\/h2><p><ul><li><strong>Biscoitos essenciais<\/strong> s\u00e3o essenciais para a funcionalidade b\u00e1sica de um s\u00edtio Web e permitem fun\u00e7\u00f5es como o armazenamento de informa\u00e7\u00f5es de in\u00edcio de sess\u00e3o ou o acesso a \u00e1reas seguras do s\u00edtio Web. Estes incluem, por exemplo, cookies de seguran\u00e7a que podem identificar um bot que n\u00e3o \u00e9 desejado no s\u00edtio Web, armazenando uma chave de autentica\u00e7\u00e3o num cookie.<\/li><li><strong>Cookies funcionais<\/strong> melhorar a experi\u00eancia do utilizador, armazenando informa\u00e7\u00f5es e prefer\u00eancias, como defini\u00e7\u00f5es de idioma ou defini\u00e7\u00f5es para o aspeto do s\u00edtio Web, para permitir uma visualiza\u00e7\u00e3o personalizada. Isto inclui, por exemplo, cookies de prefer\u00eancia, que armazenam a qualidade de v\u00eddeo preferida do utilizador num s\u00edtio Web.<\/li><li><strong>Cookies de estat\u00edsticas<\/strong> recolher dados sobre a utiliza\u00e7\u00e3o de um s\u00edtio Web, a fim de obter informa\u00e7\u00f5es sobre o comportamento dos utilizadores e otimizar o desempenho do s\u00edtio Web. Isto inclui, por exemplo, um ID de utilizador atribu\u00eddo aleatoriamente que pode ser utilizado para determinar se o utilizador visitou uma subp\u00e1gina do s\u00edtio Web.<\/li><li><strong>Cookies de marketing<\/strong> s\u00e3o utilizados para seguir o comportamento dos utilizadores em diferentes s\u00edtios Web e para apresentar publicidade personalizada com base nos interesses e no comportamento de navega\u00e7\u00e3o dos utilizadores. Isto inclui, por exemplo, cookies de publicidade que armazenam uma intera\u00e7\u00e3o com um an\u00fancio no s\u00edtio web e a transmitem aos anunciantes, ou um sistema de conversa\u00e7\u00e3o para perguntas pr\u00e9-compra e apoio ao cliente.<\/li><\/li><\/ul><\/p><h2 id=\"cookies-origin\">Quem pode instalar cookies neste s\u00edtio Web?<\/h2><p>Neste s\u00edtio Web, tanto o operador do s\u00edtio Web como os servi\u00e7os de terceiros utilizados neste s\u00edtio Web podem definir cookies e aceder ao seu conte\u00fado. \u00c9 feita uma distin\u00e7\u00e3o entre cookies prim\u00e1rios e cookies de terceiros quanto a quem pode aceder a que cookies e ao seu conte\u00fado. Os cookies de primeira parte s\u00e3o criados pelo s\u00edtio Web visitado e s\u00f3 podem ser lidos pelo operador do s\u00edtio Web e pelos servi\u00e7os de terceiros integrados neste s\u00edtio Web. Os cookies de terceiros s\u00e3o normalmente definidos por servi\u00e7os de terceiros noutros dom\u00ednios, podem ser lidos em todos os s\u00edtios Web em que o servi\u00e7o que controla o dom\u00ednio est\u00e1 integrado e s\u00e3o utilizados, por exemplo, por redes de publicidade para seguir o comportamento dos utilizadores em diferentes s\u00edtios Web e oferecer publicidade personalizada.<\/p><h2 id=\"list-of-services\">Que cookies s\u00e3o utilizados neste s\u00edtio Web?<\/h2><script type=\"application\/json\">{\"search\":{\"placeholder\":\"Pesquisar...\"},\"sort\":{\"sortAsc\":\"Ordenar coluna por ordem crescente\",\"sortDesc\":\"Ordenar coluna por ordem decrescente\"},\"pagination\":{\"previous\":\"Anterior\",\"next\":\"Seguinte\",\"navigate\":\"P\\u00e1gina %1$d de %2$d\",\"page\":\"P\\u00e1gina %d\",\"showing\":\"A mostrar\",\"of\":\"de\",\"to\":\"a\",\"results\":\"resultados\"},\"noRecordsFound\":\"N\\u00e3o foram encontrados resultados correspondentes \\u00e0 sua pesquisa\"}<\/script><table  class=\"devowl-wp-react-cookie-banner-cookie-policy\"><thead><tr><th width=\"200px\" scope=\"col\">Classe<\/th><th width=\"400px\" scope=\"col\">Cookies t\u00e9cnicos<\/th><th width=\"400px\" scope=\"col\">Alojamento de cookies t\u00e9cnicos<\/th><th width=\"400px\" scope=\"col\">Servi\u00e7o<\/th><th width=\"250px\" scope=\"col\">Dura\u00e7\u00e3o<\/th><th width=\"200px\" scope=\"col\">Tipo<\/th><th width=\"550px\" scope=\"col\">Finalidade<\/th><\/tr><\/thead><tbody><tr><td>Essencial<\/td><td>banner_de_cookie_real*<\/td><td>.mueller-wrh.de<\/td><td>Faixa de bolacha real<\/td><td>365 dias<\/td><td>Cookie HTTP<\/td><td>Identificador \u00fanico para o consentimento, mas n\u00e3o para o visitante do s\u00edtio Web. Hash de revis\u00e3o para as defini\u00e7\u00f5es da faixa de cookies (textos, cores, fun\u00e7\u00f5es, grupos de servi\u00e7os, servi\u00e7os, bloqueadores de conte\u00fados, etc.). IDs para servi\u00e7os e grupos de servi\u00e7os consentidos.<\/td><\/tr><tr><td>Essencial<\/td><td>real_cookie_banner*-tcf<\/td><td>.mueller-wrh.de<\/td><td>Faixa de bolacha real<\/td><td>365 dias<\/td><td>Cookie HTTP<\/td><td>Consentimentos recolhidos no \u00e2mbito do TCF e armazenados no formato TC String, incluindo fornecedores, finalidades, finalidades especiais, fun\u00e7\u00f5es e fun\u00e7\u00f5es especiais do TCF.<\/td><\/tr><tr><td>Essencial<\/td><td>real_cookie_banner*-gcm<\/td><td>.mueller-wrh.de<\/td><td>Faixa de bolacha real<\/td><td>365 dias<\/td><td>Cookie HTTP<\/td><td>Os consentimentos recolhidos no Modo de Consentimento do Google para os v\u00e1rios tipos de consentimento (finalidades) s\u00e3o armazenados para todos os servi\u00e7os compat\u00edveis com o Modo de Consentimento do Google.<\/td><\/tr><tr><td>Essencial<\/td><td>real_cookie_banner-test<\/td><td>.mueller-wrh.de<\/td><td>Faixa de bolacha real<\/td><td>365 dias<\/td><td>Cookie HTTP<\/td><td>Cookie que foi definido para testar a funcionalidade dos cookies HTTP. \u00c9 eliminado imediatamente ap\u00f3s o teste.<\/td><\/tr><tr><td>Essencial<\/td><td>banner_de_cookie_real*<\/td><td>https:\/\/mueller-wrh.de<\/td><td>Faixa de bolacha real<\/td><td>-<\/td><td>Armazenamento local<\/td><td>Identificador \u00fanico para o consentimento, mas n\u00e3o para o visitante do s\u00edtio Web. Hash de revis\u00e3o para as defini\u00e7\u00f5es da faixa de cookies (textos, cores, fun\u00e7\u00f5es, grupos de servi\u00e7os, servi\u00e7os, bloqueadores de conte\u00fados, etc.). IDs para servi\u00e7os e grupos de servi\u00e7os consentidos. Apenas armazenados at\u00e9 que o consentimento seja documentado no servidor do s\u00edtio Web.<\/td><\/tr><tr><td>Essencial<\/td><td>real_cookie_banner*-tcf<\/td><td>https:\/\/mueller-wrh.de<\/td><td>Faixa de bolacha real<\/td><td>-<\/td><td>Armazenamento local<\/td><td>Os consentimentos recolhidos no \u00e2mbito do TCF s\u00e3o armazenados no formato de cadeia TC, incluindo fornecedores do TCF, objectivos, objectivos especiais, fun\u00e7\u00f5es e fun\u00e7\u00f5es especiais. Armazenados apenas at\u00e9 o consentimento ser documentado no servidor do s\u00edtio Web.<\/td><\/tr><tr><td>Essencial<\/td><td>real_cookie_banner*-gcm<\/td><td>https:\/\/mueller-wrh.de<\/td><td>Faixa de bolacha real<\/td><td>-<\/td><td>Armazenamento local<\/td><td>Os consentimentos registados como parte do Modo de consentimento do Google s\u00e3o armazenados em tipos de consentimento (finalidades) para todos os servi\u00e7os compat\u00edveis com o Modo de consentimento do Google. S\u00f3 \u00e9 armazenado at\u00e9 que o consentimento seja documentado no servidor do s\u00edtio Web.<\/td><\/tr><tr><td>Essencial<\/td><td>real_cookie_banner-consent-queue*<\/td><td>https:\/\/mueller-wrh.de<\/td><td>Faixa de bolacha real<\/td><td>-<\/td><td>Armazenamento local<\/td><td>Armazenamento em cache local da sele\u00e7\u00e3o no banner do cookie at\u00e9 que o servidor documente o consentimento; a documenta\u00e7\u00e3o \u00e9 tentada periodicamente ou ao mudar de p\u00e1gina se o servidor n\u00e3o estiver dispon\u00edvel ou estiver sobrecarregado.<\/td><\/tr><tr><td>Funcional<\/td><td>wpEmojiSettingsSupports<\/td><td>https:\/\/mueller-wrh.de<\/td><td>Emojis do WordPress<\/td><td>SESS\u00c3O<\/td><td>Armazenamento de sess\u00f5es<\/td><td>Carimbos de data e hora e se \u00e9 poss\u00edvel definir emojis<\/td><\/tr><\/tbody><\/table><p>A pol\u00edtica de cookies foi actualizada pela \u00faltima vez em 6 de fevereiro de 2025.<\/p>","protected":false},"excerpt":{"rendered":"","protected":false},"author":1,"featured_media":0,"parent":0,"menu_order":0,"comment_status":"closed","ping_status":"closed","template":"","meta":{"_uf_show_specific_survey":0,"_uf_disable_surveys":false,"footnotes":""},"class_list":["post-767","page","type-page","status-publish","hentry"],"aioseo_notices":[],"_links":{"self":[{"href":"https:\/\/mueller-wrh.de\/pt\/wp-json\/wp\/v2\/pages\/767","targetHints":{"allow":["GET"]}}],"collection":[{"href":"https:\/\/mueller-wrh.de\/pt\/wp-json\/wp\/v2\/pages"}],"about":[{"href":"https:\/\/mueller-wrh.de\/pt\/wp-json\/wp\/v2\/types\/page"}],"author":[{"embeddable":true,"href":"https:\/\/mueller-wrh.de\/pt\/wp-json\/wp\/v2\/users\/1"}],"replies":[{"embeddable":true,"href":"https:\/\/mueller-wrh.de\/pt\/wp-json\/wp\/v2\/comments?post=767"}],"version-history":[{"count":0,"href":"https:\/\/mueller-wrh.de\/pt\/wp-json\/wp\/v2\/pages\/767\/revisions"}],"wp:attachment":[{"href":"https:\/\/mueller-wrh.de\/pt\/wp-json\/wp\/v2\/media?parent=767"}],"curies":[{"name":"wp","href":"https:\/\/api.w.org\/{rel}","templated":true}]}}