{"id":267,"date":"2024-11-16T12:31:43","date_gmt":"2024-11-16T12:31:43","guid":{"rendered":"https:\/\/mueller-wrh.de\/versandarten\/"},"modified":"2024-11-17T12:26:39","modified_gmt":"2024-11-17T12:26:39","slug":"versandarten","status":"publish","type":"page","link":"https:\/\/mueller-wrh.de\/pt\/versandarten\/","title":{"rendered":"Pagamento e envio"},"content":{"rendered":"<p><strong>Op\u00e7\u00f5es de pagamento:<\/strong><\/p>\n\n\n\n<p>Pr\u00e9-pagamento<\/p>\n\n\n\n<p>Se selecionar o m\u00e9todo de pagamento pr\u00e9-pagamento, os nossos dados banc\u00e1rios s\u00e3o os seguintes<\/p>\n\n\n\n<p>Baden-W\u00fcrttembergische Bank<\/p>\n\n\n\n<p>IBAN: DE38&nbsp;<a href=\"tel:6005 0101 0405 3888\">6005 0101 0405 3888<\/a>&nbsp;53<\/p>\n\n\n\n<p>BIC: SOLADEST600<\/p>\n\n\n\n<p>Contra-reembolso<\/p>\n\n\n\n<p>O pre\u00e7o de compra \u00e9 pago diretamente ao distribuidor. H\u00e1 um custo adicional de 6,50 euros.<\/p>\n\n\n\n<p>PayPal Plus<\/p>\n\n\n\n<p>Como parte do servi\u00e7o de pagamento PayPal Plus, oferecemos-lhe v\u00e1rios m\u00e9todos de pagamento como servi\u00e7os PayPal. Ser\u00e1 redireccionado para o s\u00edtio Web do fornecedor online PayPal. A\u00ed pode introduzir os seus dados de pagamento, confirmar a utiliza\u00e7\u00e3o dos seus dados por PayPal e a instru\u00e7\u00e3o de pagamento a PayPal.<\/p>\n\n\n\n<p>Se selecionou o m\u00e9todo de pagamento PayPal, deve estar registado ou registar-se primeiro e legitimar-se com os seus dados de acesso para poder pagar o montante da fatura. A transa\u00e7\u00e3o de pagamento ser\u00e1 executada automaticamente pelo PayPal imediatamente ap\u00f3s a confirma\u00e7\u00e3o da instru\u00e7\u00e3o de pagamento. Receber\u00e1 mais instru\u00e7\u00f5es durante o processo de encomenda.<\/p>\n\n\n\n<p><strong>Expedi\u00e7\u00e3o na Alemanha<\/strong><\/p>\n\n\n\n<p>1\u00aas entregas<\/p>\n\n\n\n<p>A entrega \u00e9 efectuada na Alemanha.<\/p>\n\n\n\n<p>1.1 Custos de transporte<\/p>\n\n\n\n<p>Os custos de envio dos produtos s\u00e3o calculados por encomenda e em fun\u00e7\u00e3o do peso e do montante de base. Incluem o imposto sobre o valor acrescentado alem\u00e3o obrigat\u00f3rio. Montante de base para:<\/p>\n\n\n\n<p>Encomenda at\u00e9 2 kg: 2,38 euros<\/p>\n\n\n\n<p>Encomenda at\u00e9 5 kg: 6,80 euros<\/p>\n\n\n\n<p>Encomenda at\u00e9 10 kg: 8,75 euros<\/p>\n\n\n\n<p>Encomenda at\u00e9 20 kg: 12,80 \u20ac<\/p>\n\n\n\n<p>Encomenda at\u00e9 30 kg: 14,80 \u20ac<\/p>\n\n\n\n<p>Encomendas a partir de 30 kg: a pre\u00e7o de custo<\/p>\n\n\n\n<p>Os custos de envio exactos da sua encomenda encontram-se no cesto de compras, por baixo do total da encomenda.&nbsp;<\/p>\n\n\n\n<p><strong>Expedi\u00e7\u00e3o para fora da Alemanha<\/strong><\/p>\n\n\n\n<p>2. entregas<\/p>\n\n\n\n<p>2.1 Custos de transporte<\/p>\n\n\n\n<p>As encomendas ser\u00e3o facturadas ao pre\u00e7o de custo.&nbsp;<\/p>\n\n\n\n<p>3.&nbsp;<strong>Prazos de entrega&nbsp;<\/strong><\/p>\n\n\n\n<p>Se n\u00e3o for especificado outro prazo na respectiva oferta, os bens ser\u00e3o entregues dentro e fora da Alemanha&nbsp;<\/p>\n\n\n\n<p>no prazo de 3 a 5 dias ap\u00f3s a celebra\u00e7\u00e3o do contrato (no caso de pagamento antecipado acordado ap\u00f3s o momento da sua instru\u00e7\u00e3o de pagamento).<\/p>\n\n\n\n<p>Note-se que n\u00e3o s\u00e3o efectuadas entregas aos domingos e feriados.<\/p>\n\n\n\n<p>Se o cliente tiver encomendado artigos com prazos de entrega diferentes, os artigos ser\u00e3o expedidos numa \u00fanica remessa, exceto se tivermos acordado com o cliente outras condi\u00e7\u00f5es. Neste caso, o prazo de entrega \u00e9 determinado pelo artigo encomendado com o prazo de entrega mais longo.<\/p>\n\n\n\n<p>Se tiver alguma d\u00favida, encontrar\u00e1 os nossos dados de contacto no aviso legal.<\/p>","protected":false},"excerpt":{"rendered":"<p>Zahlungsm\u00f6glichkeiten: Vorkasse Bei Auswahl der Zahlungsart Vorkasse lautet unsere Bankverbindung: Baden-W\u00fcrttembergische Bank IBAN: DE38&nbsp;6005 0101 0405 3888&nbsp;53 BIC: SOLADEST600 Nachnahme Sie zahlen den Kaufpreis direkt beim Zusteller. Es fallen zzgl. 6,50 Euro als Kosten an. PayPal Plus Im Rahmen des Zahlungsdienstes PayPal Plus bieten wir Ihnen verschiedene Zahlungsmethoden als PayPal Services an. Sie werden auf [&hellip;]<\/p>\n","protected":false},"author":1,"featured_media":0,"parent":0,"menu_order":0,"comment_status":"closed","ping_status":"closed","template":"","meta":{"_uf_show_specific_survey":0,"_uf_disable_surveys":false,"footnotes":""},"class_list":["post-267","page","type-page","status-publish","hentry"],"aioseo_notices":[],"_links":{"self":[{"href":"https:\/\/mueller-wrh.de\/pt\/wp-json\/wp\/v2\/pages\/267","targetHints":{"allow":["GET"]}}],"collection":[{"href":"https:\/\/mueller-wrh.de\/pt\/wp-json\/wp\/v2\/pages"}],"about":[{"href":"https:\/\/mueller-wrh.de\/pt\/wp-json\/wp\/v2\/types\/page"}],"author":[{"embeddable":true,"href":"https:\/\/mueller-wrh.de\/pt\/wp-json\/wp\/v2\/users\/1"}],"replies":[{"embeddable":true,"href":"https:\/\/mueller-wrh.de\/pt\/wp-json\/wp\/v2\/comments?post=267"}],"version-history":[{"count":2,"href":"https:\/\/mueller-wrh.de\/pt\/wp-json\/wp\/v2\/pages\/267\/revisions"}],"predecessor-version":[{"id":743,"href":"https:\/\/mueller-wrh.de\/pt\/wp-json\/wp\/v2\/pages\/267\/revisions\/743"}],"wp:attachment":[{"href":"https:\/\/mueller-wrh.de\/pt\/wp-json\/wp\/v2\/media?parent=267"}],"curies":[{"name":"wp","href":"https:\/\/api.w.org\/{rel}","templated":true}]}}