{"id":266,"date":"2024-11-16T12:31:43","date_gmt":"2024-11-16T12:31:43","guid":{"rendered":"https:\/\/mueller-wrh.de\/widerrufsbelehrung\/"},"modified":"2024-11-17T16:21:31","modified_gmt":"2024-11-17T16:21:31","slug":"widerrufsbelehrung","status":"publish","type":"page","link":"https:\/\/mueller-wrh.de\/pt\/widerrufsbelehrung\/","title":{"rendered":"Pol\u00edtica de cancelamento"},"content":{"rendered":"<p>Os particulares\/consumidores disp\u00f5em de um direito de anula\u00e7\u00e3o de catorze dias.<\/p>\n\n\n\n<p>O comprador tem o direito de rescindir o contrato no prazo de catorze dias, sem necessidade de indicar qualquer motivo. O prazo de rescis\u00e3o \u00e9 de catorze dias a contar do dia em que o comprador ou um terceiro por ele designado, que n\u00e3o seja o transportador, tenha tomado posse da \u00faltima mercadoria.<\/p>\n\n\n\n<p>Para exercer o direito de rescis\u00e3o, tem de nos informar (M\u00fcller Werkzeugmaschinen Robotik &amp; Handelshaus e. K., Turmstr. 1, 72351 Geislingen, Telefone: +49 7428 9188869, Endere\u00e7o de e-mail: Rolf.Mueller@mueller-wrh.de) da sua decis\u00e3o de rescindir este contrato atrav\u00e9s de uma declara\u00e7\u00e3o inequ\u00edvoca (por exemplo, uma carta enviada por correio, fax ou correio eletr\u00f3nico). Pode utilizar o modelo de formul\u00e1rio de rescis\u00e3o em anexo, mas tal n\u00e3o \u00e9 obrigat\u00f3rio.<\/p>\n\n\n\n<p>Para respeitar o prazo de anula\u00e7\u00e3o, basta enviar a notifica\u00e7\u00e3o do exerc\u00edcio do direito de anula\u00e7\u00e3o antes do termo do per\u00edodo de anula\u00e7\u00e3o.<\/p>\n\n\n\n<p>Consequ\u00eancias da anula\u00e7\u00e3o<\/p>\n\n\n\n<p>Se o cliente rescindir o contrato, reembolsaremos todos os pagamentos recebidos do cliente, incluindo os custos de entrega (com exce\u00e7\u00e3o dos custos suplementares resultantes da escolha de um tipo de entrega diferente do tipo de entrega normal menos dispendioso oferecido pelo cliente), sem atrasos indevidos e, em qualquer caso, o mais tardar 14 dias a contar do dia em que formos informados da decis\u00e3o do cliente de rescindir o contrato. Para este reembolso, utilizaremos os mesmos meios de pagamento que utilizou para a transa\u00e7\u00e3o original, salvo acordo expresso em contr\u00e1rio com o cliente; em caso algum lhe ser\u00e3o cobradas quaisquer taxas por este reembolso. Podemos reter o reembolso at\u00e9 termos recebido os bens de volta ou at\u00e9 o utilizador ter apresentado prova de que devolveu os bens, consoante o que ocorrer primeiro.<\/p>\n\n\n\n<p>Deve devolver-nos ou entregar-nos a mercadoria imediatamente e, em qualquer caso, no prazo m\u00e1ximo de catorze dias a contar da data em que nos informar da resolu\u00e7\u00e3o do presente contrato. O prazo \u00e9 respeitado se a mercadoria for expedida antes do termo do prazo de catorze dias. O comprador suporta os custos diretos da devolu\u00e7\u00e3o da mercadoria. S\u00f3 tem de pagar uma eventual perda de valor da mercadoria se essa perda de valor se dever a um manuseamento da mercadoria que n\u00e3o seja necess\u00e1rio para verificar o seu estado, propriedades e funcionalidade.<\/p>\n\n\n\n<p>Motivos de exclus\u00e3o ou anula\u00e7\u00e3o<\/p>\n\n\n\n<p>O direito de rescis\u00e3o n\u00e3o se aplica aos contratos<\/p>\n\n\n\n<p>- para a entrega de bens pr\u00e9-fabricados e para o fabrico dos quais seja determinante uma sele\u00e7\u00e3o ou determina\u00e7\u00e3o individual por parte do consumidor ou que sejam claramente adaptados \u00e0s necessidades pessoais do consumidor;<\/p>\n\n\n\n<p>O direito de rescis\u00e3o expira prematuramente para os contratos<\/p>\n\n\n\n<p>- para a entrega de mercadorias seladas que n\u00e3o possam ser devolvidas por raz\u00f5es de prote\u00e7\u00e3o da sa\u00fade ou de higiene, se o selo tiver sido retirado ap\u00f3s a entrega;<\/p>\n\n\n\n<p>- para a entrega de mercadorias se, devido \u00e0 sua natureza, estas tiverem sido inseparavelmente misturadas com outras mercadorias ap\u00f3s a entrega;<\/p>\n\n\n\n<p>Modelo de formul\u00e1rio de cancelamento<\/p>\n\n\n\n<p>(Se desejar rescindir o contrato, preencha e devolva este formul\u00e1rio).<\/p>\n\n\n\n<p>- Para M\u00fcller Werkzeugmaschinen Robotik &amp; Handelshaus e. K., Turmstr. 1, 72351 Geislingen, telefone: +49 7428 9188869, endere\u00e7o eletr\u00f3nico: Rolf.Mueller@mueller-wrh.de<\/p>\n\n\n\n<p>- Eu\/n\u00f3s (*) resolvo\/resolvemos o contrato celebrado por mim\/n\u00f3s (*) para a compra dos seguintes bens (*)\/a presta\u00e7\u00e3o do seguinte servi\u00e7o (*)<\/p>\n\n\n\n<p>- Encomendado em (*)\/recebido em (*)<\/p>\n\n\n\n<p>- Nome do(s) consumidor(es)<\/p>\n\n\n\n<p>- Endere\u00e7o do(s) consumidor(es)<\/p>\n\n\n\n<p>- Assinatura do(s) consumidor(es) (apenas para notifica\u00e7\u00e3o em papel)<\/p>\n\n\n\n<p>- Data (*) Riscar o que n\u00e3o interessa.<\/p>","protected":false},"excerpt":{"rendered":"<p>Privatpersonen\/Verbraucher haben ein vierzehnt\u00e4giges Widerrufsrecht. Sie haben das Recht, binnen vierzehn Tagen ohne Angabe von Gr\u00fcnden diesen Vertrag zu widerrufen. Die Widerrufsfrist betr\u00e4gt vierzehn Tage ab dem Tag an dem Sie oder ein von Ihnen benannter Dritter, der nicht der Bef\u00f6rderer ist, die letzte Ware in Besitz genommen haben bzw. hat. Um Ihr Widerrufsrecht auszu\u00fcben, [&hellip;]<\/p>\n","protected":false},"author":1,"featured_media":0,"parent":0,"menu_order":0,"comment_status":"closed","ping_status":"closed","template":"","meta":{"_uf_show_specific_survey":0,"_uf_disable_surveys":false,"footnotes":""},"class_list":["post-266","page","type-page","status-publish","hentry"],"aioseo_notices":[],"_links":{"self":[{"href":"https:\/\/mueller-wrh.de\/pt\/wp-json\/wp\/v2\/pages\/266","targetHints":{"allow":["GET"]}}],"collection":[{"href":"https:\/\/mueller-wrh.de\/pt\/wp-json\/wp\/v2\/pages"}],"about":[{"href":"https:\/\/mueller-wrh.de\/pt\/wp-json\/wp\/v2\/types\/page"}],"author":[{"embeddable":true,"href":"https:\/\/mueller-wrh.de\/pt\/wp-json\/wp\/v2\/users\/1"}],"replies":[{"embeddable":true,"href":"https:\/\/mueller-wrh.de\/pt\/wp-json\/wp\/v2\/comments?post=266"}],"version-history":[{"count":1,"href":"https:\/\/mueller-wrh.de\/pt\/wp-json\/wp\/v2\/pages\/266\/revisions"}],"predecessor-version":[{"id":791,"href":"https:\/\/mueller-wrh.de\/pt\/wp-json\/wp\/v2\/pages\/266\/revisions\/791"}],"wp:attachment":[{"href":"https:\/\/mueller-wrh.de\/pt\/wp-json\/wp\/v2\/media?parent=266"}],"curies":[{"name":"wp","href":"https:\/\/api.w.org\/{rel}","templated":true}]}}