{"id":263,"date":"2024-11-16T12:31:43","date_gmt":"2024-11-16T12:31:43","guid":{"rendered":"https:\/\/mueller-wrh.de\/impressum\/"},"modified":"2025-09-05T11:53:03","modified_gmt":"2025-09-05T11:53:03","slug":"impressum","status":"publish","type":"page","link":"https:\/\/mueller-wrh.de\/pt\/impressum\/","title":{"rendered":"Impress\u00e3o"},"content":{"rendered":"<p>Informa\u00e7\u00f5es de acordo com o \u00a7 5 TMG<\/p>\n<p>M\u00fcller Werkzeugmaschinen Robotik &amp; Handelshaus e.K.<\/p>\n<p>Escrit\u00f3rio:<\/p>\n<p>Turmstrasse 1<\/p>\n<p>72351 Geislingen<\/p>\n<p>Rolamento:<\/p>\n<p>No Hub 10<\/p>\n<p>76307 Karlsbad<\/p>\n<p>N.\u00ba de identifica\u00e7\u00e3o IVA: DE194044973<\/p>\n<p>Contacto:<\/p>\n<p>Telefone: <a href=\"tel:+49 (0) 7428 9188869\">+49 (0) 7428 9188869<\/a><\/p>\n<p>Telem\u00f3vel: <a href=\"tel:+49 (0) 151 61553657\">+49 (0) 151 61553657<\/a><\/p>\n<p>Correio eletr\u00f3nico: office@mueller-wrh.de<\/p>\n<p>Inscri\u00e7\u00e3o no registo comercial:<\/p>\n<p>Tribunal de registo Tribunal local de Stuttgart<\/p>\n<p>Registo comercial: HRA 737211<\/p>\n<p>Respons\u00e1vel pelo conte\u00fado de acordo com o \u00a7 55 Abs. 2 RStV<\/p>\n<p>Rolf M\u00fcller<\/p>\n<p>Turmstrasse 1<\/p>\n<p>72351 Geislingen<\/p>\n<p>Resolu\u00e7\u00e3o de lit\u00edgios<\/p>\n<p>A Comiss\u00e3o Europeia disponibiliza uma plataforma para a resolu\u00e7\u00e3o de lit\u00edgios em linha (OS): https:\/\/ec.europa.eu\/consumers\/odr.<\/p>\n<p>O nosso endere\u00e7o de correio eletr\u00f3nico consta do aviso legal acima.<\/p>\n<p>N\u00e3o estamos dispostos ou obrigados a participar num processo de resolu\u00e7\u00e3o de lit\u00edgios perante uma comiss\u00e3o de arbitragem de consumidores.<\/p>\n<p>Responsabilidade pelo conte\u00fado<\/p>\n<p>Como prestador de servi\u00e7os, somos respons\u00e1veis pelo nosso pr\u00f3prio conte\u00fado nestas p\u00e1ginas, de acordo com o \u00a7 7 (1) da TMG (Lei Alem\u00e3 de Telem\u00e9dia) e a legisla\u00e7\u00e3o geral. No entanto, de acordo com os \u00a7\u00a7 8 a 10 da TMG, n\u00f3s, como prestadores de servi\u00e7os, n\u00e3o somos obrigados a monitorizar informa\u00e7\u00f5es transmitidas ou armazenadas de terceiros ou a investigar circunst\u00e2ncias que indiquem atividade ilegal.<\/p>\n<p>As obriga\u00e7\u00f5es de remover ou bloquear a utiliza\u00e7\u00e3o de informa\u00e7\u00f5es, de acordo com a legisla\u00e7\u00e3o geral, n\u00e3o s\u00e3o afectadas por este facto. No entanto, a responsabilidade a este respeito s\u00f3 \u00e9 poss\u00edvel a partir do momento em que tomamos conhecimento de uma infra\u00e7\u00e3o espec\u00edfica. Assim que tivermos conhecimento de tais infrac\u00e7\u00f5es, removeremos imediatamente esse conte\u00fado.<\/p>\n<p>Responsabilidade pelas liga\u00e7\u00f5es<\/p>\n<p>O nosso s\u00edtio Web cont\u00e9m liga\u00e7\u00f5es para s\u00edtios Web externos de terceiros sobre cujo conte\u00fado n\u00e3o temos qualquer influ\u00eancia. Por conseguinte, n\u00e3o podemos aceitar qualquer responsabilidade por este conte\u00fado de terceiros. O respetivo fornecedor ou operador das p\u00e1ginas \u00e9 sempre respons\u00e1vel pelo conte\u00fado das p\u00e1ginas ligadas. As p\u00e1ginas ligadas foram verificadas quanto a poss\u00edveis viola\u00e7\u00f5es legais no momento da liga\u00e7\u00e3o. N\u00e3o foram detectados conte\u00fados ilegais no momento da liga\u00e7\u00e3o.<\/p>\n<p>No entanto, o controlo permanente do conte\u00fado das p\u00e1ginas ligadas n\u00e3o \u00e9 razo\u00e1vel sem provas concretas de uma infra\u00e7\u00e3o. Se tivermos conhecimento de quaisquer infrac\u00e7\u00f5es legais, removeremos imediatamente essas liga\u00e7\u00f5es.<\/p>\n<p>Direitos de autor<\/p>\n<p>O conte\u00fado e os trabalhos criados pelos operadores do s\u00edtio nestas p\u00e1ginas est\u00e3o sujeitos \u00e0 lei alem\u00e3 dos direitos de autor. A duplica\u00e7\u00e3o, processamento, distribui\u00e7\u00e3o e qualquer tipo de utiliza\u00e7\u00e3o fora dos limites da lei de direitos de autor requerem o consentimento escrito do respetivo autor ou criador. Os downloads e c\u00f3pias deste s\u00edtio s\u00f3 s\u00e3o permitidos para uso privado e n\u00e3o comercial.<\/p>\n<p>Na medida em que o conte\u00fado deste s\u00edtio n\u00e3o foi criado pelo operador, os direitos de autor de terceiros s\u00e3o respeitados. Em particular, os conte\u00fados de terceiros s\u00e3o assinalados como tal. Se, no entanto, tiver conhecimento de uma infra\u00e7\u00e3o aos direitos de autor, informe-nos. Se tivermos conhecimento de qualquer infra\u00e7\u00e3o, removeremos imediatamente esse conte\u00fado.<\/p>","protected":false},"excerpt":{"rendered":"<p>Angaben gem\u00e4\u00df \u00a7 5 TMG M\u00fcller Werkzeugmaschinen Robotik &amp; Handelshaus e.K. Office: Turmstra\u00dfe 1 72351 Geislingen Lager: Auf der Hub 10 76307 Karlsbad Ust.-Id-Nr.: DE194044973 Kontakt: Telefon: +49 (0) 7428 9188869 Mobilt.: +49 (0) 151 61553657 E-Mail: office@mueller-wrh.de Handelsregistereintrag: Registergericht Amtsgericht Stuttgart Handelsregister: HRA 737211 Verantwortlich f\u00fcr den Inhalt nach \u00a7 55 Abs. 2 RStV [&hellip;]<\/p>\n","protected":false},"author":1,"featured_media":0,"parent":0,"menu_order":0,"comment_status":"closed","ping_status":"closed","template":"","meta":{"_uf_show_specific_survey":0,"_uf_disable_surveys":false,"footnotes":""},"class_list":["post-263","page","type-page","status-publish","hentry"],"aioseo_notices":[],"_links":{"self":[{"href":"https:\/\/mueller-wrh.de\/pt\/wp-json\/wp\/v2\/pages\/263","targetHints":{"allow":["GET"]}}],"collection":[{"href":"https:\/\/mueller-wrh.de\/pt\/wp-json\/wp\/v2\/pages"}],"about":[{"href":"https:\/\/mueller-wrh.de\/pt\/wp-json\/wp\/v2\/types\/page"}],"author":[{"embeddable":true,"href":"https:\/\/mueller-wrh.de\/pt\/wp-json\/wp\/v2\/users\/1"}],"replies":[{"embeddable":true,"href":"https:\/\/mueller-wrh.de\/pt\/wp-json\/wp\/v2\/comments?post=263"}],"version-history":[{"count":3,"href":"https:\/\/mueller-wrh.de\/pt\/wp-json\/wp\/v2\/pages\/263\/revisions"}],"predecessor-version":[{"id":3923,"href":"https:\/\/mueller-wrh.de\/pt\/wp-json\/wp\/v2\/pages\/263\/revisions\/3923"}],"wp:attachment":[{"href":"https:\/\/mueller-wrh.de\/pt\/wp-json\/wp\/v2\/media?parent=263"}],"curies":[{"name":"wp","href":"https:\/\/api.w.org\/{rel}","templated":true}]}}