{"id":21,"date":"2024-11-15T18:23:45","date_gmt":"2024-11-15T18:23:45","guid":{"rendered":"https:\/\/mueller-wrh.de\/dienstleistungen\/"},"modified":"2024-11-17T16:47:10","modified_gmt":"2024-11-17T16:47:10","slug":"dienstleistungen","status":"publish","type":"page","link":"https:\/\/mueller-wrh.de\/pt\/dienstleistungen\/","title":{"rendered":"servi\u00e7os"},"content":{"rendered":"<div class=\"wp-block-group alignfull has-background-background-color has-background has-global-padding is-layout-constrained wp-block-group-is-layout-constrained\" style=\"margin-top:0;margin-bottom:0;padding-top:0;padding-bottom:0\">\n<div class=\"wp-block-cover alignfull\" style=\"padding-top:0;padding-right:var(--wp--preset--spacing--30);padding-bottom:0;padding-left:var(--wp--preset--spacing--30);min-height:50px;aspect-ratio:unset;\"><span aria-hidden=\"true\" class=\"wp-block-cover__background has-black-background-color has-background-dim-60 has-background-dim\"><\/span><img loading=\"lazy\" decoding=\"async\" width=\"1280\" height=\"960\" class=\"wp-block-cover__image-background wp-image-33\" alt=\"\" src=\"https:\/\/mueller-wrh.de\/wp-content\/uploads\/2024\/11\/cdff33ad14897f92f13c3f886e68cdbdbe56a077.jpg\" data-object-fit=\"cover\" srcset=\"https:\/\/mueller-wrh.de\/wp-content\/uploads\/2024\/11\/cdff33ad14897f92f13c3f886e68cdbdbe56a077.jpg 1280w, https:\/\/mueller-wrh.de\/wp-content\/uploads\/2024\/11\/cdff33ad14897f92f13c3f886e68cdbdbe56a077-16x12.jpg 16w, https:\/\/mueller-wrh.de\/wp-content\/uploads\/2024\/11\/cdff33ad14897f92f13c3f886e68cdbdbe56a077-300x225.jpg 300w, https:\/\/mueller-wrh.de\/wp-content\/uploads\/2024\/11\/cdff33ad14897f92f13c3f886e68cdbdbe56a077-768x576.jpg 768w, https:\/\/mueller-wrh.de\/wp-content\/uploads\/2024\/11\/cdff33ad14897f92f13c3f886e68cdbdbe56a077-1024x768.jpg 1024w, https:\/\/mueller-wrh.de\/wp-content\/uploads\/2024\/11\/cdff33ad14897f92f13c3f886e68cdbdbe56a077-600x450.jpg 600w\" sizes=\"auto, (max-width: 1280px) 100vw, 1280px\" \/><div class=\"wp-block-cover__inner-container is-layout-flow wp-block-cover-is-layout-flow\">\n<div class=\"wp-block-group has-global-padding is-layout-constrained wp-block-group-is-layout-constrained\" style=\"padding-top:var(--wp--preset--spacing--60);padding-bottom:var(--wp--preset--spacing--60)\">\n<h1 class=\"wp-block-heading alignwide has-text-align-left has-text-color has-x-large-font-size\" style=\"color:#fffffffc\">Servi\u00e7os de alta qualidade e especializados<\/h1>\n<\/div>\n<\/div><\/div>\n<\/div>\n\n\n\n<div class=\"wp-block-group alignfull has-tertiary-background-color has-background has-global-padding is-layout-constrained wp-container-core-group-is-layout-7276a2bb wp-block-group-is-layout-constrained\" id=\"dienstleistungen\" style=\"margin-top:0;margin-bottom:0;padding-top:var(--wp--preset--spacing--60);padding-right:var(--wp--preset--spacing--30);padding-bottom:var(--wp--preset--spacing--60);padding-left:var(--wp--preset--spacing--30)\">\n<div class=\"wp-block-group alignwide has-global-padding is-content-justification-left is-layout-constrained wp-container-core-group-is-layout-8b4c372c wp-block-group-is-layout-constrained\">\n<h2 class=\"wp-block-heading has-large-font-size\">Servi\u00e7os completos para as suas m\u00e1quinas<\/h2>\n\n\n\n<p style=\"margin-top:16px\">Os nossos servi\u00e7os especializados incluem compra e venda, financiamento, inspec\u00e7\u00f5es de m\u00e1quinas, manuten\u00e7\u00e3o, otimiza\u00e7\u00e3o e muito mais. A nossa equipa experiente est\u00e1 pronta para responder a todas as suas perguntas e esclarecer as suas preocupa\u00e7\u00f5es. Confie em n\u00f3s para obter e manter as suas m\u00e1quinas em excelente forma.<\/p>\n<\/div>\n\n\n\n<div class=\"wp-block-columns alignwide is-layout-flex wp-container-core-columns-is-layout-5b525043 wp-block-columns-is-layout-flex\">\n<div class=\"wp-block-column is-layout-flow wp-block-column-is-layout-flow\">\n<figure class=\"wp-block-image size-full ext-aspect-landscape\"><img loading=\"lazy\" decoding=\"async\" width=\"1121\" height=\"699\" src=\"https:\/\/mueller-wrh.de\/wp-content\/uploads\/2024\/11\/screenshot-2024-11-14-155610.jpg\" alt=\"\" class=\"wp-image-225\" style=\"aspect-ratio:4\/3;object-fit:cover\" srcset=\"https:\/\/mueller-wrh.de\/wp-content\/uploads\/2024\/11\/screenshot-2024-11-14-155610.jpg 1121w, https:\/\/mueller-wrh.de\/wp-content\/uploads\/2024\/11\/screenshot-2024-11-14-155610-18x12.jpg 18w, https:\/\/mueller-wrh.de\/wp-content\/uploads\/2024\/11\/screenshot-2024-11-14-155610-300x187.jpg 300w, https:\/\/mueller-wrh.de\/wp-content\/uploads\/2024\/11\/screenshot-2024-11-14-155610-768x479.jpg 768w, https:\/\/mueller-wrh.de\/wp-content\/uploads\/2024\/11\/screenshot-2024-11-14-155610-1024x639.jpg 1024w, https:\/\/mueller-wrh.de\/wp-content\/uploads\/2024\/11\/screenshot-2024-11-14-155610-600x374.jpg 600w\" sizes=\"auto, (max-width: 1121px) 100vw, 1121px\" \/><\/figure>\n\n\n\n<h3 class=\"wp-block-heading\" style=\"margin-top:24px;font-size:clamp(14px, 0.875rem + ((1vw - 3.2px) * 0.625), 20px);line-height:1.5\">Compra e venda<\/h3>\n\n\n\n<p class=\"has-small-font-size\" style=\"margin-top:8px\">As m\u00e1quinas de alta qualidade requerem uma grande experi\u00eancia e conhecimentos na compra e venda. Pode confiar em n\u00f3s.<\/p>\n<\/div>\n\n\n\n<div class=\"wp-block-column is-layout-flow wp-block-column-is-layout-flow\">\n<figure class=\"wp-block-image size-full ext-aspect-landscape\"><img loading=\"lazy\" decoding=\"async\" width=\"1280\" height=\"1920\" src=\"https:\/\/mueller-wrh.de\/wp-content\/uploads\/2024\/11\/d9c6cb7512e6f27eaeec35e6eaf18cb60fb427d6.jpg\" alt=\"\" class=\"wp-image-43\" style=\"aspect-ratio:4\/3;object-fit:cover\" srcset=\"https:\/\/mueller-wrh.de\/wp-content\/uploads\/2024\/11\/d9c6cb7512e6f27eaeec35e6eaf18cb60fb427d6.jpg 1280w, https:\/\/mueller-wrh.de\/wp-content\/uploads\/2024\/11\/d9c6cb7512e6f27eaeec35e6eaf18cb60fb427d6-8x12.jpg 8w, https:\/\/mueller-wrh.de\/wp-content\/uploads\/2024\/11\/d9c6cb7512e6f27eaeec35e6eaf18cb60fb427d6-200x300.jpg 200w, https:\/\/mueller-wrh.de\/wp-content\/uploads\/2024\/11\/d9c6cb7512e6f27eaeec35e6eaf18cb60fb427d6-768x1152.jpg 768w, https:\/\/mueller-wrh.de\/wp-content\/uploads\/2024\/11\/d9c6cb7512e6f27eaeec35e6eaf18cb60fb427d6-683x1024.jpg 683w, https:\/\/mueller-wrh.de\/wp-content\/uploads\/2024\/11\/d9c6cb7512e6f27eaeec35e6eaf18cb60fb427d6-1024x1536.jpg 1024w, https:\/\/mueller-wrh.de\/wp-content\/uploads\/2024\/11\/d9c6cb7512e6f27eaeec35e6eaf18cb60fb427d6-600x900.jpg 600w\" sizes=\"auto, (max-width: 1280px) 100vw, 1280px\" \/><\/figure>\n\n\n\n<h3 class=\"wp-block-heading\" style=\"margin-top:24px;font-size:clamp(14px, 0.875rem + ((1vw - 3.2px) * 0.625), 20px);line-height:1.5\">Op\u00e7\u00f5es de financiamento e leasing<\/h3>\n\n\n\n<p class=\"has-small-font-size\" style=\"margin-top:8px\">Op\u00e7\u00f5es flex\u00edveis de financiamento e leasing para as suas m\u00e1quinas usadas. Para saber mais!<\/p>\n<\/div>\n\n\n\n<div class=\"wp-block-column is-layout-flow wp-block-column-is-layout-flow\">\n<figure class=\"wp-block-image size-full ext-aspect-landscape\"><img loading=\"lazy\" decoding=\"async\" width=\"1536\" height=\"2048\" src=\"https:\/\/mueller-wrh.de\/wp-content\/uploads\/2024\/11\/img_4759.jpeg\" alt=\"\" class=\"wp-image-484\" style=\"aspect-ratio:4\/3;object-fit:cover\" srcset=\"https:\/\/mueller-wrh.de\/wp-content\/uploads\/2024\/11\/img_4759.jpeg 1536w, https:\/\/mueller-wrh.de\/wp-content\/uploads\/2024\/11\/img_4759-9x12.jpeg 9w, https:\/\/mueller-wrh.de\/wp-content\/uploads\/2024\/11\/img_4759-225x300.jpeg 225w, https:\/\/mueller-wrh.de\/wp-content\/uploads\/2024\/11\/img_4759-768x1024.jpeg 768w, https:\/\/mueller-wrh.de\/wp-content\/uploads\/2024\/11\/img_4759-1152x1536.jpeg 1152w, https:\/\/mueller-wrh.de\/wp-content\/uploads\/2024\/11\/img_4759-600x800.jpeg 600w\" sizes=\"auto, (max-width: 1536px) 100vw, 1536px\" \/><\/figure>\n\n\n\n<h3 class=\"wp-block-heading\" style=\"margin-top:24px;font-size:clamp(14px, 0.875rem + ((1vw - 3.2px) * 0.625), 20px);line-height:1.5\">Com\u00e9rcio de m\u00e1quinas<\/h3>\n\n\n\n<p class=\"has-small-font-size\" style=\"margin-top:8px\">Grande sele\u00e7\u00e3o de m\u00e1quinas usadas com acess\u00f3rios e rob\u00f3tica. Visite-nos online.<\/p>\n<\/div>\n<\/div>\n<\/div>\n\n\n\n<div class=\"wp-block-group alignfull has-background-background-color has-background has-global-padding is-layout-constrained wp-container-core-group-is-layout-68d5e5bb wp-block-group-is-layout-constrained\" id=\"funktionen\" style=\"margin-top:0;margin-bottom:0;padding-top:var(--wp--preset--spacing--50);padding-right:var(--wp--preset--spacing--30);padding-bottom:var(--wp--preset--spacing--60);padding-left:var(--wp--preset--spacing--30)\">\n<div class=\"wp-block-group alignwide has-global-padding is-content-justification-left is-layout-constrained wp-container-core-group-is-layout-12dd3699 wp-block-group-is-layout-constrained\">\n<h2 class=\"wp-block-heading has-large-font-size\" style=\"margin-top:12px\">Porque pode confiar em n\u00f3s<\/h2>\n\n\n\n<p style=\"margin-top:16px\">H\u00e1 muitas raz\u00f5es para confiar em n\u00f3s. Eis algumas das mais importantes:<\/p>\n<\/div>\n\n\n\n<div class=\"wp-block-columns alignwide is-layout-flex wp-container-core-columns-is-layout-08c01c1c wp-block-columns-is-layout-flex\">\n<div class=\"wp-block-column is-layout-flow wp-block-column-is-layout-flow\">\n<figure class=\"wp-block-image size-full\"><img decoding=\"async\" src=\"https:\/\/mueller-wrh.de\/wp-content\/uploads\/2024\/11\/tempImageSi8bc5.heic\" alt=\"\" class=\"wp-image-346\" style=\"aspect-ratio:1;object-fit:cover\"\/><\/figure>\n<\/div>\n\n\n\n<div class=\"wp-block-column is-layout-flow wp-container-core-column-is-layout-ef883af5 wp-block-column-is-layout-flow\">\n<div class=\"wp-block-group has-tertiary-background-color has-background has-global-padding is-layout-constrained wp-container-core-group-is-layout-0e4ecca0 wp-block-group-is-layout-constrained\" style=\"padding-top:1.5rem;padding-right:1.5rem;padding-bottom:1.5rem;padding-left:1.5rem\">\n<h3 class=\"wp-block-heading\" style=\"font-size:clamp(14px, 0.875rem + ((1vw - 3.2px) * 0.625), 20px);line-height:1.5\">Vasta gama<\/h3>\n\n\n\n<p class=\"has-small-font-size\" style=\"margin-top:8px\">Vasta gama de m\u00e1quinas, novas e usadas. Encontre a solu\u00e7\u00e3o certa para si.<\/p>\n<\/div>\n\n\n\n<div class=\"wp-block-group has-tertiary-background-color has-background has-global-padding is-layout-constrained wp-container-core-group-is-layout-0e4ecca0 wp-block-group-is-layout-constrained\" style=\"padding-top:1.5rem;padding-right:1.5rem;padding-bottom:1.5rem;padding-left:1.5rem\">\n<h3 class=\"wp-block-heading\" style=\"font-size:clamp(14px, 0.875rem + ((1vw - 3.2px) * 0.625), 20px);line-height:1.5\">Apoio orientado para os servi\u00e7os<\/h3>\n\n\n\n<p class=\"has-small-font-size\" style=\"margin-top:8px\">Temos todo o gosto em apoi\u00e1-lo na sua escolha. A sua satisfa\u00e7\u00e3o conta.<\/p>\n<\/div>\n\n\n\n<div class=\"wp-block-group has-tertiary-background-color has-background has-global-padding is-layout-constrained wp-container-core-group-is-layout-0e4ecca0 wp-block-group-is-layout-constrained\" style=\"padding-top:1.5rem;padding-right:1.5rem;padding-bottom:1.5rem;padding-left:1.5rem\">\n<h3 class=\"wp-block-heading\" style=\"font-size:clamp(14px, 0.875rem + ((1vw - 3.2px) * 0.625), 20px);line-height:1.5\">Experi\u00eancia abrangente<\/h3>\n\n\n\n<p class=\"has-small-font-size\" style=\"margin-top:8px\">Beneficie da nossa experi\u00eancia e compet\u00eancia no dom\u00ednio das m\u00e1quinas-ferramentas.<\/p>\n<\/div>\n\n\n\n<div class=\"wp-block-group has-tertiary-background-color has-background has-global-padding is-layout-constrained wp-container-core-group-is-layout-0e4ecca0 wp-block-group-is-layout-constrained\" style=\"padding-top:1.5rem;padding-right:1.5rem;padding-bottom:1.5rem;padding-left:1.5rem\">\n<h3 class=\"wp-block-heading\" style=\"font-size:clamp(14px, 0.875rem + ((1vw - 3.2px) * 0.625), 20px);line-height:1.5\">M\u00e1quinas de qualidade<\/h3>\n\n\n\n<p class=\"has-small-font-size\" style=\"margin-top:8px\">M\u00e1quinas de alta qualidade para as suas necessidades. Confie na nossa experi\u00eancia e apoio.<\/p>\n<\/div>\n<\/div>\n<\/div>\n<\/div>","protected":false},"excerpt":{"rendered":"<p>Umfassende Dienstleistungen f\u00fcr Ihre Maschinen Unsere spezialisierten Dienstleistungen umfassen An- und Verkauf, , Finanzierungen, Maschineninspektionen, Instandhaltungen, Optimierungen, und vieles mehr. Unser erfahrenes Team steht bereit, um alle Ihre Fragen zu beantworten und Ihre Anliegen zu kl\u00e4ren. Vertrauen Sie uns, um Ihre Maschinen in Bestform zu bringen und zu halten. An- und Verkauf Hochwertige Maschinen bed\u00fcrfen [&hellip;]<\/p>\n","protected":false},"author":1,"featured_media":0,"parent":0,"menu_order":0,"comment_status":"closed","ping_status":"closed","template":"no-title","meta":{"_uf_show_specific_survey":0,"_uf_disable_surveys":false,"footnotes":""},"class_list":["post-21","page","type-page","status-publish","hentry"],"aioseo_notices":[],"_links":{"self":[{"href":"https:\/\/mueller-wrh.de\/pt\/wp-json\/wp\/v2\/pages\/21","targetHints":{"allow":["GET"]}}],"collection":[{"href":"https:\/\/mueller-wrh.de\/pt\/wp-json\/wp\/v2\/pages"}],"about":[{"href":"https:\/\/mueller-wrh.de\/pt\/wp-json\/wp\/v2\/types\/page"}],"author":[{"embeddable":true,"href":"https:\/\/mueller-wrh.de\/pt\/wp-json\/wp\/v2\/users\/1"}],"replies":[{"embeddable":true,"href":"https:\/\/mueller-wrh.de\/pt\/wp-json\/wp\/v2\/comments?post=21"}],"version-history":[{"count":5,"href":"https:\/\/mueller-wrh.de\/pt\/wp-json\/wp\/v2\/pages\/21\/revisions"}],"predecessor-version":[{"id":797,"href":"https:\/\/mueller-wrh.de\/pt\/wp-json\/wp\/v2\/pages\/21\/revisions\/797"}],"wp:attachment":[{"href":"https:\/\/mueller-wrh.de\/pt\/wp-json\/wp\/v2\/media?parent=21"}],"curies":[{"name":"wp","href":"https:\/\/api.w.org\/{rel}","templated":true}]}}