{"id":5408,"date":"2026-04-21T19:21:11","date_gmt":"2026-04-21T19:21:11","guid":{"rendered":"https:\/\/mueller-wrh.de\/produkt\/tornos-ms7-hy-6-bj-1989-mit-lademagazin-iemca-elite-112_bj-12-intnr231512\/"},"modified":"2026-04-21T19:21:11","modified_gmt":"2026-04-21T19:21:11","slug":"tornos-ms7-hy-6-bj-1989-mit-lademagazin-iemca-elite-112_bj-12-intnr231512","status":"publish","type":"product","link":"https:\/\/mueller-wrh.de\/pa\/product\/tornos-ms7-hy-6-bj-1989-mit-lademagazin-iemca-elite-112_bj-12-intnr231512\/","title":{"rendered":"TORNOS MS7 HY 6 Bj. 1989 mit Lademagazin IEMCA Elite 112_Bj. `12 IntNr231512"},"content":{"rendered":"<p><b>\u0a38\u0a25\u0a3e\u0a28:<\/b> \u0a1c\u0a30\u0a2e\u0a28\u0a40, \u0a2c\u0a3e\u0a21\u0a47\u0a28-\u0a35\u0a30\u0a1f\u0a2e\u0a2c\u0a30\u0a17 \u0a26\u0a71\u0a16\u0a23-\u0a2a\u0a71\u0a1b\u0a2e<\/p>\n<p><b>\u0a39\u0a3e\u0a32\u0a24:<\/b> \u0a32\u0a4b\u0a5c\u0a40\u0a02\u0a26\u0a3e<\/p>\n<p><b>\u0a28\u0a3f\u0a30\u0a2e\u0a3e\u0a24\u0a3e:<\/b> \u0a1f\u0a4b\u0a30\u0a28\u0a4b\u0a38<\/p>\n<p><b>\u0a2e\u0a3e\u0a21\u0a32:<\/b> HY 6<\/p>\n<p><b>\u0a09\u0a38\u0a3e\u0a30\u0a40 \u0a26\u0a3e \u0a38\u0a3e\u0a32:<\/b> 1989<\/p>\n<p>Zum Verkauf steht ein gebrauchter Pr\u00e4zisions-Drehautomat TORNOS MS7 HY 6, Baujahr 1989, ausgestattet mit einem Stangenlademagazin IEMCA ELITE 112, Baujahr 2012.<br \/>\nTechnische Daten TORNOS MS7 \/ MS7 HY 6:<\/p>\n<p>Maschinenart: Langdrehautomat<br \/>\nMax. Werkst\u00fcckdurchmesser: 7 mm<br \/>\nSpindelbohrung: 8 mm<br \/>\nHub mit Flachkurve: 60 mm<br \/>\nGr\u00f6\u00dfter Gewindedurchmesser: M6<br \/>\nAnzahl Drehst\u00e4hle: 5<br \/>\nSpindeldrehzahlen: 20 Stufen, 1.400\u201310.000 U\/min<br \/>\nElektrischer Anschluss: 3 x 380 V \/ 50 Hz<br \/>\nGesamtleistung: ca. 2 CV<br \/>\nMaschinengewicht: ca. 520 kg<br \/>\nAbmessungen: ca. 1.200 x 700 x 1.400 mm<br \/>\nAusstattung laut verf\u00fcgbarer Quelle: Lampe, Zentralschmierung, Schutzhaube<\/p>\n<p>Technische Daten IEMCA ELITE 112, Bj. 2012:<br \/>\nHersteller: IEMCA<br \/>\nTyp: ELITE 112<br \/>\n\u0a2c\u0a23\u0a3e\u0a09\u0a23 \u0a26\u0a3e \u0a38\u0a3e\u0a32: 2012<br \/>\nDie ELITE-112-Baureihe ist laut Hersteller f\u00fcr die Bearbeitung d\u00fcnner Stangen ausgelegt und deckt je nach Ausf\u00fchrung einen Bereich von 0,8 bis 12,7 mm ab.<\/p>\n<p>\u0a2e\u0a38\u0a3c\u0a40\u0a28 \u0a28\u0a42\u0a70 \u0a05\u0a2a\u0a3e\u0a07\u0a70\u0a1f\u0a2e\u0a48\u0a02\u0a1f \u0a32\u0a48 \u0a15\u0a47 \u0a26\u0a47\u0a16\u0a3f\u0a06 \u0a1c\u0a3e \u0a38\u0a15\u0a26\u0a3e \u0a39\u0a48\u0964<br \/>\n\u0a24\u0a15\u0a28\u0a40\u0a15\u0a40 \u0a21\u0a47\u0a1f\u0a3e \u0a05\u0a24\u0a47 \u0a1c\u0a3e\u0a23\u0a15\u0a3e\u0a30\u0a40 \u0a26\u0a47 \u0a28\u0a3e\u0a32-\u0a28\u0a3e\u0a32 \u0a2a\u0a39\u0a3f\u0a32\u0a3e\u0a02 \u0a26\u0a40 \u0a35\u0a3f\u0a15\u0a30\u0a40 \u0a35\u0a3f\u0a71\u0a1a \u0a24\u0a2c\u0a26\u0a40\u0a32\u0a40\u0a06\u0a02 \u0a05\u0a24\u0a47 \u0a17\u0a32\u0a24\u0a40\u0a06\u0a02 \u0a26\u0a47 \u0a05\u0a27\u0a40\u0a28!<\/p>\n<p>A used TORNOS MS7 HY 6 precision automatic lathe, manufactured in 1989, is for sale, equipped with an IEMCA ELITE 112 bar feeder, manufactured in 2012.<br \/>\nTechnical specifications TORNOS MS7 \/ MS7 HY 6:<\/p>\n<p>Machine type: Long-bed automatic lathe<br \/>\nMax. workpiece diameter: 7 mm<br \/>\nSpindle bore: 8 mm<br \/>\nStroke with flat cam: 60 mm<br \/>\nMaximum thread diameter: M6<br \/>\nNumber of turning tools: 5<br \/>\nSpindle speeds: 20 speeds, 1,400\u201310,000 rpm<br \/>\nElectrical connection: 3 x 380 V \/ 50 Hz<br \/>\nTotal power: approx. 2 hp<br \/>\nMachine weight: approx. 520 kg<br \/>\nDimensions: approx. 1,200 x 700 x 1,400 mm<br \/>\nEquipment according to available source: Lamp, central lubrication, protective cover<\/p>\n<p>Technical data IEMCA ELITE 112, built in 2012:<br \/>\nManufacturer: IEMCA<br \/>\nModel: ELITE 112<br \/>\n\u0a2c\u0a23\u0a3e\u0a09\u0a23 \u0a26\u0a3e \u0a38\u0a3e\u0a32: 2012<br \/>\nAccording to the manufacturer, the ELITE 112 series is designed for machining thin bars and, depending on the version, covers a range from 0.8 to 12.7 mm.<\/p>\n<p>\u0a2e\u0a38\u0a3c\u0a40\u0a28 \u0a28\u0a42\u0a70 \u0a05\u0a2a\u0a3e\u0a07\u0a70\u0a1f\u0a2e\u0a48\u0a02\u0a1f \u0a32\u0a48 \u0a15\u0a47 \u0a26\u0a47\u0a16\u0a3f\u0a06 \u0a1c\u0a3e \u0a38\u0a15\u0a26\u0a3e \u0a39\u0a48\u0964<br \/>\n\u0a05\u0a38\u0a40\u0a02 \u0a24\u0a15\u0a28\u0a40\u0a15\u0a40 \u0a21\u0a47\u0a1f\u0a3e \u0a05\u0a24\u0a47 \u0a35\u0a3f\u0a38\u0a3c\u0a47\u0a38\u0a3c\u0a24\u0a3e\u0a35\u0a3e\u0a02 \u0a35\u0a3f\u0a71\u0a1a \u0a2c\u0a26\u0a32\u0a3e\u0a05 \u0a05\u0a24\u0a47 \u0a38\u0a41\u0a27\u0a3e\u0a30 \u0a15\u0a30\u0a28, \u0a05\u0a24\u0a47 \u0a07\u0a38 \u0a26\u0a4c\u0a30\u0a3e\u0a28 \u0a06\u0a08\u0a1f\u0a2e \u0a35\u0a47\u0a1a\u0a23 \u0a26\u0a3e \u0a05\u0a27\u0a3f\u0a15\u0a3e\u0a30 \u0a30\u0a3e\u0a16\u0a35\u0a3e\u0a02 \u0a30\u0a71\u0a16\u0a26\u0a47 \u0a39\u0a3e\u0a02!<\/p>","protected":false},"excerpt":{"rendered":"<p>Standort: Deutschland, Baden-W\u00fcrttemberg S\u00fcdwest Zustand: Gebraucht Hersteller: Tornos Modell: HY 6 Baujahr: 1989 Zum Verkauf steht ein gebrauchter Pr\u00e4zisions-Drehautomat TORNOS MS7 HY 6, Baujahr 1989, ausgestattet mit einem Stangenlademagazin IEMCA ELITE 112, Baujahr 2012. Technische Daten TORNOS MS7 \/ MS7 HY 6: Maschinenart: Langdrehautomat Max. Werkst\u00fcckdurchmesser: 7 mm Spindelbohrung: 8 mm Hub mit Flachkurve: 60 [&hellip;]<\/p>\n","protected":false},"featured_media":5401,"comment_status":"open","ping_status":"closed","template":"","meta":{"_uf_show_specific_survey":0,"_uf_disable_surveys":false},"product_brand":[],"product_cat":[112],"product_tag":[],"class_list":{"0":"post-5408","1":"product","2":"type-product","3":"status-publish","4":"has-post-thumbnail","6":"product_cat-langdrehmaschinen","8":"first","9":"instock","10":"taxable","11":"shipping-taxable","12":"product-type-simple"},"aioseo_notices":[],"_links":{"self":[{"href":"https:\/\/mueller-wrh.de\/pa\/wp-json\/wp\/v2\/product\/5408","targetHints":{"allow":["GET"]}}],"collection":[{"href":"https:\/\/mueller-wrh.de\/pa\/wp-json\/wp\/v2\/product"}],"about":[{"href":"https:\/\/mueller-wrh.de\/pa\/wp-json\/wp\/v2\/types\/product"}],"replies":[{"embeddable":true,"href":"https:\/\/mueller-wrh.de\/pa\/wp-json\/wp\/v2\/comments?post=5408"}],"wp:featuredmedia":[{"embeddable":true,"href":"https:\/\/mueller-wrh.de\/pa\/wp-json\/wp\/v2\/media\/5401"}],"wp:attachment":[{"href":"https:\/\/mueller-wrh.de\/pa\/wp-json\/wp\/v2\/media?parent=5408"}],"wp:term":[{"taxonomy":"product_brand","embeddable":true,"href":"https:\/\/mueller-wrh.de\/pa\/wp-json\/wp\/v2\/product_brand?post=5408"},{"taxonomy":"product_cat","embeddable":true,"href":"https:\/\/mueller-wrh.de\/pa\/wp-json\/wp\/v2\/product_cat?post=5408"},{"taxonomy":"product_tag","embeddable":true,"href":"https:\/\/mueller-wrh.de\/pa\/wp-json\/wp\/v2\/product_tag?post=5408"}],"curies":[{"name":"\u0a21\u0a2c\u0a32\u0a2f\u0a42\u0a2a\u0a40","href":"https:\/\/api.w.org\/{rel}","templated":true}]}}