{"id":5326,"date":"2026-04-21T16:27:33","date_gmt":"2026-04-21T16:27:33","guid":{"rendered":"https:\/\/mueller-wrh.de\/produkt\/hd-einheit-combiloob-cl1-f-30-20-a-bj-07-intnr231557\/"},"modified":"2026-04-21T16:27:33","modified_gmt":"2026-04-21T16:27:33","slug":"hd-einheit-combiloob-cl1-f-30-20-a-bj-07-intnr231557","status":"publish","type":"product","link":"https:\/\/mueller-wrh.de\/pa\/product\/hd-einheit-combiloob-cl1-f-30-20-a-bj-07-intnr231557\/","title":{"rendered":"\u0a15\u0a70\u0a2c\u0a40\u0a32\u0a42\u0a2c CL1-F-30-20-A HD \u0a2f\u0a42\u0a28\u0a3f\u0a1f, 2007 \u0a35\u0a3f\u0a71\u0a1a \u0a2c\u0a23\u0a3e\u0a08 \u0a17\u0a08, \u0a38\u0a40\u0a30\u0a40\u0a05\u0a32 \u0a28\u0a70\u0a2c\u0a30 231557"},"content":{"rendered":"<p><b>\u0a38\u0a25\u0a3e\u0a28:<\/b> \u0a1c\u0a30\u0a2e\u0a28\u0a40, \u0a2c\u0a3e\u0a21\u0a47\u0a28-\u0a35\u0a30\u0a1f\u0a2e\u0a2c\u0a30\u0a17 \u0a26\u0a71\u0a16\u0a23-\u0a2a\u0a71\u0a1b\u0a2e<\/p>\n<p><b>\u0a39\u0a3e\u0a32\u0a24:<\/b> \u0a32\u0a4b\u0a5c\u0a40\u0a02\u0a26\u0a3e<\/p>\n<p><b>\u0a28\u0a3f\u0a30\u0a2e\u0a3e\u0a24\u0a3e:<\/b> \u0a2e\u0a41\u0a32\u0a30 \u0a39\u0a3e\u0a08\u0a21\u0a4d\u0a30\u0a4c\u0a32\u0a3f\u0a15\u0a38<\/p>\n<p><b>\u0a2e\u0a3e\u0a21\u0a32:<\/b> \u0a38\u0a40\u0a10\u0a321<\/p>\n<p><b>\u0a09\u0a38\u0a3e\u0a30\u0a40 \u0a26\u0a3e \u0a38\u0a3e\u0a32:<\/b> 2007<\/p>\n<p>2007 \u0a35\u0a3f\u0a71\u0a1a \u0a2c\u0a23\u0a3e\u0a08 \u0a17\u0a08 \u0a07\u0a71\u0a15 \u0a09\u0a71\u0a1a-\u0a2a\u0a4d\u0a30\u0a26\u0a30\u0a38\u0a3c\u0a28 \u0a35\u0a3e\u0a32\u0a40 Combiloop CL1-F-30-20-A HD \u0a2f\u0a42\u0a28\u0a3f\u0a1f \u0a35\u0a3f\u0a15\u0a30\u0a40 \u0a32\u0a08 \u0a09\u0a2a\u0a32\u0a2c\u0a27 \u0a39\u0a48\u0964. <\/p>\n<p>\u0a24\u0a15\u0a28\u0a40\u0a15\u0a40 \u0a21\u0a47\u0a1f\u0a3e:<br \/>\n\u0a38\u0a3f\u0a38\u0a1f\u0a2e \u0a26\u0a40 \u0a15\u0a3f\u0a38\u0a2e: \u0a09\u0a71\u0a1a-\u0a26\u0a2c\u0a3e\u0a05 \u0a2f\u0a42\u0a28\u0a3f\u0a1f (HP)<br \/>\n\u0a2a\u0a70\u0a2a \u0a15\u0a40\u0a24\u0a3e \u0a2e\u0a3e\u0a27\u0a3f\u0a05\u0a2e: \u0a24\u0a47\u0a32<br \/>\n\u0a35\u0a71\u0a27 \u0a24\u0a4b\u0a02 \u0a35\u0a71\u0a27 \u0a1a\u0a3e\u0a32\u0a42 \u0a26\u0a2c\u0a3e\u0a05: \u0a32\u0a17\u0a2d\u0a17 20\u201330 \u0a2c\u0a3e\u0a30<br \/>\n\u0a2a\u0a4d\u0a30\u0a35\u0a3e\u0a39 \u0a26\u0a30: \u0a32\u0a17\u0a2d\u0a17 20\u201330 \u0a32\u0a40\u0a1f\u0a30\/\u0a2e\u0a3f\u0a70\u0a1f<br \/>\n\u0a1a\u0a32\u0a23 \u0a26\u0a3e \u0a22\u0a70\u0a17: \u0a07\u0a32\u0a48\u0a15\u0a1f\u0a4d\u0a30\u0a3f\u0a15 \u0a2e\u0a4b\u0a1f\u0a30<br \/>\n\u0a35\u0a4b\u0a32\u0a1f\u0a47\u0a1c: 400 V \/ 50 Hz (\u0a24\u0a3f\u0a70\u0a28-\u0a2b\u0a47\u0a1c\u0a3c \u0a15\u0a30\u0a70\u0a1f)<br \/>\n\u0a28\u0a3f\u0a2f\u0a70\u0a24\u0a30\u0a23: \u0a0f\u0a15\u0a40\u0a15\u0a4d\u0a30\u0a3f\u0a24 \u0a28\u0a3f\u0a2f\u0a70\u0a24\u0a30\u0a23 \u0a2f\u0a42\u0a28\u0a3f\u0a1f<br \/>\n\u0a21\u0a3f\u0a1c\u0a3c\u0a3e\u0a08\u0a28: \u0a38\u0a70\u0a16\u0a47\u0a2a, \u0a2c\u0a70\u0a26 \u0a2f\u0a42\u0a28\u0a3f\u0a1f<br \/>\n\u0a15\u0a28\u0a48\u0a15\u0a38\u0a3c\u0a28: \u0a2e\u0a3f\u0a06\u0a30\u0a40\u0a15\u0a4d\u0a30\u0a3f\u0a24 \u0a09\u0a26\u0a2f\u0a4b\u0a17\u0a3f\u0a15 \u0a15\u0a28\u0a48\u0a15\u0a1f\u0a30<\/p>\n<p>\u0a35\u0a3f\u0a38\u0a3c\u0a47\u0a38\u0a3c\u0a24\u0a3e\u0a35\u0a3e\u0a02 \u0a05\u0a24\u0a47 \u0a2d\u0a3e\u0a17:<br \/>\n\u0a09\u0a71\u0a1a-\u0a26\u0a2c\u0a3e\u0a05 \u0a35\u0a3e\u0a32\u0a3e \u0a2a\u0a70\u0a2a<br \/>\n\u0a2e\u0a40\u0a21\u0a40\u0a06 \u0a07\u0a32\u0a3e\u0a1c \u0a32\u0a08 \u0a2b\u0a3f\u0a32\u0a1f\u0a30 \u0a2f\u0a42\u0a28\u0a3f\u0a1f<br \/>\n\u0a38\u0a41\u0a30\u0a71\u0a16\u0a3f\u0a06 \u0a35\u0a3e\u0a32\u0a35 \u0a05\u0a24\u0a47 \u0a26\u0a2c\u0a3e\u0a05 \u0a28\u0a3f\u0a17\u0a30\u0a3e\u0a28\u0a40<br \/>\n\u0a2c\u0a70\u0a26 \u0a38\u0a30\u0a15\u0a3f\u0a1f\u0a3e\u0a02 \u0a32\u0a08 \u0a35\u0a3e\u0a2a\u0a38\u0a40 \u0a2a\u0a4d\u0a30\u0a23\u0a3e\u0a32\u0a40<br \/>\n\u0a2e\u0a1c\u0a3c\u0a2c\u0a42\u0a24 \u0a38\u0a1f\u0a40\u0a32 \u0a39\u0a3e\u0a0a\u0a38\u0a3f\u0a70\u0a17 \/ \u0a2a\u0a39\u0a40\u0a06\u0a02 '\u0a24\u0a47<\/p>\n<p>\u0a07\u0a15\u0a3e\u0a08 \u0a28\u0a42\u0a70 \u0a05\u0a2a\u0a3e\u0a07\u0a70\u0a1f\u0a2e\u0a48\u0a02\u0a1f \u0a30\u0a3e\u0a39\u0a40\u0a02 \u0a35\u0a47\u0a16\u0a3f\u0a06 \u0a1c\u0a3e \u0a38\u0a15\u0a26\u0a3e \u0a39\u0a48\u0964.<br \/>\n\u0a24\u0a15\u0a28\u0a40\u0a15\u0a40 \u0a21\u0a47\u0a1f\u0a3e \u0a05\u0a24\u0a47 \u0a1c\u0a3e\u0a23\u0a15\u0a3e\u0a30\u0a40 \u0a26\u0a47 \u0a28\u0a3e\u0a32-\u0a28\u0a3e\u0a32 \u0a2a\u0a39\u0a3f\u0a32\u0a3e\u0a02 \u0a26\u0a40 \u0a35\u0a3f\u0a15\u0a30\u0a40 \u0a35\u0a3f\u0a71\u0a1a \u0a24\u0a2c\u0a26\u0a40\u0a32\u0a40\u0a06\u0a02 \u0a05\u0a24\u0a47 \u0a17\u0a32\u0a24\u0a40\u0a06\u0a02 \u0a26\u0a47 \u0a05\u0a27\u0a40\u0a28!<\/p>\n<p>\u0a07\u0a71\u0a15 \u0a09\u0a71\u0a1a-\u0a2a\u0a4d\u0a30\u0a26\u0a30\u0a38\u0a3c\u0a28 \u0a35\u0a3e\u0a32\u0a3e Combiloop CL1-F-30-20-A \u0a09\u0a71\u0a1a-\u0a26\u0a2c\u0a3e\u0a05 \u0a2f\u0a42\u0a28\u0a3f\u0a1f, \u0a1c\u0a4b 2007 \u0a35\u0a3f\u0a71\u0a1a \u0a2c\u0a23\u0a3e\u0a07\u0a06 \u0a17\u0a3f\u0a06 \u0a38\u0a40, \u0a35\u0a3f\u0a15\u0a30\u0a40 \u0a32\u0a08 \u0a09\u0a2a\u0a32\u0a2c\u0a27 \u0a39\u0a48\u0964. <\/p>\n<p>\u0a24\u0a15\u0a28\u0a40\u0a15\u0a40 \u0a35\u0a3f\u0a38\u0a3c\u0a47\u0a38\u0a3c\u0a24\u0a3e\u0a35\u0a3e\u0a02:<br \/>\n\u0a38\u0a3f\u0a38\u0a1f\u0a2e \u0a26\u0a40 \u0a15\u0a3f\u0a38\u0a2e: \u0a09\u0a71\u0a1a-\u0a26\u0a2c\u0a3e\u0a05 \u0a2f\u0a42\u0a28\u0a3f\u0a1f (HP)<br \/>\n\u0a24\u0a30\u0a32: \u0a24\u0a47\u0a32<br \/>\n\u0a35\u0a71\u0a27 \u0a24\u0a4b\u0a02 \u0a35\u0a71\u0a27 \u0a1a\u0a3e\u0a32\u0a42 \u0a26\u0a2c\u0a3e\u0a05: \u0a32\u0a17\u0a2d\u0a17 20\u201330 \u0a2c\u0a3e\u0a30<br \/>\n\u0a2a\u0a4d\u0a30\u0a35\u0a3e\u0a39 \u0a26\u0a30: \u0a32\u0a17\u0a2d\u0a17 20\u201330 \u0a32\u0a40\u0a1f\u0a30\/\u0a2e\u0a3f\u0a70\u0a1f<br \/>\n\u0a1a\u0a32\u0a23 \u0a26\u0a3e \u0a22\u0a70\u0a17: \u0a07\u0a32\u0a48\u0a15\u0a1f\u0a4d\u0a30\u0a3f\u0a15 \u0a2e\u0a4b\u0a1f\u0a30<br \/>\n\u0a35\u0a4b\u0a32\u0a1f\u0a47\u0a1c: 400 V \/ 50 Hz (\u0a24\u0a3f\u0a70\u0a28-\u0a2b\u0a47\u0a1c\u0a3c)<br \/>\n\u0a28\u0a3f\u0a2f\u0a70\u0a24\u0a30\u0a23: \u0a0f\u0a15\u0a40\u0a15\u0a4d\u0a30\u0a3f\u0a24 \u0a28\u0a3f\u0a2f\u0a70\u0a24\u0a30\u0a23 \u0a2f\u0a42\u0a28\u0a3f\u0a1f<br \/>\n\u0a21\u0a3f\u0a1c\u0a3c\u0a3e\u0a08\u0a28: \u0a38\u0a70\u0a16\u0a47\u0a2a, \u0a2c\u0a70\u0a26 \u0a2f\u0a42\u0a28\u0a3f\u0a1f<br \/>\n\u0a15\u0a28\u0a48\u0a15\u0a38\u0a3c\u0a28: \u0a2e\u0a3f\u0a06\u0a30\u0a40 \u0a09\u0a26\u0a2f\u0a4b\u0a17\u0a3f\u0a15 \u0a15\u0a28\u0a48\u0a15\u0a38\u0a3c\u0a28<\/p>\n<p>\u0a35\u0a3f\u0a38\u0a3c\u0a47\u0a38\u0a3c\u0a24\u0a3e\u0a35\u0a3e\u0a02 \u0a05\u0a24\u0a47 \u0a2d\u0a3e\u0a17:<br \/>\n\u0a09\u0a71\u0a1a-\u0a26\u0a2c\u0a3e\u0a05 \u0a35\u0a3e\u0a32\u0a3e \u0a2a\u0a70\u0a2a<br \/>\n\u0a2e\u0a40\u0a21\u0a40\u0a06 \u0a24\u0a3f\u0a06\u0a30\u0a40 \u0a32\u0a08 \u0a2b\u0a3f\u0a32\u0a1f\u0a30 \u0a2f\u0a42\u0a28\u0a3f\u0a1f<br \/>\n\u0a38\u0a41\u0a30\u0a71\u0a16\u0a3f\u0a06 \u0a35\u0a3e\u0a32\u0a35 \u0a05\u0a24\u0a47 \u0a26\u0a2c\u0a3e\u0a05 \u0a28\u0a3f\u0a17\u0a30\u0a3e\u0a28\u0a40<br \/>\n\u0a2c\u0a70\u0a26 \u0a38\u0a30\u0a15\u0a3f\u0a1f\u0a3e\u0a02 \u0a32\u0a08 \u0a35\u0a3e\u0a2a\u0a38\u0a40 \u0a2a\u0a4d\u0a30\u0a23\u0a3e\u0a32\u0a40<br \/>\n\u0a2e\u0a1c\u0a3c\u0a2c\u0a42\u0a24 \u0a38\u0a1f\u0a40\u0a32 \u0a39\u0a3e\u0a0a\u0a38\u0a3f\u0a70\u0a17 \/ \u0a2a\u0a4b\u0a30\u0a1f\u0a47\u0a2c\u0a32<\/p>\n<p>\u0a07\u0a38 \u0a1c\u0a3e\u0a07\u0a26\u0a3e\u0a26 \u0a28\u0a42\u0a70 \u0a28\u0a3f\u0a2f\u0a41\u0a15\u0a24\u0a40 \u0a30\u0a3e\u0a39\u0a40\u0a02 \u0a35\u0a47\u0a16\u0a3f\u0a06 \u0a1c\u0a3e \u0a38\u0a15\u0a26\u0a3e \u0a39\u0a48\u0964.<br \/>\n\u0a05\u0a38\u0a40\u0a02 \u0a24\u0a15\u0a28\u0a40\u0a15\u0a40 \u0a21\u0a47\u0a1f\u0a3e \u0a05\u0a24\u0a47 \u0a35\u0a3f\u0a38\u0a3c\u0a47\u0a38\u0a3c\u0a24\u0a3e\u0a35\u0a3e\u0a02 \u0a35\u0a3f\u0a71\u0a1a \u0a2c\u0a26\u0a32\u0a3e\u0a05 \u0a05\u0a24\u0a47 \u0a38\u0a41\u0a27\u0a3e\u0a30 \u0a15\u0a30\u0a28, \u0a05\u0a24\u0a47 \u0a06\u0a30\u0a21\u0a30 \u0a26\u0a3f\u0a71\u0a24\u0a47 \u0a1c\u0a3e\u0a23 \u0a24\u0a4b\u0a02 \u0a2a\u0a39\u0a3f\u0a32\u0a3e\u0a02 \u0a35\u0a38\u0a24\u0a42\u0a06\u0a02 \u0a35\u0a47\u0a1a\u0a23 \u0a26\u0a3e \u0a05\u0a27\u0a3f\u0a15\u0a3e\u0a30 \u0a30\u0a3e\u0a16\u0a35\u0a3e\u0a02 \u0a30\u0a71\u0a16\u0a26\u0a47 \u0a39\u0a3e\u0a02!<\/p>","protected":false},"excerpt":{"rendered":"<p>Standort: Deutschland, Baden-W\u00fcrttemberg S\u00fcdwest Zustand: Gebraucht Hersteller: M\u00fcller Hydraulik Modell: CL1 Baujahr: 2007 Zum Verkauf steht eine leistungsstarke HD-Einheit Combiloop CL1-F-30-20-A aus dem Baujahr 2007. Technische Daten: Anlagenart: Hochdruck-Einheit (HD) F\u00f6rdermedium: \u00d6l Max. Betriebsdruck: ca. 20\u201330 bar F\u00f6rderleistung: ca. 20\u201330 l\/min Antrieb: Elektromotor Spannung: 400 V \/ 50 Hz (Drehstrom) Steuerung: integrierte Steuerungseinheit Bauform: kompakte, [&hellip;]<\/p>\n","protected":false},"featured_media":5323,"comment_status":"open","ping_status":"closed","template":"","meta":{"_uf_show_specific_survey":0,"_uf_disable_surveys":false},"product_brand":[],"product_cat":[104],"product_tag":[],"class_list":{"0":"post-5326","1":"product","2":"type-product","3":"status-publish","4":"has-post-thumbnail","6":"product_cat-hochdruckanlagen","8":"first","9":"instock","10":"taxable","11":"shipping-taxable","12":"product-type-simple"},"aioseo_notices":[],"_links":{"self":[{"href":"https:\/\/mueller-wrh.de\/pa\/wp-json\/wp\/v2\/product\/5326","targetHints":{"allow":["GET"]}}],"collection":[{"href":"https:\/\/mueller-wrh.de\/pa\/wp-json\/wp\/v2\/product"}],"about":[{"href":"https:\/\/mueller-wrh.de\/pa\/wp-json\/wp\/v2\/types\/product"}],"replies":[{"embeddable":true,"href":"https:\/\/mueller-wrh.de\/pa\/wp-json\/wp\/v2\/comments?post=5326"}],"wp:featuredmedia":[{"embeddable":true,"href":"https:\/\/mueller-wrh.de\/pa\/wp-json\/wp\/v2\/media\/5323"}],"wp:attachment":[{"href":"https:\/\/mueller-wrh.de\/pa\/wp-json\/wp\/v2\/media?parent=5326"}],"wp:term":[{"taxonomy":"product_brand","embeddable":true,"href":"https:\/\/mueller-wrh.de\/pa\/wp-json\/wp\/v2\/product_brand?post=5326"},{"taxonomy":"product_cat","embeddable":true,"href":"https:\/\/mueller-wrh.de\/pa\/wp-json\/wp\/v2\/product_cat?post=5326"},{"taxonomy":"product_tag","embeddable":true,"href":"https:\/\/mueller-wrh.de\/pa\/wp-json\/wp\/v2\/product_tag?post=5326"}],"curies":[{"name":"\u0a21\u0a2c\u0a32\u0a2f\u0a42\u0a2a\u0a40","href":"https:\/\/api.w.org\/{rel}","templated":true}]}}