{"id":5197,"date":"2026-04-01T10:09:36","date_gmt":"2026-04-01T10:09:36","guid":{"rendered":"https:\/\/mueller-wrh.de\/produkt\/dmg-dmu-40-evo-linear-bj-2012-intnr231419\/"},"modified":"2026-04-01T10:09:36","modified_gmt":"2026-04-01T10:09:36","slug":"dmg-dmu-40-evo-linear-bj-2012-intnr231419","status":"publish","type":"product","link":"https:\/\/mueller-wrh.de\/pa\/product\/dmg-dmu-40-evo-linear-bj-2012-intnr231419\/","title":{"rendered":"\u0a21\u0a40\u0a10\u0a2e\u0a1c\u0a40 \u0a21\u0a40\u0a10\u0a2e\u0a2f\u0a42 40 \u0a08\u0a35\u0a40\u0a13 \u0a32\u0a40\u0a28\u0a40\u0a05\u0a30 \u0a38\u0a3e\u0a32 2012, \u0a07\u0a70\u0a1f\u0a10\u0a28\u0a06\u0a30231419"},"content":{"rendered":"<p><b>\u0a38\u0a25\u0a3e\u0a28:<\/b> \u0a1c\u0a30\u0a2e\u0a28\u0a40, \u0a2c\u0a3e\u0a21\u0a47\u0a28-\u0a35\u0a30\u0a1f\u0a2e\u0a2c\u0a30\u0a17 \u0a26\u0a71\u0a16\u0a23-\u0a2a\u0a71\u0a1b\u0a2e<\/p>\n<p><b>\u0a39\u0a3e\u0a32\u0a24:<\/b> \u0a28\u0a35\u0a47\u0a02 \u0a1c\u0a3f\u0a70\u0a28\u0a3e \u0a35\u0a27\u0a40\u0a06<\/p>\n<p><b>\u0a28\u0a3f\u0a30\u0a2e\u0a3e\u0a24\u0a3e:<\/b> \u0a21\u0a40\u0a10\u0a2e\u0a1c\u0a40<\/p>\n<p><b>\u0a2e\u0a3e\u0a21\u0a32:<\/b> 40 eVo \u0a32\u0a40\u0a28\u0a40\u0a05\u0a30<\/p>\n<p><b>\u0a09\u0a38\u0a3e\u0a30\u0a40 \u0a26\u0a3e \u0a38\u0a3e\u0a32:<\/b> 2012<\/p>\n<p><b>\u0a15\u0a70\u0a2e\u0a15\u0a3e\u0a1c\u0a40 \u0a18\u0a70\u0a1f\u0a47:<\/b> 0<\/p>\n<p>\u0a1c\u0a3f\u0a35\u0a47\u0a02-\u0a28\u0a35\u0a3e\u0a02, \u0a2a\u0a42\u0a30\u0a40 \u0a24\u0a30\u0a4d\u0a39\u0a3e\u0a02 \u0a28\u0a35\u0a3f\u0a06\u0a07\u0a06 \u0a17\u0a3f\u0a06 CNC 5-\u0a27\u0a41\u0a30\u0a40 \u0a35\u0a30\u0a1f\u0a40\u0a15\u0a32 \u0a2e\u0a38\u0a3c\u0a40\u0a28\u0a3f\u0a70\u0a17 \u0a38\u0a48\u0a02\u0a1f\u0a30 DMG DMU 40 eVo \u0a32\u0a40\u0a28\u0a40\u0a05\u0a30, \u0a28\u0a3f\u0a30\u0a2e\u0a3e\u0a23 \u0a38\u0a3e\u0a32 2012, IntNr231419<br \/>\n\u0a38\u0a1f\u0a40\u0a05\u0a30\u0a3f\u0a70\u0a17<br \/>\n\u0a39\u0a3e\u0a08\u0a21\u0a47\u0a28\u0a39\u0a48\u0a28 \u0a2c\u0a4d\u0a30\u0a3e\u0a02\u0a21<br \/>\n\u0a2e\u0a3e\u0a21\u0a32 530<\/p>\n<p>\u0a2e\u0a41\u0a71\u0a16 \u0a21\u0a30\u0a3e\u0a08\u0a35<br \/>\n\u0a38\u0a2a\u0a3f\u0a70\u0a21\u0a32 \u0a38\u0a2a\u0a40\u0a21 \u0a30\u0a47\u0a02\u0a1c 14000<br \/>\n\u0a27\u0a41\u0a30\u0a3f\u0a06\u0a02 \u0a26\u0a40 \u0a17\u0a3f\u0a23\u0a24\u0a40: 5<\/p>\n<p>\u0a2f\u0a3e\u0a24\u0a30\u0a3e \u0a26\u0a47 \u0a30\u0a38\u0a24\u0a47<br \/>\nX-\u0a27\u0a41\u0a30\u0a40 \u0a2f\u0a3e\u0a24\u0a30\u0a3e: 400 \u0a2e\u0a3f\u0a32\u0a40\u0a2e\u0a40\u0a1f\u0a30<br \/>\nY-\u0a27\u0a41\u0a30\u0a47 \u0a26\u0a40 \u0a2f\u0a3e\u0a24\u0a30\u0a3e \u0a26\u0a42\u0a30\u0a40 400 \u0a2e\u0a3f\u0a32\u0a40\u0a2e\u0a40\u0a1f\u0a30<br \/>\nZ-\u0a27\u0a41\u0a30\u0a40 \u0a2f\u0a3e\u0a24\u0a30\u0a3e \u0a26\u0a42\u0a30\u0a40 375 \u0a2e\u0a3f\u0a32\u0a40\u0a2e\u0a40\u0a1f\u0a30<\/p>\n<p>\u0a38\u0a3c\u0a3e\u0a2e\u0a32 \u0a39\u0a28:<br \/>\n\u0a1f\u0a42\u0a32 \u0a1a\u0a47\u0a02\u0a1c\u0a30, 120 \u0a2a\u0a4b\u0a1c\u0a40\u0a38\u0a3c\u0a28, \u0a1f\u0a42\u0a32 \u0a39\u0a4b\u0a32\u0a21\u0a30 \u0a15\u0a3f\u0a38\u0a2e SK 40<br \/>\n\u0a35\u0a30\u0a15\u0a2a\u0a40\u0a38 \u0a15\u0a32\u0a48\u0a02\u0a2a\u0a3f\u0a70\u0a17 \u0a32\u0a08 \u0a1f\u0a47\u0a2c\u0a32 \u0a30\u0a4b\u0a1f\u0a30\u0a40 \u0a2b\u0a40\u0a21\u0a25\u0a30\u0a42<br \/>\n\u0a30\u0a4b\u0a2c\u0a4b\u0a1f \u0a32\u0a4b\u0a21\u0a3f\u0a70\u0a17 \u0a32\u0a08 \u0a2a\u0a3e\u0a38\u0a47 \u0a26\u0a3e \u0a26\u0a30\u0a35\u0a3e\u0a1c\u0a3c\u0a3e<br \/>\n\u0a30\u0a47\u0a28\u0a40\u0a38\u0a3c\u0a3e \u0a1f\u0a42\u0a32 \u0a2c\u0a30\u0a47\u0a15\u0a47\u0a1c \u0a15\u0a70\u0a1f\u0a30\u0a4b\u0a32<br \/>\n\u0a39\u0a3e\u0a08\u0a21\u0a47\u0a28\u0a39\u0a47\u0a28 \u0a2e\u0a3e\u0a2a\u0a23 \u0a35\u0a3e\u0a32\u0a40 \u0a1c\u0a3e\u0a02\u0a1a<br \/>\nIKZ \u0a38\u0a3f\u0a38\u0a1f\u0a2e, 600 \u0a32\u0a40\u0a1f\u0a30 \u0a1f\u0a48\u0a02\u0a15 \u0a26\u0a47 \u0a28\u0a3e\u0a32<br \/>\n\u0a07\u0a2e\u0a32\u0a38\u0a3c\u0a28 \u0a30\u0a71\u0a26 \u0a15\u0a30\u0a28\u0a3e<br \/>\n\u0a38\u0a2a\u0a3f\u0a70\u0a21\u0a32 \u0a32\u0a08 \u0a15\u0a3f\u0a30\u0a3f\u0a06\u0a38\u0a3c\u0a40\u0a32 \u0a15\u0a42\u0a32\u0a3f\u0a70\u0a17<br \/>\nX + Y \u0a27\u0a41\u0a30\u0a40 \u0a32\u0a40\u0a28\u0a40\u0a05\u0a30 \u0a21\u0a30\u0a3e\u0a08\u0a35\u0a3e\u0a02<br \/>\n\u0a15\u0a71\u0a1a \u0a26\u0a47 \u0a38\u0a15\u0a47\u0a32<\/p>\n<p>\u0a2e\u0a38\u0a3c\u0a40\u0a28 \u0a28\u0a42\u0a70 \u0a05\u0a2a\u0a3e\u0a07\u0a70\u0a1f\u0a2e\u0a48\u0a02\u0a1f \u0a32\u0a48 \u0a15\u0a47 \u0a26\u0a47\u0a16\u0a3f\u0a06 \u0a1c\u0a3e \u0a38\u0a15\u0a26\u0a3e \u0a39\u0a48\u0964<br \/>\n\u0a24\u0a15\u0a28\u0a40\u0a15\u0a40 \u0a21\u0a47\u0a1f\u0a3e \u0a05\u0a24\u0a47 \u0a1c\u0a3e\u0a23\u0a15\u0a3e\u0a30\u0a40 \u0a26\u0a47 \u0a28\u0a3e\u0a32-\u0a28\u0a3e\u0a32 \u0a2a\u0a39\u0a3f\u0a32\u0a3e\u0a02 \u0a26\u0a40 \u0a35\u0a3f\u0a15\u0a30\u0a40 \u0a35\u0a3f\u0a71\u0a1a \u0a24\u0a2c\u0a26\u0a40\u0a32\u0a40\u0a06\u0a02 \u0a05\u0a24\u0a47 \u0a17\u0a32\u0a24\u0a40\u0a06\u0a02 \u0a26\u0a47 \u0a05\u0a27\u0a40\u0a28!<\/p>\n<p>\u0a2a\u0a42\u0a30\u0a40 \u0a24\u0a30\u0a4d\u0a39\u0a3e\u0a02 \u0a13\u0a35\u0a30\u0a39\u0a3e\u0a32 \u0a15\u0a40\u0a24\u0a3e \u0a17\u0a3f\u0a06 CNC 5-\u0a10\u0a15\u0a38\u0a3f\u0a38 \u0a35\u0a30\u0a1f\u0a40\u0a15\u0a32 \u0a2e\u0a38\u0a3c\u0a40\u0a28\u0a3f\u0a70\u0a17 \u0a38\u0a48\u0a02\u0a1f\u0a30 DMG DMU 40 eVo \u0a32\u0a40\u0a28\u0a40\u0a05\u0a30, 2012 \u0a35\u0a3f\u0a71\u0a1a \u0a2c\u0a23\u0a3e\u0a07\u0a06 \u0a17\u0a3f\u0a06, IntNr231419<br \/>\n\u0a28\u0a3f\u0a2f\u0a70\u0a24\u0a30\u0a23<br \/>\n\u0a2c\u0a4d\u0a30\u0a3e\u0a02\u0a21 HEIDENHAIN<br \/>\n\u0a2e\u0a3e\u0a21\u0a32 530<\/p>\n<p>\u0a2e\u0a41\u0a71\u0a16 \u0a21\u0a30\u0a3e\u0a08\u0a35<br \/>\n\u0a38\u0a2a\u0a3f\u0a70\u0a21\u0a32 \u0a38\u0a2a\u0a40\u0a21 \u0a30\u0a47\u0a02\u0a1c 14000<br \/>\n\u0a27\u0a41\u0a30\u0a3f\u0a06\u0a02 \u0a26\u0a40 \u0a17\u0a3f\u0a23\u0a24\u0a40: 5<\/p>\n<p>\u0a2f\u0a3e\u0a24\u0a30\u0a3e \u0a26\u0a42\u0a30\u0a40\u0a06\u0a02<br \/>\n\u0a2f\u0a3e\u0a24\u0a30\u0a3e \u0a26\u0a42\u0a30\u0a40 X-\u0a27\u0a41\u0a30\u0a3e 400 \u0a2e\u0a3f\u0a32\u0a40\u0a2e\u0a40\u0a1f\u0a30<br \/>\n\u0a2f\u0a3e\u0a24\u0a30\u0a3e \u0a26\u0a40 \u0a26\u0a42\u0a30\u0a40 Y-\u0a27\u0a41\u0a30\u0a3e 400 \u0a2e\u0a3f\u0a32\u0a40\u0a2e\u0a40\u0a1f\u0a30<br \/>\n\u0a2f\u0a3e\u0a24\u0a30\u0a3e \u0a38\u0a40\u0a2e\u0a3e Z-\u0a27\u0a41\u0a30\u0a3e 375 \u0a2e\u0a3f\u0a32\u0a40\u0a2e\u0a40\u0a1f\u0a30<\/p>\n<p>\u0a38\u0a3c\u0a3e\u0a2e\u0a32 \u0a39\u0a48:<br \/>\n\u0a1f\u0a42\u0a32 \u0a2c\u0a26\u0a32\u0a3e\u0a05, 120-\u0a38\u0a25\u0a3f\u0a24\u0a40 SK 40 \u0a1f\u0a42\u0a32 \u0a39\u0a4b\u0a32\u0a21\u0a30<br \/>\n\u0a35\u0a30\u0a15\u0a2a\u0a40\u0a38 \u0a15\u0a32\u0a48\u0a02\u0a2a\u0a3f\u0a70\u0a17 \u0a32\u0a08 \u0a1f\u0a47\u0a2c\u0a32 \u0a30\u0a4b\u0a1f\u0a30\u0a40 \u0a2b\u0a40\u0a21<br \/>\n\u0a30\u0a4b\u0a2c\u0a4b\u0a1f \u0a32\u0a4b\u0a21\u0a3f\u0a70\u0a17 \u0a32\u0a08 \u0a38\u0a3e\u0a08\u0a21 \u0a26\u0a30\u0a35\u0a3e\u0a1c\u0a3c\u0a3e<br \/>\n\u0a30\u0a47\u0a28\u0a40\u0a38\u0a3c\u0a3e \u0a1f\u0a42\u0a32 \u0a1f\u0a41\u0a71\u0a1f\u0a23 \u0a26\u0a3e \u0a28\u0a3f\u0a2f\u0a70\u0a24\u0a30\u0a23<br \/>\n\u0a39\u0a3e\u0a08\u0a21\u0a47\u0a28\u0a39\u0a47\u0a28 \u0a2e\u0a3e\u0a2a\u0a23 \u0a35\u0a3e\u0a32\u0a40 \u0a1c\u0a3e\u0a02\u0a1a<br \/>\nIKZ \u0a38\u0a3f\u0a38\u0a1f\u0a2e, 600 \u0a32\u0a40\u0a1f\u0a30 \u0a1f\u0a48\u0a02\u0a15 \u0a26\u0a47 \u0a28\u0a3e\u0a32<br \/>\n\u0a07\u0a2e\u0a32\u0a38\u0a3c\u0a28 \u0a15\u0a71\u0a22\u0a23 \u0a2a\u0a4d\u0a30\u0a23\u0a3e\u0a32\u0a40<br \/>\n\u0a38\u0a2a\u0a3f\u0a70\u0a21\u0a32 \u0a32\u0a08 \u0a10\u0a15\u0a1f\u0a3f\u0a35 \u0a15\u0a42\u0a32\u0a30<br \/>\nX + Y-\u0a27\u0a41\u0a30\u0a3e \u0a32\u0a40\u0a28\u0a40\u0a05\u0a30 \u0a21\u0a30\u0a3e\u0a08\u0a35\u0a3e\u0a02<br \/>\n\u0a15\u0a71\u0a1a \u0a26\u0a47 \u0a38\u0a15\u0a47\u0a32<\/p>\n<p>\u0a2e\u0a38\u0a3c\u0a40\u0a28 \u0a28\u0a42\u0a70 \u0a05\u0a2a\u0a3e\u0a07\u0a70\u0a1f\u0a2e\u0a48\u0a02\u0a1f \u0a32\u0a48 \u0a15\u0a47 \u0a26\u0a47\u0a16\u0a3f\u0a06 \u0a1c\u0a3e \u0a38\u0a15\u0a26\u0a3e \u0a39\u0a48\u0964<br \/>\n\u0a24\u0a15\u0a28\u0a40\u0a15\u0a40 \u0a21\u0a47\u0a1f\u0a3e \u0a05\u0a24\u0a47 \u0a35\u0a3f\u0a38\u0a3c\u0a47\u0a38\u0a3c\u0a24\u0a3e\u0a35\u0a3e\u0a02 \u0a35\u0a3f\u0a71\u0a1a \u0a2c\u0a26\u0a32\u0a3e\u0a05 \u0a05\u0a24\u0a47 \u0a17\u0a32\u0a24\u0a40\u0a06\u0a02 \u0a26\u0a47 \u0a05\u0a27\u0a40\u0a28, \u0a28\u0a3e\u0a32 \u0a39\u0a40 \u0a35\u0a3f\u0a15\u0a30\u0a40 \u0a24\u0a4b\u0a02 \u0a2a\u0a39\u0a3f\u0a32\u0a3e\u0a02!<\/p>","protected":false},"excerpt":{"rendered":"<p>Standort: Deutschland, Baden-W\u00fcrttemberg S\u00fcdwest Zustand: Neuwertig Hersteller: DMG Modell: 40 eVo linear Baujahr: 2012 Betriebsstunden: 0 neuwertiges grund\u00fcberholtes CNC 5-Achs-Vertikales Bearbeitungszentrum DMG DMU 40 eVo linear, Bj. 2012, IntNr231419 Steuerung Marke HEIDENHAIN Modell 530 Hauptantrieb Spindeldrehzahlbereich 14000 Anzahl der Achsen 5 Verfahrwege Verfahrweg X-Achse 400 mm Verfahrweg Y-Achse 400 mm Verfahrweg Z-Achse 375 mm Beinhaltet [&hellip;]<\/p>\n","protected":false},"featured_media":5189,"comment_status":"open","ping_status":"closed","template":"","meta":{"_uf_show_specific_survey":0,"_uf_disable_surveys":false},"product_brand":[],"product_cat":[21],"product_tag":[],"class_list":{"0":"post-5197","1":"product","2":"type-product","3":"status-publish","4":"has-post-thumbnail","6":"product_cat-cnc-bearbeitungszentrum","8":"first","9":"instock","10":"taxable","11":"shipping-taxable","12":"product-type-simple"},"aioseo_notices":[],"_links":{"self":[{"href":"https:\/\/mueller-wrh.de\/pa\/wp-json\/wp\/v2\/product\/5197","targetHints":{"allow":["GET"]}}],"collection":[{"href":"https:\/\/mueller-wrh.de\/pa\/wp-json\/wp\/v2\/product"}],"about":[{"href":"https:\/\/mueller-wrh.de\/pa\/wp-json\/wp\/v2\/types\/product"}],"replies":[{"embeddable":true,"href":"https:\/\/mueller-wrh.de\/pa\/wp-json\/wp\/v2\/comments?post=5197"}],"wp:featuredmedia":[{"embeddable":true,"href":"https:\/\/mueller-wrh.de\/pa\/wp-json\/wp\/v2\/media\/5189"}],"wp:attachment":[{"href":"https:\/\/mueller-wrh.de\/pa\/wp-json\/wp\/v2\/media?parent=5197"}],"wp:term":[{"taxonomy":"product_brand","embeddable":true,"href":"https:\/\/mueller-wrh.de\/pa\/wp-json\/wp\/v2\/product_brand?post=5197"},{"taxonomy":"product_cat","embeddable":true,"href":"https:\/\/mueller-wrh.de\/pa\/wp-json\/wp\/v2\/product_cat?post=5197"},{"taxonomy":"product_tag","embeddable":true,"href":"https:\/\/mueller-wrh.de\/pa\/wp-json\/wp\/v2\/product_tag?post=5197"}],"curies":[{"name":"\u0a21\u0a2c\u0a32\u0a2f\u0a42\u0a2a\u0a40","href":"https:\/\/api.w.org\/{rel}","templated":true}]}}