{"id":5181,"date":"2026-03-30T10:48:23","date_gmt":"2026-03-30T10:48:23","guid":{"rendered":"https:\/\/mueller-wrh.de\/produkt\/mayfran-spaenefoerderer-typ-scharnierband-bj-15-intnr231541\/"},"modified":"2026-03-30T10:48:24","modified_gmt":"2026-03-30T10:48:24","slug":"mayfran-spaenefoerderer-typ-scharnierband-bj-15-intnr231541","status":"publish","type":"product","link":"https:\/\/mueller-wrh.de\/pa\/product\/mayfran-spaenefoerderer-typ-scharnierband-bj-15-intnr231541\/","title":{"rendered":"\u0a2e\u0a47\u0a2b\u0a30\u0a3e\u0a28 \u0a1a\u0a3f\u0a71\u0a2a \u0a15\u0a28\u0a35\u0a47\u0a05\u0a30, \u0a39\u0a3f\u0a70\u0a1c\u0a21 \u0a2c\u0a48\u0a32\u0a1f \u0a15\u0a3f\u0a38\u0a2e, 2015 \u0a35\u0a3f\u0a71\u0a1a \u0a2c\u0a23\u0a3f\u0a06, \u0a38\u0a40\u0a30\u0a40\u0a05\u0a32 \u0a28\u0a70\u0a2c\u0a30 231541"},"content":{"rendered":"<p><b>\u0a38\u0a25\u0a3e\u0a28:<\/b> \u0a1c\u0a30\u0a2e\u0a28\u0a40, \u0a2c\u0a3e\u0a21\u0a47\u0a28-\u0a35\u0a30\u0a1f\u0a2e\u0a2c\u0a30\u0a17 \u0a26\u0a71\u0a16\u0a23-\u0a2a\u0a71\u0a1b\u0a2e<\/p>\n<p><b>\u0a39\u0a3e\u0a32\u0a24:<\/b> \u0a32\u0a4b\u0a5c\u0a40\u0a02\u0a26\u0a3e<\/p>\n<p><b>\u0a28\u0a3f\u0a30\u0a2e\u0a3e\u0a24\u0a3e:<\/b> \u0a2e\u0a47\u0a2b\u0a30\u0a48\u0a28<\/p>\n<p><b>\u0a2e\u0a3e\u0a21\u0a32:<\/b> \u0a39\u0a3f\u0a70\u0a1c \u0a2a\u0a71\u0a1f\u0a40<\/p>\n<p><b>\u0a09\u0a38\u0a3e\u0a30\u0a40 \u0a26\u0a3e \u0a38\u0a3e\u0a32:<\/b> 2015<\/p>\n<p>\u0a2e\u0a47\u0a2b\u0a30\u0a3e\u0a28 \u0a1a\u0a3f\u0a71\u0a2a \u0a15\u0a28\u0a35\u0a47\u0a05\u0a30, \u0a39\u0a3f\u0a70\u0a1c\u0a21 \u0a2c\u0a48\u0a32\u0a1f \u0a15\u0a3f\u0a38\u0a2e, 2015 \u0a35\u0a3f\u0a71\u0a1a \u0a2c\u0a23\u0a3e\u0a07\u0a06 \u0a17\u0a3f\u0a06<\/p>\n<p>\u0a24\u0a15\u0a28\u0a40\u0a15\u0a40 \u0a21\u0a47\u0a1f\u0a3e<br \/>\n\u0a2a\u0a42\u0a30\u0a40 \u0a24\u0a30\u0a4d\u0a39\u0a3e\u0a02 \u0a15\u0a3e\u0a30\u0a1c\u0a38\u0a3c\u0a40\u0a32<br \/>\n\u0a26\u0a3e\u0a16\u0a32 \u0a15\u0a30\u0a28 \u0a26\u0a40 \u0a32\u0a70\u0a2c\u0a3e\u0a08: 940 \u0a2e\u0a3f\u0a2e\u0a40<br \/>\n\u0a06\u0a16\u0a30\u0a40 \u0a35\u0a3e\u0a30 CNC \u0a38\u0a35\u0a3f\u0a38-\u0a15\u0a3f\u0a38\u0a2e \u0a26\u0a47 \u0a16\u0a30\u0a3e\u0a26 &#039;\u0a24\u0a47 \u0a38\u0a25\u0a3e\u0a2a\u0a3f\u0a24 \u0a15\u0a40\u0a24\u0a3e \u0a17\u0a3f\u0a06<\/p>\n<p>\u0a2d\u0a3e\u0a30 \u0a05\u0a24\u0a47 \u0a2e\u0a3e\u0a2a<br \/>\n\u0a32\u0a4b\u0a21\u0a3f\u0a70\u0a17 \u0a2c\u0a47 \u0a26\u0a47 \u0a2e\u0a3e\u0a2a: \u0a32\u0a17\u0a2d\u0a17 2200 x 710 x 1100 \u0a2e\u0a3f\u0a32\u0a40\u0a2e\u0a40\u0a1f\u0a30<br \/>\n\u0a32\u0a4b\u0a21\u0a3f\u0a70\u0a17 \u0a2e\u0a48\u0a17\u0a1c\u0a3c\u0a40\u0a28 \u0a26\u0a3e \u0a2d\u0a3e\u0a30: \u0a32\u0a17\u0a2d\u0a17 250 \u0a15\u0a3f\u0a32\u0a4b\u0a17\u0a4d\u0a30\u0a3e\u0a2e<\/p>\n<p>\u0a2e\u0a38\u0a3c\u0a40\u0a28 \u0a28\u0a42\u0a70 \u0a05\u0a2a\u0a3e\u0a07\u0a70\u0a1f\u0a2e\u0a48\u0a02\u0a1f \u0a32\u0a48 \u0a15\u0a47 \u0a26\u0a47\u0a16\u0a3f\u0a06 \u0a1c\u0a3e \u0a38\u0a15\u0a26\u0a3e \u0a39\u0a48\u0964<br \/>\n\u0a24\u0a15\u0a28\u0a40\u0a15\u0a40 \u0a21\u0a47\u0a1f\u0a3e \u0a05\u0a24\u0a47 \u0a1c\u0a3e\u0a23\u0a15\u0a3e\u0a30\u0a40 \u0a26\u0a47 \u0a28\u0a3e\u0a32-\u0a28\u0a3e\u0a32 \u0a2a\u0a39\u0a3f\u0a32\u0a3e\u0a02 \u0a26\u0a40 \u0a35\u0a3f\u0a15\u0a30\u0a40 \u0a35\u0a3f\u0a71\u0a1a \u0a24\u0a2c\u0a26\u0a40\u0a32\u0a40\u0a06\u0a02 \u0a05\u0a24\u0a47 \u0a17\u0a32\u0a24\u0a40\u0a06\u0a02 \u0a26\u0a47 \u0a05\u0a27\u0a40\u0a28!<\/p>\n<p>\u0a2e\u0a47\u0a2b\u0a30\u0a3e\u0a28 \u0a1a\u0a3f\u0a71\u0a2a \u0a15\u0a28\u0a35\u0a47\u0a05\u0a30, \u0a39\u0a3f\u0a70\u0a1c\u0a21 \u0a2c\u0a48\u0a32\u0a1f \u0a15\u0a3f\u0a38\u0a2e, 2015 \u0a35\u0a3f\u0a71\u0a1a \u0a2c\u0a23\u0a3e\u0a07\u0a06 \u0a17\u0a3f\u0a06<\/p>\n<p>\u0a24\u0a15\u0a28\u0a40\u0a15\u0a40 \u0a35\u0a3f\u0a38\u0a3c\u0a47\u0a38\u0a3c\u0a24\u0a3e\u0a35\u0a3e\u0a02<br \/>\n\u0a2a\u0a42\u0a30\u0a40 \u0a24\u0a30\u0a4d\u0a39\u0a3e\u0a02 \u0a15\u0a3e\u0a30\u0a1c\u0a38\u0a3c\u0a40\u0a32<br \/>\n\u0a32\u0a4b\u0a21\u0a3f\u0a70\u0a17 \u0a32\u0a70\u0a2c\u0a3e\u0a08: 940 \u0a2e\u0a3f\u0a2e\u0a40<br \/>\n\u0a06\u0a16\u0a30\u0a40 \u0a35\u0a3e\u0a30 \u0a38\u0a40\u0a10\u0a28\u0a38\u0a40 \u0a35\u0a30\u0a1f\u0a40\u0a15\u0a32 \u0a1f\u0a30\u0a28\u0a3f\u0a70\u0a17 \u0a32\u0a48\u0a25 '\u0a24\u0a47 \u0a35\u0a30\u0a24\u0a3f\u0a06 \u0a17\u0a3f\u0a06 \u0a38\u0a40\u0964<\/p>\n<p>\u0a2d\u0a3e\u0a30 \u0a05\u0a24\u0a47 \u0a2e\u0a3e\u0a2a<br \/>\n\u0a2e\u0a48\u0a17\u0a1c\u0a3c\u0a40\u0a28 \u0a26\u0a47 \u0a32\u0a4b\u0a21 \u0a39\u0a4b\u0a23 \u0a26\u0a47 \u0a2e\u0a3e\u0a2a: \u0a32\u0a17\u0a2d\u0a17 2200 x 710 x 1100 \u0a2e\u0a3f\u0a2e\u0a40<br \/>\n\u0a32\u0a4b\u0a21\u0a3f\u0a70\u0a17 \u0a2e\u0a48\u0a17\u0a1c\u0a3c\u0a40\u0a28 \u0a26\u0a3e \u0a2d\u0a3e\u0a30: \u0a32\u0a17\u0a2d\u0a17 250 \u0a15\u0a3f\u0a32\u0a4b\u0a17\u0a4d\u0a30\u0a3e\u0a2e<\/p>\n<p>\u0a2e\u0a38\u0a3c\u0a40\u0a28 \u0a28\u0a42\u0a70 \u0a05\u0a2a\u0a3e\u0a07\u0a70\u0a1f\u0a2e\u0a48\u0a02\u0a1f \u0a32\u0a48 \u0a15\u0a47 \u0a26\u0a47\u0a16\u0a3f\u0a06 \u0a1c\u0a3e \u0a38\u0a15\u0a26\u0a3e \u0a39\u0a48\u0964<br \/>\n\u0a05\u0a38\u0a40\u0a02 \u0a24\u0a15\u0a28\u0a40\u0a15\u0a40 \u0a21\u0a47\u0a1f\u0a3e \u0a05\u0a24\u0a47 \u0a35\u0a3f\u0a38\u0a3c\u0a47\u0a38\u0a3c\u0a24\u0a3e\u0a35\u0a3e\u0a02 \u0a35\u0a3f\u0a71\u0a1a \u0a2c\u0a26\u0a32\u0a3e\u0a05 \u0a05\u0a24\u0a47 \u0a38\u0a41\u0a27\u0a3e\u0a30 \u0a15\u0a30\u0a28, \u0a05\u0a24\u0a47 \u0a07\u0a38 \u0a26\u0a4c\u0a30\u0a3e\u0a28 \u0a06\u0a08\u0a1f\u0a2e \u0a35\u0a47\u0a1a\u0a23 \u0a26\u0a3e \u0a05\u0a27\u0a3f\u0a15\u0a3e\u0a30 \u0a30\u0a3e\u0a16\u0a35\u0a3e\u0a02 \u0a30\u0a71\u0a16\u0a26\u0a47 \u0a39\u0a3e\u0a02!<\/p>","protected":false},"excerpt":{"rendered":"<p>Standort: Deutschland, Baden-W\u00fcrttemberg S\u00fcdwest Zustand: Gebraucht Hersteller: MAYFRAN Modell: Scharnierband Baujahr: 2015 MAYFRAN Sp\u00e4nef\u00f6rderer Typ Scharnierband Bj. 2015 Technische Daten vol funktionsf\u00e4hig Einschubl\u00e4nge : 940 mm zuletzt angebaut an CNC-Langdrehmaschine GEWICHT UND ABMESSUNGEN Abmessungen Lademagazin: ca. 2200 x 710 x 1100 mm Gewicht Lademagazin: ca. 250 kg Die Maschine kann nach Terminvereinbarung Strom besichtigt werden. [&hellip;]<\/p>\n","protected":false},"featured_media":5178,"comment_status":"open","ping_status":"closed","template":"","meta":{"_uf_show_specific_survey":0,"_uf_disable_surveys":false},"product_brand":[],"product_cat":[105],"product_tag":[],"class_list":{"0":"post-5181","1":"product","2":"type-product","3":"status-publish","4":"has-post-thumbnail","6":"product_cat-zubehoer-sonstiges","8":"first","9":"instock","10":"taxable","11":"shipping-taxable","12":"product-type-simple"},"aioseo_notices":[],"_links":{"self":[{"href":"https:\/\/mueller-wrh.de\/pa\/wp-json\/wp\/v2\/product\/5181","targetHints":{"allow":["GET"]}}],"collection":[{"href":"https:\/\/mueller-wrh.de\/pa\/wp-json\/wp\/v2\/product"}],"about":[{"href":"https:\/\/mueller-wrh.de\/pa\/wp-json\/wp\/v2\/types\/product"}],"replies":[{"embeddable":true,"href":"https:\/\/mueller-wrh.de\/pa\/wp-json\/wp\/v2\/comments?post=5181"}],"wp:featuredmedia":[{"embeddable":true,"href":"https:\/\/mueller-wrh.de\/pa\/wp-json\/wp\/v2\/media\/5178"}],"wp:attachment":[{"href":"https:\/\/mueller-wrh.de\/pa\/wp-json\/wp\/v2\/media?parent=5181"}],"wp:term":[{"taxonomy":"product_brand","embeddable":true,"href":"https:\/\/mueller-wrh.de\/pa\/wp-json\/wp\/v2\/product_brand?post=5181"},{"taxonomy":"product_cat","embeddable":true,"href":"https:\/\/mueller-wrh.de\/pa\/wp-json\/wp\/v2\/product_cat?post=5181"},{"taxonomy":"product_tag","embeddable":true,"href":"https:\/\/mueller-wrh.de\/pa\/wp-json\/wp\/v2\/product_tag?post=5181"}],"curies":[{"name":"\u0a21\u0a2c\u0a32\u0a2f\u0a42\u0a2a\u0a40","href":"https:\/\/api.w.org\/{rel}","templated":true}]}}