{"id":5134,"date":"2026-03-27T09:54:57","date_gmt":"2026-03-27T09:54:57","guid":{"rendered":"https:\/\/mueller-wrh.de\/produkt\/star-sr-20_rii_bj-07-2007_intnr231447\/"},"modified":"2026-03-27T10:10:35","modified_gmt":"2026-03-27T10:10:35","slug":"star-sr-20_rii_bj-07-2007_intnr231447","status":"publish","type":"product","link":"https:\/\/mueller-wrh.de\/pa\/product\/star-sr-20_rii_bj-07-2007_intnr231447\/","title":{"rendered":"\u0a38\u0a1f\u0a3e\u0a30 SR-20_RII_\u0a2c\u0a23\u0a3e\u0a09\u0a23 \u0a26\u0a3e \u0a38\u0a3e\u0a32: \u0a1c\u0a41\u0a32\u0a3e\u0a08 2007_\u0a38\u0a40\u0a30\u0a40\u0a05\u0a32 \u0a28\u0a70\u0a2c\u0a30 231447"},"content":{"rendered":"<p><b>\u0a38\u0a25\u0a3e\u0a28:<\/b> \u0a1c\u0a30\u0a2e\u0a28\u0a40, \u0a2c\u0a3e\u0a21\u0a47\u0a28-\u0a35\u0a30\u0a1f\u0a2e\u0a2c\u0a30\u0a17 \u0a26\u0a71\u0a16\u0a23-\u0a2a\u0a71\u0a1b\u0a2e<\/p>\n<p><b>\u0a39\u0a3e\u0a32\u0a24:<\/b> \u0a32\u0a4b\u0a5c\u0a40\u0a02\u0a26\u0a3e<\/p>\n<p><b>\u0a28\u0a3f\u0a30\u0a2e\u0a3e\u0a24\u0a3e:<\/b> \u0a38\u0a1f\u0a3e\u0a30 \u0a2e\u0a3e\u0a08\u0a15\u0a4d\u0a30\u0a4b\u0a28\u0a3f\u0a15\u0a38<\/p>\n<p><b>\u0a2e\u0a3e\u0a21\u0a32:<\/b> \u0a10\u0a38\u0a06\u0a30-20 \u0a06\u0a30\u0a06\u0a08\u0a06\u0a08<\/p>\n<p><b>\u0a09\u0a38\u0a3e\u0a30\u0a40 \u0a26\u0a3e \u0a38\u0a3e\u0a32:<\/b> 2007<\/p>\n<p><b>\u0a15\u0a70\u0a2e\u0a15\u0a3e\u0a1c\u0a40 \u0a18\u0a70\u0a1f\u0a47:<\/b> 20279<\/p>\n<p>CNC \u0a38\u0a35\u0a3f\u0a38-\u0a15\u0a3f\u0a38\u0a2e \u0a26\u0a40 \u0a16\u0a30\u0a3e\u0a26 SR20RII, 2007 \u0a35\u0a3f\u0a71\u0a1a \u0a2c\u0a23\u0a40<br \/>\n\u0a2e\u0a38\u0a3c\u0a40\u0a28 \u0a26\u0a40 \u0a15\u0a3f\u0a38\u0a2e: \u0a38\u0a40\u0a10\u0a28\u0a38\u0a40 \u0a38\u0a35\u0a3f\u0a38-\u0a15\u0a3f\u0a38\u0a2e \u0a26\u0a40 \u0a16\u0a30\u0a3e\u0a26 (\u0a38\u0a35\u0a3f\u0a38-\u0a15\u0a3f\u0a38\u0a2e)<br \/>\n\u0a15\u0a70\u0a1f\u0a30\u0a4b\u0a32\u0a30, \u0a2b\u0a48\u0a28\u0a15, \u0a38\u0a40\u0a30\u0a40\u0a1c\u0a3c 18i-TB,<br \/>\n\u0a15\u0a70\u0a2e \u0a15\u0a30\u0a28 \u0a26\u0a47 \u0a18\u0a70\u0a1f\u0a47: 20279<br \/>\n\u0a15\u0a70\u0a2e \u0a15\u0a30\u0a28 \u0a26\u0a47 \u0a18\u0a70\u0a1f\u0a47: 67058<\/p>\n<p>\u0a35\u0a71\u0a27 \u0a24\u0a4b\u0a02 \u0a35\u0a71\u0a27 \u0a2e\u0a4b\u0a5c\u0a28 \u0a35\u0a3e\u0a32\u0a3e \u0a35\u0a3f\u0a06\u0a38: \u00d8 20 \u0a2e\u0a3f\u0a32\u0a40\u0a2e\u0a40\u0a1f\u0a30 (\u0a35\u0a3f\u0a15\u0a32\u0a2a\u0a3f\u0a15 \u0a24\u0a4c\u0a30 &#039;\u0a24\u0a47 22 \u0a2e\u0a3f\u0a32\u0a40\u0a2e\u0a40\u0a1f\u0a30 \u0a24\u0a71\u0a15)<br \/>\n\u0a2e\u0a4b\u0a5c\u0a28 \u0a26\u0a40 \u0a32\u0a70\u0a2c\u0a3e\u0a08: 205 \u0a2e\u0a3f\u0a32\u0a40\u0a2e\u0a40\u0a1f\u0a30<br \/>\n\u0a2e\u0a41\u0a71\u0a16 \u0a38\u0a2a\u0a3f\u0a70\u0a21\u0a32:<br \/>\n\u0a17\u0a24\u0a40: \u0a32\u0a17\u0a2d\u0a17 10,000\u201312,000 \u0a2e\u0a3f\u0a70\u0a1f\u207b\u00b9 \u0a24\u0a71\u0a15<br \/>\n\u0a2a\u0a3e\u0a35\u0a30 \u0a06\u0a09\u0a1f\u0a2a\u0a41\u0a71\u0a1f: \u0a32\u0a17\u0a2d\u0a17 3.7\u20135.5 \u0a15\u0a3f\u0a32\u0a4b\u0a35\u0a3e\u0a1f<br \/>\nC-\u0a27\u0a41\u0a30\u0a3e<br \/>\n\u0a15\u0a3e\u0a0a\u0a02\u0a1f\u0a30 \u0a38\u0a2a\u0a3f\u0a70\u0a21\u0a32:<br \/>\n\u0a17\u0a24\u0a40: \u0a32\u0a17\u0a2d\u0a17 6,000\u20138,000 \u0a2e\u0a3f\u0a70\u0a1f\u207b\u00b9 \u0a24\u0a71\u0a15<br \/>\nC-\u0a27\u0a41\u0a30\u0a3e<br \/>\n\u0a27\u0a41\u0a30\u0a47:<br \/>\nX1 \/ Z1 \/ Y1 (\u0a2e\u0a41\u0a71\u0a16 \u0a2a\u0a4d\u0a30\u0a4b\u0a38\u0a48\u0a38\u0a3f\u0a70\u0a17)<br \/>\nX2 \/ Z2 (\u0a15\u0a3e\u0a0a\u0a02\u0a1f\u0a30 \u0a38\u0a2a\u0a3f\u0a70\u0a21\u0a32)<br \/>\n\u0a24\u0a47\u0a1c\u0a3c \u0a30\u0a2b\u0a3c\u0a24\u0a3e\u0a30: \u0a32\u0a17\u0a2d\u0a17 24-30 \u0a2e\u0a40\u0a1f\u0a30\/\u0a2e\u0a3f\u0a70\u0a1f<\/p>\n<p>\u0a2e\u0a38\u0a3c\u0a40\u0a28 \u0a26\u0a47 \u0a2e\u0a3e\u0a2a: 2400x1205x1700 \u0a2e\u0a3f\u0a32\u0a40\u0a2e\u0a40\u0a1f\u0a30<br \/>\n\u0a2e\u0a38\u0a3c\u0a40\u0a28 \u0a26\u0a3e \u0a2d\u0a3e\u0a30: 2200 \u0a15\u0a3f\u0a32\u0a4b\u0a17\u0a4d\u0a30\u0a3e\u0a2e<\/p>\n<p>\u0a24\u0a15\u0a28\u0a40\u0a15\u0a40 \u0a21\u0a47\u0a1f\u0a3e \u0a05\u0a24\u0a47 \u0a1c\u0a3e\u0a23\u0a15\u0a3e\u0a30\u0a40 \u0a26\u0a47 \u0a28\u0a3e\u0a32-\u0a28\u0a3e\u0a32 \u0a2a\u0a39\u0a3f\u0a32\u0a3e\u0a02 \u0a26\u0a40 \u0a35\u0a3f\u0a15\u0a30\u0a40 \u0a35\u0a3f\u0a71\u0a1a \u0a24\u0a2c\u0a26\u0a40\u0a32\u0a40\u0a06\u0a02 \u0a05\u0a24\u0a47 \u0a17\u0a32\u0a24\u0a40\u0a06\u0a02 \u0a26\u0a47 \u0a05\u0a27\u0a40\u0a28!<\/p>\n<p>\u0a38\u0a40\u0a10\u0a28\u0a38\u0a40 \u0a38\u0a35\u0a3f\u0a38-\u0a1f\u0a3e\u0a08\u0a2a \u0a32\u0a47\u0a25 \u0a38\u0a1f\u0a3e\u0a30 \u0a10\u0a38\u0a06\u0a30-20\u0a06\u0a30\u0a06\u0a08\u0a06\u0a08<br \/>\n\u0a28\u0a3f\u0a30\u0a2e\u0a3e\u0a23 \u0a38\u0a3e\u0a32: 2007<\/p>\n<p>\u0a2e\u0a38\u0a3c\u0a40\u0a28 \u0a26\u0a40 \u0a15\u0a3f\u0a38\u0a2e: \u0a38\u0a40\u0a10\u0a28\u0a38\u0a40 \u0a38\u0a35\u0a3f\u0a38-\u0a15\u0a3f\u0a38\u0a2e \u0a26\u0a40 \u0a38\u0a32\u0a3e\u0a08\u0a21\u0a3f\u0a70\u0a17 \u0a39\u0a48\u0a71\u0a21\u0a38\u0a1f\u0a3e\u0a15 \u0a16\u0a30\u0a3e\u0a26<br \/>\n\u0a15\u0a70\u0a1f\u0a30\u0a4b\u0a32: \u0a2b\u0a48\u0a28\u0a15, \u0a38\u0a40\u0a30\u0a40\u0a1c\u0a3c 18i-TB<\/p>\n<p>\u0a2a\u0a3e\u0a35\u0a30-\u0a06\u0a28 \u0a18\u0a70\u0a1f\u0a47: 20,279 \u0a18\u0a70\u0a1f\u0a47<br \/>\n\u0a15\u0a70\u0a2e \u0a15\u0a30\u0a28 \u0a26\u0a47 \u0a18\u0a70\u0a1f\u0a47: 67,058 \u0a18\u0a70\u0a1f\u0a47<\/p>\n<p>\u0a24\u0a15\u0a28\u0a40\u0a15\u0a40 \u0a21\u0a47\u0a1f\u0a3e<\/p>\n<p>\u0a2e\u0a38\u0a3c\u0a40\u0a28\u0a3f\u0a70\u0a17 \u0a38\u0a2e\u0a30\u0a71\u0a25\u0a3e:<br \/>\n\u0a35\u0a71\u0a27 \u0a24\u0a4b\u0a02 \u0a35\u0a71\u0a27 \u0a2e\u0a4b\u0a5c\u0a28 \u0a35\u0a3e\u0a32\u0a3e \u0a35\u0a3f\u0a06\u0a38: \u00d8 20 \u0a2e\u0a3f\u0a32\u0a40\u0a2e\u0a40\u0a1f\u0a30 (\u0a35\u0a3f\u0a15\u0a32\u0a2a\u0a3f\u0a15 \u0a24\u0a4c\u0a30 &#039;\u0a24\u0a47 \u00d8 22 \u0a2e\u0a3f\u0a32\u0a40\u0a2e\u0a40\u0a1f\u0a30 \u0a24\u0a71\u0a15)<br \/>\n\u0a35\u0a71\u0a27 \u0a24\u0a4b\u0a02 \u0a35\u0a71\u0a27 \u0a2e\u0a4b\u0a5c\u0a28 \u0a26\u0a40 \u0a32\u0a70\u0a2c\u0a3e\u0a08: 205 \u0a2e\u0a3f\u0a32\u0a40\u0a2e\u0a40\u0a1f\u0a30<br \/>\n\u0a2e\u0a41\u0a71\u0a16 \u0a38\u0a2a\u0a3f\u0a70\u0a21\u0a32:<br \/>\n\u0a17\u0a24\u0a40: \u0a32\u0a17\u0a2d\u0a17 10,000-12,000rpm \u0a24\u0a71\u0a15<br \/>\n\u0a2a\u0a3e\u0a35\u0a30: \u0a32\u0a17\u0a2d\u0a17 3.7\u20135.5 \u0a15\u0a3f\u0a32\u0a4b\u0a35\u0a3e\u0a1f<br \/>\nC-\u0a27\u0a41\u0a30\u0a3e<br \/>\n\u0a38\u0a2c-\u0a38\u0a2a\u0a3f\u0a70\u0a21\u0a32:<br \/>\n\u0a17\u0a24\u0a40: \u0a32\u0a17\u0a2d\u0a17 6,000-8,000 rpm \u0a24\u0a71\u0a15<br \/>\nC-\u0a27\u0a41\u0a30\u0a3e<br \/>\n\u0a27\u0a41\u0a30\u0a47 \u0a38\u0a70\u0a30\u0a1a\u0a28\u0a3e:<br \/>\nX1 \/ Z1 \/ Y1 (\u0a2e\u0a41\u0a71\u0a16 \u0a2e\u0a38\u0a3c\u0a40\u0a28\u0a3f\u0a70\u0a17)<br \/>\nX2 \/ Z2 (\u0a38\u0a2c-\u0a38\u0a2a\u0a3f\u0a70\u0a21\u0a32)<br \/>\n\u0a24\u0a47\u0a1c\u0a3c \u0a30\u0a2b\u0a3c\u0a24\u0a3e\u0a30: \u0a32\u0a17\u0a2d\u0a17 24-30 \u0a2e\u0a40\u0a1f\u0a30\/\u0a2e\u0a3f\u0a70\u0a1f<\/p>\n<p>\u0a2e\u0a38\u0a3c\u0a40\u0a28 \u0a26\u0a47 \u0a2e\u0a3e\u0a2a \u0a05\u0a24\u0a47 \u0a2d\u0a3e\u0a30<br \/>\n\u0a2e\u0a3e\u0a2a (L \u00d7 W \u00d7 H): 2400 \u00d7 1205 \u00d7 1700 \u0a2e\u0a3f\u0a32\u0a40\u0a2e\u0a40\u0a1f\u0a30<br \/>\n\u0a2e\u0a38\u0a3c\u0a40\u0a28 \u0a26\u0a3e \u0a2d\u0a3e\u0a30: \u0a32\u0a17\u0a2d\u0a17 2,200 \u0a15\u0a3f\u0a32\u0a4b\u0a17\u0a4d\u0a30\u0a3e\u0a2e<\/p>\n<p>\u0a2a\u0a39\u0a3f\u0a32\u0a3e\u0a02 \u0a26\u0a40 \u0a35\u0a3f\u0a15\u0a30\u0a40 \u0a26\u0a47 \u0a05\u0a27\u0a40\u0a28, \u0a24\u0a15\u0a28\u0a40\u0a15\u0a40 \u0a21\u0a47\u0a1f\u0a3e \u0a05\u0a24\u0a47 \u0a35\u0a3f\u0a38\u0a3c\u0a47\u0a38\u0a3c\u0a24\u0a3e\u0a35\u0a3e\u0a02 \u0a35\u0a3f\u0a71\u0a1a \u0a2c\u0a26\u0a32\u0a3e\u0a05 \u0a05\u0a24\u0a47 \u0a17\u0a32\u0a24\u0a40\u0a06\u0a02 \u0a28\u0a42\u0a70 \u0a1b\u0a71\u0a21 \u0a26\u0a3f\u0a71\u0a24\u0a3e \u0a17\u0a3f\u0a06 \u0a39\u0a48\u0964.<\/p>","protected":false},"excerpt":{"rendered":"<p>Standort: Deutschland, Baden-W\u00fcrttemberg S\u00fcdwest Zustand: Gebraucht Hersteller: STAR Micronics Modell: SR-20 RII Baujahr: 2007 Betriebsstunden: 20279 CNC-Langdrehmaschine SR20RII, Bj. 2007 Maschinentyp: CNC-Langdrehmaschine (Swiss-Type) Steuerung, Fanuc, Serie 18i-TB, Einschaltstunden: 20279 Betriebsstunden: 67058 Max. Drehdurchmesser: \u00d8 20 mm (Optional bis 22mm) Drehl\u00e4nge: 205 mm Hauptspindel: Drehzahl: bis ca. 10.000\u201312.000 min\u207b\u00b9 Leistung: ca. 3,7\u20135,5 kW C-Achse Gegenspindel: Drehzahl: [&hellip;]<\/p>\n","protected":false},"featured_media":5135,"comment_status":"open","ping_status":"closed","template":"","meta":{"_uf_show_specific_survey":0,"_uf_disable_surveys":false},"product_brand":[],"product_cat":[23],"product_tag":[],"class_list":{"0":"post-5134","1":"product","2":"type-product","3":"status-publish","4":"has-post-thumbnail","6":"product_cat-cnc-langdrehmaschinen","8":"first","9":"instock","10":"taxable","11":"shipping-taxable","12":"product-type-simple"},"aioseo_notices":[],"_links":{"self":[{"href":"https:\/\/mueller-wrh.de\/pa\/wp-json\/wp\/v2\/product\/5134","targetHints":{"allow":["GET"]}}],"collection":[{"href":"https:\/\/mueller-wrh.de\/pa\/wp-json\/wp\/v2\/product"}],"about":[{"href":"https:\/\/mueller-wrh.de\/pa\/wp-json\/wp\/v2\/types\/product"}],"replies":[{"embeddable":true,"href":"https:\/\/mueller-wrh.de\/pa\/wp-json\/wp\/v2\/comments?post=5134"}],"wp:featuredmedia":[{"embeddable":true,"href":"https:\/\/mueller-wrh.de\/pa\/wp-json\/wp\/v2\/media\/5135"}],"wp:attachment":[{"href":"https:\/\/mueller-wrh.de\/pa\/wp-json\/wp\/v2\/media?parent=5134"}],"wp:term":[{"taxonomy":"product_brand","embeddable":true,"href":"https:\/\/mueller-wrh.de\/pa\/wp-json\/wp\/v2\/product_brand?post=5134"},{"taxonomy":"product_cat","embeddable":true,"href":"https:\/\/mueller-wrh.de\/pa\/wp-json\/wp\/v2\/product_cat?post=5134"},{"taxonomy":"product_tag","embeddable":true,"href":"https:\/\/mueller-wrh.de\/pa\/wp-json\/wp\/v2\/product_tag?post=5134"}],"curies":[{"name":"\u0a21\u0a2c\u0a32\u0a2f\u0a42\u0a2a\u0a40","href":"https:\/\/api.w.org\/{rel}","templated":true}]}}