{"id":5096,"date":"2026-03-19T12:49:16","date_gmt":"2026-03-19T12:49:16","guid":{"rendered":"https:\/\/mueller-wrh.de\/produkt\/star-sr20r-ii-typ-660-bj-2006_09_-intnr231525\/"},"modified":"2026-03-19T12:49:16","modified_gmt":"2026-03-19T12:49:16","slug":"star-sr20r-ii-typ-660-bj-2006_09_-intnr231525","status":"publish","type":"product","link":"https:\/\/mueller-wrh.de\/pa\/product\/star-sr20r-ii-typ-660-bj-2006_09_-intnr231525\/","title":{"rendered":"\u0a38\u0a1f\u0a3e\u0a30 SR20R II \u0a15\u0a3f\u0a38\u0a2e 660, \u0a38\u0a24\u0a70\u0a2c\u0a30 2006 \u0a35\u0a3f\u0a71\u0a1a \u0a2c\u0a23\u0a3e\u0a08 \u0a17\u0a08 \u2013 \u0a38\u0a40\u0a30\u0a40\u0a05\u0a32 \u0a28\u0a70\u0a2c\u0a30 231525"},"content":{"rendered":"<p><b>\u0a38\u0a25\u0a3e\u0a28:<\/b> \u0a1c\u0a30\u0a2e\u0a28\u0a40, \u0a2c\u0a3e\u0a21\u0a47\u0a28-\u0a35\u0a30\u0a1f\u0a2e\u0a2c\u0a30\u0a17 \u0a26\u0a71\u0a16\u0a23-\u0a2a\u0a71\u0a1b\u0a2e<\/p>\n<p><b>\u0a39\u0a3e\u0a32\u0a24:<\/b> \u0a32\u0a4b\u0a5c\u0a40\u0a02\u0a26\u0a3e<\/p>\n<p><b>\u0a28\u0a3f\u0a30\u0a2e\u0a3e\u0a24\u0a3e:<\/b> \u0a38\u0a1f\u0a3e\u0a30 \u0a2e\u0a3e\u0a08\u0a15\u0a4d\u0a30\u0a4b\u0a28\u0a3f\u0a15\u0a38<\/p>\n<p><b>\u0a2e\u0a3e\u0a21\u0a32:<\/b> \u0a10\u0a38\u0a06\u0a30-20\u0a06\u0a30 II \u0a1f\u0a3e\u0a08\u0a2a 660<\/p>\n<p><b>\u0a09\u0a38\u0a3e\u0a30\u0a40 \u0a26\u0a3e \u0a38\u0a3e\u0a32:<\/b> 2006<\/p>\n<p><b>\u0a15\u0a70\u0a2e\u0a15\u0a3e\u0a1c\u0a40 \u0a18\u0a70\u0a1f\u0a47:<\/b> 76032<\/p>\n<p>\u0a38\u0a1f\u0a3e\u0a30 SR-20RII \u0a1f\u0a3e\u0a08\u0a2a 660 CNC \u0a35\u0a30\u0a1f\u0a40\u0a15\u0a32 \u0a1f\u0a30\u0a28\u0a3f\u0a70\u0a17 \u0a2e\u0a38\u0a3c\u0a40\u0a28 (\u0a38\u0a35\u0a3f\u0a38-\u0a1f\u0a3e\u0a08\u0a2a)<br \/>\n\u0a2c\u0a23\u0a3e\u0a09\u0a23 \u0a26\u0a3e \u0a38\u0a3e\u0a32: \u0a38\u0a24\u0a70\u0a2c\u0a30 2006<br \/>\n\u0a28\u0a3f\u0a2f\u0a70\u0a24\u0a30\u0a23 \u0a2a\u0a4d\u0a30\u0a23\u0a3e\u0a32\u0a40: \u0a2b\u0a48\u0a28\u0a41\u0a15<br \/>\n\u0a15\u0a71\u0a1f\u0a23 \u0a26\u0a3e \u0a38\u0a2e\u0a3e\u0a02: 53,000<br \/>\n\u0a24\u0a15\u0a28\u0a40\u0a15\u0a40 \u0a21\u0a47\u0a1f\u0a3e<br \/>\n\u0a35\u0a71\u0a27 \u0a24\u0a4b\u0a02 \u0a35\u0a71\u0a27 \u0a2e\u0a4b\u0a5c\u0a28 \u0a26\u0a3e \u0a35\u0a3f\u0a06\u0a38: \u00d8 20 \u0a2e\u0a3f\u0a2e\u0a40 (\u0a35\u0a3f\u0a15\u0a32\u0a2a \u0a35\u0a1c\u0a4b\u0a02 \u00d8 22 \u0a2e\u0a3f\u0a2e\u0a40 \u0a24\u0a71\u0a15)<br \/>\n\u0a15\u0a70\u0a2e \u0a15\u0a30\u0a28 \u0a26\u0a40 \u0a32\u0a70\u0a2c\u0a3e\u0a08: 205 \u0a2e\u0a3f\u0a2e\u0a40<br \/>\n\u0a2e\u0a41\u0a71\u0a16 \u0a38\u0a2a\u0a3f\u0a70\u0a21\u0a32:<br \/>\n\u2022 \u0a17\u0a24\u0a40: \u0a32\u0a17\u0a2d\u0a17 10,000\u201312,000 \u0a06\u0a30\u0a2a\u0a40\u0a10\u0a2e \u0a24\u0a71\u0a15<br \/>\n\u2022 \u0a2a\u0a3e\u0a35\u0a30: \u0a32\u0a17\u0a2d\u0a17 3.7\u20135.5 \u0a15\u0a3f\u0a32\u0a4b\u0a35\u0a3e\u0a1f<br \/>\n\u2022 \u0a06\u0a15\u0a3e\u0a30 \u0a15\u0a41\u0a24\u0a3e\u0a30\u0a40 \u0a32\u0a08 \u0a38\u0a40-\u0a10\u0a15\u0a38\u0a3f\u0a38<br \/>\n\u0a15\u0a3e\u0a0a\u0a02\u0a1f\u0a30 \u0a38\u0a2a\u0a3f\u0a70\u0a21\u0a32:<br \/>\n\u2022 \u0a17\u0a24\u0a40: \u0a32\u0a17\u0a2d\u0a17 6,000\u20138,000 \u0a06\u0a30\u0a2a\u0a40\u0a10\u0a2e \u0a24\u0a71\u0a15<br \/>\n\u2022 \u0a38\u0a40-\u0a10\u0a15\u0a38\u0a3f\u0a38<br \/>\n\u0a10\u0a15\u0a38\u0a3f\u0a38 (\u0a2f\u0a3e\u0a24\u0a30\u0a3e \u0a26\u0a40\u0a06\u0a02 \u0a38\u0a40\u0a2e\u0a3e\u0a35\u0a3e\u0a02):<br \/>\n\u2022 X1 \/ Z1 \/ Y1 (\u0a2e\u0a41\u0a71\u0a16 \u0a2e\u0a38\u0a3c\u0a40\u0a28\u0a3f\u0a70\u0a17): X1 \u0a32\u0a17\u0a2d\u0a17 265 \u0a2e\u0a3f\u0a2e\u0a40 \/ Z1 \u0a32\u0a17\u0a2d\u0a17 205 \u0a2e\u0a3f\u0a2e\u0a40 \/ Y1 \u00b1 20 \u0a2e\u0a3f\u0a2e\u0a40<br \/>\n\u2022 X2 \/ Z2 (\u0a15\u0a3e\u0a0a\u0a02\u0a1f\u0a30 \u0a38\u0a2a\u0a3f\u0a70\u0a21\u0a32): \u0a2e\u0a41\u0a71\u0a16 \u0a27\u0a41\u0a30\u0a3e \u0a26\u0a47 \u0a38\u0a2e\u0a3e\u0a28; \u0a38\u0a39\u0a40 \u0a2e\u0a41\u0a71\u0a32 \u0a2e\u0a38\u0a3c\u0a40\u0a28 '\u0a24\u0a47 \u0a28\u0a3f\u0a30\u0a2d\u0a30 \u0a15\u0a30\u0a26\u0a47 \u0a39\u0a28\u0964<br \/>\n\u2022 \u0a24\u0a47\u0a1c\u0a3c \u0a2b\u0a40\u0a21: \u0a32\u0a17\u0a2d\u0a17 24\u201330 \u0a2e\u0a40\u0a1f\u0a30\/\u0a2e\u0a3f\u0a70\u0a1f<br \/>\n\u0a2e\u0a38\u0a3c\u0a40\u0a28 \u0a26\u0a47 \u0a2e\u0a3e\u0a2a: 2,400 \u00d7 1,205 \u00d7 1,700 \u0a2e\u0a3f\u0a2e\u0a40<br \/>\n\u0a2e\u0a38\u0a3c\u0a40\u0a28 \u0a26\u0a3e \u0a2d\u0a3e\u0a30: \u0a32\u0a17\u0a2d\u0a17 2,200 \u0a15\u0a3f\u0a32\u0a4b\u0a17\u0a4d\u0a30\u0a3e\u0a2e<\/p>\n<p>\u0a2c\u0a3e\u0a30 \u0a2b\u0a40\u0a21\u0a30: FMB TURBO 3-26\/3200<br \/>\n\u2022 \u0a2c\u0a3e\u0a30 \u0a38\u0a2e\u0a30\u0a71\u0a25\u0a3e: \u00d8 3\u201326 \u0a2e\u0a3f\u0a2e\u0a40<br \/>\n\u2022 \u0a2e\u0a3e\u0a0a\u0a02\u0a1f\u0a3f\u0a70\u0a17 \u0a35\u0a3f\u0a15\u0a32\u0a2a: \u201eA\u201c<br \/>\n\u2022 \u0a2c\u0a23\u0a3e\u0a09\u0a23 \u0a26\u0a3e \u0a38\u0a3e\u0a32: 2006<br \/>\n\u2022 \u0a2e\u0a3e\u0a2a: \u0a32\u0a17\u0a2d\u0a17 4,500 \u00d7 1,000 \u00d7 1,800 \u0a2e\u0a3f\u0a32\u0a40\u0a2e\u0a40\u0a1f\u0a30<br \/>\n\u2022 \u0a35\u0a1c\u0a3c\u0a28: \u0a32\u0a17\u0a2d\u0a17 800 \u0a15\u0a3f.\u0a17\u0a4d\u0a30\u0a3e.<br \/>\n\u2022 \u0a10\u0a38\u0a10\u0a2b\u0a2c\u0a40 \u0a2c\u0a3f\u0a0a\u0a1a\u0a47\u0a32\u0a47 \u0a39\u0a3e\u0a08-\u0a2a\u0a4d\u0a30\u0a48\u0a38\u0a3c\u0a30 \u0a38\u0a3f\u0a38\u0a1f\u0a2e (2 \u0a35\u0a3e\u0a32\u0a35) \u0a05\u0a24\u0a47 \u0a2b\u0a3f\u0a32\u0a1f\u0a30<br \/>\n\u0a35\u0a30\u0a24\u0a4b\u0a02\u0a15\u0a3e\u0a30 \u0a2e\u0a48\u0a28\u0a42\u0a05\u0a32 \/ \u0a26\u0a38\u0a24\u0a3e\u0a35\u0a47\u0a1c\u0a3c<br \/>\n\u0a26\u0a47\u0a16\u0a23 \u0a32\u0a08: \u0a2e\u0a38\u0a3c\u0a40\u0a28 \u0a28\u0a42\u0a70 \u0a28\u0a3f\u0a2f\u0a41\u0a15\u0a24\u0a40 \u0a30\u0a3e\u0a39\u0a40\u0a02 \u0a38\u0a3e\u0a08\u0a1f '\u0a24\u0a47 \u0a26\u0a47\u0a16\u0a3f\u0a06 \u0a1c\u0a3e \u0a38\u0a15\u0a26\u0a3e \u0a39\u0a48\u0964.<br \/>\n\u0a15\u0a3f\u0a30\u0a2a\u0a3e \u0a15\u0a30\u0a15\u0a47 \u0a27\u0a3f\u0a06\u0a28 \u0a26\u0a3f\u0a13: \u0a05\u0a38\u0a40\u0a02 \u0a24\u0a15\u0a28\u0a40\u0a15\u0a40 \u0a35\u0a3f\u0a38\u0a3c\u0a47\u0a38\u0a3c\u0a24\u0a3e\u0a35\u0a3e\u0a02 \u0a35\u0a3f\u0a71\u0a1a \u0a2c\u0a26\u0a32\u0a3e\u0a05 \u0a15\u0a30\u0a28, \u0a15\u0a3f\u0a38\u0a47 \u0a35\u0a40 \u0a17\u0a32\u0a24\u0a40 \u0a28\u0a42\u0a70 \u0a20\u0a40\u0a15 \u0a15\u0a30\u0a28, \u0a05\u0a24\u0a47 \u0a38\u0a42\u0a1a\u0a40\u0a2c\u0a71\u0a27 \u0a39\u0a4b\u0a23 \u0a24\u0a4b\u0a02 \u0a2a\u0a39\u0a3f\u0a32\u0a3e\u0a02 \u0a39\u0a40 \u0a35\u0a38\u0a24\u0a42\u0a06\u0a02 \u0a35\u0a47\u0a1a\u0a23 \u0a26\u0a3e \u0a05\u0a27\u0a3f\u0a15\u0a3e\u0a30 \u0a30\u0a3e\u0a16\u0a35\u0a3e\u0a02 \u0a30\u0a71\u0a16\u0a26\u0a47 \u0a39\u0a3e\u0a02!<\/p>\n<p>\u0a38\u0a40\u0a10\u0a28\u0a38\u0a40 \u0a32\u0a70\u0a2c\u0a40 \u0a32\u0a48\u0a25 \u0a38\u0a1f\u0a3e\u0a30 \u0a10\u0a38\u0a06\u0a30-20\u0a06\u0a30\u0a06\u0a08\u0a06\u0a08 \u0a1f\u0a3e\u0a08\u0a2a 660 (\u0a38\u0a35\u0a3f\u0a38-\u0a1f\u0a3e\u0a08\u0a2a)<br \/>\n\u0a2c\u0a23\u0a3e\u0a09\u0a23 \u0a26\u0a3e \u0a38\u0a3e\u0a32: \u0a38\u0a24\u0a70\u0a2c\u0a30 2006<br \/>\n\u0a28\u0a3f\u0a2f\u0a70\u0a24\u0a30\u0a23 \u0a2a\u0a4d\u0a30\u0a23\u0a3e\u0a32\u0a40: \u0a2b\u0a48\u0a28\u0a41\u0a15<br \/>\n\u0a15\u0a71\u0a1f\u0a23 \u0a26\u0a3e \u0a38\u0a2e\u0a3e\u0a02: 53,000 \u0a18\u0a70\u0a1f\u0a47<\/p>\n<p>\u0a24\u0a15\u0a28\u0a40\u0a15\u0a40 \u0a35\u0a3f\u0a38\u0a3c\u0a47\u0a38\u0a3c\u0a24\u0a3e\u0a35\u0a3e\u0a02<\/p>\n<p>\u0a35\u0a71\u0a27 \u0a24\u0a4b\u0a02 \u0a35\u0a71\u0a27 \u0a2e\u0a4b\u0a5c\u0a28 \u0a35\u0a3e\u0a32\u0a3e \u0a35\u0a3f\u0a06\u0a38: \u00d8 20 \u0a2e\u0a3f\u0a32\u0a40\u0a2e\u0a40\u0a1f\u0a30 (\u0a35\u0a3f\u0a15\u0a32\u0a2a\u0a3f\u0a15 \u0a24\u0a4c\u0a30 &#039;\u0a24\u0a47 \u00d8 22 \u0a2e\u0a3f\u0a32\u0a40\u0a2e\u0a40\u0a1f\u0a30 \u0a24\u0a71\u0a15)<br \/>\n\u0a2e\u0a4b\u0a5c\u0a28 \u0a26\u0a40 \u0a32\u0a70\u0a2c\u0a3e\u0a08: 205 \u0a2e\u0a3f\u0a2e\u0a40<\/p>\n<p>\u0a2e\u0a41\u0a71\u0a16 \u0a38\u0a2a\u0a3f\u0a70\u0a21\u0a32:<\/p>\n<p>\u0a17\u0a24\u0a40: \u0a32\u0a17\u0a2d\u0a17 10,000-12,000rpm \u0a24\u0a71\u0a15<\/p>\n<p>\u0a2a\u0a3e\u0a35\u0a30: \u0a32\u0a17\u0a2d\u0a17 3.7\u20135.5 \u0a15\u0a3f\u0a32\u0a4b\u0a35\u0a3e\u0a1f<\/p>\n<p>\u0a06\u0a15\u0a3e\u0a30 \u0a15\u0a71\u0a1f\u0a23 \u0a32\u0a08 \u0a38\u0a40-\u0a10\u0a15\u0a38\u0a3f\u0a38<\/p>\n<p>\u0a15\u0a3e\u0a0a\u0a02\u0a1f\u0a30 \u0a38\u0a2a\u0a3f\u0a70\u0a21\u0a32:<\/p>\n<p>\u0a17\u0a24\u0a40: \u0a32\u0a17\u0a2d\u0a17 6,000-8,000 rpm \u0a24\u0a71\u0a15<\/p>\n<p>C-\u0a27\u0a41\u0a30\u0a3e<\/p>\n<p>\u0a10\u0a15\u0a38\u0a3f\u0a38 (\u0a2f\u0a3e\u0a24\u0a30\u0a3e \u0a26\u0a40\u0a06\u0a02 \u0a38\u0a40\u0a2e\u0a3e\u0a35\u0a3e\u0a02):<\/p>\n<p>X1 \/ Z1 \/ Y1 (\u0a2e\u0a41\u0a71\u0a16 \u0a2e\u0a38\u0a3c\u0a40\u0a28\u0a3f\u0a70\u0a17): X1 \u0a32\u0a17\u0a2d\u0a17 265 \u0a2e\u0a3f\u0a2e\u0a40 \/ Z1 \u0a32\u0a17\u0a2d\u0a17 205 \u0a2e\u0a3f\u0a2e\u0a40 \/ Y1 \u00b1 20 \u0a2e\u0a3f\u0a2e\u0a40<\/p>\n<p>X2 \/ Z2 (\u0a15\u0a3e\u0a0a\u0a02\u0a1f\u0a30 \u0a38\u0a2a\u0a3f\u0a70\u0a21\u0a32): \u0a2e\u0a41\u0a71\u0a16 \u0a38\u0a2a\u0a3f\u0a70\u0a21\u0a32 \u0a26\u0a47 \u0a38\u0a2e\u0a3e\u0a28; \u0a38\u0a39\u0a40 \u0a2e\u0a41\u0a71\u0a32 \u0a2e\u0a38\u0a3c\u0a40\u0a28 '\u0a24\u0a47 \u0a28\u0a3f\u0a30\u0a2d\u0a30 \u0a15\u0a30\u0a26\u0a47 \u0a39\u0a28\u0964<\/p>\n<p>\u0a24\u0a47\u0a1c\u0a3c \u0a30\u0a2b\u0a3c\u0a24\u0a3e\u0a30: \u0a32\u0a17\u0a2d\u0a17 24-30 \u0a2e\u0a40\u0a1f\u0a30\/\u0a2e\u0a3f\u0a70\u0a1f<\/p>\n<p>\u0a2e\u0a38\u0a3c\u0a40\u0a28 \u0a26\u0a47 \u0a2e\u0a3e\u0a2a: 2,400 \u00d7 1,205 \u00d7 1,700 \u0a2e\u0a3f\u0a2e\u0a40<br \/>\n\u0a2e\u0a38\u0a3c\u0a40\u0a28 \u0a26\u0a3e \u0a2d\u0a3e\u0a30: \u0a32\u0a17\u0a2d\u0a17 2,200 \u0a15\u0a3f\u0a32\u0a4b\u0a17\u0a4d\u0a30\u0a3e\u0a2e<\/p>\n<p>\u0a2c\u0a3e\u0a30 \u0a2b\u0a40\u0a21\u0a30: FMB \u0a1f\u0a30\u0a2c\u0a4b 3-26\/3200<\/p>\n<p>\u0a2c\u0a3e\u0a30 \u0a35\u0a3f\u0a06\u0a38 \u0a26\u0a40 \u0a38\u0a40\u0a2e\u0a3e: \u00d8 3\u201326 \u0a2e\u0a3f\u0a2e\u0a40<\/p>\n<p>\u0a2e\u0a3e\u0a0a\u0a02\u0a1f\u0a3f\u0a70\u0a17 \u0a35\u0a3f\u0a15\u0a32\u0a2a: \u201cA\u201d<\/p>\n<p>\u0a2c\u0a23\u0a3e\u0a09\u0a23 \u0a26\u0a3e \u0a38\u0a3e\u0a32: 2006<\/p>\n<p>\u0a2e\u0a3e\u0a2a: \u0a32\u0a17\u0a2d\u0a17 4,500 \u00d7 1,000 \u00d7 1,800 \u0a2e\u0a3f.\u0a2e\u0a40.<\/p>\n<p>\u0a2d\u0a3e\u0a30: \u0a32\u0a17\u0a2d\u0a17 800 \u0a15\u0a3f\u0a32\u0a4b\u0a17\u0a4d\u0a30\u0a3e\u0a2e<\/p>\n<p>SFB B\u00fcchele \u0a09\u0a71\u0a1a-\u0a26\u0a2c\u0a3e\u0a05 \u0a38\u0a3f\u0a38\u0a1f\u0a2e (2 \u0a35\u0a3e\u0a32\u0a35\u0a3e\u0a02) \u0a2b\u0a3f\u0a32\u0a1f\u0a30 \u0a26\u0a47 \u0a28\u0a3e\u0a32<\/p>\n<p>\u0a2e\u0a48\u0a28\u0a42\u0a05\u0a32 \/ \u0a26\u0a38\u0a24\u0a3e\u0a35\u0a47\u0a1c\u0a3c: \u0a38\u0a3c\u0a3e\u0a2e\u0a32<\/p>\n<p>\u0a26\u0a47\u0a16\u0a23 \u0a32\u0a08: \u0a2e\u0a38\u0a3c\u0a40\u0a28 \u0a28\u0a42\u0a70 \u0a05\u0a2a\u0a3e\u0a07\u0a70\u0a1f\u0a2e\u0a48\u0a02\u0a1f \u0a32\u0a48 \u0a15\u0a47 \u0a38\u0a3e\u0a08\u0a1f '\u0a24\u0a47 \u0a26\u0a47\u0a16\u0a3f\u0a06 \u0a1c\u0a3e \u0a38\u0a15\u0a26\u0a3e \u0a39\u0a48\u0964.<\/p>\n<p>\u0a28\u0a4b\u0a1f: \u0a24\u0a15\u0a28\u0a40\u0a15\u0a40 \u0a21\u0a47\u0a1f\u0a3e \u0a05\u0a24\u0a47 \u0a35\u0a3f\u0a38\u0a3c\u0a47\u0a38\u0a3c\u0a24\u0a3e\u0a35\u0a3e\u0a02 \u0a2c\u0a26\u0a32\u0a3e\u0a05 \u0a05\u0a24\u0a47 \u0a17\u0a32\u0a24\u0a40\u0a06\u0a02 \u0a26\u0a47 \u0a05\u0a27\u0a40\u0a28 \u0a39\u0a28; \u0a05\u0a38\u0a40\u0a02 \u0a2c\u0a3f\u0a28\u0a3e\u0a02 \u0a2a\u0a39\u0a3f\u0a32\u0a3e\u0a02 \u0a38\u0a42\u0a1a\u0a28\u0a3e \u0a26\u0a3f\u0a71\u0a24\u0a47 \u0a09\u0a24\u0a2a\u0a3e\u0a26 \u0a35\u0a47\u0a1a\u0a23 \u0a26\u0a3e \u0a05\u0a27\u0a3f\u0a15\u0a3e\u0a30 \u0a30\u0a3e\u0a16\u0a35\u0a3e\u0a02 \u0a30\u0a71\u0a16\u0a26\u0a47 \u0a39\u0a3e\u0a02\u0964.<\/p>","protected":false},"excerpt":{"rendered":"<p>Standort: Deutschland, Baden-W\u00fcrttemberg S\u00fcdwest Zustand: Gebraucht Hersteller: STAR Micronics Modell: SR-20R II Typ 660 Baujahr: 2006 Betriebsstunden: 76032 CNC-Langdrehmaschine STAR SR-20RII Typ 660 (Swiss-Type) Baujahr: 2006_09 Steuerung: Fanuc Cutting Time: 53000 Technische Daten Max. Drehdurchmesser: \u00d8 20 mm (optional bis \u00d8 22 mm) Drehl\u00e4nge: 205 mm Hauptspindel: \u2022 Drehzahl: bis ca. 10.000\u201312.000 min\u207b\u00b9 \u2022 Leistung: [&hellip;]<\/p>\n","protected":false},"featured_media":5089,"comment_status":"open","ping_status":"closed","template":"","meta":{"_uf_show_specific_survey":0,"_uf_disable_surveys":false},"product_brand":[],"product_cat":[23],"product_tag":[],"class_list":{"0":"post-5096","1":"product","2":"type-product","3":"status-publish","4":"has-post-thumbnail","6":"product_cat-cnc-langdrehmaschinen","8":"first","9":"instock","10":"taxable","11":"shipping-taxable","12":"product-type-simple"},"aioseo_notices":[],"_links":{"self":[{"href":"https:\/\/mueller-wrh.de\/pa\/wp-json\/wp\/v2\/product\/5096","targetHints":{"allow":["GET"]}}],"collection":[{"href":"https:\/\/mueller-wrh.de\/pa\/wp-json\/wp\/v2\/product"}],"about":[{"href":"https:\/\/mueller-wrh.de\/pa\/wp-json\/wp\/v2\/types\/product"}],"replies":[{"embeddable":true,"href":"https:\/\/mueller-wrh.de\/pa\/wp-json\/wp\/v2\/comments?post=5096"}],"wp:featuredmedia":[{"embeddable":true,"href":"https:\/\/mueller-wrh.de\/pa\/wp-json\/wp\/v2\/media\/5089"}],"wp:attachment":[{"href":"https:\/\/mueller-wrh.de\/pa\/wp-json\/wp\/v2\/media?parent=5096"}],"wp:term":[{"taxonomy":"product_brand","embeddable":true,"href":"https:\/\/mueller-wrh.de\/pa\/wp-json\/wp\/v2\/product_brand?post=5096"},{"taxonomy":"product_cat","embeddable":true,"href":"https:\/\/mueller-wrh.de\/pa\/wp-json\/wp\/v2\/product_cat?post=5096"},{"taxonomy":"product_tag","embeddable":true,"href":"https:\/\/mueller-wrh.de\/pa\/wp-json\/wp\/v2\/product_tag?post=5096"}],"curies":[{"name":"\u0a21\u0a2c\u0a32\u0a2f\u0a42\u0a2a\u0a40","href":"https:\/\/api.w.org\/{rel}","templated":true}]}}