{"id":4978,"date":"2026-03-13T11:04:59","date_gmt":"2026-03-13T11:04:59","guid":{"rendered":"https:\/\/mueller-wrh.de\/produkt\/cnc-lns-hydrobar-6-42-hs-4-4-bj-89-intnr231499\/"},"modified":"2026-03-13T11:04:59","modified_gmt":"2026-03-13T11:04:59","slug":"cnc-lns-hydrobar-6-42-hs-4-4-bj-89-intnr231499","status":"publish","type":"product","link":"https:\/\/mueller-wrh.de\/pa\/product\/cnc-lns-hydrobar-6-42-hs-4-4-bj-89-intnr231499\/","title":{"rendered":"\u0a38\u0a40\u0a10\u0a28\u0a38\u0a40 \u0a10\u0a32\u0a10\u0a28\u0a10\u0a38 \u0a39\u0a3e\u0a08\u0a21\u0a4d\u0a30\u0a4b\u0a2c\u0a3e\u0a30 6.42 \u0a10\u0a1a\u0a10\u0a38-4.4, 1989 \u0a35\u0a3f\u0a71\u0a1a \u0a2c\u0a23\u0a3f\u0a06, \u0a38\u0a40\u0a30\u0a40\u0a05\u0a32 \u0a28\u0a70\u0a2c\u0a30 231499"},"content":{"rendered":"<p><b>\u0a38\u0a25\u0a3e\u0a28:<\/b> \u0a1c\u0a30\u0a2e\u0a28\u0a40, \u0a2c\u0a3e\u0a21\u0a47\u0a28-\u0a35\u0a30\u0a1f\u0a2e\u0a2c\u0a30\u0a17 \u0a26\u0a71\u0a16\u0a23-\u0a2a\u0a71\u0a1b\u0a2e<\/p>\n<p><b>\u0a39\u0a3e\u0a32\u0a24:<\/b> \u0a32\u0a4b\u0a5c\u0a40\u0a02\u0a26\u0a3e<\/p>\n<p><b>\u0a28\u0a3f\u0a30\u0a2e\u0a3e\u0a24\u0a3e:<\/b> \u0a10\u0a32\u0a10\u0a28\u0a10\u0a38<\/p>\n<p><b>\u0a2e\u0a3e\u0a21\u0a32:<\/b> \u0a6c.\u0a6a\u0a68 HS-\u0a6a.\u0a6a<\/p>\n<p><b>\u0a09\u0a38\u0a3e\u0a30\u0a40 \u0a26\u0a3e \u0a38\u0a3e\u0a32:<\/b> 1989<\/p>\n<p>\u0a07\u0a71\u0a15 \u0a2a\u0a30\u0a16\u0a3f\u0a06 \u0a39\u0a4b\u0a07\u0a06 \u0a09\u0a71\u0a1a-\u0a15\u0a3e\u0a30\u0a17\u0a41\u0a1c\u0a3c\u0a3e\u0a30\u0a40 \u0a35\u0a3e\u0a32\u0a3e \u0a2c\u0a3e\u0a30-\u0a32\u0a4b\u0a21\u0a3f\u0a70\u0a17 \u0a2e\u0a48\u0a17\u0a1c\u0a3c\u0a40\u0a28 \u0a35\u0a3f\u0a15\u0a30\u0a40 \u0a32\u0a08 \u0a39\u0a48\u0964<br \/>\n\u0a10\u0a32\u0a10\u0a28\u0a10\u0a38, \u0a39\u0a3e\u0a08\u0a21\u0a4d\u0a30\u0a4b\u0a2c\u0a3e\u0a30 6.42 \u0a10\u0a1a\u0a10\u0a38-4.4 \u0a2e\u0a3e\u0a21\u0a32\u0964. <\/p>\n<p>\u0a24\u0a15\u0a28\u0a40\u0a15\u0a40 \u0a21\u0a47\u0a1f\u0a3e<\/p>\n<p>\u0a28\u0a3f\u0a30\u0a2e\u0a3e\u0a24\u0a3e: LNS (\u0a38\u0a35\u0a3f\u0a1f\u0a1c\u0a3c\u0a30\u0a32\u0a48\u0a02\u0a21)<br \/>\n\u0a2e\u0a3e\u0a21\u0a32 \u0a39\u0a3e\u0a08\u0a21\u0a4d\u0a30\u0a4b\u0a2c\u0a3e\u0a30 6.42 HS-4.4<br \/>\n\u0a2c\u0a23\u0a3e\u0a09\u0a23 \u0a26\u0a3e \u0a38\u0a3e\u0a32: 1989<br \/>\n\u0a15\u0a70\u0a2e \u0a15\u0a30\u0a28 \u0a26\u0a40 \u0a38\u0a40\u0a2e\u0a3e (\u0a35\u0a3f\u0a06\u0a38) \u00d8 6 \u0a2e\u0a3f\u0a2e\u0a40 \u0a24\u0a4b\u0a02 \u00d8 42 \u0a2e\u0a3f\u0a2e\u0a40<br \/>\n\u0a35\u0a71\u0a27 \u0a24\u0a4b\u0a02 \u0a35\u0a71\u0a27 \u0a2c\u0a3e\u0a30 \u0a26\u0a40 \u0a32\u0a70\u0a2c\u0a3e\u0a08 4,000 \u0a2e\u0a3f\u0a2e\u0a40 (\u0a1f\u0a3e\u0a08\u0a2a 4.4)<br \/>\n\u0a15\u0a70\u0a2e \u0a15\u0a30\u0a28 \u0a26\u0a3e \u0a38\u0a3f\u0a27\u0a3e\u0a02\u0a24: \u0a39\u0a3e\u0a08\u0a21\u0a4d\u0a30\u0a4b\u0a2c\u0a48\u0a1f\u0a3f\u0a15 (\u0a2a\u0a42\u0a30\u0a3e \u0a24\u0a47\u0a32 \u0a26\u0a3e \u0a07\u0a38\u0a3c\u0a28\u0a3e\u0a28)<br \/>\n\u0a2b\u0a40\u0a21 \u0a21\u0a30\u0a3e\u0a08\u0a35 \u0a39\u0a3e\u0a08\u0a21\u0a4d\u0a30\u0a4c\u0a32\u0a3f\u0a15<br \/>\n\u0a24\u0a47\u0a32 \u0a38\u0a2e\u0a30\u0a71\u0a25\u0a3e: \u0a32\u0a17\u0a2d\u0a17 150\u2013170 \u0a32\u0a40\u0a1f\u0a30 (HLP 46 \u0a1c\u0a3e\u0a02 \u0a07\u0a38\u0a26\u0a47 \u0a2c\u0a30\u0a3e\u0a2c\u0a30)<br \/>\n\u0a2e\u0a48\u0a17\u0a1c\u0a3c\u0a40\u0a28 \u0a26\u0a40 \u0a15\u0a41\u0a71\u0a32 \u0a32\u0a70\u0a2c\u0a3e\u0a08: \u0a32\u0a17\u0a2d\u0a17 4,850 \u0a2e\u0a3f\u0a2e\u0a40<br \/>\n\u0a2d\u0a3e\u0a30 (\u0a16\u0a3e\u0a32\u0a40) \u0a32\u0a17\u0a2d\u0a17 650 \u0a15\u0a3f.\u0a17\u0a4d\u0a30\u0a3e.<\/p>\n<p>\u0a2e\u0a38\u0a3c\u0a40\u0a28 \u0a26\u0a40 \u0a2c\u0a3f\u0a1c\u0a32\u0a40 \u0a26\u0a47 \u0a05\u0a27\u0a40\u0a28 \u0a28\u0a3f\u0a2f\u0a41\u0a15\u0a24\u0a40 \u0a26\u0a41\u0a06\u0a30\u0a3e \u0a1c\u0a3e\u0a02\u0a1a \u0a15\u0a40\u0a24\u0a40 \u0a1c\u0a3e \u0a38\u0a15\u0a26\u0a40 \u0a39\u0a48\u0964<br \/>\n\u0a24\u0a15\u0a28\u0a40\u0a15\u0a40 \u0a21\u0a47\u0a1f\u0a3e \u0a05\u0a24\u0a47 \u0a1c\u0a3e\u0a23\u0a15\u0a3e\u0a30\u0a40 \u0a26\u0a47 \u0a28\u0a3e\u0a32-\u0a28\u0a3e\u0a32 \u0a2a\u0a39\u0a3f\u0a32\u0a3e\u0a02 \u0a26\u0a40 \u0a35\u0a3f\u0a15\u0a30\u0a40 \u0a35\u0a3f\u0a71\u0a1a \u0a24\u0a2c\u0a26\u0a40\u0a32\u0a40\u0a06\u0a02 \u0a05\u0a24\u0a47 \u0a17\u0a32\u0a24\u0a40\u0a06\u0a02 \u0a26\u0a47 \u0a05\u0a27\u0a40\u0a28!<\/p>\n<p>\u0a07\u0a71\u0a15 \u0a2a\u0a30\u0a16\u0a3f\u0a06 \u0a39\u0a4b\u0a07\u0a06 \u0a09\u0a71\u0a1a-\u0a2a\u0a4d\u0a30\u0a26\u0a30\u0a38\u0a3c\u0a28 \u0a35\u0a3e\u0a32\u0a3e \u0a2c\u0a3e\u0a30-\u0a32\u0a4b\u0a21\u0a3f\u0a70\u0a17 \u0a2e\u0a48\u0a17\u0a1c\u0a3c\u0a40\u0a28<br \/>\n\u0a07\u0a71\u0a15 LNS Hydrobar 6.42 HS-4.4 \u0a35\u0a3f\u0a15\u0a30\u0a40 \u0a32\u0a08 \u0a39\u0a48\u0964. <\/p>\n<p>\u0a24\u0a15\u0a28\u0a40\u0a15\u0a40 \u0a35\u0a3f\u0a38\u0a3c\u0a47\u0a38\u0a3c\u0a24\u0a3e\u0a35\u0a3e\u0a02<\/p>\n<p>\u0a28\u0a3f\u0a30\u0a2e\u0a3e\u0a24\u0a3e LNS (\u0a38\u0a35\u0a3f\u0a1f\u0a1c\u0a3c\u0a30\u0a32\u0a48\u0a02\u0a21)<br \/>\n\u0a2e\u0a3e\u0a21\u0a32 \u0a39\u0a3e\u0a08\u0a21\u0a4d\u0a30\u0a4b\u0a2c\u0a3e\u0a30 6.42 HS-4.4<br \/>\n\u0a2c\u0a23\u0a3e\u0a09\u0a23 \u0a26\u0a3e \u0a38\u0a3e\u0a32 1989<br \/>\n\u0a15\u0a70\u0a2e \u0a15\u0a30\u0a28 \u0a26\u0a40 \u0a38\u0a40\u0a2e\u0a3e (\u0a35\u0a3f\u0a06\u0a38)    \u00d8 6 mm \u0a24\u0a4b\u0a02 \u00d8 42 mm<br \/>\n\u0a35\u0a71\u0a27 \u0a24\u0a4b\u0a02 \u0a35\u0a71\u0a27 \u0a2c\u0a3e\u0a30 \u0a26\u0a40 \u0a32\u0a70\u0a2c\u0a3e\u0a08 4,000 \u0a2e\u0a3f\u0a2e\u0a40 (\u0a15\u0a3f\u0a38\u0a2e 4.4)<br \/>\n\u0a2e\u0a3e\u0a30\u0a17\u0a26\u0a30\u0a38\u0a3c\u0a15 \u0a38\u0a3f\u0a27\u0a3e\u0a02\u0a24: \u0a39\u0a3e\u0a08\u0a21\u0a4d\u0a30\u0a4b\u0a2c\u0a48\u0a30\u0a3f\u0a15 (\u0a2a\u0a42\u0a30\u0a3e \u0a24\u0a47\u0a32 \u0a26\u0a3e \u0a07\u0a38\u0a3c\u0a28\u0a3e\u0a28)<br \/>\n\u0a2b\u0a40\u0a21 \u0a21\u0a4d\u0a30\u0a3e\u0a08\u0a35 \u0a39\u0a3e\u0a08\u0a21\u0a4d\u0a30\u0a4c\u0a32\u0a3f\u0a15<br \/>\n\u0a24\u0a47\u0a32 \u0a26\u0a40 \u0a38\u0a2e\u0a30\u0a71\u0a25\u0a3e \u0a32\u0a17\u0a2d\u0a17 150\u2013170 \u0a32\u0a40\u0a1f\u0a30 (HLP 46 \u0a1c\u0a3e\u0a02 \u0a07\u0a38 \u0a26\u0a47 \u0a2c\u0a30\u0a3e\u0a2c\u0a30)<br \/>\n\u0a2e\u0a48\u0a17\u0a1c\u0a3c\u0a40\u0a28 \u0a26\u0a40 \u0a15\u0a41\u0a71\u0a32 \u0a32\u0a70\u0a2c\u0a3e\u0a08 \u0a32\u0a17\u0a2d\u0a17 4,850 \u0a2e\u0a3f\u0a2e\u0a40<br \/>\n\u0a2d\u0a3e\u0a30 (\u0a16\u0a3e\u0a32\u0a40) \u0a32\u0a17\u0a2d\u0a17 650 \u0a15\u0a3f.\u0a17\u0a4d\u0a30\u0a3e.<\/p>\n<p>\u0a2e\u0a38\u0a3c\u0a40\u0a28 \u0a28\u0a42\u0a70 \u0a05\u0a2a\u0a3e\u0a07\u0a70\u0a1f\u0a2e\u0a48\u0a02\u0a1f \u0a30\u0a3e\u0a39\u0a40\u0a02 \u0a1a\u0a32\u0a26\u0a3f\u0a06\u0a02 \u0a26\u0a47\u0a16\u0a3f\u0a06 \u0a1c\u0a3e \u0a38\u0a15\u0a26\u0a3e \u0a39\u0a48\u0964.<br \/>\n\u0a24\u0a15\u0a28\u0a40\u0a15\u0a40 \u0a21\u0a47\u0a1f\u0a3e \u0a05\u0a24\u0a47 \u0a35\u0a3f\u0a38\u0a3c\u0a47\u0a38\u0a3c\u0a24\u0a3e\u0a35\u0a3e\u0a02 \u0a35\u0a3f\u0a71\u0a1a \u0a2c\u0a26\u0a32\u0a3e\u0a05 \u0a05\u0a24\u0a47 \u0a17\u0a32\u0a24\u0a40\u0a06\u0a02 \u0a26\u0a47 \u0a05\u0a27\u0a40\u0a28, \u0a28\u0a3e\u0a32 \u0a39\u0a40 \u0a35\u0a3f\u0a15\u0a30\u0a40 \u0a24\u0a4b\u0a02 \u0a2a\u0a39\u0a3f\u0a32\u0a3e\u0a02!<\/p>","protected":false},"excerpt":{"rendered":"<p>Standort: Deutschland, Baden-W\u00fcrttemberg S\u00fcdwest Zustand: Gebraucht Hersteller: LNS Modell: 6.42 HS-4.4 Baujahr: 1989 Zum Verkauf steht ein bew\u00e4hrtes Hochleistungs-Stangenlademagazin LNS, Typ Hydrobar 6.42 HS-4.4. Technische Daten Hersteller LNS (Schweiz) Modell Hydrobar 6.42 HS-4.4 Baujahr 1989 Arbeitsbereich (Durchmesser) \u00d8 6 mm bis \u00d8 42 mm Max. Stangenl\u00e4nge 4.000 mm (Typ 4.4) F\u00fchrungsprinzip Hydrobarisch (vollst\u00e4ndiges \u00d6lbad) Vorschubantrieb [&hellip;]<\/p>\n","protected":false},"featured_media":4973,"comment_status":"open","ping_status":"closed","template":"","meta":{"_uf_show_specific_survey":0,"_uf_disable_surveys":false},"product_brand":[],"product_cat":[88],"product_tag":[],"class_list":{"0":"post-4978","1":"product","2":"type-product","3":"status-publish","4":"has-post-thumbnail","6":"product_cat-stangenzufuehrungen","8":"first","9":"instock","10":"taxable","11":"shipping-taxable","12":"product-type-simple"},"aioseo_notices":[],"_links":{"self":[{"href":"https:\/\/mueller-wrh.de\/pa\/wp-json\/wp\/v2\/product\/4978","targetHints":{"allow":["GET"]}}],"collection":[{"href":"https:\/\/mueller-wrh.de\/pa\/wp-json\/wp\/v2\/product"}],"about":[{"href":"https:\/\/mueller-wrh.de\/pa\/wp-json\/wp\/v2\/types\/product"}],"replies":[{"embeddable":true,"href":"https:\/\/mueller-wrh.de\/pa\/wp-json\/wp\/v2\/comments?post=4978"}],"wp:featuredmedia":[{"embeddable":true,"href":"https:\/\/mueller-wrh.de\/pa\/wp-json\/wp\/v2\/media\/4973"}],"wp:attachment":[{"href":"https:\/\/mueller-wrh.de\/pa\/wp-json\/wp\/v2\/media?parent=4978"}],"wp:term":[{"taxonomy":"product_brand","embeddable":true,"href":"https:\/\/mueller-wrh.de\/pa\/wp-json\/wp\/v2\/product_brand?post=4978"},{"taxonomy":"product_cat","embeddable":true,"href":"https:\/\/mueller-wrh.de\/pa\/wp-json\/wp\/v2\/product_cat?post=4978"},{"taxonomy":"product_tag","embeddable":true,"href":"https:\/\/mueller-wrh.de\/pa\/wp-json\/wp\/v2\/product_tag?post=4978"}],"curies":[{"name":"\u0a21\u0a2c\u0a32\u0a2f\u0a42\u0a2a\u0a40","href":"https:\/\/api.w.org\/{rel}","templated":true}]}}