{"id":4959,"date":"2026-03-13T10:25:16","date_gmt":"2026-03-13T10:25:16","guid":{"rendered":"https:\/\/mueller-wrh.de\/produkt\/ergomat-tda-26-36-cnc-bj-97-mit-einzelstangenvorschub-intnr231498\/"},"modified":"2026-03-13T10:25:16","modified_gmt":"2026-03-13T10:25:16","slug":"ergomat-tda-26-36-cnc-bj-97-mit-einzelstangenvorschub-intnr231498","status":"publish","type":"product","link":"https:\/\/mueller-wrh.de\/pa\/product\/ergomat-tda-26-36-cnc-bj-97-mit-einzelstangenvorschub-intnr231498\/","title":{"rendered":"\u0a05\u0a30\u0a17\u0a4b\u0a2e\u0a48\u0a1f TDA-26-36 CNC, 1997 \u0a35\u0a3f\u0a71\u0a1a \u0a2c\u0a23\u0a3f\u0a06, \u0a38\u0a3f\u0a70\u0a17\u0a32-\u0a2c\u0a3e\u0a30 \u0a2b\u0a40\u0a21 \u0a28\u0a3e\u0a32, \u0a38\u0a40\u0a30\u0a40\u0a05\u0a32 \u0a28\u0a70\u0a2c\u0a30 231498"},"content":{"rendered":"<p><b>\u0a38\u0a25\u0a3e\u0a28:<\/b> \u0a1c\u0a30\u0a2e\u0a28\u0a40, \u0a2c\u0a3e\u0a21\u0a47\u0a28-\u0a35\u0a30\u0a1f\u0a2e\u0a2c\u0a30\u0a17 \u0a26\u0a71\u0a16\u0a23-\u0a2a\u0a71\u0a1b\u0a2e<\/p>\n<p><b>\u0a39\u0a3e\u0a32\u0a24:<\/b> \u0a32\u0a4b\u0a5c\u0a40\u0a02\u0a26\u0a3e<\/p>\n<p><b>\u0a2e\u0a3e\u0a21\u0a32:<\/b> \u0a1f\u0a40.\u0a21\u0a40.\u0a0f. 26-36 \u0a38\u0a40.\u0a10\u0a28.\u0a38\u0a40.<\/p>\n<p><b>\u0a09\u0a38\u0a3e\u0a30\u0a40 \u0a26\u0a3e \u0a38\u0a3e\u0a32:<\/b> 1997<\/p>\n<p>\u0a09\u0a71\u0a1a-\u0a17\u0a24\u0a40 \u0a38\u0a40\u0a10\u0a28\u0a38\u0a40 \u0a1f\u0a30\u0a28\u0a3f\u0a70\u0a17 \u0a2e\u0a38\u0a3c\u0a40\u0a28 (\u0a1b\u0a4b\u0a1f\u0a40 \u0a26\u0a4c\u0a5c \u0a35\u0a3e\u0a32\u0a40 \u0a1f\u0a30\u0a28\u0a3f\u0a70\u0a17 \u0a2e\u0a38\u0a3c\u0a40\u0a28)<br \/>\n\u0a2c\u0a23\u0a3e\u0a09\u0a23 \u0a26\u0a3e \u0a38\u0a3e\u0a32: 1997<br \/>\n\u0a28\u0a3f\u0a2f\u0a70\u0a24\u0a30\u0a23 \u0a2a\u0a4d\u0a30\u0a23\u0a3e\u0a32\u0a40: \u0a2b\u0a48\u0a28\u0a41\u0a15 \u0a35\u0a30\u0a17\u0a40<\/p>\n<p>\u0a24\u0a15\u0a28\u0a40\u0a15\u0a40 \u0a21\u0a47\u0a1f\u0a3e<\/p>\n<p>\u0a35\u0a71\u0a27 \u0a24\u0a4b\u0a02 \u0a35\u0a71\u0a27 \u0a2c\u0a3e\u0a30 \u0a35\u0a3f\u0a06\u0a38: 36 \u0a2e\u0a3f\u0a2e\u0a40<br \/>\n\u0a2e\u0a3f\u0a06\u0a30\u0a40 \u0a2c\u0a3e\u0a30 \u0a35\u0a3f\u0a06\u0a38: 26 \u0a2e\u0a3f\u0a2e\u0a40<br \/>\n\u0a35\u0a71\u0a27 \u0a24\u0a4b\u0a02 \u0a35\u0a71\u0a27 \u0a2e\u0a4b\u0a5c\u0a28 \u0a26\u0a40 \u0a32\u0a70\u0a2c\u0a3e\u0a08: 100 \u0a2e\u0a3f\u0a2e\u0a40<br \/>\n\u0a2b\u0a32\u0a48\u0a1f \u0a38\u0a32\u0a3e\u0a08\u0a21 \u0a09\u0a71\u0a24\u0a47 \u0a38\u0a35\u0a3f\u0a70\u0a17 \u0a35\u0a3f\u0a06\u0a38: 120 \u0a2e\u0a3f\u0a2e\u0a40<\/p>\n<p>\u0a2e\u0a41\u0a71\u0a16 \u0a38\u0a2a\u0a3f\u0a70\u0a21\u0a32<br \/>\n\u0a17\u0a24\u0a40 \u0a38\u0a40\u0a2e\u0a3e: 100\u20136,300 \u0a06\u0a30.\u0a2a\u0a40.\u0a10\u0a2e. (\u0a32\u0a17\u0a3e\u0a24\u0a3e\u0a30 \u0a2c\u0a26\u0a32\u0a23\u0a2f\u0a4b\u0a17)<br \/>\n\u0a38\u0a2a\u0a3f\u0a70\u0a21\u0a32 \u0a2a\u0a3e\u0a35\u0a30: 7.5 kW \/ 11 kW (\u0a32\u0a17\u0a3e\u0a24\u0a3e\u0a30\/\u0a1a\u0a30\u0a2e)<br \/>\n\u0a38\u0a2a\u0a3f\u0a70\u0a21\u0a32 \u0a28\u0a4b\u0a1c\u0a3c: A2-5\u2033<br \/>\nC-\u0a27\u0a41\u0a30\u0a3e: \u0a30\u0a48\u0a1c\u0a3c\u0a4b\u0a32\u0a3f\u0a0a\u0a38\u0a3c\u0a28 0.001\u00b0<br \/>\n\u0a38\u0a32\u0a3e\u0a08\u0a21\u0a3e\u0a02 \u0a26\u0a40 \u0a17\u0a3f\u0a23\u0a24\u0a40: \u0a07\u0a71\u0a15\u0a4b \u0a38\u0a2e\u0a47\u0a02 \u0a2e\u0a38\u0a3c\u0a40\u0a28\u0a3f\u0a70\u0a17 \u0a32\u0a08 4 \u0a30\u0a47\u0a16\u0a40 \u0a38\u0a32\u0a3e\u0a08\u0a21\u0a3e\u0a02 (X\/Z)<br \/>\n8-\u0a38\u0a1f\u0a47\u0a38\u0a3c\u0a28 \u0a38\u0a1f\u0a3e\u0a30 \u0a1f\u0a30\u0a48\u0a71\u0a1f (VDI 20)<br \/>\n\u0a24\u0a47\u0a1c\u0a3c \u0a1f\u0a4d\u0a30\u0a48\u0a35\u0a30\u0a38 \u0a17\u0a24\u0a40: 15 \u0a2e\u0a40\u0a1f\u0a30\/\u0a2e\u0a3f\u0a70\u0a1f (X-\u0a27\u0a41\u0a30\u0a3e) \/ 20 \u0a2e\u0a40\u0a1f\u0a30\/\u0a2e\u0a3f\u0a70\u0a1f (Z-\u0a27\u0a41\u0a30\u0a3e)<br \/>\n\u0a16\u0a41\u0a30\u0a3e\u0a15 \u0a2c\u0a32: 2,500 \u0a28\u0a3f\u0a0a\u0a1f\u0a28<\/p>\n<p>\u0a07\u0a71\u0a15-\u0a2c\u0a3e\u0a30 \u0a2b\u0a40\u0a21: ERGOMAT, 3,000 \u0a2e\u0a3f\u0a32\u0a40\u0a2e\u0a40\u0a1f\u0a30 \u0a24\u0a71\u0a15 \u0a26\u0a40\u0a06\u0a02 \u0a2c\u0a3e\u0a30 \u0a32\u0a70\u0a2c\u0a3e\u0a08\u0a06\u0a02 \u0a32\u0a08\u0964.<\/p>\n<p>\u0a2e\u0a38\u0a3c\u0a40\u0a28 \u0a26\u0a40 \u0a2c\u0a3f\u0a1c\u0a32\u0a40 \u0a26\u0a47 \u0a05\u0a27\u0a40\u0a28 \u0a28\u0a3f\u0a2f\u0a41\u0a15\u0a24\u0a40 \u0a26\u0a41\u0a06\u0a30\u0a3e \u0a1c\u0a3e\u0a02\u0a1a \u0a15\u0a40\u0a24\u0a40 \u0a1c\u0a3e \u0a38\u0a15\u0a26\u0a40 \u0a39\u0a48\u0964<br \/>\n\u0a24\u0a15\u0a28\u0a40\u0a15\u0a40 \u0a21\u0a47\u0a1f\u0a3e \u0a05\u0a24\u0a47 \u0a1c\u0a3e\u0a23\u0a15\u0a3e\u0a30\u0a40 \u0a26\u0a47 \u0a28\u0a3e\u0a32-\u0a28\u0a3e\u0a32 \u0a2a\u0a39\u0a3f\u0a32\u0a3e\u0a02 \u0a26\u0a40 \u0a35\u0a3f\u0a15\u0a30\u0a40 \u0a35\u0a3f\u0a71\u0a1a \u0a24\u0a2c\u0a26\u0a40\u0a32\u0a40\u0a06\u0a02 \u0a05\u0a24\u0a47 \u0a17\u0a32\u0a24\u0a40\u0a06\u0a02 \u0a26\u0a47 \u0a05\u0a27\u0a40\u0a28!<\/p>\n<p>\u0a39\u0a3e\u0a08-\u0a38\u0a2a\u0a40\u0a21 CNC \u0a06\u0a1f\u0a4b\u0a2e\u0a48\u0a1f\u0a3f\u0a15 \u0a32\u0a48\u0a25 (\u0a1b\u0a4b\u0a1f\u0a40-\u0a1a\u0a3e\u0a32 \u0a32\u0a48\u0a25)<br \/>\n\u0a2c\u0a23\u0a3e\u0a09\u0a23 \u0a26\u0a3e \u0a38\u0a3e\u0a32: 1997<br \/>\n\u0a28\u0a3f\u0a2f\u0a70\u0a24\u0a30\u0a23 \u0a2a\u0a4d\u0a30\u0a23\u0a3e\u0a32\u0a40: \u0a2b\u0a48\u0a28\u0a41\u0a15 \u0a35\u0a30\u0a17\u0a40<\/p>\n<p>\u0a24\u0a15\u0a28\u0a40\u0a15\u0a40 \u0a35\u0a3f\u0a38\u0a3c\u0a47\u0a38\u0a3c\u0a24\u0a3e\u0a35\u0a3e\u0a02<\/p>\n<p>\u0a35\u0a71\u0a27 \u0a24\u0a4b\u0a02 \u0a35\u0a71\u0a27 \u0a2c\u0a3e\u0a30 \u0a35\u0a3f\u0a06\u0a38: 36 \u0a2e\u0a3f\u0a2e\u0a40<br \/>\n\u0a2e\u0a3f\u0a06\u0a30\u0a40 \u0a2c\u0a3e\u0a30 \u0a38\u0a2e\u0a30\u0a71\u0a25\u0a3e: 26 \u0a2e\u0a3f\u0a2e\u0a40<br \/>\n\u0a35\u0a71\u0a27 \u0a24\u0a4b\u0a02 \u0a35\u0a71\u0a27 \u0a2e\u0a4b\u0a5c\u0a28 \u0a26\u0a40 \u0a32\u0a70\u0a2c\u0a3e\u0a08: 100 \u0a2e\u0a3f\u0a2e\u0a40<br \/>\n\u0a15\u0a4d\u0a30\u0a3e\u0a38 \u0a38\u0a32\u0a3e\u0a08\u0a21 \u0a09\u0a71\u0a24\u0a47 \u0a38\u0a35\u0a3f\u0a35\u0a32 \u0a35\u0a3f\u0a06\u0a38: 120 \u0a2e\u0a3f\u0a2e\u0a40<\/p>\n<p>\u0a2e\u0a41\u0a71\u0a16 \u0a38\u0a2a\u0a3f\u0a70\u0a21\u0a32<br \/>\n\u0a17\u0a24\u0a40 \u0a38\u0a40\u0a2e\u0a3e: 100\u20136,300 \u0a06\u0a30.\u0a2a\u0a40.\u0a10\u0a2e. (\u0a32\u0a17\u0a3e\u0a24\u0a3e\u0a30 \u0a2c\u0a26\u0a32\u0a23\u0a2f\u0a4b\u0a17)<br \/>\n\u0a38\u0a2a\u0a3f\u0a70\u0a21\u0a32 \u0a2a\u0a3e\u0a35\u0a30: 7.5 kW \/ 11 kW (\u0a32\u0a17\u0a3e\u0a24\u0a3e\u0a30\/\u0a1a\u0a30\u0a2e)<br \/>\n\u0a38\u0a2a\u0a3f\u0a70\u0a21\u0a32 \u0a28\u0a4b\u0a1c\u0a3c: A2-5\u2033<br \/>\n\u0a38\u0a40-\u0a10\u0a15\u0a38\u0a3f\u0a38: \u0a30\u0a48\u0a1c\u0a3c\u0a4b\u0a32\u0a3f\u0a0a\u0a38\u0a3c\u0a28 0.001\u00b0<br \/>\n\u0a38\u0a32\u0a3e\u0a08\u0a21\u0a3e\u0a02 \u0a26\u0a40 \u0a17\u0a3f\u0a23\u0a24\u0a40: \u0a07\u0a71\u0a15\u0a4b \u0a38\u0a2e\u0a47\u0a02 \u0a2e\u0a38\u0a3c\u0a40\u0a28\u0a3f\u0a70\u0a17 \u0a32\u0a08 4 \u0a30\u0a47\u0a16\u0a40 \u0a38\u0a32\u0a3e\u0a08\u0a21\u0a3e\u0a02 (X\/Z)<br \/>\n8-\u0a38\u0a1f\u0a47\u0a38\u0a3c\u0a28 \u0a38\u0a1f\u0a3e\u0a30 \u0a1f\u0a30\u0a48\u0a71\u0a1f (VDI 20)<br \/>\n\u0a24\u0a47\u0a1c\u0a3c \u0a1f\u0a4d\u0a30\u0a48\u0a35\u0a30\u0a38 \u0a17\u0a24\u0a40: 15 \u0a2e\u0a40\u0a1f\u0a30\/\u0a2e\u0a3f\u0a70\u0a1f (X-\u0a27\u0a41\u0a30\u0a3e) \/ 20 \u0a2e\u0a40\u0a1f\u0a30\/\u0a2e\u0a3f\u0a70\u0a1f (Z-\u0a27\u0a41\u0a30\u0a3e)<br \/>\n\u0a16\u0a41\u0a30\u0a3e\u0a15 \u0a2c\u0a32: 2,500 \u0a28\u0a3f\u0a0a\u0a1f\u0a28<\/p>\n<p>\u0a07\u0a71\u0a15-\u0a2c\u0a3e\u0a30 \u0a2b\u0a40\u0a21: ERGOMAT, 3,000 \u0a2e\u0a3f\u0a2e\u0a40 \u0a24\u0a71\u0a15 \u0a26\u0a40\u0a06\u0a02 \u0a2c\u0a3e\u0a30 \u0a32\u0a70\u0a2c\u0a3e\u0a08\u0a06\u0a02 \u0a32\u0a08\u0964.<\/p>\n<p>\u0a2e\u0a38\u0a3c\u0a40\u0a28 \u0a28\u0a42\u0a70 \u0a05\u0a2a\u0a3e\u0a07\u0a70\u0a1f\u0a2e\u0a48\u0a02\u0a1f \u0a30\u0a3e\u0a39\u0a40\u0a02 \u0a1a\u0a32\u0a26\u0a3f\u0a06\u0a02 \u0a26\u0a47\u0a16\u0a3f\u0a06 \u0a1c\u0a3e \u0a38\u0a15\u0a26\u0a3e \u0a39\u0a48\u0964.<br \/>\n\u0a24\u0a15\u0a28\u0a40\u0a15\u0a40 \u0a21\u0a47\u0a1f\u0a3e \u0a05\u0a24\u0a47 \u0a35\u0a3f\u0a38\u0a3c\u0a47\u0a38\u0a3c\u0a24\u0a3e\u0a35\u0a3e\u0a02 \u0a35\u0a3f\u0a71\u0a1a \u0a2c\u0a26\u0a32\u0a3e\u0a05 \u0a05\u0a24\u0a47 \u0a17\u0a32\u0a24\u0a40\u0a06\u0a02 \u0a26\u0a47 \u0a05\u0a27\u0a40\u0a28, \u0a28\u0a3e\u0a32 \u0a39\u0a40 \u0a35\u0a3f\u0a15\u0a30\u0a40 \u0a24\u0a4b\u0a02 \u0a2a\u0a39\u0a3f\u0a32\u0a3e\u0a02!<\/p>","protected":false},"excerpt":{"rendered":"<p>Standort: Deutschland, Baden-W\u00fcrttemberg S\u00fcdwest Zustand: Gebraucht Modell: TDA 26-36 CNC Baujahr: 1997 Hochgeschwindigkeits-CNC-Drehautomat (Kurzdreher) Baujahr: 1997 Steuerung: \u00e4hnlich Fanuc Technische Daten Max. Stangendurchmesser: 36 mm Standard-Stangendurchlass: 26 mm Max. Drehl\u00e4nge: 100 mm Schwingdurchmesser \u00fcber Planschlitten: 120 mm Hauptspindel Drehzahlbereich: 100 \u2013 6.300 U\/min (stufenlos regelbar) Spindelleistung: 7,5 kW \/ 11 kW (Dauer\/Peak) Spindelnase: A2-5&#8243; C-Achse: [&hellip;]<\/p>\n","protected":false},"featured_media":4953,"comment_status":"open","ping_status":"closed","template":"","meta":{"_uf_show_specific_survey":0,"_uf_disable_surveys":false},"product_brand":[],"product_cat":[110],"product_tag":[],"class_list":{"0":"post-4959","1":"product","2":"type-product","3":"status-publish","4":"has-post-thumbnail","6":"product_cat-revolverdrehautomaten","8":"first","9":"instock","10":"taxable","11":"shipping-taxable","12":"product-type-simple"},"aioseo_notices":[],"_links":{"self":[{"href":"https:\/\/mueller-wrh.de\/pa\/wp-json\/wp\/v2\/product\/4959","targetHints":{"allow":["GET"]}}],"collection":[{"href":"https:\/\/mueller-wrh.de\/pa\/wp-json\/wp\/v2\/product"}],"about":[{"href":"https:\/\/mueller-wrh.de\/pa\/wp-json\/wp\/v2\/types\/product"}],"replies":[{"embeddable":true,"href":"https:\/\/mueller-wrh.de\/pa\/wp-json\/wp\/v2\/comments?post=4959"}],"wp:featuredmedia":[{"embeddable":true,"href":"https:\/\/mueller-wrh.de\/pa\/wp-json\/wp\/v2\/media\/4953"}],"wp:attachment":[{"href":"https:\/\/mueller-wrh.de\/pa\/wp-json\/wp\/v2\/media?parent=4959"}],"wp:term":[{"taxonomy":"product_brand","embeddable":true,"href":"https:\/\/mueller-wrh.de\/pa\/wp-json\/wp\/v2\/product_brand?post=4959"},{"taxonomy":"product_cat","embeddable":true,"href":"https:\/\/mueller-wrh.de\/pa\/wp-json\/wp\/v2\/product_cat?post=4959"},{"taxonomy":"product_tag","embeddable":true,"href":"https:\/\/mueller-wrh.de\/pa\/wp-json\/wp\/v2\/product_tag?post=4959"}],"curies":[{"name":"\u0a21\u0a2c\u0a32\u0a2f\u0a42\u0a2a\u0a40","href":"https:\/\/api.w.org\/{rel}","templated":true}]}}