{"id":4921,"date":"2026-03-07T11:31:09","date_gmt":"2026-03-07T11:31:09","guid":{"rendered":"https:\/\/mueller-wrh.de\/produkt\/gebr-lns-express-220_bj-2027-intnr231503\/"},"modified":"2026-03-07T11:31:09","modified_gmt":"2026-03-07T11:31:09","slug":"gebr-lns-express-220_bj-2027-intnr231503","status":"publish","type":"product","link":"https:\/\/mueller-wrh.de\/pa\/product\/gebr-lns-express-220_bj-2027-intnr231503\/","title":{"rendered":"\u0a35\u0a30\u0a24\u0a3f\u0a06 \u0a39\u0a4b\u0a07\u0a06 LNS Express 220_\u0a2c\u0a23\u0a3e\u0a09\u0a23 \u0a26\u0a3e \u0a38\u0a3e\u0a32 2027 \u0a07\u0a70\u0a1f\u0a30\u0a28\u0a32 \u0a28\u0a70\u0a2c\u0a30 231503"},"content":{"rendered":"<p><b>\u0a38\u0a25\u0a3e\u0a28:<\/b> \u0a1c\u0a30\u0a2e\u0a28\u0a40, \u0a2c\u0a3e\u0a21\u0a47\u0a28-\u0a35\u0a30\u0a1f\u0a2e\u0a2c\u0a30\u0a17 \u0a26\u0a71\u0a16\u0a23-\u0a2a\u0a71\u0a1b\u0a2e<\/p>\n<p><b>\u0a39\u0a3e\u0a32\u0a24:<\/b> \u0a32\u0a4b\u0a5c\u0a40\u0a02\u0a26\u0a3e<\/p>\n<p><b>\u0a28\u0a3f\u0a30\u0a2e\u0a3e\u0a24\u0a3e:<\/b> \u0a10\u0a32\u0a10\u0a28\u0a10\u0a38<\/p>\n<p><b>\u0a2e\u0a3e\u0a21\u0a32:<\/b> \u0a10\u0a15\u0a38\u0a2a\u0a4d\u0a30\u0a48\u0a38 220<\/p>\n<p><b>\u0a09\u0a38\u0a3e\u0a30\u0a40 \u0a26\u0a3e \u0a38\u0a3e\u0a32:<\/b> 2007<\/p>\n<p>CNC \u0a32\u0a4b\u0a21\u0a3f\u0a70\u0a17 \u0a2e\u0a48\u0a17\u0a1c\u0a3c\u0a40\u0a28 LNS \u0a10\u0a15\u0a38\u0a2a\u0a4d\u0a30\u0a48\u0a38 220<br \/>\n\u0a09\u0a38\u0a3e\u0a30\u0a40 \u0a26\u0a3e \u0a38\u0a3e\u0a32: 2007<br \/>\n\u0a15\u0a3f\u0a38\u0a2e: \u0a2c\u0a3e\u0a30 \u0a32\u0a4b\u0a21\u0a3f\u0a70\u0a17 \u0a2e\u0a48\u0a17\u0a1c\u0a3c\u0a40\u0a28<\/p>\n<p>2 \u0a2e\u0a3f\u0a70\u0a1f \u0a24\u0a4b\u0a02 \u0a35\u0a40 \u0a18\u0a71\u0a1f \u0a38\u0a2e\u0a47\u0a02 \u0a35\u0a3f\u0a71\u0a1a \u0a17\u0a3e\u0a08\u0a21 \u0a1a\u0a48\u0a28\u0a32 \u0a26\u0a3e \u0a06\u0a38\u0a3e\u0a28 \u0a30\u0a42\u0a2a\u0a3e\u0a02\u0a24\u0a30\u0a23\u0964<br \/>\n\u0a17\u0a3e\u0a08\u0a21 \u0a24\u0a71\u0a24\u0a3e\u0a02 \u0a26\u0a40 \u0a2a\u0a42\u0a30\u0a40 \u0a24\u0a2c\u0a26\u0a40\u0a32\u0a40 8 \u0a2e\u0a3f\u0a70\u0a1f\u0a3e\u0a02 \u0a24\u0a4b\u0a02 \u0a35\u0a40 \u0a18\u0a71\u0a1f \u0a38\u0a2e\u0a47\u0a02 \u0a35\u0a3f\u0a71\u0a1a \u0a38\u0a70\u0a2d\u0a35 \u0a39\u0a48\u0964<\/p>\n<p>\u0a24\u0a15\u0a28\u0a40\u0a15\u0a40 \u0a35\u0a47\u0a30\u0a35\u0a47:<br \/>\n\u0a35\u0a3f\u0a06\u0a38 \u0a38\u0a40\u0a2e\u0a3e: 2 \u0a2e\u0a3f\u0a32\u0a40\u0a2e\u0a40\u0a1f\u0a30 \u0a24\u0a4b\u0a02 20 \u0a2e\u0a3f\u0a32\u0a40\u0a2e\u0a40\u0a1f\u0a30<br \/>\n\u0a1a\u0a48\u0a28\u0a32 \u00d8 22mm<br \/>\n\u0a35\u0a71\u0a27 \u0a24\u0a4b\u0a02 \u0a35\u0a71\u0a27 \u0a2c\u0a3e\u0a30 \u0a32\u0a70\u0a2c\u0a3e\u0a08: 3,000 \u0a2e\u0a3f\u0a32\u0a40\u0a2e\u0a40\u0a1f\u0a30<br \/>\n\u0a07\u0a70\u0a38\u0a1f\u0a3e\u0a32\u0a47\u0a38\u0a3c\u0a28 \u0a2e\u0a3e\u0a2a (L x W x H): 3,970 x 480 x 1,250 \u0a2e\u0a3f\u0a32\u0a40\u0a2e\u0a40\u0a1f\u0a30<br \/>\n\u0a2d\u0a3e\u0a30: \u0a32\u0a17\u0a2d\u0a17 850 \u0a15\u0a3f\u0a32\u0a4b\u0a17\u0a4d\u0a30\u0a3e\u0a2e<br \/>\n\u0a39\u0a3e\u0a32\u0a24: \u0a2a\u0a42\u0a30\u0a40 \u0a24\u0a30\u0a4d\u0a39\u0a3e\u0a02 \u0a15\u0a3e\u0a30\u0a1c\u0a38\u0a3c\u0a40\u0a32<\/p>\n<p>\u0a2e\u0a38\u0a3c\u0a40\u0a28 \u0a28\u0a42\u0a70 \u0a05\u0a2a\u0a3e\u0a07\u0a70\u0a1f\u0a2e\u0a48\u0a02\u0a1f \u0a32\u0a48 \u0a15\u0a47 \u0a26\u0a47\u0a16\u0a3f\u0a06 \u0a1c\u0a3e \u0a38\u0a15\u0a26\u0a3e \u0a39\u0a48\u0964<br \/>\n\u0a24\u0a15\u0a28\u0a40\u0a15\u0a40 \u0a21\u0a47\u0a1f\u0a3e \u0a05\u0a24\u0a47 \u0a1c\u0a3e\u0a23\u0a15\u0a3e\u0a30\u0a40 \u0a26\u0a47 \u0a28\u0a3e\u0a32-\u0a28\u0a3e\u0a32 \u0a2a\u0a39\u0a3f\u0a32\u0a3e\u0a02 \u0a26\u0a40 \u0a35\u0a3f\u0a15\u0a30\u0a40 \u0a35\u0a3f\u0a71\u0a1a \u0a24\u0a2c\u0a26\u0a40\u0a32\u0a40\u0a06\u0a02 \u0a05\u0a24\u0a47 \u0a17\u0a32\u0a24\u0a40\u0a06\u0a02 \u0a26\u0a47 \u0a05\u0a27\u0a40\u0a28!<\/p>\n<p>I<br \/>\nCNC \u0a32\u0a4b\u0a21\u0a3f\u0a70\u0a17 \u0a2e\u0a48\u0a17\u0a1c\u0a3c\u0a40\u0a28 LNS \u0a10\u0a15\u0a38\u0a2a\u0a4d\u0a30\u0a48\u0a38 220<br \/>\n\u0a28\u0a3f\u0a30\u0a2e\u0a3e\u0a23 \u0a38\u0a3e\u0a32: 2007<br \/>\n\u0a15\u0a3f\u0a38\u0a2e: \u0a2c\u0a3e\u0a30 \u0a32\u0a4b\u0a21\u0a3f\u0a70\u0a17 \u0a2e\u0a48\u0a17\u0a1c\u0a3c\u0a40\u0a28<\/p>\n<p>\u0a17\u0a3e\u0a08\u0a21 \u0a1a\u0a48\u0a28\u0a32 \u0a26\u0a3e \u0a32\u0a17\u0a2d\u0a17 2 \u0a2e\u0a3f\u0a70\u0a1f \u0a24\u0a4b\u0a02 \u0a18\u0a71\u0a1f \u0a38\u0a2e\u0a47\u0a02 \u0a35\u0a3f\u0a71\u0a1a \u0a06\u0a38\u0a3e\u0a28 \u0a2c\u0a26\u0a32\u0a3e\u0a05\u0964.<br \/>\n\u0a17\u0a3e\u0a08\u0a21 \u0a24\u0a71\u0a24\u0a3e\u0a02 \u0a26\u0a40 \u0a2a\u0a42\u0a30\u0a40 \u0a24\u0a2c\u0a26\u0a40\u0a32\u0a40 \u0a32\u0a17\u0a2d\u0a17 8 \u0a2e\u0a3f\u0a70\u0a1f\u0a3e\u0a02 \u0a24\u0a4b\u0a02 \u0a18\u0a71\u0a1f \u0a38\u0a2e\u0a47\u0a02 \u0a35\u0a3f\u0a71\u0a1a \u0a38\u0a70\u0a2d\u0a35 \u0a39\u0a48\u0964.<\/p>\n<p>\u0a24\u0a15\u0a28\u0a40\u0a15\u0a40 \u0a35\u0a47\u0a30\u0a35\u0a47:<br \/>\n\u0a35\u0a3f\u0a06\u0a38 \u0a26\u0a40 \u0a38\u0a40\u0a2e\u0a3e: 2 \u0a2e\u0a3f\u0a32\u0a40\u0a2e\u0a40\u0a1f\u0a30 \u0a24\u0a4b\u0a02 20 \u0a2e\u0a3f\u0a32\u0a40\u0a2e\u0a40\u0a1f\u0a30<br \/>\n\u0a1a\u0a48\u0a28\u0a32 \u00d8 22 \u0a2e\u0a3f\u0a2e\u0a40<br \/>\n\u0a35\u0a71\u0a27 \u0a24\u0a4b\u0a02 \u0a35\u0a71\u0a27 \u0a2c\u0a3e\u0a30 \u0a26\u0a40 \u0a32\u0a70\u0a2c\u0a3e\u0a08: 3,000 \u0a2e\u0a3f\u0a2e\u0a40<br \/>\n\u0a07\u0a70\u0a38\u0a1f\u0a3e\u0a32\u0a47\u0a38\u0a3c\u0a28 \u0a26\u0a47 \u0a2e\u0a3e\u0a2a \/ \u0a2e\u0a3e\u0a2a (\u0a32\u0a70\u0a2c\u0a3e\u0a08 x \u0a1a\u0a4c\u0a5c\u0a3e\u0a08 x \u0a09\u0a1a\u0a3e\u0a08): 3,970 x 480 x 1,250 \u0a2e\u0a3f\u0a2e\u0a40<br \/>\n\u0a2d\u0a3e\u0a30: \u0a32\u0a17\u0a2d\u0a17 850 \u0a15\u0a3f.\u0a17\u0a4d\u0a30\u0a3e.<br \/>\n\u0a39\u0a3e\u0a32\u0a24: \u0a2a\u0a42\u0a30\u0a40 \u0a24\u0a30\u0a4d\u0a39\u0a3e\u0a02 \u0a15\u0a3e\u0a30\u0a1c\u0a38\u0a3c\u0a40\u0a32<\/p>\n<p>\u0a2e\u0a38\u0a3c\u0a40\u0a28 \u0a28\u0a42\u0a70 \u0a05\u0a2a\u0a3e\u0a07\u0a70\u0a1f\u0a2e\u0a48\u0a02\u0a1f \u0a30\u0a3e\u0a39\u0a40\u0a02 \u0a1a\u0a32\u0a26\u0a3f\u0a06\u0a02 \u0a26\u0a47\u0a16\u0a3f\u0a06 \u0a1c\u0a3e \u0a38\u0a15\u0a26\u0a3e \u0a39\u0a48\u0964.<br \/>\n\u0a24\u0a15\u0a28\u0a40\u0a15\u0a40 \u0a21\u0a47\u0a1f\u0a3e \u0a05\u0a24\u0a47 \u0a35\u0a3f\u0a38\u0a3c\u0a47\u0a38\u0a3c\u0a24\u0a3e\u0a35\u0a3e\u0a02 \u0a35\u0a3f\u0a71\u0a1a \u0a2c\u0a26\u0a32\u0a3e\u0a05 \u0a05\u0a24\u0a47 \u0a17\u0a32\u0a24\u0a40\u0a06\u0a02 \u0a26\u0a47 \u0a05\u0a27\u0a40\u0a28, \u0a28\u0a3e\u0a32 \u0a39\u0a40 \u0a35\u0a3f\u0a15\u0a30\u0a40 \u0a24\u0a4b\u0a02 \u0a2a\u0a39\u0a3f\u0a32\u0a3e\u0a02!<\/p>\n<p>DeepL.com \u0a28\u0a3e\u0a32 \u0a05\u0a28\u0a41\u0a35\u0a3e\u0a26 \u0a15\u0a40\u0a24\u0a3e \u0a17\u0a3f\u0a06 (\u0a2e\u0a41\u0a2b\u0a3c\u0a24 \u0a38\u0a70\u0a38\u0a15\u0a30\u0a23)<\/p>","protected":false},"excerpt":{"rendered":"<p>Standort: Deutschland, Baden-W\u00fcrttemberg S\u00fcdwest Zustand: Gebraucht Hersteller: LNS Modell: Express 220 Baujahr: 2007 CNC-Lademagazin LNS Express 220 Baujahr: 2007 Typ: Stangenlademagazin Einfaches Umr\u00fcsten des F\u00fchrungskanals in weniger als ca. 2 Minuten. Komplettwechsel der F\u00fchrungselemente in unter ca. 8 Minuten m\u00f6glich. Technische Details: Durchmesserbereich: 2 mm bis 20 mm Kanal \u00d8 22mm Maximale Stangenl\u00e4nge: 3.000 mm [&hellip;]<\/p>\n","protected":false},"featured_media":4916,"comment_status":"open","ping_status":"closed","template":"","meta":{"_uf_show_specific_survey":0,"_uf_disable_surveys":false},"product_brand":[],"product_cat":[88],"product_tag":[],"class_list":{"0":"post-4921","1":"product","2":"type-product","3":"status-publish","4":"has-post-thumbnail","6":"product_cat-stangenzufuehrungen","8":"first","9":"instock","10":"taxable","11":"shipping-taxable","12":"product-type-simple"},"aioseo_notices":[],"_links":{"self":[{"href":"https:\/\/mueller-wrh.de\/pa\/wp-json\/wp\/v2\/product\/4921","targetHints":{"allow":["GET"]}}],"collection":[{"href":"https:\/\/mueller-wrh.de\/pa\/wp-json\/wp\/v2\/product"}],"about":[{"href":"https:\/\/mueller-wrh.de\/pa\/wp-json\/wp\/v2\/types\/product"}],"replies":[{"embeddable":true,"href":"https:\/\/mueller-wrh.de\/pa\/wp-json\/wp\/v2\/comments?post=4921"}],"wp:featuredmedia":[{"embeddable":true,"href":"https:\/\/mueller-wrh.de\/pa\/wp-json\/wp\/v2\/media\/4916"}],"wp:attachment":[{"href":"https:\/\/mueller-wrh.de\/pa\/wp-json\/wp\/v2\/media?parent=4921"}],"wp:term":[{"taxonomy":"product_brand","embeddable":true,"href":"https:\/\/mueller-wrh.de\/pa\/wp-json\/wp\/v2\/product_brand?post=4921"},{"taxonomy":"product_cat","embeddable":true,"href":"https:\/\/mueller-wrh.de\/pa\/wp-json\/wp\/v2\/product_cat?post=4921"},{"taxonomy":"product_tag","embeddable":true,"href":"https:\/\/mueller-wrh.de\/pa\/wp-json\/wp\/v2\/product_tag?post=4921"}],"curies":[{"name":"\u0a21\u0a2c\u0a32\u0a2f\u0a42\u0a2a\u0a40","href":"https:\/\/api.w.org\/{rel}","templated":true}]}}