{"id":4869,"date":"2026-02-24T11:35:04","date_gmt":"2026-02-24T11:35:04","guid":{"rendered":"https:\/\/mueller-wrh.de\/produkt\/cnc-langdrehfraeszentrum-star-st-38-bj-19-intnr231494\/"},"modified":"2026-02-24T11:35:04","modified_gmt":"2026-02-24T11:35:04","slug":"cnc-langdrehfraeszentrum-star-st-38-bj-19-intnr231494","status":"publish","type":"product","link":"https:\/\/mueller-wrh.de\/pa\/product\/cnc-langdrehfraeszentrum-star-st-38-bj-19-intnr231494\/","title":{"rendered":"\u0a38\u0a1f\u0a3e\u0a30 ST-38 CNC \u0a32\u0a70\u0a2c\u0a3e \u0a1f\u0a30\u0a28\u0a3f\u0a70\u0a17 \u0a05\u0a24\u0a47 \u0a2e\u0a3f\u0a32\u0a3f\u0a70\u0a17 \u0a38\u0a48\u0a02\u0a1f\u0a30, 2019 \u0a35\u0a3f\u0a71\u0a1a \u0a2c\u0a23\u0a3e\u0a07\u0a06 \u0a17\u0a3f\u0a06 (\u0a05\u0a70\u0a24\u0a30\u0a30\u0a3e\u0a38\u0a3c\u0a1f\u0a30\u0a40 \u0a28\u0a70\u0a2c\u0a30 231494)"},"content":{"rendered":"<p><b>\u0a38\u0a25\u0a3e\u0a28:<\/b> \u0a1c\u0a30\u0a2e\u0a28\u0a40, \u0a2c\u0a3e\u0a21\u0a47\u0a28-\u0a35\u0a30\u0a1f\u0a2e\u0a2c\u0a30\u0a17 \u0a26\u0a71\u0a16\u0a23-\u0a2a\u0a71\u0a1b\u0a2e<\/p>\n<p><b>\u0a39\u0a3e\u0a32\u0a24:<\/b> \u0a32\u0a4b\u0a5c\u0a40\u0a02\u0a26\u0a3e<\/p>\n<p><b>\u0a28\u0a3f\u0a30\u0a2e\u0a3e\u0a24\u0a3e:<\/b> \u0a38\u0a1f\u0a3e\u0a30 \u0a2e\u0a3e\u0a08\u0a15\u0a4d\u0a30\u0a4b\u0a28\u0a3f\u0a15\u0a38<\/p>\n<p><b>\u0a2e\u0a3e\u0a21\u0a32:<\/b> ST-38<\/p>\n<p><b>\u0a09\u0a38\u0a3e\u0a30\u0a40 \u0a26\u0a3e \u0a38\u0a3e\u0a32:<\/b> 2019<\/p>\n<p>\u0a2b\u0a48\u0a28\u0a42\u0a15, \u0a09\u0a71\u0a1a-\u0a2a\u0a4d\u0a30\u0a26\u0a30\u0a38\u0a3c\u0a28 \u0a15\u0a70\u0a2a\u0a3f\u0a0a\u0a1f\u0a30 \u0a38\u0a40\u0a30\u0a40\u0a1c\u0a3c 31i-B5,<\/p>\n<p>\u0a1a\u0a70\u0a17\u0a40 \u0a24\u0a30\u0a4d\u0a39\u0a3e\u0a02 \u0a38\u0a70\u0a2d\u0a3e\u0a32\u0a3f\u0a06 \u0a39\u0a4b\u0a07\u0a06, \u0a32\u0a17\u0a2d\u0a17 9000 \u0a18\u0a70\u0a1f\u0a47 \u0a1a\u0a71\u0a32\u0a3f\u0a06 \u0a39\u0a4b\u0a07\u0a06<\/p>\n<p>\u0a2e\u0a41\u0a71\u0a16 \u0a24\u0a15\u0a28\u0a40\u0a15\u0a40 \u0a21\u0a47\u0a1f\u0a3e<br \/>\n\u0a35\u0a30\u0a15\u0a38\u0a2a\u0a47\u0a38<br \/>\n\u0a35\u0a71\u0a27 \u0a24\u0a4b\u0a02 \u0a35\u0a71\u0a27 \u0a2c\u0a3e\u0a30 \u0a35\u0a3f\u0a06\u0a38: 38 \u0a2e\u0a3f\u0a2e\u0a40<br \/>\n\u0a35\u0a71\u0a27 \u0a24\u0a4b\u0a02 \u0a35\u0a71\u0a27 \u0a2e\u0a38\u0a3c\u0a40\u0a28\u0a3f\u0a70\u0a17 \u0a32\u0a70\u0a2c\u0a3e\u0a08 (\u0a17\u0a3e\u0a08\u0a21 \u0a2c\u0a41\u0a38\u0a3c\u0a3f\u0a70\u0a17 \u0a26\u0a47 \u0a28\u0a3e\u0a32): \u0a32\u0a17\u0a2d\u0a17 320 \u0a2e\u0a3f\u0a2e\u0a40<br \/>\n\u0a17\u0a3e\u0a08\u0a21 \u0a2c\u0a41\u0a38\u0a3c \u0a26\u0a47 \u0a2c\u0a3f\u0a28\u0a3e\u0a02 \u0a2e\u0a38\u0a3c\u0a40\u0a28\u0a3f\u0a70\u0a17 \u0a38\u0a70\u0a2d\u0a35 \u0a39\u0a48 (\u0a1b\u0a4b\u0a1f\u0a47 \u0a35\u0a30\u0a15\u0a2a\u0a40\u0a38\u0a3e\u0a02 \u0a32\u0a08)<br \/>\n\u0a15\u0a4b\u0a32\u0a48\u0a1f \u0a35\u0a3f\u0a06\u0a38 \u0a35\u0a3e\u0a32\u0a40 \u0a38\u0a2a\u0a3f\u0a70\u0a21\u0a32 \u0a26\u0a3e \u0a35\u0a71\u0a27 \u0a24\u0a4b\u0a02 \u0a35\u0a71\u0a27 \u0a35\u0a3f\u0a06\u0a38: 38 \u0a2e\u0a3f\u0a2e\u0a40<\/p>\n<p>\u0a2e\u0a41\u0a71\u0a16 \u0a38\u0a2a\u0a3f\u0a70\u0a21\u0a32<br \/>\n\u0a38\u0a2a\u0a3f\u0a70\u0a21\u0a32 \u0a2a\u0a3e\u0a35\u0a30: \u0a32\u0a17\u0a2d\u0a17 11\u201315 \u0a15\u0a3f.\u0a35\u0a3e.<br \/>\n\u0a35\u0a71\u0a27 \u0a24\u0a4b\u0a02 \u0a35\u0a71\u0a27 \u0a17\u0a24\u0a40: \u0a32\u0a17\u0a2d\u0a17 7,000 \u0a2e\u0a3f\u0a70\u0a1f\u207b\u00b9<br \/>\n\u0a07\u0a70\u0a1f\u0a40\u0a17\u0a4d\u0a30\u0a47\u0a1f\u0a3f\u0a21 \u0a38\u0a40-\u0a10\u0a15\u0a38\u0a3f\u0a38 (0.001\u00b0 \u0a30\u0a48\u0a1c\u0a3c\u0a4b\u0a32\u0a42\u0a38\u0a3c\u0a28)<br \/>\n\u0a2d\u0a3e\u0a30\u0a40-\u0a21\u0a3f\u0a0a\u0a1f\u0a40 \u0a2e\u0a38\u0a3c\u0a40\u0a28\u0a3f\u0a70\u0a17 \u0a32\u0a08 \u0a09\u0a71\u0a1a-\u0a38\u0a1f\u0a40\u0a15\u0a24\u0a3e \u0a38\u0a2a\u0a3f\u0a70\u0a21\u0a32 \u0a2c\u0a47\u0a05\u0a30\u0a3f\u0a70\u0a17<\/p>\n<p>\u0a15\u0a3e\u0a0a\u0a02\u0a1f\u0a30 \u0a38\u0a2a\u0a3f\u0a70\u0a21\u0a32<br \/>\n\u0a38\u0a3c\u0a15\u0a24\u0a40: \u0a32\u0a17\u0a2d\u0a17 5.5\u20137.5 \u0a15\u0a3f\u0a32\u0a4b\u0a35\u0a3e\u0a1f<br \/>\n\u0a35\u0a71\u0a27 \u0a24\u0a4b\u0a02 \u0a35\u0a71\u0a27 \u0a17\u0a24\u0a40: \u0a32\u0a17\u0a2d\u0a17 7,000 \u0a2e\u0a3f\u0a70\u0a1f\u207b\u00b9<br \/>\n\u0a2a\u0a42\u0a30\u0a28 C-\u0a27\u0a41\u0a30\u0a3e<br \/>\n\u0a07\u0a71\u0a15\u0a4b \u0a15\u0a32\u0a48\u0a02\u0a2a\u0a3f\u0a70\u0a17 \u0a35\u0a3f\u0a71\u0a1a \u0a2a\u0a41\u0a30\u0a1c\u0a3c\u0a3f\u0a06\u0a02 \u0a26\u0a40 \u0a1f\u0a4d\u0a30\u0a3e\u0a02\u0a38\u0a2b\u0a30 \u0a05\u0a24\u0a47 \u0a2a\u0a3f\u0a1b\u0a32\u0a47 \u0a2a\u0a3e\u0a38\u0a47 \u0a26\u0a40 \u0a2e\u0a38\u0a3c\u0a40\u0a28\u0a3f\u0a70\u0a17<\/p>\n<p>\u0a27\u0a41\u0a30\u0a3e \u0a38\u0a70\u0a30\u0a1a\u0a28\u0a3e<br \/>\nX1 \/ Z1 (\u0a2e\u0a41\u0a71\u0a16 \u0a2a\u0a4d\u0a30\u0a23\u0a3e\u0a32\u0a40)<br \/>\nX2 \/ Z2 (\u0a15\u0a3e\u0a0a\u0a02\u0a1f\u0a30 \u0a38\u0a2a\u0a3f\u0a70\u0a21\u0a32 \u0a38\u0a3f\u0a38\u0a1f\u0a2e)<br \/>\n\u0a15\u0a47\u0a02\u0a26\u0a30 \u0a24\u0a4b\u0a02 \u0a39\u0a1f \u0a15\u0a47 \u0a2e\u0a3f\u0a32\u0a3f\u0a70\u0a17 \u0a15\u0a3e\u0a30\u0a1c\u0a3e\u0a02 \u0a32\u0a08 \u0a35\u0a3e\u0a08-\u0a27\u0a41\u0a30\u0a3e<br \/>\n\u0a38\u0a40-\u0a10\u0a15\u0a38\u0a3f\u0a38 \u0a2e\u0a41\u0a71\u0a16 \u0a05\u0a24\u0a47 \u0a15\u0a3e\u0a0a\u0a02\u0a1f\u0a30 \u0a38\u0a2a\u0a3f\u0a70\u0a21\u0a32<br \/>\n\u0a35\u0a3f\u0a15\u0a32\u0a2a\u0a3f\u0a15 \u0a2c\u0a40-\u0a10\u0a15\u0a38\u0a3f\u0a38-\u0a35\u0a30\u0a17\u0a40 \u0a18\u0a41\u0a70\u0a2e\u0a23 \u0a35\u0a3e\u0a32\u0a40\u0a06\u0a02 \u0a15\u0a3e\u0a30\u0a1c\u0a15\u0a41\u0a38\u0a3c\u0a32\u0a24\u0a3e\u0a35\u0a3e\u0a02 (\u0a38\u0a3e\u0a1c\u0a3c\u0a4b-\u0a38\u0a3e\u0a2e\u0a3e\u0a28 '\u0a24\u0a47 \u0a28\u0a3f\u0a30\u0a2d\u0a30 \u0a15\u0a30\u0a26\u0a3e \u0a39\u0a48)<br \/>\n\u0a2e\u0a32\u0a1f\u0a40-\u0a1a\u0a48\u0a28\u0a32 \u0a28\u0a3f\u0a2f\u0a70\u0a24\u0a30\u0a23 \u0a2e\u0a41\u0a71\u0a16 \u0a05\u0a24\u0a47 \u0a15\u0a3e\u0a0a\u0a02\u0a1f\u0a30 \u0a38\u0a2a\u0a3f\u0a70\u0a21\u0a32\u0a3e\u0a02 '\u0a24\u0a47 \u0a07\u0a15\u0a71\u0a20\u0a47 \u0a2e\u0a38\u0a3c\u0a40\u0a28\u0a3f\u0a70\u0a17 \u0a26\u0a40 \u0a06\u0a17\u0a3f\u0a06 \u0a26\u0a3f\u0a70\u0a26\u0a3e \u0a39\u0a48, \u0a1c\u0a3f\u0a38 \u0a28\u0a3e\u0a32 \u0a1a\u0a71\u0a15\u0a30 \u0a38\u0a2e\u0a3e\u0a02 \u0a15\u0a3e\u0a2b\u0a3c\u0a40 \u0a18\u0a71\u0a1f \u0a39\u0a4b \u0a1c\u0a3e\u0a02\u0a26\u0a3e \u0a39\u0a48\u0964.<\/p>\n<p>\u0a38\u0a3e\u0a1c\u0a3c-\u0a38\u0a2e\u0a3e\u0a28<br \/>\n\u0a1f\u0a42\u0a32 \u0a39\u0a4b\u0a32\u0a21\u0a30 \u0a38\u0a48\u0a71\u0a1f, (\u0a17\u0a48\u0a30-\u0a1a\u0a3e\u0a32\u0a3f\u0a24)<br \/>\n\u0a17\u0a3e\u0a08\u0a21 \u0a2c\u0a41\u0a38\u0a3c\u0a3f\u0a70\u0a17 \u0a2f\u0a42\u0a28\u0a3f\u0a1f (\u0a2a\u0a41\u0a71\u0a32 \u0a38\u0a3f\u0a38\u0a1f\u0a2e, JBS)<br \/>\n\u0a24\u0a47\u0a32 \u0a15\u0a42\u0a32\u0a30 \u0a2f\u0a42\u0a28\u0a3f\u0a1f<br \/>\n\u0a09\u0a71\u0a1a-\u0a26\u0a2c\u0a3e\u0a05 \u0a15\u0a28\u0a35\u0a47\u0a05\u0a30 (\u0a0f\u0a15\u0a40\u0a15\u0a4d\u0a30\u0a3f\u0a24 \u0a09\u0a71\u0a1a-\u0a26\u0a2c\u0a3e\u0a05 \u0a2f\u0a42\u0a28\u0a3f\u0a1f \u0a26\u0a47 \u0a28\u0a3e\u0a32) \u0a15\u0a3f\u0a38\u0a2e \u0a2e\u0a42\u0a32\u0a30 \u0a15\u0a70\u0a2c\u0a3f\u0a38\u0a1f\u0a30\u0a40\u0a2e CS 3<br \/>\n\u0a15\u0a42\u0a32\u0a48\u0a02\u0a1f \u0a26\u0a40 \u0a35\u0a30\u0a24\u0a4b\u0a02: \u0a24\u0a47\u0a32<br \/>\n\u0a2d\u0a3e\u0a30: 6.25 \u0a1f\u0a28<br \/>\n\u0a2e\u0a3e\u0a2a: (LxWxH) 3477x1860x1865 \u0a2e\u0a3f\u0a32\u0a40\u0a2e\u0a40\u0a1f\u0a30<\/p>\n<p>\u0a2e\u0a38\u0a3c\u0a40\u0a28 \u0a26\u0a40 \u0a2c\u0a3f\u0a1c\u0a32\u0a40 \u0a26\u0a47 \u0a05\u0a27\u0a40\u0a28 \u0a28\u0a3f\u0a2f\u0a41\u0a15\u0a24\u0a40 \u0a26\u0a41\u0a06\u0a30\u0a3e \u0a1c\u0a3e\u0a02\u0a1a \u0a15\u0a40\u0a24\u0a40 \u0a1c\u0a3e \u0a38\u0a15\u0a26\u0a40 \u0a39\u0a48\u0964<br \/>\n\u0a24\u0a15\u0a28\u0a40\u0a15\u0a40 \u0a21\u0a47\u0a1f\u0a3e \u0a05\u0a24\u0a47 \u0a1c\u0a3e\u0a23\u0a15\u0a3e\u0a30\u0a40 \u0a26\u0a47 \u0a28\u0a3e\u0a32-\u0a28\u0a3e\u0a32 \u0a2a\u0a39\u0a3f\u0a32\u0a3e\u0a02 \u0a26\u0a40 \u0a35\u0a3f\u0a15\u0a30\u0a40 \u0a35\u0a3f\u0a71\u0a1a \u0a24\u0a2c\u0a26\u0a40\u0a32\u0a40\u0a06\u0a02 \u0a05\u0a24\u0a47 \u0a17\u0a32\u0a24\u0a40\u0a06\u0a02 \u0a26\u0a47 \u0a05\u0a27\u0a40\u0a28!<\/p>\n<p>\u0a2b\u0a48\u0a28\u0a42\u0a15, \u0a09\u0a71\u0a1a-\u0a2a\u0a4d\u0a30\u0a26\u0a30\u0a38\u0a3c\u0a28 \u0a15\u0a70\u0a2a\u0a3f\u0a0a\u0a1f\u0a30 \u0a38\u0a40\u0a30\u0a40\u0a1c\u0a3c 31i-B5,<\/p>\n<p>\u0a1a\u0a70\u0a17\u0a40 \u0a24\u0a30\u0a4d\u0a39\u0a3e\u0a02 \u0a38\u0a70\u0a2d\u0a3e\u0a32\u0a3f\u0a06 \u0a39\u0a4b\u0a07\u0a06, \u0a32\u0a17\u0a2d\u0a17 9,000 \u0a18\u0a70\u0a1f\u0a47 \u0a1a\u0a32\u0a3e\u0a07\u0a06 \u0a17\u0a3f\u0a06<\/p>\n<p>\u0a2e\u0a41\u0a71\u0a16 \u0a24\u0a15\u0a28\u0a40\u0a15\u0a40 \u0a21\u0a47\u0a1f\u0a3e<br \/>\n\u0a15\u0a70\u0a2e \u0a15\u0a30\u0a28 \u0a26\u0a40 \u0a30\u0a47\u0a02\u0a1c<br \/>\n\u0a35\u0a71\u0a27 \u0a24\u0a4b\u0a02 \u0a35\u0a71\u0a27 \u0a2c\u0a3e\u0a30 \u0a35\u0a3f\u0a06\u0a38: 38 \u0a2e\u0a3f\u0a2e\u0a40<br \/>\n\u0a35\u0a71\u0a27 \u0a24\u0a4b\u0a02 \u0a35\u0a71\u0a27 \u0a2e\u0a38\u0a3c\u0a40\u0a28\u0a3f\u0a70\u0a17 \u0a32\u0a70\u0a2c\u0a3e\u0a08 (\u0a17\u0a3e\u0a08\u0a21 \u0a2c\u0a41\u0a38\u0a3c \u0a26\u0a47 \u0a28\u0a3e\u0a32): \u0a32\u0a17\u0a2d\u0a17 320 \u0a2e\u0a3f\u0a2e\u0a40<br \/>\n\u0a17\u0a3e\u0a08\u0a21 \u0a2c\u0a41\u0a38\u0a3c \u0a26\u0a47 \u0a2c\u0a3f\u0a28\u0a3e\u0a02 \u0a2e\u0a38\u0a3c\u0a40\u0a28\u0a3f\u0a70\u0a17 \u0a38\u0a70\u0a2d\u0a35 \u0a39\u0a48 (\u0a1b\u0a4b\u0a1f\u0a47 \u0a35\u0a30\u0a15\u0a2a\u0a40\u0a38\u0a3e\u0a02 \u0a32\u0a08)<br \/>\n\u0a15\u0a3e\u0a0a\u0a02\u0a1f\u0a30 \u0a38\u0a2a\u0a3f\u0a70\u0a21\u0a32 \u0a26\u0a3e \u0a35\u0a71\u0a27 \u0a24\u0a4b\u0a02 \u0a35\u0a71\u0a27 \u0a15\u0a4b\u0a32\u0a47\u0a1f \u0a35\u0a3f\u0a06\u0a38: 38 \u0a2e\u0a3f\u0a2e\u0a40<\/p>\n<p>\u0a2e\u0a41\u0a71\u0a16 \u0a38\u0a2a\u0a3f\u0a70\u0a21\u0a32<br \/>\n\u0a38\u0a2a\u0a3f\u0a70\u0a21\u0a32 \u0a2a\u0a3e\u0a35\u0a30: \u0a32\u0a17\u0a2d\u0a17 11\u201315 \u0a15\u0a3f.\u0a35\u0a3e.<br \/>\n\u0a35\u0a71\u0a27 \u0a24\u0a4b\u0a02 \u0a35\u0a71\u0a27 \u0a17\u0a24\u0a40: \u0a32\u0a17\u0a2d\u0a17 7,000 \u0a2e\u0a3f\u0a70\u0a1f\u207b\u00b9<br \/>\n\u0a07\u0a70\u0a1f\u0a40\u0a17\u0a4d\u0a30\u0a47\u0a1f\u0a3f\u0a21 \u0a38\u0a40-\u0a10\u0a15\u0a38\u0a3f\u0a38 (0.001\u00b0 \u0a30\u0a48\u0a1c\u0a3c\u0a4b\u0a32\u0a42\u0a38\u0a3c\u0a28)<br \/>\n\u0a2d\u0a3e\u0a30\u0a40-\u0a21\u0a3f\u0a0a\u0a1f\u0a40 \u0a2e\u0a38\u0a3c\u0a40\u0a28\u0a3f\u0a70\u0a17 \u0a32\u0a08 \u0a09\u0a71\u0a1a-\u0a38\u0a1f\u0a40\u0a15\u0a24\u0a3e \u0a38\u0a2a\u0a3f\u0a70\u0a21\u0a32 \u0a2c\u0a47\u0a05\u0a30\u0a3f\u0a70\u0a17<\/p>\n<p>\u0a15\u0a3e\u0a0a\u0a02\u0a1f\u0a30 \u0a38\u0a2a\u0a3f\u0a70\u0a21\u0a32<br \/>\n\u0a38\u0a3c\u0a15\u0a24\u0a40: \u0a32\u0a17\u0a2d\u0a17 5.5\u20137.5 \u0a15\u0a3f\u0a32\u0a4b\u0a35\u0a3e\u0a1f<br \/>\n\u0a35\u0a71\u0a27 \u0a24\u0a4b\u0a02 \u0a35\u0a71\u0a27 \u0a17\u0a24\u0a40: \u0a32\u0a17\u0a2d\u0a17 7,000 \u0a06\u0a30.\u0a2a\u0a40.\u0a10\u0a2e.<br \/>\n\u0a2a\u0a42\u0a30\u0a3e \u0a38\u0a40-\u0a10\u0a15\u0a38\u0a3f\u0a38<br \/>\n\u0a07\u0a71\u0a15\u0a4b \u0a15\u0a32\u0a48\u0a02\u0a2a\u0a3f\u0a70\u0a17 \u0a35\u0a3f\u0a71\u0a1a \u0a2a\u0a3e\u0a30\u0a1f \u0a1f\u0a4d\u0a30\u0a3e\u0a02\u0a38\u0a2b\u0a30 \u0a05\u0a24\u0a47 \u0a2a\u0a3f\u0a71\u0a1b\u0a32\u0a40 \u0a2e\u0a38\u0a3c\u0a40\u0a28\u0a3f\u0a70\u0a17<\/p>\n<p>\u0a27\u0a41\u0a30\u0a3f\u0a06\u0a02 \u0a26\u0a40 \u0a38\u0a70\u0a30\u0a1a\u0a28\u0a3e<br \/>\nX1 \/ Z1 (\u0a2e\u0a41\u0a71\u0a16 \u0a2a\u0a4d\u0a30\u0a23\u0a3e\u0a32\u0a40)<br \/>\nX2 \/ Z2 (\u0a15\u0a3e\u0a0a\u0a02\u0a1f\u0a30 \u0a38\u0a2a\u0a3f\u0a70\u0a21\u0a32 \u0a38\u0a3f\u0a38\u0a1f\u0a2e)<br \/>\n\u0a15\u0a47\u0a02\u0a26\u0a30 \u0a24\u0a4b\u0a02 \u0a39\u0a1f \u0a15\u0a47 \u0a2e\u0a3f\u0a32\u0a3f\u0a70\u0a17 \u0a15\u0a3e\u0a30\u0a1c\u0a3e\u0a02 \u0a32\u0a08 \u0a35\u0a3e\u0a08-\u0a27\u0a41\u0a30\u0a3e<br \/>\n\u0a38\u0a40-\u0a10\u0a15\u0a38\u0a3f\u0a38 \u0a2e\u0a41\u0a71\u0a16 \u0a05\u0a24\u0a47 \u0a15\u0a3e\u0a0a\u0a02\u0a1f\u0a30 \u0a38\u0a2a\u0a3f\u0a70\u0a21\u0a32<br \/>\n\u0a35\u0a3f\u0a15\u0a32\u0a2a\u0a3f\u0a15 \u0a2c\u0a40-\u0a10\u0a15\u0a38\u0a3f\u0a38-\u0a35\u0a30\u0a17\u0a40 \u0a18\u0a41\u0a70\u0a2e\u0a23 \u0a35\u0a3e\u0a32\u0a40\u0a06\u0a02 \u0a15\u0a3e\u0a30\u0a1c\u0a15\u0a41\u0a38\u0a3c\u0a32\u0a24\u0a3e\u0a35\u0a3e\u0a02 (\u0a38\u0a3e\u0a1c\u0a3c\u0a4b-\u0a38\u0a3e\u0a2e\u0a3e\u0a28 \u0a26\u0a47 \u0a05\u0a28\u0a41\u0a38\u0a3e\u0a30)<br \/>\n\u0a2c\u0a39\u0a41-\u0a1a\u0a48\u0a28\u0a32 \u0a28\u0a3f\u0a2f\u0a70\u0a24\u0a30\u0a23 \u0a2e\u0a41\u0a71\u0a16 \u0a05\u0a24\u0a47 \u0a35\u0a3f\u0a30\u0a4b\u0a27\u0a40 \u0a38\u0a2a\u0a3f\u0a70\u0a21\u0a32\u0a3e\u0a02 '\u0a24\u0a47 \u0a07\u0a15\u0a71\u0a20\u0a47 \u0a2e\u0a38\u0a3c\u0a40\u0a28\u0a3f\u0a70\u0a17 \u0a15\u0a30\u0a28 \u0a26\u0a40 \u0a38\u0a39\u0a42\u0a32\u0a24 \u0a26\u0a3f\u0a70\u0a26\u0a3e \u0a39\u0a48, \u0a1c\u0a3f\u0a38 \u0a28\u0a3e\u0a32 \u0a1a\u0a71\u0a15\u0a30 \u0a38\u0a2e\u0a47\u0a02 \u0a35\u0a3f\u0a71\u0a1a \u0a2e\u0a39\u0a71\u0a24\u0a35\u0a2a\u0a42\u0a30\u0a28 \u0a18\u0a1f\u0a3e\u0a13 \u0a39\u0a41\u0a70\u0a26\u0a3e \u0a39\u0a48\u0964.<\/p>\n<p>\u0a38\u0a3e\u0a1c\u0a3c-\u0a38\u0a2e\u0a3e\u0a28<br \/>\n\u0a1f\u0a42\u0a32 \u0a39\u0a4b\u0a32\u0a21\u0a30 \u0a38\u0a48\u0a71\u0a1f, (\u0a17\u0a48\u0a30-\u0a1a\u0a3e\u0a32\u0a3f\u0a24)<br \/>\n\u0a17\u0a3e\u0a08\u0a21 \u0a2c\u0a41\u0a38\u0a3c \u0a2f\u0a42\u0a28\u0a3f\u0a1f (\u0a2a\u0a41\u0a71\u0a32 \u0a38\u0a3f\u0a38\u0a1f\u0a2e, JBS)<br \/>\n\u0a24\u0a47\u0a32 \u0a15\u0a42\u0a32\u0a30 \u0a2f\u0a42\u0a28\u0a3f\u0a1f<br \/>\n\u0a09\u0a71\u0a1a-\u0a26\u0a2c\u0a3e\u0a05 \u0a35\u0a3e\u0a32\u0a3e \u0a15\u0a28\u0a35\u0a47\u0a05\u0a30 (\u0a07\u0a70\u0a1f\u0a40\u0a17\u0a4d\u0a30\u0a47\u0a1f\u0a3f\u0a21 \u0a09\u0a71\u0a1a-\u0a26\u0a2c\u0a3e\u0a05 \u0a2f\u0a42\u0a28\u0a3f\u0a1f \u0a38\u0a2e\u0a47\u0a24) \u0a1f\u0a3e\u0a08\u0a2a \u0a2e\u0a3f\u0a0a\u0a32\u0a30 \u0a15\u0a3e\u0a2e\u0a2c\u0a40\u0a38\u0a1f\u0a4d\u0a30\u0a40\u0a2e CS 3<br \/>\n\u0a35\u0a30\u0a24\u0a3f\u0a06 \u0a17\u0a3f\u0a06 \u0a15\u0a42\u0a32\u0a48\u0a02\u0a1f: \u0a24\u0a47\u0a32<br \/>\n\u0a2d\u0a3e\u0a30: 6.25 \u0a1f\u0a28<br \/>\n\u0a2e\u0a3e\u0a2a: (LxWxH) 3477x1860x1865 \u0a2e\u0a3f\u0a32\u0a40\u0a2e\u0a40\u0a1f\u0a30<\/p>\n<p>\u0a2e\u0a38\u0a3c\u0a40\u0a28 \u0a28\u0a42\u0a70 \u0a2a\u0a3e\u0a35\u0a30 \u0a05\u0a27\u0a40\u0a28 \u0a05\u0a2a\u0a3e\u0a07\u0a70\u0a1f\u0a2e\u0a48\u0a02\u0a1f \u0a26\u0a41\u0a06\u0a30\u0a3e \u0a26\u0a47\u0a16\u0a3f\u0a06 \u0a1c\u0a3e \u0a38\u0a15\u0a26\u0a3e \u0a39\u0a48\u0964<br \/>\n\u0a24\u0a15\u0a28\u0a40\u0a15\u0a40 \u0a21\u0a47\u0a1f\u0a3e \u0a05\u0a24\u0a47 \u0a35\u0a3f\u0a38\u0a3c\u0a47\u0a38\u0a3c\u0a24\u0a3e\u0a35\u0a3e\u0a02 \u0a35\u0a3f\u0a71\u0a1a \u0a2c\u0a26\u0a32\u0a3e\u0a05 \u0a05\u0a24\u0a47 \u0a17\u0a32\u0a24\u0a40\u0a06\u0a02 \u0a26\u0a47 \u0a05\u0a27\u0a40\u0a28, \u0a28\u0a3e\u0a32 \u0a39\u0a40 \u0a35\u0a3f\u0a15\u0a30\u0a40 \u0a24\u0a4b\u0a02 \u0a2a\u0a39\u0a3f\u0a32\u0a3e\u0a02!<\/p>","protected":false},"excerpt":{"rendered":"<p>Standort: Deutschland, Baden-W\u00fcrttemberg S\u00fcdwest Zustand: Gebraucht Hersteller: STAR Micronics Modell: ST-38 Baujahr: 2019 FANUC, Hochleistungs-Rechner Serie 31i-B5, Gepflegter Zustand, ca. 9000 Betriebsstunden Technische Hauptdaten Arbeitsbereich Max. Stangendurchmesser: 38 mm Max. Bearbeitungsl\u00e4nge (mit F\u00fchrungsbuchse): ca. 320 mm Bearbeitung ohne F\u00fchrungsbuchse m\u00f6glich (f\u00fcr k\u00fcrzere Werkst\u00fccke) Max. Spannzangendurchmesser Gegenspindel: 38 mm Hauptspindel Spindelleistung: ca. 11\u201315 kW Max. Drehzahl: [&hellip;]<\/p>\n","protected":false},"featured_media":4863,"comment_status":"open","ping_status":"closed","template":"","meta":{"_uf_show_specific_survey":0,"_uf_disable_surveys":false},"product_brand":[],"product_cat":[23],"product_tag":[],"class_list":{"0":"post-4869","1":"product","2":"type-product","3":"status-publish","4":"has-post-thumbnail","6":"product_cat-cnc-langdrehmaschinen","8":"first","9":"instock","10":"taxable","11":"shipping-taxable","12":"product-type-simple"},"aioseo_notices":[],"_links":{"self":[{"href":"https:\/\/mueller-wrh.de\/pa\/wp-json\/wp\/v2\/product\/4869","targetHints":{"allow":["GET"]}}],"collection":[{"href":"https:\/\/mueller-wrh.de\/pa\/wp-json\/wp\/v2\/product"}],"about":[{"href":"https:\/\/mueller-wrh.de\/pa\/wp-json\/wp\/v2\/types\/product"}],"replies":[{"embeddable":true,"href":"https:\/\/mueller-wrh.de\/pa\/wp-json\/wp\/v2\/comments?post=4869"}],"wp:featuredmedia":[{"embeddable":true,"href":"https:\/\/mueller-wrh.de\/pa\/wp-json\/wp\/v2\/media\/4863"}],"wp:attachment":[{"href":"https:\/\/mueller-wrh.de\/pa\/wp-json\/wp\/v2\/media?parent=4869"}],"wp:term":[{"taxonomy":"product_brand","embeddable":true,"href":"https:\/\/mueller-wrh.de\/pa\/wp-json\/wp\/v2\/product_brand?post=4869"},{"taxonomy":"product_cat","embeddable":true,"href":"https:\/\/mueller-wrh.de\/pa\/wp-json\/wp\/v2\/product_cat?post=4869"},{"taxonomy":"product_tag","embeddable":true,"href":"https:\/\/mueller-wrh.de\/pa\/wp-json\/wp\/v2\/product_tag?post=4869"}],"curies":[{"name":"\u0a21\u0a2c\u0a32\u0a2f\u0a42\u0a2a\u0a40","href":"https:\/\/api.w.org\/{rel}","templated":true}]}}